{"id":106,"date":"2013-02-08T17:44:21","date_gmt":"2013-02-08T17:44:21","guid":{"rendered":"https:\/\/webs.uab.cat\/mitografsgrecs\/programa\/"},"modified":"2022-07-23T20:35:07","modified_gmt":"2022-07-23T20:35:07","slug":"programa","status":"publish","type":"page","link":"https:\/\/webs.uab.cat\/mitografsgrecs\/programa\/","title":{"rendered":"Programa"},"content":{"rendered":"\n<p><strong>Simposi internacional<\/strong><br>Apollodoriana<br>Antics mites \u2014 noves cru\u00eflles<br>Casa Convalesc\u00e8ncia (UAB), Barcelona, 25-26 d\u2019abril de 2013<\/p>\n\n\n\n<p>Amb ocasi\u00f3 de l\u2019edici\u00f3 de la Biblioteca d\u2019Apol\u00b7lodor a cura de Francesc J. Cuartero<br>(Fundaci\u00f3 Bernat Metge, Barcelona, 2010-2014)<\/p>\n\n\n\n<p><strong>Coordinador<\/strong><br>Jordi P\u00e0mias<\/p>\n\n\n\n<p><strong>Consell cient\u00edfic:<\/strong><br>Francesc J. Cuartero<br>Charles Delattre<br>Jordi P\u00e0mias<br>Emilio Su\u00e1rez de la Torre<\/p>\n\n\n\n<p><strong>Ponents i t\u00edtols<\/strong><br>__Minerva Alganza,\u00a0<em>Diodoro de Sicilia y Apolodoro: dos Bibliotecas mitol\u00f3gicas frente a frente<\/em><br>__Mar\u00eda Consuelo \u00c1lvarez &amp; Rosa Mar\u00eda Iglesias,\u00a0<em>Las\u00a0Metamorfosis\u00a0de Ovidio y Apolodoro: convergencias y divergencias<\/em><br>__Alberto Bernab\u00e9,\u00a0<em>Orfeo en Apolodoro<\/em><br>__Francesc J. Cuartero,\u00a0<em>Apolodoro, testis unicus<\/em><br>__Charles Delattre,\u00a0<em>Disponer un texto: lecturas de Apolodoro en la antig\u00fcedad y la modernidad<\/em><br>__Lowell Edmunds,\u00a0<em>Helen in Pseudo-Apollodorus Book 3<\/em><br>__Sotera Fornaro,\u00a0<em>Il lavoro di Christian Gottlob Heyne su Apollodoro<\/em><br>__Robert Fowler,\u00a0<em>Apollodorus and the Art of the Variant<\/em><br>__Klaus Geus,\u00a0<em>The World According to Apollodorus: Homeric, Classic or Hellenistic? Some Annotations from a Geographical Point of View<\/em><br>__Juan Antonio L\u00f3pez F\u00e9rez,\u00a0<em>Importancia de Apolodoro para el lector de las obras conservadas de Eur\u00edpides<\/em><br>__Glenn Most,\u00a0<em>Pseudo-Hesiod and Pseudo-Apollodorus<\/em><br>__Ezio Pellizer,\u00a0<em>Tifeo &#8211; Tifone in Esiodo, Apollodoro e altrove<\/em><br>__Jaume P\u00f2rtulas,\u00a0<em>Panyassis of Halikarnassos in Apollodorus<\/em><br>__Suzanne Sa\u00efd,\u00a0<em>De la mythograpphie \u00e0 l\u2019historiographie : une confrontation des versions du mythe d\u2019H\u00e9racl\u00e8s chez Diodore et Apollodore<\/em><br>__Anna Santoni,\u00a0<em>Mitologia celeste in Apollodoro<\/em><br>__Jos\u00e9 B. Torres,\u00a0<em>El mito de Dem\u00e9ter en la Biblioteca de Apolodoro: sobre intrusos y fuentes<\/em><\/p>\n\n\n\n<div class=\"wp-block-buttons is-layout-flex wp-block-buttons-is-layout-flex\">\n<div class=\"wp-block-button\"><a class=\"wp-block-button__link\" href=\"https:\/\/webs.uab.cat\/mitografsgrecs\/wp-content\/uploads\/sites\/71\/2016\/11\/Apollodorina_Programa_Red.pdf\">programa de les sessions<\/a><\/div>\n<\/div>\n","protected":false},"excerpt":{"rendered":"<p>Simposi internacionalApollodorianaAntics mites \u2014 noves cru\u00efllesCasa Convalesc\u00e8ncia (UAB), Barcelona, 25-26 d\u2019abril de 2013 Amb ocasi\u00f3 de l\u2019edici\u00f3 de la Biblioteca d\u2019Apol\u00b7lodor a cura de Francesc J. Cuartero(Fundaci\u00f3 Bernat Metge, Barcelona, 2010-2014) CoordinadorJordi P\u00e0mias Consell cient\u00edfic:Francesc J. CuarteroCharles DelattreJordi P\u00e0miasEmilio Su\u00e1rez de la Torre Ponents i t\u00edtols__Minerva Alganza,\u00a0Diodoro de Sicilia y Apolodoro: dos Bibliotecas mitol\u00f3gicas frente [&hellip;]<\/p>\n","protected":false},"author":44,"featured_media":0,"parent":0,"menu_order":0,"comment_status":"closed","ping_status":"closed","template":"","meta":{"footnotes":""},"class_list":["post-106","page","type-page","status-publish","hentry"],"_links":{"self":[{"href":"https:\/\/webs.uab.cat\/mitografsgrecs\/wp-json\/wp\/v2\/pages\/106","targetHints":{"allow":["GET"]}}],"collection":[{"href":"https:\/\/webs.uab.cat\/mitografsgrecs\/wp-json\/wp\/v2\/pages"}],"about":[{"href":"https:\/\/webs.uab.cat\/mitografsgrecs\/wp-json\/wp\/v2\/types\/page"}],"author":[{"embeddable":true,"href":"https:\/\/webs.uab.cat\/mitografsgrecs\/wp-json\/wp\/v2\/users\/44"}],"replies":[{"embeddable":true,"href":"https:\/\/webs.uab.cat\/mitografsgrecs\/wp-json\/wp\/v2\/comments?post=106"}],"version-history":[{"count":3,"href":"https:\/\/webs.uab.cat\/mitografsgrecs\/wp-json\/wp\/v2\/pages\/106\/revisions"}],"predecessor-version":[{"id":228,"href":"https:\/\/webs.uab.cat\/mitografsgrecs\/wp-json\/wp\/v2\/pages\/106\/revisions\/228"}],"wp:attachment":[{"href":"https:\/\/webs.uab.cat\/mitografsgrecs\/wp-json\/wp\/v2\/media?parent=106"}],"curies":[{"name":"wp","href":"https:\/\/api.w.org\/{rel}","templated":true}]}}