{"id":110,"date":"2020-01-16T10:39:33","date_gmt":"2020-01-16T10:39:33","guid":{"rendered":"https:\/\/webs.uab.cat\/mitografsgrecs\/colloque-polymnia-noms-et-onomastique-dans-les-pratiques-mythographiques\/"},"modified":"2022-07-22T16:58:51","modified_gmt":"2022-07-22T16:58:51","slug":"colloque-polymnia-noms-et-onomastique-dans-les-pratiques-mythographiques","status":"publish","type":"page","link":"https:\/\/webs.uab.cat\/mitografsgrecs\/colloque-polymnia-noms-et-onomastique-dans-les-pratiques-mythographiques\/","title":{"rendered":"Colloque Polymnia: Noms et onomastique dans les pratiques mythographiques"},"content":{"rendered":"\n<figure class=\"wp-block-image is-resized\"><img loading=\"lazy\" decoding=\"async\" src=\"https:\/\/webs.uab.cat\/mitografsgrecs\/wp-content\/uploads\/sites\/71\/2020\/01\/pamies.jpg\" alt=\"pamies.jpg\" class=\"wp-image-109\" width=\"722\" height=\"557\" srcset=\"https:\/\/webs.uab.cat\/mitografsgrecs\/wp-content\/uploads\/sites\/71\/2020\/01\/pamies.jpg 500w, https:\/\/webs.uab.cat\/mitografsgrecs\/wp-content\/uploads\/sites\/71\/2020\/01\/pamies-300x232.jpg 300w\" sizes=\"auto, (max-width: 722px) 100vw, 722px\" \/><\/figure>\n\n\n\n<p class=\"has-text-align-center\"><\/p>\n\n\n\n<p><strong>Colloque International<br><a href=\"https:\/\/www.uab.cat\/\" target=\"_blank\" rel=\"noopener\">Universitat Aut\u00f2noma de Barcelona<\/a><br><a href=\"https:\/\/polymnia-recherche.univ-lille3.fr\/\" target=\"_blank\" rel=\"noopener\">Polymnia \/ R\u00e9seau de recherche sur les mythographes anciens et modernes<\/a><br>13 et 14 f\u00e9vrier 2020<\/strong><\/p>\n\n\n\n<p><strong>Noms et onomastique dans les pratiques mythographiques. Hommage \u00e0 Ezio Pellizer<\/strong><\/p>\n\n\n\n<p>Nous avons pour habitude de recourir \u00e0 un nom propre pour d\u00e9finir les mythes antiques, comme par une \u00e9tiquette, et de former des catalogues onomastiques qui sont progressivement devenus partie prenante du patrimoine culturel dont nous avons h\u00e9rit\u00e9. Ainsi parlons-nous, par exemple, du \u00ab mythe d\u2019OEdipe \u00bb, du \u00ab mythe de Narcisse \u00bb, etc. Ce tour linguistique singulier sugg\u00e8re l\u2019existence d\u2019une connexion entre le nom d\u2019un h\u00e9ros (ou d\u2019un dieu) et des mythes, entendus ici avant tout comme r\u00e9cits.<br>Or ce lien est tout sauf \u00ab naturel \u00bb, et se comprend comme le r\u00e9sultat d\u2019une tradition de longue dur\u00e9e qui a associ\u00e9 une narration \u00e0 un personnage d\u00e9termin\u00e9. Il nous para\u00eet opportun d\u2019explorer le r\u00f4le que les mythographes antiques, m\u00e9di\u00e9vaux et de la Renaissance ont pu jouer dans cette articulation et d\u2019\u00e9valuer dans quelle mesure ils y ont contribu\u00e9. Cette rencontre internationale est l\u2019occasion pour les participants d\u2019engager une r\u00e9flexion autour de la relation entre les noms mythiques et les r\u00e9cits qui se d\u00e9ploient autour d\u2019eux. Une liste non exhaustive des th\u00e8mes qui pourraient \u00eatre abord\u00e9s comprend:<\/p>\n\n\n\n<p>\u2013 la duplication de noms et\/ou de personnages dans le corpus mythographique.<br>\u2013 les cas d\u2019homonymie<br>\u2013 les changements de nom d\u2019un personnage<br>\u2013 les catalogues onomastiques<br>\u2013 l\u2019\u00e9ponymie<br>\u2013 la relation entre le nom humain, le nom divin et l\u2019\u00e9pith\u00e8te<br>\u2013 l\u2019\u00e9tymologie, la par\u00e9tymologie, les jeux de mots sur les noms, la force narrative inh\u00e9rente \u00e0 un nom<br>\u2013 les proc\u00e9dures de rationalisation autour d\u2019un nom<\/p>\n\n\n\n<p>Colloque organis\u00e9 avec le concurs de l\u2019Universitat Aut\u00f2noma de Barcelona du R\u00e9seau Polymnia de l\u2019agence AGAUR-Generalitat de Catalunya.<\/p>\n\n\n\n<p>Contact: jordi.pamias@uab.cat<\/p>\n\n\n\n<p><strong>Pour le programme, cliquez <a href=\"https:\/\/webs.uab.cat\/mitografsgrecs\/programa\/\" data-type=\"page\" data-id=\"106\">ici<\/a><br>Pour les contenus (abstracts), cliquez <a href=\"https:\/\/webs.uab.cat\/mitografsgrecs\/programa-2\/\" data-type=\"page\" data-id=\"111\">ici<\/a><\/strong><\/p>\n\n\n\n<p>&nbsp;<\/p>\n","protected":false},"excerpt":{"rendered":"<p>Colloque InternationalUniversitat Aut\u00f2noma de BarcelonaPolymnia \/ R\u00e9seau de recherche sur les mythographes anciens et modernes13 et 14 f\u00e9vrier 2020 Noms et onomastique dans les pratiques mythographiques. Hommage \u00e0 Ezio Pellizer Nous avons pour habitude de recourir \u00e0 un nom propre pour d\u00e9finir les mythes antiques, comme par une \u00e9tiquette, et de former des catalogues onomastiques [&hellip;]<\/p>\n","protected":false},"author":44,"featured_media":0,"parent":0,"menu_order":0,"comment_status":"closed","ping_status":"closed","template":"","meta":{"footnotes":""},"class_list":["post-110","page","type-page","status-publish","hentry"],"_links":{"self":[{"href":"https:\/\/webs.uab.cat\/mitografsgrecs\/wp-json\/wp\/v2\/pages\/110","targetHints":{"allow":["GET"]}}],"collection":[{"href":"https:\/\/webs.uab.cat\/mitografsgrecs\/wp-json\/wp\/v2\/pages"}],"about":[{"href":"https:\/\/webs.uab.cat\/mitografsgrecs\/wp-json\/wp\/v2\/types\/page"}],"author":[{"embeddable":true,"href":"https:\/\/webs.uab.cat\/mitografsgrecs\/wp-json\/wp\/v2\/users\/44"}],"replies":[{"embeddable":true,"href":"https:\/\/webs.uab.cat\/mitografsgrecs\/wp-json\/wp\/v2\/comments?post=110"}],"version-history":[{"count":2,"href":"https:\/\/webs.uab.cat\/mitografsgrecs\/wp-json\/wp\/v2\/pages\/110\/revisions"}],"predecessor-version":[{"id":223,"href":"https:\/\/webs.uab.cat\/mitografsgrecs\/wp-json\/wp\/v2\/pages\/110\/revisions\/223"}],"wp:attachment":[{"href":"https:\/\/webs.uab.cat\/mitografsgrecs\/wp-json\/wp\/v2\/media?parent=110"}],"curies":[{"name":"wp","href":"https:\/\/api.w.org\/{rel}","templated":true}]}}