{"id":111,"date":"2020-01-16T11:14:48","date_gmt":"2020-01-16T11:14:48","guid":{"rendered":"https:\/\/webs.uab.cat\/mitografsgrecs\/programa-2\/"},"modified":"2020-01-16T11:14:48","modified_gmt":"2020-01-16T11:14:48","slug":"programa-2","status":"publish","type":"page","link":"https:\/\/webs.uab.cat\/mitografsgrecs\/programa-2\/","title":{"rendered":"Programa"},"content":{"rendered":"<p>&nbsp;<\/p>\n<p><strong>Noms i onom<\/strong><strong>\u00e0stica en les pr\u00e0ctiques mitogr\u00e0fiques<\/strong><strong>: Homenatge a Ezio Pellizer<\/strong><\/p>\n<p><strong>Col\u00b7loqui Polymnia \u2014 Universitat Aut<\/strong><strong>\u00f2noma de Barcelona<\/strong><\/p>\n<p><strong>13 i 14 de febrer de 2020<\/strong><\/p>\n<p class=\"rtecenter\"><strong>Dijous 13<\/strong><\/p>\n<p><strong>9.30 Inauguraci\u00f3 <\/strong><\/p>\n<p><strong>Dr. Joan Carbonell <\/strong>(Deg\u00e0 de la Facultat de Lletres, UAB)<\/p>\n<p><strong>Dra. Gemma Puigvert <\/strong>(Directora del Departament de Ci\u00e8ncies de l\u2019Antiguitat i de l\u2019Edat Mitjana)<\/p>\n<p><strong>Dr. Jordi P<\/strong><strong>\u00e0mias <\/strong>(Coordinador del Col\u00b7loqui)<\/p>\n<p><strong>Presideix: Dr. Jordi P<\/strong><strong>\u00e0mias<\/strong><\/p>\n<p><strong>10.00 Presentaci\u00f3: Dr. Jaume P\u00f2rtulas <\/strong>(Universitat de Barcelona): \u201cEzio Pellizer. <em>In Memoriam<\/em>\u201d<\/p>\n<p><strong>10.30 Dr. Lowell Edmunds <\/strong>(Rutgers University): \u201cThe Travails of Autochthony: Symptomatic Names\u201d<\/p>\n<p><strong>11.00 Discussi\u00f3<\/strong><\/p>\n<p class=\"rtecenter\"><em>Coffee Break<\/em><\/p>\n<p><strong>Presideix: Dr. Joan Pag<\/strong><strong>\u00e8s<\/strong><\/p>\n<p><strong>12.00 Dra. Chiara Meccariello <\/strong>(Universit\u00e4t G\u00f6ttingen): \u201cListing Gods and Heroes. Onomastic Catalogues between Egyptian Education and Greek Mythography\u201d<\/p>\n<p><strong>12.30 <\/strong><strong>Ariadna Arriaza <\/strong>(Universitat Aut\u00f2noma de Barcelona): \u201cMultiple Characters, One Name: Heracles&#8217; Multiplicity in Herodorus of Heraclea and Its Possible Influence in Late Antiquity (and Beyond)\u201d<\/p>\n<p><strong>13.00 Discussi\u00f3<\/strong><\/p>\n<p class=\"rtecenter\"><em>Dinar<\/em><\/p>\n<p><strong>Presideix: Dra. Nereida Villagra<\/strong><\/p>\n<p><strong>15.30 <\/strong><strong>Dr. Joan Pag\u00e8s <\/strong>(Universitat Aut\u00f2noma de Barcelona): \u201cMito, genealog\u00eda y onom\u00e1stica: el caso de Sici\u00f3n\u201d<\/p>\n<p><strong>16.00 Dra. Alexandra Trachsel <\/strong>(Universit\u00e4t Hamburg): \u201cCiter les mythes chez \u00c9lien de Pr\u00e9neste\u201d<\/p>\n<p><strong>16.30 Dra. Irene Paj\u00f3n <\/strong>(Universidad de Sevilla): \u201cNombres de dioses, historias de animales: el papel de las tradiciones m\u00edticas en el&nbsp;<em>De natura animalium<\/em>&nbsp;de Claudio Eliano.\u201d<\/p>\n<p><strong>17.00 Discussi\u00f3<\/strong><\/p>\n<p>&nbsp;<\/p>\n<p class=\"rtecenter\"><strong>Divendres 14<\/strong><\/p>\n<p>&nbsp;<\/p>\n<p><strong>Presideix: Dr. Jordi P<\/strong><strong>\u00e0mias<\/strong><\/p>\n<p><strong>10.00 Dra. Nereida Villagra <\/strong>(Universidade de Lisboa): \u201cNames and Stories, the Quicksands of Mythography: Between Poetry and History\u201d<\/p>\n<p><strong>10.30 Dr. Xavier Riu <\/strong>(Universitat de Barcelona): \u201cLa import\u00e0ncia dels noms. \u1f44\u03bd\u03bf\u03bc\u03b1 com a \u2018personatge\u2019\u201d<\/p>\n<p><strong>11.00 Discussi\u00f3<\/strong><\/p>\n<p class=\"rtecenter\"><em>Coffee Break<\/em><\/p>\n<p><strong>Presideix: Dr. Charles Delattre<\/strong><\/p>\n<p><strong>12.00 Dr. Stefano Acerbo <\/strong>(Universit\u00e9 de Lille): \u201cNombres sin personaje: la lista de los pretendientes de Pen\u00e9lope (Apollod. Epit. 7, 27-30)\u201d<\/p>\n<p><strong>12.30 Dra. Gis\u00e8le Besson <\/strong>(ENS de Lyon &#8211; CIHAM): \u201cLes \u00e9pith\u00e8tes divines dans le trait\u00e9 du troisi\u00e8me Mythographe du Vatican\u201d<\/p>\n<p><strong>13.00 Discussi\u00f3<\/strong><\/p>\n<p class=\"rtecenter\"><em>Dinar<\/em><\/p>\n<p><strong>Presideix: Dr. Charles Delattre<\/strong><\/p>\n<p><strong>15.30 Dr. Jean-Yves Tilliette (Universit\u00e9 de Gen\u00e8ve):<\/strong> \u201c\u00c9tymologie et eschatologie&nbsp;: remarques sur le commentaire de Bernard Silvestre aux six premiers livres de l\u2019<em>\u00c9n\u00e9ide<\/em> (vers 1140)\u201d<\/p>\n<p><strong>16.00 Dr. R. Scott Smith (University of New Hampshire):<\/strong> \u201cIn Search of a Comprehensive Digital Database of Mythical Names\u201d<\/p>\n<p><strong>16.30 <\/strong><strong>Discussi\u00f3<\/strong><\/p>\n<p><strong>17.00 Conclusions: Dr. Charles Delattre <\/strong>(Universit\u00e9 de Lille)<\/p>\n<p class=\"rtecenter\"><em>Cloenda<\/em><\/p>\n","protected":false},"excerpt":{"rendered":"<p>&nbsp; Noms i onom\u00e0stica en les pr\u00e0ctiques mitogr\u00e0fiques: Homenatge a Ezio Pellizer Col\u00b7loqui Polymnia \u2014 Universitat Aut\u00f2noma de Barcelona 13 i 14 de febrer de 2020 Dijous 13 9.30 Inauguraci\u00f3 Dr. Joan Carbonell (Deg\u00e0 de la Facultat de Lletres, UAB) Dra. Gemma Puigvert (Directora del Departament de Ci\u00e8ncies de l\u2019Antiguitat i de l\u2019Edat Mitjana) Dr. [&hellip;]<\/p>\n","protected":false},"author":44,"featured_media":0,"parent":0,"menu_order":0,"comment_status":"closed","ping_status":"closed","template":"","meta":{"footnotes":""},"class_list":["post-111","page","type-page","status-publish","hentry"],"_links":{"self":[{"href":"https:\/\/webs.uab.cat\/mitografsgrecs\/wp-json\/wp\/v2\/pages\/111","targetHints":{"allow":["GET"]}}],"collection":[{"href":"https:\/\/webs.uab.cat\/mitografsgrecs\/wp-json\/wp\/v2\/pages"}],"about":[{"href":"https:\/\/webs.uab.cat\/mitografsgrecs\/wp-json\/wp\/v2\/types\/page"}],"author":[{"embeddable":true,"href":"https:\/\/webs.uab.cat\/mitografsgrecs\/wp-json\/wp\/v2\/users\/44"}],"replies":[{"embeddable":true,"href":"https:\/\/webs.uab.cat\/mitografsgrecs\/wp-json\/wp\/v2\/comments?post=111"}],"version-history":[{"count":0,"href":"https:\/\/webs.uab.cat\/mitografsgrecs\/wp-json\/wp\/v2\/pages\/111\/revisions"}],"wp:attachment":[{"href":"https:\/\/webs.uab.cat\/mitografsgrecs\/wp-json\/wp\/v2\/media?parent=111"}],"curies":[{"name":"wp","href":"https:\/\/api.w.org\/{rel}","templated":true}]}}