{"id":75,"date":"2012-10-09T16:56:48","date_gmt":"2012-10-09T16:56:48","guid":{"rendered":"https:\/\/webs.uab.cat\/mitografsgrecs\/publicacions-del-grup-0\/"},"modified":"2022-07-22T07:26:19","modified_gmt":"2022-07-22T07:26:19","slug":"publicacions-del-grup-0","status":"publish","type":"page","link":"https:\/\/webs.uab.cat\/mitografsgrecs\/publicacions-del-grup-0\/","title":{"rendered":"Publicacions del grup"},"content":{"rendered":"\n<h2 class=\"wp-block-heading\"><strong>A. EDICIONS DELS MIT\u00d2GRAFS<\/strong><\/h2>\n\n\n\n<h3 class=\"wp-block-heading\"><strong>Apol\u00b7lodor<\/strong><\/h3>\n\n\n\n<p>Cuartero, Francesc J. (2010). <em>Pseudo-Apol\u00b7lodor. Biblioteca.<\/em> Vol. 1 [Llibre I], Fundaci\u00f3 Bernat Metge, Barcelona.<\/p>\n\n\n\n<p>Cuartero, Francesc J. (2012). <em>Pseudo-Apol\u00b7lodor. Biblioteca.<\/em> Vol. 2, [Llibre II], Fundaci\u00f3 Bernat Metge, Barcelona<\/p>\n\n\n\n<p>Cuartero, Francesc J. (en preparaci\u00f3). <em>Pseudo-Apol\u00b7lodor. Biblioteca.<\/em> Vol. 3 i 4, Fundaci\u00f3 Bernat Metge, Barcelona.<\/p>\n\n\n\n<h3 class=\"wp-block-heading\"><strong>Parteni de Nicea<\/strong><\/h3>\n\n\n\n<p>Cuartero, Francesc J. (1981). <em>Parteni de Nicea. Dissorts d\u2019amor,<\/em> Fundaci\u00f3 Bernat Metge, Barcelona.<\/p>\n\n\n\n<h3 class=\"wp-block-heading\"><strong>Erat\u00f2stenes de Cirene<\/strong><\/h3>\n\n\n\n<p>P\u00e0mias, Jordi (2000). <em>Erat\u00f2stenes de Cirene, Mitologia del cel. Catasterismes<\/em>. Introducci\u00f3, traducci\u00f3 i notes. Edicions La Magrana, Barcelona.<\/p>\n\n\n\n<p>P\u00e0mias, Jordi (2004). <em>Erat\u00f2stenes de Cirene, Catasterismes,<\/em> Fundaci\u00f3 Bernat Metge, Barcelona.<\/p>\n\n\n\n<p>P\u00e0mias, Jordi &amp;&nbsp;Geus, Klaus (2007). <em>Eratosthenes:<\/em> <em>Sternsagen<\/em>. Herausgegeben, \u00fcbersetzt und kommentiert, Oberhaid, Utopica Verlag.<\/p>\n\n\n\n<p>P\u00e0mias, Jordi &amp; Zucker, Arnaud (2013). Eratosth\u00e8ne de Cyr\u00e8ne, <em>Catast\u00e9rismes<\/em>. Introduction, \u00e9dition critique, traduction et notes. Collection Bud\u00e9-Les Belles Lettres, Paris, 2013. Prix Raymond Weil 2014. Ressenya de <a href=\"http:\/\/bmcr.brynmawr.edu\/2014\/2014-07-46.html\">Pierre Schneider<\/a> a <em>BMCR<\/em> (2014.07.46)<\/p>\n\n\n\n<h3 class=\"wp-block-heading\"><em><strong>Mythographus Homericus<\/strong><\/em><\/h3>\n\n\n\n<p>Pag\u00e8s, Joan (2007). <em>Mythographus Homericus<\/em>: Estudi i edici\u00f3 comentada, Diss. Universitat Aut\u00f2noma de Barcelona.<\/p>\n\n\n\n<h3 class=\"wp-block-heading\"><strong>Ferecides d&#8217;Atenes<\/strong><\/h3>\n\n\n\n<p>P\u00e0mias, Jordi (2008). <em>Ferecides d\u2019Atenes, Hist\u00f2ries.<\/em> Vol. I-II, Fundaci\u00f3 Bernat Metge, Barcelona.<\/p>\n\n\n\n<h3 class=\"wp-block-heading\"><strong>Heraclit el Mit\u00f2graf<\/strong><\/h3>\n\n\n\n<p>Ramon, Daniel (2009). <em>Heraclit el Mit\u00f2graf.<\/em> Edici\u00f3 cr\u00edtica, traducci\u00f3 i comentari, Diss. Universitat Aut\u00f2noma de Barcelona [<a href=\"http:\/\/www.tdx.cat\/handle\/10803\/5557;jsessionid=E78FBA65041E55674ABEA77721A5245D.tdx2\">tesi en xarxa<\/a>].<\/p>\n\n\n\n<h3 class=\"wp-block-heading\"><strong>Hig\u00ed<\/strong><\/h3>\n\n\n\n<p>Soler i Nicolau, Ant\u00f2nia (2011). <em>Hig\u00ed. Faules.<\/em> Vol. I-II, Fundaci\u00f3 Bernat Metge, Barcelona.<\/p>\n\n\n\n<h3 class=\"wp-block-heading\"><strong>Anton\u00ed Liberal<\/strong><\/h3>\n\n\n\n<p>Almirall, Jaume (2012). <em>Anton\u00ed Liberal. Metamorfosis,<\/em> Fundaci\u00f3 Bernat Metge, Barcelona.<\/p>\n\n\n\n<h3 class=\"wp-block-heading\"><strong>Asclep\u00edades de Tr\u00e0gilos<\/strong><\/h3>\n\n\n\n<p>Villagra, Nereida (2012). <em> Tragodumena. Edici\u00f3n cr\u00edtica, traducci\u00f3n y comentario de los fragmentos atribuidos a Asclep\u00edades de Tragilo,<\/em> Diss. Universitat Aut\u00f2noma de Barcelona.<\/p>\n\n\n\n<h3 class=\"wp-block-heading\"><strong>Acusilau d&#8217;Argos <\/strong><\/h3>\n\n\n\n<p>P\u00e0mias, Jordi (en preparaci\u00f3). <em>Acusilaos of Argos. The Fragments<\/em><\/p>\n\n\n\n<h3 class=\"wp-block-heading\"><strong>Hel\u00b7lanic de Lesbos<\/strong><\/h3>\n\n\n\n<p>Segarra, Ra\u00fcl (en preparaci\u00f3). <em>Hel\u00b7lanic de Lesbos. Fragments,<\/em> Diss. Universitat Aut\u00f2noma de Barcelona.<\/p>\n\n\n\n<h3 class=\"wp-block-heading\"><strong>Herodor d&#8217;Heraclea<\/strong><\/h3>\n\n\n\n<p>Arriaza, Ariadna (en preparaci\u00f3). <em>Herodor d&#8217;Heraclea. Fragments,<\/em> Diss. Universitat Aut\u00f2noma de Barcelona.<\/p>\n\n\n\n<h2 class=\"wp-block-heading\"><strong>B. ESTUDIS PARTICULARS<\/strong><\/h2>\n\n\n\n<h3 class=\"wp-block-heading\"><strong>Mitografia antiga<\/strong><\/h3>\n\n\n\n<p>P\u00e0mias, Jordi (2014).&nbsp;\u201cThe Reception of Greek Myth\u201d, <em>in<\/em> Lowell Edmunds (ed.), <em>Approaches to Greek Myth<\/em>. Second Edition, Baltimore (ps. 44-83).<\/p>\n\n\n\n<p>Pag\u00e8s, Joan (2015). \u201cEl nacimiento de Ori\u00f3n en Eufori\u00f3n de Calcis y en Ovidio: estudio de los or\u00edgenes y la tradici\u00f3n de un mito beocio\u201d,&nbsp;<em>Emerita<\/em>&nbsp;83 (ps. 265-288).<\/p>\n\n\n\n<p>P\u00e0mias, Jordi (2017). \u201cLa recepci\u00f3n de los mitos en la primera mitograf\u00eda\u201d, <em>in&nbsp;<\/em>Minerva Alganza &amp; Panagiota Papadopoulou (ed.), <em>La mitolog\u00eda griega en la tradici\u00f3n literaria. De la Antig\u00fcedad a la Grecia contempor\u00e1nea<\/em>, Granada (ps. 23-33).<\/p>\n\n\n\n<p>P\u00e0mias, Jordi (2017). \u201cLos primeros mit\u00f3grafos y la religi\u00f3n griega\u201d, <em>in <\/em>J. de la Villa; E. Falque; J.F. Gonz\u00e1lez; M.J. Mu\u00f1oz (ed.), <em>Conuentus Classicorum. Temas y formas del Mundo Cl\u00e1sico.<\/em> Volumen I, Madrid (ps. 203-214).<\/p>\n\n\n\n<p>Pag\u00e8s, Joan (2017). \u201cMitos de fundaci\u00f3n: el caso de Zelea\u201d,&nbsp;<em>Tierra, territorio y poblaci\u00f3n en la Grecia antigua: aspectos institucionales y m\u00edticos<\/em>&nbsp;(ed. M. Oller, J. P\u00e0mias, C. Varias), Oberhaid (ps. 199-207).&nbsp;<\/p>\n\n\n\n<p>P\u00e0mias, Jordi (2018). \u201cLa recepci\u00f3n del mito en la primera Edad Media: el caso de Perseo\u201d, <em>Eruditio Antiqua <\/em>10 (ps. 115-128).<\/p>\n\n\n\n<p>Pag\u00e8s, Joan (2019). \u201cPerseus: The Mythographic Tradition and its Reception in Ovid\u2019s&nbsp;<em>Metamorphoses<\/em>\u201d,&nbsp;<em>Philologie auf zweiter Stufe. Literarische Rezeptionen und Inszenierungen hellenistischer Gelehrsamkeit<\/em>&nbsp;(ed. G. Bitto, A. Ginest\u00ed), Palingenesia 115, Stuttgart (ps. 65-78).&nbsp;<\/p>\n\n\n\n<p>P\u00e0mias, Jordi (en premsa). \u201cThe Origins of Mythography as a Genre\u201d, <em>in <\/em>Scott Smith &amp; Stephen Trzaskoma (ed.), <em>Oxford Handbook of Greek and Roman Mythography<\/em>, Oxford.<\/p>\n\n\n\n<p>P\u00e0mias, Jordi (en premsa). \u201cEarly Greek Mythography and Commentaries on Epic Poets&#8221;,&nbsp;<em>in <\/em>Ettore Cingano (ed.),&nbsp;<em>Commentaries on Greek texts. Problems, methods and trends of ancient and Byzantine scholarship<\/em>.<\/p>\n\n\n\n<p>P\u00e0mias, Jordi (en premsa). \u201cGreek Mythographic Tradition\u201d, <em>in <\/em>Roger D. Woodard (ed.), <em>Cambridge History of Mythology and Mythography<\/em>, Cambridge UP.<br>&nbsp;<\/p>\n\n\n\n<h3 class=\"wp-block-heading\"><strong>Apol\u00b7lodor<\/strong><\/h3>\n\n\n\n<p>Cuartero, Francesc J. (1995). \u201cPseudo-Apol\u00b7lodor, <em>Bibliotheca<\/em>: notes cr\u00edtiques (I)\u201d, <em>Faventia<\/em> 17\/1 (ps. 9-17) [<a href=\"http:\/\/ddd.uab.es\/search.py?recid=21&amp;ln=ca\">pdf<\/a>].<\/p>\n\n\n\n<p>Cuartero, Francesc J. (1997). \u201cDem\u00e8ter a Eleusis (Ps.-Apol\u00b7lodor, <em>Biblioteca<\/em> I 5, 1 s. [31 s.])\u201d, <em>in<\/em> M. del C. Bosch &amp; M. A. Forn\u00e9s (ed.), <em>Homenatge a Miquel Dol\u00e7. Actes del XII Simposi de la Secci\u00f3 Catalana i I de la Secci\u00f3 Balear de la SEEC<\/em>, Palma de Mallorca (ps. 183-188).<\/p>\n\n\n\n<p>Cuartero, Francesc J. (1998). \u201cH\u00e8racles, fundador de sacrificis: l\u2019heroi i les tres funcions\u201d, <em>Faventia<\/em> 20\/2 (ps. 15-25) [<a href=\"http:\/\/ddd.uab.es\/search.py?recid=21&amp;ln=ca\">pdf<\/a>].<\/p>\n\n\n\n<p>Jordi P\u00e0mias (ed.), <em><a href=\"https:\/\/www.degruyter.com\/view\/product\/488025\"> Apollodoriana<\/a>. Ancient Myths, New Crossroads<\/em>. <em>Studies in Honour of Francesc J. Cuartero<\/em>, Berlin &amp; Boston (2017).<\/p>\n\n\n\n<h3 class=\"wp-block-heading\"><strong>Erat\u00f2stenes de Cirene<\/strong><\/h3>\n\n\n\n<p>P\u00e0mias, Jordi (1998). \u201cSobre el fragment dels <em>Catasterismes <\/em>d\u2019Erat\u00f2stenes del manuscrit <em>Parisinus Graecus <\/em>1310: el nom dels planetes Saturn i J\u00fapiter\u201d, <em>Faventia<\/em> 20\/2 (ps. 71-77) [<a href=\"http:\/\/ddd.uab.es\/search.py?recid=21&amp;ln=ca\">pdf<\/a>].<\/p>\n\n\n\n<p>P\u00e0mias, Jordi&nbsp;(1999a). \u201cLa <em>Andr\u00f3meda <\/em>de S\u00f3focles: \u00bfun nuevo testimonio? (Eratosth. <em>Cat. <\/em>XVII)\u201d, <em>Emerita <\/em>67 (ps. 285-288) [<a href=\"http:\/\/emerita.revistas.csic.es\/index.php\/emerita\/article\/viewArticle\/175\">pdf<\/a>].<\/p>\n\n\n\n<p>P\u00e0mias, Jordi&nbsp;(1999b). \u201cErat\u00f2stenes, <em>Catasterismes <\/em>II. Anotaci\u00f3 cr\u00edtica\u201d, <em>Faventia<\/em> 21\/2 (ps. 159-161) [<a href=\"http:\/\/ddd.uab.es\/search.py?recid=21&amp;ln=ca\">pdf<\/a>].<\/p>\n\n\n\n<p>P\u00e0mias, Jordi&nbsp;(2001). \u201cErat\u00f3stenes contra Arist\u00f3teles: los or\u00edgenes rituales de la tragedia\u201d, <em>Kernos <\/em>14 (ps. 51-59) [<a href=\"http:\/\/kernos.revues.org\/768\">pdf<\/a>].<\/p>\n\n\n\n<p>P\u00e0mias, Jordi&nbsp;(2002). \u201cArtemidoro Eleg\u00edaco: \u00bfun autor fantasma?\u201d, <em>Habis<\/em> 33 (ps. 193-197) [<a href=\"http:\/\/gent.uab.cat\/pamias\/sites\/gent.uab.cat.pamias\/files\/PaperArtemidoroHabis2002_0.pdf\">pdf<\/a>].<\/p>\n\n\n\n<p>P\u00e0mias, Jordi (2004a). \u201cDionysus and Donkeys on the Streets of Alexandria: Eratosthenes\u2019 Criticism of Ptolemaic Ideology\u201d, <em>HSCP<\/em> 102 (ps. 191-198) [pdf a <a href=\"http:\/\/www.jstor.org\/stable\/4150038\">jstor<\/a>].<\/p>\n\n\n\n<p>P\u00e0mias, Jordi&nbsp;(2004b). \u201cEl manuscrito <em>Edimburgensis<\/em> Adv. 18.7.15 y los <em>Catasterismos<\/em> de Erat\u00f3stenes\u201d, <em>Faventia<\/em> 26\/1 (ps. 19-25) [<a href=\"http:\/\/ddd.uab.es\/search.py?recid=21&amp;ln=ca\">pdf<\/a>].<\/p>\n\n\n\n<p>P\u00e0mias, Jordi&nbsp;(2008a). \u201cLos <em>Catasterismos<\/em> de Erat\u00f3stenes. Una lectura postestructural\u201d, <em>FlorIlib <\/em>19 (ps. 277-291).<\/p>\n\n\n\n<p>P\u00e0mias, Jordi (2008b). \u201cLes <em>Catast\u00e9rismes<\/em> d\u2019Eratosth\u00e8ne comme manuel mythographique\u201d, <em>in <\/em>Christophe Cusset &amp; H\u00e9l\u00e8ne Frangoulis (ed.), <em>Eratosth\u00e8ne : un athl\u00e8te du savoir<\/em>, Saint-Etienne (ps. 67-74) [<a href=\"http:\/\/books.google.com\/books?id=i9FgL4E9WpcC&amp;printsec=frontcover&amp;hl=zh-CN&amp;source=gbs_ge_summary_r&amp;cad=0#v=onepage&amp;q&amp;f=false\">google books<\/a>].<\/p>\n\n\n\n<p>P\u00e0mias, Jordi&nbsp;(2009). \u201cEratosthenes and the Women. Reversal in Literature and Ritual\u201d, <em>CPh<\/em> 104 (ps. 208-213) [pdf a <a href=\"\/\/www.jstor.org\/stable\/10.1086\/605343\">jstor<\/a>].<\/p>\n\n\n\n<p>P\u00e0mias, Jordi&nbsp;(2012). \u201cLes catast\u00e9rismes\u201d, <em>in<\/em> Philippe Guisard &amp;&nbsp;Christelle Laiz\u00e9 (\u00e9d.), <em>Exp\u00e9riences et repr\u00e9sentations de l\u2019espace,<\/em> Paris (ps. 279-297).<\/p>\n\n\n\n<p>P\u00e0mias, Jordi&nbsp;(2013). \u201cIl testo dei <em>Fragmenta Vaticana<\/em> nella tradizione dei <em>Catasterismi<\/em>\u201d, <em>in&nbsp;<\/em>Fabio Guidetti &amp; Anna Santoni (ed.),&nbsp;<em>Antiche stelle a Bisanzio. Il codice Vaticanus graecus 1087<\/em>, Pisa (ps. 77-90)<\/p>\n\n\n\n<p>P\u00e0mias, Jordi&nbsp;(2014). &#8220;Les<em> Catast\u00e9rismes <\/em>d\u2019Eratosth\u00e8ne. Choix mythographiques et production du savoir&#8221;, <em>Revue des \u00c9tudes Grecques <\/em>127 (2014) ps. 195-206.<\/p>\n\n\n\n<p>P\u00e0mias, Jordi&nbsp;(2016). \u201cEratosthenes\u2019 <em>Catasterisms<\/em> and <em>fin de si\u00e8cle <\/em>German Scholarship (1878-1907)\u201d, <em>in <\/em>Jordi P\u00e0mias (ed.), <em>Eratosthenes\u2019 Catasterisms: Receptions and Translations<\/em>, Mering (ps. 3-14).<\/p>\n\n\n\n<p>P\u00e0mias, Jordi (2016). \u201cDues traduccions catalanes dels <em>Catasterismes <\/em>d\u2019Erat\u00f2stenes\u201d,&nbsp;<em>in <\/em>Jordi P\u00e0mias (ed.), <em>Eratosthenes\u2019 Catasterisms: Receptions and Translations<\/em>,&nbsp;Mering&nbsp;(ps. 111-121).<\/p>\n\n\n\n<p>P\u00e0mias, Jordi (2017). &#8220;Non-Eratosthenic Astral Myths in the<em> <em>Catasterisms<\/em><\/em>&#8220;<em>,<\/em><em> in<\/em> Filippomaria Pontani (ed.), <em>Certissima signa. A Venice Conference on Greek and Latin Astronomical Texts<\/em>, Venezia (ps. 51-60).<\/p>\n\n\n\n<p>P\u00e0mias, Jordi (2019). \u201c\u1f08\u03c3\u03c4\u1f74\u03c1 \u03b3\u03b5\u03bd\u03cc\u03bc\u03b7\u03bd \u2014&nbsp;The Popular Roots of Catasterisms in Greece\u201d, <em>in&nbsp;<\/em>Alena Hadravov\u00e1, Petr Hadrava, Kristen Lippincott&nbsp;(ed.), <em>The Stars in the Classical and Medieval Traditions<\/em>, Prague (ps. 189-202).<\/p>\n\n\n\n<h3 class=\"wp-block-heading\"><em><strong><em><strong>Mythographus Homericus<\/strong><\/em><\/strong><\/em><\/h3>\n\n\n\n<p>Pag\u00e8s, Joan&nbsp;(2005). \u201cEl escolio D a <em>Il\u00edada<\/em> I 5: una aproximaci\u00f3n a la g\u00e9nesis del corpus\u201d,&nbsp;<em>Actas del XI Congreso de la Sociedad Espa\u00f1ola de Estudios Cl\u00e1sicos.<\/em> Vol. II, Madrid (ps. 463-470)<\/p>\n\n\n\n<p>Pag\u00e8s, Joan&nbsp;(2007). \u201cEl sacerdot Crinis i el pastor Ordes: trets anatolis en el mite d\u2019Apol\u00b7lo Esminteu\u201d, <em>Faventia <\/em>29\/1 (ps. 23-32) [<a href=\"http:\/\/ddd.uab.es\/search.py?recid=21&amp;ln=ca\">pdf<\/a>].<\/p>\n\n\n\n<p>Pag\u00e8s, Joan&nbsp;(2009). \u201cLa Gigantomaquia seg\u00fan Eufori\u00f3n de Calcis: el escolio D A <em>Il\u00edada <\/em>8.479\u201d, <em>Habis<\/em> 40 (ps. 81-88).<\/p>\n\n\n\n<p>Pag\u00e8s, Joan (2011). \u201cEl origen del juramento estigio seg\u00fan el Mit\u00f3grafo Hom\u00e9rico\u201d, <em>in <\/em>J. P\u00e0mias (ed.), <em>Parua Mythographic<\/em><em>a<\/em>, Oberhaid (ps. 169-181).<\/p>\n\n\n\n<p>Pag\u00e8s, Joan<strong>&nbsp;<\/strong>(2012). \u201cBri\u00e1reo-Ege\u00f3n: notas a <em>Il\u00edada <\/em>I 401-406\u201d, <em>Emerita <\/em>80 (ps. 107-123)<strong>. <\/strong><\/p>\n\n\n\n<p>Pag\u00e8s, Joan&nbsp;(2013). \u201cEuphorion dans les scholies mythographiques de l\u2019<em>Iliade<\/em>\u201d, <em>in <\/em>ChristopheCusset, \u00c9velyne Prioux, Hamidou Richer (ed.), <em>Ephorion et les mythes: images et fragments. Actes du colloque international (Lyon, 19-20 janvier 2012)<\/em>,Napoli (ps. 247-264).<\/p>\n\n\n\n<p>Pag\u00e8s, Joan (2017), \u201cApollodorus\u2019 Bibliotheca and the Mythographus Homericus: an Intertextual Approach\u201d,&nbsp;<em>Apollodoriana: Ancient Myths, New Crossroads<\/em>&nbsp;(ed. J. P\u00e0mias), Berlin-Boston (ps. 66-81).&nbsp;<\/p>\n\n\n\n<p>Pag\u00e8s, Joan (en premsa). \u201cThe Mythographus Homericus\u201d,&nbsp;<em>The Oxford Handbook of Greek and Roman Mythography<\/em>, ed. S. Smith, S. Trzaskoma, Oxford.&nbsp;<\/p>\n\n\n\n<p>Pag\u00e8s, Joan (2020, en premsa). \u201cP\u00e9lope en Lesbos: An\u00e1lisis del escolio D a Il\u00edada 1.38 y el Papiro de Hamburgo 199 (Mythographus Homericus),&nbsp;<em>Polymnia<\/em>&nbsp;5.&nbsp;<\/p>\n\n\n\n<p>Villagra,&nbsp;Nereida &amp; P\u00e0mias, Jordi (en premsa). \u201cLos escolios mitogr\u00e1ficos y el <em>Mythographus Homericus<\/em>\u201d, <em>Polymnia<\/em>.<\/p>\n\n\n\n<p>Pag\u00e8s, Joan (2021, en premsa). \u201cLa mitograf\u00eda como ex\u00e9gesis hom\u00e9rica: estudio de algunos ejemplos del&nbsp;<em>Mythographus Homericus<\/em>&nbsp;y los escolios menores a Homero\u201d, <em>Emerita<\/em> 89<\/p>\n\n\n\n<p>Pag\u00e8s, Joan (en preparaci\u00f3). \u201cAetia and Foundation Myth in the MH: some Examples from the Papyri\u2019, <em>in <\/em>Joan Pag\u00e8s &amp; Nereida Villagra (ed.), <em>Prolegomena to the Mythographus Homericus,<\/em> Berlin &amp; Boston.<\/p>\n\n\n\n<p>P\u00e0mias, Jordi (en premsa). \u201cPanzer, the <em>Mythographus Homericus<\/em>, and <em>fin de si\u00e8cle<\/em> German Scholarship\u201d, <em>in <\/em>Joan Pag\u00e8s &amp; Nereida Villagra (ed.), <em>Prolegomena to the Mythographus Homericus,<\/em> Berlin &amp; Boston.<\/p>\n\n\n\n<h3 class=\"wp-block-heading\"><strong>Ferecides d&#8217;Atenes<\/strong><\/h3>\n\n\n\n<p>P\u00e0mias, Jordi (2005). \u201cFerecides de Siros y Ferecides de Atenas. Una nueva aproximaci\u00f3n\u201d, <em>CFC(G)<\/em> 15 (ps. 27-34) [<a href=\"\/\/gent.uab.cat\/pamias\/sites\/gent.uab.cat.pamias\/files\/Pamias2005CFC%20Ferecides%20Atenas%20vs%20Siros.pdf\">pdf<\/a>].<\/p>\n\n\n\n<p>P\u00e0mias, Jordi (2006). \u201cLes genealogies de Ferecides d\u2019Atenes: entre ra\u00f3 i mite\u201d, <em>Faventia <\/em>28 (ps. 29-35) [<a href=\"http:\/\/ddd.uab.es\/search.py?recid=21&amp;ln=ca\">pdf<\/a>].<\/p>\n\n\n\n<p>P\u00e0mias, Jordi (2013). \u201cZeus y Alcmena, magia y misterio (Pherecyd., fr. 13)\u201d, <em>in<\/em> Emilio Su\u00e1rez de la Torre &amp; Aurelio P\u00e9rez Jim\u00e9nez (ed.), <em>Mito y Magia en Grecia y Roma, <\/em>Barcelona&nbsp;(ps. 25-36.<\/p>\n\n\n\n<p>P\u00e0mias, Jordi (2017). \u201cCoon or Cimon? (Pherecydes\u2019 Homer: The Mythographic Possession of an Epic Past)\u201d, <em>Mnemosyne<\/em> 70 (ps. 131-139).<\/p>\n\n\n\n<p>P\u00e0mias, Jordi (2020). \u201cPherekydes von Athen: Struktur der <em>Historiai<\/em> (oder: Der l\u00e4ngere Weg von Athen bis Alexandria)\u201d, <em>Classica &amp; Mediaevalia<\/em> 68 (ps. 1-13).<\/p>\n\n\n\n<h3 class=\"wp-block-heading\"><strong>Heraclit el Mit\u00f2graf<\/strong><\/h3>\n\n\n\n<p>Ramon, Daniel (2008)<strong>. \u201c<\/strong>Heraclit el Mit\u00f2graf: noves dades per a la dataci\u00f3 de la seva obra<em>\u201d Faventia <\/em>2008 30 [<a href=\"http:\/\/ddd.uab.es\/search.py?recid=21&amp;ln=ca\">pdf<\/a>].<\/p>\n\n\n\n<p>Ramon, Daniel (2010)<strong>. \u201c<\/strong>Secrets que amaguen els escolis. Algunes claus per entendre el <em>Peri Apiston<\/em> d\u2019Heraclit el Mit\u00f2graf\u201d, <em>in<\/em> E. Borrell; P. G\u00f3mez (ed.), <em>Artes ad humanitatem<\/em>. Vol. 1, Barcelona (ps. 79-84).<\/p>\n\n\n\n<p>Ramon, Daniel (2011a). \u201cProblemas textuales de las <em>Quaestiones Homericae <\/em>de Heraclito el R\u00e9tor: tres ejemplos\u201d, <em>in <\/em>Jordi P\u00e0mias (ed.), <em>Parua Mythographica<\/em> (ps. 183-190).<\/p>\n\n\n\n<p>Ramon, Daniel (2011b). \u201cMit\u00f3grafos y Progymnasmata. Pal\u00e9fato, Heraclito el Mit\u00f3grafo y el An\u00f3nimo Vaticano como ejercicios de ret\u00f3rica\u201d. <em>Euphrosyne <\/em>39 (ps. 277-284).<\/p>\n\n\n\n<h3 class=\"wp-block-heading\"><strong>Asclep\u00edades de Tr\u00e0gilos<\/strong><\/h3>\n\n\n\n<p>Villagra, Nereida (2008). \u201cLos <em>Tragodumena<\/em> de Asclep\u00edades de Tragilo: una obra mitogr\u00e1fica\u201d, <em>Faventia<\/em> 30 (ps. 285-295) [<a href=\"http:\/\/ddd.uab.es\/search.py?recid=21&amp;ln=ca\">pdf<\/a>].<\/p>\n\n\n\n<p>Villagra, Nereida&nbsp;(2010)<strong>. \u201c<\/strong>P\u00e8gasos i el fragment 13 d\u2019 Asclep\u00edades de Tr\u00e0gilos\u201d, <em>in<\/em> E. Borrell; P. G\u00f3mez (ed.), <em>Artes ad humanitatem<\/em>. Vol. 1, Barcelona (ps. 177-185).<\/p>\n\n\n\n<p>Villagra, Nereida (2011a). \u201cHip\u00f3lito curado por Asclepio: un nuevo fragmento de Asclep\u00edades de Tragilo\u201d, <em>in <\/em>P\u00e0mias, J. (ed.) <em>Parua Mythographica, <\/em>Utopica Verlag, Oberhaid (ps. 131-144).<\/p>\n\n\n\n<p>Villagra, Nereida (2011b). \u201cCommenting on Asclepiades of Tragilos: Methodological Considerations on a Fragmentary Mythographer\u201d, a Castro, A. &amp; <em>al<\/em>. (eds.) <em>Learning From The Past: Methodological Considerations on Studies of Antiquity and Middle Ages.<\/em> <em>Proceedings of the First Postgraduate Conference on Studies of Antiquity and Middle Ages, <\/em>British Archaeological Reports International Series, Oxford.<\/p>\n\n\n\n<p>Villagra, Nereida&nbsp;(2013). \u201cTesalias: brujas, ciegas, cojas y sin hijos\u201d, <em>in<\/em> Emilio Su\u00e1rez de la Torre &amp; Aurelio P\u00e9rez Jim\u00e9nez (ed.), <em>Mito y Magia en Grecia y Roma, <\/em>Barcelona&nbsp;(ps. 67-76).<\/p>\n\n\n\n<h3 class=\"wp-block-heading\"><strong>Acusilau d&#8217;Argos <\/strong><\/h3>\n\n\n\n<p>P\u00e0mias, Jordi (2008). \u201cAcusilau d\u2019Argos i els primers mit\u00f2grafs: entre oralitat i escriptura\u201d, <em>Faventia<\/em> 30 (ps. 161-170) [<a href=\"http:\/\/ddd.uab.es\/search.py?recid=21&amp;ln=ca\">pdf<\/a>].<\/p>\n\n\n\n<p>P\u00e0mias, Jordi&nbsp;(2010). \u201cEros en el pensament cosmog\u00f2nic d\u2019Acusilau d\u2019Argos\u201d, <em>in<\/em> E. Borrell; P. G\u00f3mez (ed.), <em>Artes ad humanitatem<\/em>. Vol. 1, Barcelona (ps. 61-68).<\/p>\n\n\n\n<p>P\u00e0mias, Jordi&nbsp;(2012a). \u201cIncorruptible Socrates? (Pl. <em>Smp.<\/em> 219e and Acus. frag. 22)\u201d, <em>Hermes<\/em> 140 (ps. 369-374) [pdf a <a href=\"http:\/\/www.ingentaconnect.com\/content\/fsv\/hermes\/2012\/00000140\/00000003\/art00006\">ingentaconnect<\/a>].<\/p>\n\n\n\n<p>P\u00e0mias, Jordi&nbsp;(2012b). \u201c<em>Auis nunc unica, Caeneu! <\/em>El mito de Ceneo de Acusilao a Ovidio\u201d, <em>in <\/em>M. Consuelo \u00c1lvarez &amp; Rosa Iglesias (ed.), <em>Y el mito de hizo poes\u00eda<\/em>, Madrid (ps. 49-68).<\/p>\n\n\n\n<p>P\u00e0mias, Jordi&nbsp;(2012c). \u201cPhaedrus\u2019 Cosmology in the <em>Symposium<\/em>: A Reappraisal\u201d, <em>CQ <\/em>62 (ps. 532-540).<\/p>\n\n\n\n<p>P\u00e0mias, Jordi&nbsp;(2015). &#8220;Acusilaus of Argos and the Bronze Tablets&#8221;, <em>Harvard Studies in Classical Philology<\/em> 108 (ps. 53-75).<\/p>\n\n\n\n<p>P\u00e0mias, Jordi&nbsp;(2017). \u201cHacia una posible fuente de la Atl\u00e1ntida plat\u00f3nica\u201d, <em>in&nbsp;<\/em>Ivo Hajnal, Daniel K\u00f6lligan, Katharina Zipser (ed.), <em>Miscellanea Indogermanica. Festschrift f\u00fcr Jos\u00e9 Luis Garc\u00eda Ram\u00f3n zum 65. Geburtstag<\/em>, Innsbruck (ps. 603-614).<\/p>\n\n\n\n<p>P\u00e0mias, Jordi&nbsp;(2019). \u201cEl proemio a las <em>Genealog\u00edas<\/em> de Acusilao de Argos\u201d, <em>Quaderni Urbinati di Cultura Classica<\/em> 122 (ps. 69-73).<\/p>\n\n\n\n<p>P\u00e0mias, Jordi (en premsa). \u201cThe Plan of Aphrodite: Helen between <em>Heldend\u00e4mmerung<\/em> and Social Engineering\u201d, <em>PP.<\/em><\/p>\n\n\n\n<p>P\u00e0mias, Jordi (en premsa).<strong> \u201c<\/strong>Paus. 2.16.4: Acusilaus of Argos?\u201d, <em>MH<\/em>.<\/p>\n\n\n\n<h3 class=\"wp-block-heading\"><strong>Hel\u00b7lanic de Lesbos<\/strong><\/h3>\n\n\n\n<p>Segarra, Ra\u00fcl (2010). \u201cHel\u00b7lanic de Lesbos i Zalmoxis\u201d, <em>in<\/em> E. Borrell; P. G\u00f3mez (ed.), <em>Artes ad humanitatem<\/em>. Vol. 1, Barcelona (ps. 269-276).<\/p>\n\n\n\n<p>Segarra, Ra\u00fcl&nbsp;(2011). \u201cEl fr. 2 de Hes\u00edodo y las genealog\u00edas de Deucali\u00f3n y Hel\u00e9n\u201d, <em>in <\/em>J. P\u00e0mias (ed.), <em>Parua Mythographic<\/em><em>a<\/em>, Oberhaid (ps. 45-51).<\/p>\n\n\n\n<p>Segarra, Ra\u00fcl (2012). \u201cProblemas metodol\u00f3gicos en torno a la literalidad de la citas en el estudio de un autor fragmentario\u201d <em>in <\/em>Castro, A. &amp; al. (eds.)<em>, Learning From The Past: Methodological Considerations on Studies of Antiquity and Middle Ages. Proceedings of the First Postgraduate Conference on Studies of Antiquity and Middle Ages, British Archaeological Reports International Series<\/em>, Oxford.<\/p>\n\n\n\n<h3 class=\"wp-block-heading\"><strong>Herodor d\u2019Heraclea<\/strong><\/h3>\n\n\n\n<p>Arriaza, Ariadna (2019). \u201cHerodoro P\u00f3ntico y las fuentes mitogr\u00e1ficas racionalistas en la <em>Vida de Teseo<\/em>\u201d, <em>in <\/em>J. A. Cl\u00faa Serena (ed.), <em>Mythologica Plutarchea. Estudios sobre los mitos en Plutarco<\/em>, Madrid (ps. 41-48).<\/p>\n","protected":false},"excerpt":{"rendered":"<p>A. EDICIONS DELS MIT\u00d2GRAFS Apol\u00b7lodor Cuartero, Francesc J. (2010). Pseudo-Apol\u00b7lodor. Biblioteca. Vol. 1 [Llibre I], Fundaci\u00f3 Bernat Metge, Barcelona. Cuartero, Francesc J. (2012). Pseudo-Apol\u00b7lodor. Biblioteca. Vol. 2, [Llibre II], Fundaci\u00f3 Bernat Metge, Barcelona Cuartero, Francesc J. (en preparaci\u00f3). Pseudo-Apol\u00b7lodor. Biblioteca. Vol. 3 i 4, Fundaci\u00f3 Bernat Metge, Barcelona. Parteni de Nicea Cuartero, Francesc J. (1981). [&hellip;]<\/p>\n","protected":false},"author":44,"featured_media":0,"parent":0,"menu_order":0,"comment_status":"closed","ping_status":"closed","template":"","meta":{"footnotes":""},"class_list":["post-75","page","type-page","status-publish","hentry"],"_links":{"self":[{"href":"https:\/\/webs.uab.cat\/mitografsgrecs\/wp-json\/wp\/v2\/pages\/75","targetHints":{"allow":["GET"]}}],"collection":[{"href":"https:\/\/webs.uab.cat\/mitografsgrecs\/wp-json\/wp\/v2\/pages"}],"about":[{"href":"https:\/\/webs.uab.cat\/mitografsgrecs\/wp-json\/wp\/v2\/types\/page"}],"author":[{"embeddable":true,"href":"https:\/\/webs.uab.cat\/mitografsgrecs\/wp-json\/wp\/v2\/users\/44"}],"replies":[{"embeddable":true,"href":"https:\/\/webs.uab.cat\/mitografsgrecs\/wp-json\/wp\/v2\/comments?post=75"}],"version-history":[{"count":2,"href":"https:\/\/webs.uab.cat\/mitografsgrecs\/wp-json\/wp\/v2\/pages\/75\/revisions"}],"predecessor-version":[{"id":209,"href":"https:\/\/webs.uab.cat\/mitografsgrecs\/wp-json\/wp\/v2\/pages\/75\/revisions\/209"}],"wp:attachment":[{"href":"https:\/\/webs.uab.cat\/mitografsgrecs\/wp-json\/wp\/v2\/media?parent=75"}],"curies":[{"name":"wp","href":"https:\/\/api.w.org\/{rel}","templated":true}]}}