{"id":76,"date":"2012-10-18T17:26:33","date_gmt":"2012-10-18T17:26:33","guid":{"rendered":"https:\/\/webs.uab.cat\/mitografsgrecs\/colloqui-internacional-apollodoriana\/"},"modified":"2022-07-22T16:57:19","modified_gmt":"2022-07-22T16:57:19","slug":"colloqui-internacional-apollodoriana","status":"publish","type":"page","link":"https:\/\/webs.uab.cat\/mitografsgrecs\/colloqui-internacional-apollodoriana\/","title":{"rendered":"Col\u00b7loqui internacional \u2018Apollodoriana\u2019"},"content":{"rendered":"\n<figure class=\"wp-block-image is-resized\"><img loading=\"lazy\" decoding=\"async\" src=\"http:\/\/grupsderecerca.uab.cat\/mitografsgrecs\/sites\/grupsderecerca.uab.cat.mitografsgrecs\/files\/images\/Logo_ApollodorianaB.png\" alt=\"\" width=\"702\" height=\"448\"\/><\/figure>\n\n\n\n<blockquote class=\"wp-block-quote is-layout-flow wp-block-quote-is-layout-flow\"><p><strong>Simposi internacional<\/strong><br><strong>Apollodoriana<\/strong><br><strong>Antics mites \u2014 noves cru\u00eflles<\/strong><br><strong>UAB, Barcelona, 25-26 d\u2019abril de 2013<\/strong><\/p><p><strong>Amb ocasi\u00f3 de l\u2019edici\u00f3 de la Biblioteca d\u2019Apol\u00b7lodor a cura de Francesc J. Cuartero<\/strong><br><strong>(Fundaci\u00f3 Bernat Metge, Barcelona, 2010-2014)<\/strong><\/p><\/blockquote>\n\n\n\n<p>L&#8217;encontre comptar\u00e0 amb la participaci\u00f3 de:<\/p>\n\n\n\n<p>Minerva Alganza<br>Mar\u00eda Consuelo \u00c1lvarez &amp; Rosa Mar\u00eda Iglesias<br>Alberto Bernab\u00e9<br>Francesc J. Cuartero<br>Charles Delattre<br>Lowell Edmunds<br>Sotera Fornaro<br>Robert Fowler<br>Klaus Geus<br>Juan Antonio L\u00f3pez F\u00e9rez<br>Glenn Most<br>Ezio Pellizer<br>Jaume P\u00f2rtulas<br>Suzanne Sa\u00efd<br>Anna Santoni<br>Jos\u00e9 B. Torres<\/p>\n\n\n\n<p>-El col\u00b7loqui i les discussions que se&#8217;n seguiran s\u00f3n obertes al p\u00fablic<br>-Els assistens que ho desitgin podran accedir a un certificat d&#8217;assist\u00e8ncia<br>-La inscripci\u00f3 d\u00f3na dret al Certificat d&#8217;Assit\u00e8ncia i als materials de debat i handouts<\/p>\n\n\n\n<p><strong>Inscriu-te aqu\u00ed (gratu\u00eftament)<\/strong><\/p>\n\n\n\n<p><strong>Necessites allotjament? \/ Looking for accommodation?<\/strong><\/p>\n\n\n\n<p><strong>You can make the reservation here \/ aqu\u00ed pots fer la reserva<\/strong><\/p>\n","protected":false},"excerpt":{"rendered":"<p>Simposi internacionalApollodorianaAntics mites \u2014 noves cru\u00efllesUAB, Barcelona, 25-26 d\u2019abril de 2013 Amb ocasi\u00f3 de l\u2019edici\u00f3 de la Biblioteca d\u2019Apol\u00b7lodor a cura de Francesc J. Cuartero(Fundaci\u00f3 Bernat Metge, Barcelona, 2010-2014) L&#8217;encontre comptar\u00e0 amb la participaci\u00f3 de: Minerva AlganzaMar\u00eda Consuelo \u00c1lvarez &amp; Rosa Mar\u00eda IglesiasAlberto Bernab\u00e9Francesc J. CuarteroCharles DelattreLowell EdmundsSotera FornaroRobert FowlerKlaus GeusJuan Antonio L\u00f3pez F\u00e9rezGlenn MostEzio [&hellip;]<\/p>\n","protected":false},"author":44,"featured_media":0,"parent":0,"menu_order":0,"comment_status":"closed","ping_status":"closed","template":"","meta":{"footnotes":""},"class_list":["post-76","page","type-page","status-publish","hentry"],"_links":{"self":[{"href":"https:\/\/webs.uab.cat\/mitografsgrecs\/wp-json\/wp\/v2\/pages\/76","targetHints":{"allow":["GET"]}}],"collection":[{"href":"https:\/\/webs.uab.cat\/mitografsgrecs\/wp-json\/wp\/v2\/pages"}],"about":[{"href":"https:\/\/webs.uab.cat\/mitografsgrecs\/wp-json\/wp\/v2\/types\/page"}],"author":[{"embeddable":true,"href":"https:\/\/webs.uab.cat\/mitografsgrecs\/wp-json\/wp\/v2\/users\/44"}],"replies":[{"embeddable":true,"href":"https:\/\/webs.uab.cat\/mitografsgrecs\/wp-json\/wp\/v2\/comments?post=76"}],"version-history":[{"count":3,"href":"https:\/\/webs.uab.cat\/mitografsgrecs\/wp-json\/wp\/v2\/pages\/76\/revisions"}],"predecessor-version":[{"id":221,"href":"https:\/\/webs.uab.cat\/mitografsgrecs\/wp-json\/wp\/v2\/pages\/76\/revisions\/221"}],"wp:attachment":[{"href":"https:\/\/webs.uab.cat\/mitografsgrecs\/wp-json\/wp\/v2\/media?parent=76"}],"curies":[{"name":"wp","href":"https:\/\/api.w.org\/{rel}","templated":true}]}}