{"id":84,"date":"2012-10-19T14:48:52","date_gmt":"2012-10-19T14:48:52","guid":{"rendered":"https:\/\/webs.uab.cat\/mitografsgrecs\/joan-pages\/"},"modified":"2022-07-22T07:20:03","modified_gmt":"2022-07-22T07:20:03","slug":"joan-pages","status":"publish","type":"page","link":"https:\/\/webs.uab.cat\/mitografsgrecs\/joan-pages\/","title":{"rendered":"Joan Pag\u00e8s"},"content":{"rendered":"\n<p><strong>Professor Associat de Filologia Grega \/ Catedr\u00e0tic de Grec de Batxillerat<\/strong><br><strong>Adre\u00e7a postal: Departament de Ci\u00e8ncies de l\u2019Antiguitat i l\u2019Edat Mitjana<br>Edifici B Campus de Bellaterra 08193 Cerdanyola del Vall\u00e8s (Barcelona)<\/strong><br><strong>a\/e: joan.pages.cebrian@uab.cat \/ Tel\u00e8fon: +34 93 586 84 11<br>Despatx: B7\/130<\/strong><\/p>\n\n\n\n<h2 class=\"wp-block-heading\"><strong>L\u00ednies de recerca<\/strong><\/h2>\n\n\n\n<p>a\/ Revisi\u00f3 del text cr\u00edtic i del comentari del <em>Mythographus Homericus<\/em> per a la seva publicaci\u00f3.<br>b\/ Q\u00fcestions de cr\u00edtica textual en el <em>Mythographus Homericus<\/em> i els escolis hom\u00e8rics.<br>c\/ An\u00e0lisi i interpretaci\u00f3 dels mites grecs i de la seva tradici\u00f3 liter\u00e0ria. Variants m\u00edtiques en el seu context hist\u00f2ric, geogr\u00e0fic i sociol\u00f2gic.<br>d\/ Aspectes literaris i po\u00e8tics del mite.<\/p>\n\n\n\n<h2 class=\"wp-block-heading\"><strong>Tria de publicacions<\/strong><\/h2>\n\n\n\n<p>1. \u201cEl escolio D a <em>Il\u00edada<\/em> I 5: una aproximaci\u00f3n a la g\u00e9nesis del corpus\u201d,\u00a0<em>Actas del XI Congreso de la Sociedad Espa\u00f1ola de Estudios Cl\u00e1sicos.<\/em> Vol. II, Madrid\u00a0(2005), ps. 463-470<br>2. \u201cEl sacerdot Crinis i el pastor Ordes: trets anatolis en el mite d\u2019Apol\u00b7lo Esminteu\u201d, <em>Faventia <\/em>29\/1\u00a0(2007), ps. 23-32 [<a href=\"http:\/\/ddd.uab.es\/record\/21?ln=ca\">pdf<\/a>].<br>3. <em>Mythographus Homericus: Estudi i edici\u00f3 comentada,<\/em> Diss. Universitat Aut\u00f2noma de Barcelona (2007).<br>4. \u201cLa Gigantomaquia seg\u00fan Eufori\u00f3n de Calcis: el escolio D A <em>Il\u00edada <\/em>8.479\u201d, <em>Habis<\/em> 40\u00a0(2009), ps. 81-88.<br>5. \u201cEl origen del juramento estigio seg\u00fan el Mit\u00f3grafo Hom\u00e9rico\u201d, <em>in <\/em>J. P\u00e0mias (ed.), <em>Parua Mythographica<\/em>, Oberhaid (2011), ps. 169-181.<br>6. \u201cBri\u00e1reo-Ege\u00f3n: notas a <em>Il\u00edada <\/em>I 401-406\u201d, <em>Emerita <\/em>80\u00a0(2012), ps. 107-123<strong>.<\/strong><br>7. \u201cLa imagen po\u00e9tica del auriga: connotaciones m\u00edticas e inici\u00e1ticas\u201d. Actas del\u00a0 XIII Congreso Espa\u00f1ol de Estudios Cl\u00e1sicos, Logro\u00f1o, 18-22 de julio de 2011 [en premsa]<br>8. \u201cEuphorion dans les scholies mythographiques de l&#8217;<em>Iliade\u201d,<\/em> <em>in<\/em> C. Cusset, E. Prioux, H. Richer (ed.), <em>Euphorion et les mythes\u00a0: textes et images<\/em> [en premsa]<\/p>\n","protected":false},"excerpt":{"rendered":"<p>Professor Associat de Filologia Grega \/ Catedr\u00e0tic de Grec de BatxilleratAdre\u00e7a postal: Departament de Ci\u00e8ncies de l\u2019Antiguitat i l\u2019Edat MitjanaEdifici B Campus de Bellaterra 08193 Cerdanyola del Vall\u00e8s (Barcelona)a\/e: joan.pages.cebrian@uab.cat \/ Tel\u00e8fon: +34 93 586 84 11Despatx: B7\/130 L\u00ednies de recerca a\/ Revisi\u00f3 del text cr\u00edtic i del comentari del Mythographus Homericus per a la [&hellip;]<\/p>\n","protected":false},"author":44,"featured_media":0,"parent":0,"menu_order":0,"comment_status":"closed","ping_status":"closed","template":"","meta":{"footnotes":""},"class_list":["post-84","page","type-page","status-publish","hentry"],"_links":{"self":[{"href":"https:\/\/webs.uab.cat\/mitografsgrecs\/wp-json\/wp\/v2\/pages\/84","targetHints":{"allow":["GET"]}}],"collection":[{"href":"https:\/\/webs.uab.cat\/mitografsgrecs\/wp-json\/wp\/v2\/pages"}],"about":[{"href":"https:\/\/webs.uab.cat\/mitografsgrecs\/wp-json\/wp\/v2\/types\/page"}],"author":[{"embeddable":true,"href":"https:\/\/webs.uab.cat\/mitografsgrecs\/wp-json\/wp\/v2\/users\/44"}],"replies":[{"embeddable":true,"href":"https:\/\/webs.uab.cat\/mitografsgrecs\/wp-json\/wp\/v2\/comments?post=84"}],"version-history":[{"count":1,"href":"https:\/\/webs.uab.cat\/mitografsgrecs\/wp-json\/wp\/v2\/pages\/84\/revisions"}],"predecessor-version":[{"id":204,"href":"https:\/\/webs.uab.cat\/mitografsgrecs\/wp-json\/wp\/v2\/pages\/84\/revisions\/204"}],"wp:attachment":[{"href":"https:\/\/webs.uab.cat\/mitografsgrecs\/wp-json\/wp\/v2\/media?parent=84"}],"curies":[{"name":"wp","href":"https:\/\/api.w.org\/{rel}","templated":true}]}}