{"id":85,"date":"2012-10-19T14:49:27","date_gmt":"2012-10-19T14:49:27","guid":{"rendered":"https:\/\/webs.uab.cat\/mitografsgrecs\/jordi-pamias\/"},"modified":"2022-07-22T07:20:52","modified_gmt":"2022-07-22T07:20:52","slug":"jordi-pamias","status":"publish","type":"page","link":"https:\/\/webs.uab.cat\/mitografsgrecs\/jordi-pamias\/","title":{"rendered":"Jordi P\u00e0mias"},"content":{"rendered":"\n<p><strong>Professor Agregat (Filologia Grega)<br>Adre\u00e7a postal: <a href=\"http:\/\/www.uab.cat\/departament\/ciencies-antiguitat-edat-mitjana\/\" target=\"_blank\" rel=\"noopener\">Departament de Ci\u00e8ncies de l&#8217;Antiguitat i l&#8217;Edat Mitjana<\/a>&nbsp; <br>Edifici B<a href=\"http:\/\/www.uab.cat\/servlet\/Satellite\/coneix-la-uab\/planols-i-transports\/planols\/campus-de-bellaterra\/planol-del-campus-de-bellaterra-1096476529693.html\" target=\"_blank\" rel=\"noopener\"> Campus de Bellaterra<\/a> 08193 Cerdanyola del Vall\u00e8s (Barcelona)<br>a\/e: <a href=\"mailto:jordi.pamias@uab.cat\"><strong>jordi.pamias@uab.cat<\/strong><\/a>&nbsp; \/ Tel\u00e8fon: +34 93 586 83 91 \/ Fax: +34 93 581 311<br>Despatx: B7\/134<\/strong><\/p>\n\n\n\n<h2 class=\"wp-block-heading\"><strong>L\u00ednies de recerca<\/strong><\/h2>\n\n\n\n<p>a\/ Mitografia grega: cr\u00edtica textual i comentari<br>b\/ Religi\u00f3 i mitologia gregues<br>c\/ Historiografia fragment\u00e0ria: mite i logos<br>d\/ Edici\u00f3 cr\u00edtica: Erat\u00f2stenes de Cirene, Ferecides d\u2019Atenes, Acusilau d\u2019Argos<\/p>\n\n\n\n<p>IP del Projecte \u201cLos mitos en Grecia: edici\u00f3n y comentario de los mit\u00f3grafos antiguos\u201d (FFI2010-16301).<strong>&nbsp;<\/strong><\/p>\n\n\n\n<h2 class=\"wp-block-heading\"><strong>Tria de Publicacions <\/strong><\/h2>\n\n\n\n<p>(publicacions i cv complet al <a href=\"http:\/\/gent.uab.cat\/pamias\/content\/perfil-investigador-i-cv-complet\">Perfil investigador<\/a> de la meva p\u00e0gina web personal)<\/p>\n\n\n\n<p><br>1. &#8220;Erat\u00f3stenes contra Arist\u00f3teles: los or\u00edgenes rituales de la tragedia&#8221;, <em>Kernos <\/em>14 (2001) ps. 51-59 [<a href=\"http:\/\/kernos.revues.org\/768\">pdf<\/a>].<br>2. &#8220;Dionysus and Donkeys on the Streets of Alexandria: Eratosthenes&#8217; Criticism of Ptolemaic Ideology&#8221;, <em>Harvard Studies in Classical Philology<\/em> 102 (2004) ps. 191-198 [pdf a <a href=\"http:\/\/www.jstor.org\/stable\/4150038\">jstor<\/a>].<br>3. Erat\u00f2stenes de Cirene, <em>Catasterismes<\/em>. Introducci\u00f3, edici\u00f3 cr\u00edtica, traducci\u00f3 i notes, Barcelona, Fundaci\u00f3 Bernat Metge (2004) [<a href=\"http:\/\/books.google.com\/books?id=E1IItN7ngBoC&amp;printsec=frontcover&amp;hl=ca&amp;source=gbs_ge_summary_r&amp;cad=0#v=onepage&amp;q&amp;f=false\">google books<\/a>]<br>4.&#8221;Dum\u00e9zil, el perro y la jabalina. Un mito de transferencia&#8221;, <em>Revue des Etudes Anciennes<\/em> 108 (2006) ps. 483-492.<br>5. &#8220;Les <em>Catast\u00e9rismes <\/em>d&#8217;Eratosth\u00e8ne comme manuel mythographique&#8221;,<em> in <\/em>Ch. Cusset &amp; H. Frangoulis (ed.), <em>Eratosth\u00e8ne : un athl\u00e8te du savoir<\/em>, Saint-Etienne (2008) ps. 67-74 [<a href=\"http:\/\/books.google.com\/books?id=i9FgL4E9WpcC&amp;printsec=frontcover&amp;hl=zh-CN&amp;source=gbs_ge_summary_r&amp;cad=0#v=onepage&amp;q&amp;f=false\">google books<\/a>]<br>6. &#8220;Eratosthenes and the Women: Reversal in Literature and Ritual&#8221;, <em>Classical Philology <\/em>104 (2009) ps. 208-213 [pdf a <a href=\"http:\/\/www.jstor.org\/stable\/10.1086\/605343\">jstor<\/a>]<br>7. &#8220;Eustochios (738)&#8221;; &#8220;Eratosthenes (745)&#8221;; &#8220;Demetrios (777)&#8221;, in Ian Worthington (ed.), <em>Brill&#8217;s New Jacoby,<\/em> Leiden, 2009 [<a href=\"http:\/\/brillonline.nl\/public\/\">Brill online<\/a>]<br>8. Jordi P\u00e0mias (ed.), <em>Parua Mythographica,<\/em> Oberhaid (2011) ps. 1-10 [un fragment de la <a href=\"http:\/\/gent.uab.cat\/pamias\/sites\/gent.uab.cat.pamias\/files\/Parua%20Mythographica%20Introd.pdf\">introducci\u00f3<\/a>]<br>9. &#8220;Incorruptible Socrates? (Pl.\u00a0<em>Smp<\/em>. 219e and Acus. frag. 22)&#8221;,\u00a0<em>Hermes<\/em> 140 (2012) ps. 369-374 [pdf a <a href=\"http:\/\/www.ingentaconnect.com\/content\/fsv\/hermes\/2012\/00000140\/00000003\/art00006\">ingentaconnect<\/a>]<br>10. &#8220;Phaedrus\u2019 Cosmology in the <em>Symposium<\/em>: A Reappraisal&#8221;, <em>Classical Quarterly <\/em>62 (2012) ps. 532-540<br>11. Eratosth\u00e8ne de Cyr\u00e8ne, <em>Catast\u00e9rismes<\/em>. Introduction, \u00e9dition critique, traduction et notes de Jordi P\u00e0mias et Arnaud Zucker. Collection Bud\u00e9-Les Belles Lettres, Paris, 2013. Prix Raymond Weil 2014. Ressenya de <a href=\"http:\/\/bmcr.brynmawr.edu\/2014\/2014-07-46.html\">Pierre Schneider<\/a> a <em>BMCR<\/em> (2014.07.46)<br>12. \u201cThe Reception of Greek Myth\u201d, <em>in<\/em> Lowell Edmunds (ed.), <em>Approaches to Greek Myth<\/em>. Second Edition, Baltimore, 2014 (ps. 44-83)<br>13. &#8220;Acusilaus of Argos and the Bronze Tablets&#8221;, <em>Harvard Studies in Classical Philology<\/em> 108 (2015) [en premsa].<\/p>\n","protected":false},"excerpt":{"rendered":"<p>Professor Agregat (Filologia Grega)Adre\u00e7a postal: Departament de Ci\u00e8ncies de l&#8217;Antiguitat i l&#8217;Edat Mitjana&nbsp; Edifici B Campus de Bellaterra 08193 Cerdanyola del Vall\u00e8s (Barcelona)a\/e: jordi.pamias@uab.cat&nbsp; \/ Tel\u00e8fon: +34 93 586 83 91 \/ Fax: +34 93 581 311Despatx: B7\/134 L\u00ednies de recerca a\/ Mitografia grega: cr\u00edtica textual i comentarib\/ Religi\u00f3 i mitologia greguesc\/ Historiografia fragment\u00e0ria: mite [&hellip;]<\/p>\n","protected":false},"author":44,"featured_media":0,"parent":0,"menu_order":0,"comment_status":"closed","ping_status":"closed","template":"","meta":{"footnotes":""},"class_list":["post-85","page","type-page","status-publish","hentry"],"_links":{"self":[{"href":"https:\/\/webs.uab.cat\/mitografsgrecs\/wp-json\/wp\/v2\/pages\/85","targetHints":{"allow":["GET"]}}],"collection":[{"href":"https:\/\/webs.uab.cat\/mitografsgrecs\/wp-json\/wp\/v2\/pages"}],"about":[{"href":"https:\/\/webs.uab.cat\/mitografsgrecs\/wp-json\/wp\/v2\/types\/page"}],"author":[{"embeddable":true,"href":"https:\/\/webs.uab.cat\/mitografsgrecs\/wp-json\/wp\/v2\/users\/44"}],"replies":[{"embeddable":true,"href":"https:\/\/webs.uab.cat\/mitografsgrecs\/wp-json\/wp\/v2\/comments?post=85"}],"version-history":[{"count":1,"href":"https:\/\/webs.uab.cat\/mitografsgrecs\/wp-json\/wp\/v2\/pages\/85\/revisions"}],"predecessor-version":[{"id":205,"href":"https:\/\/webs.uab.cat\/mitografsgrecs\/wp-json\/wp\/v2\/pages\/85\/revisions\/205"}],"wp:attachment":[{"href":"https:\/\/webs.uab.cat\/mitografsgrecs\/wp-json\/wp\/v2\/media?parent=85"}],"curies":[{"name":"wp","href":"https:\/\/api.w.org\/{rel}","templated":true}]}}