{"id":87,"date":"2012-10-19T14:50:48","date_gmt":"2012-10-19T14:50:48","guid":{"rendered":"https:\/\/webs.uab.cat\/mitografsgrecs\/daniel-ramon\/"},"modified":"2022-07-22T07:21:16","modified_gmt":"2022-07-22T07:21:16","slug":"daniel-ramon","status":"publish","type":"page","link":"https:\/\/webs.uab.cat\/mitografsgrecs\/daniel-ramon\/","title":{"rendered":"Daniel Ramon"},"content":{"rendered":"\n<p><strong>Adre\u00e7a postal: Institut El Su\u00ed<\/strong><br><strong>C\/ Penyafort s\/n, <strong>Cardedeu<\/strong><\/strong><br><strong>a\/e: daniel.ramon@uab.cat \/ Tel\u00e8fon +34 93 844 43 22<\/strong><\/p>\n\n\n\n<h2 class=\"wp-block-heading\"><strong>L\u00ednies de recerca<\/strong> <\/h2>\n\n\n\n<p>a\/ Mitografia grega<br>b\/ Heraclit Al\u00b7legorista (o R\u00e8tor)<br>c\/ Diccionari Grec-Catal\u00e0<\/p>\n\n\n\n<h2 class=\"wp-block-heading\"><strong>Tria de publicacions<\/strong><\/h2>\n\n\n\n<p>1. <em>Heraclit el Mit\u00f2graf. Edici\u00f3 cr\u00edtica, traducci\u00f3 i comentari,<\/em> Diss. Universitat Aut\u00f2noma de Barcelona (2009) [<a href=\"http:\/\/www.tdx.cat\/handle\/10803\/5557;jsessionid=E78FBA65041E55674ABEA77721A5245D.tdx2\">tesi en xarxa<\/a>].<br>2. \u201cHeraclit el Mit\u00f2graf: noves dades per a la dataci\u00f3 de la seva obra\u201d <em>Faventia<\/em> 30 (2008) [<a href=\"http:\/\/ddd.uab.es\/record\/21?ln=ca\">pdf<\/a>].<br>3. \u201cSecrets que amaguen els escolis. Algunes claus per entendre el <em>Peri Apiston<\/em> d\u2019Heraclit el Mit\u00f2graf\u201d, in E. Borrell; P. G\u00f3mez (ed.), <em>Artes ad humanitatem.<\/em> Vol. 1, Barcelona\u00a0(2010), ps. 79-84.<br>4. \u201cProblemas textuales de las <em>Quaestiones Homericae<\/em> de Heraclito el R\u00e9tor: tres ejemplos\u201d, in Jordi P\u00e0mias (ed.), <em>Parua Mythographica,<\/em> Oberhaid\u00a0(2011), ps. 183-190.<br>5. \u201cMit\u00f3grafos y <em>Progymnasmata<\/em>. Pal\u00e9fato, Heraclito el Mit\u00f3grafo y el An\u00f3nimo Vaticano como ejercicios de ret\u00f3rica\u201d, <em>Euphrosyne<\/em> 39 (2011), ps. 277-284.<br>6. \u201cLa tradici\u00f3n manuscrita de las <em>Quaestiones Homericae<\/em>\u201d, Actas del Congreso de la SEEC, Logro\u00f1o [en premsa]<\/p>\n","protected":false},"excerpt":{"rendered":"<p>Adre\u00e7a postal: Institut El Su\u00edC\/ Penyafort s\/n, Cardedeua\/e: daniel.ramon@uab.cat \/ Tel\u00e8fon +34 93 844 43 22 L\u00ednies de recerca a\/ Mitografia gregab\/ Heraclit Al\u00b7legorista (o R\u00e8tor)c\/ Diccionari Grec-Catal\u00e0 Tria de publicacions 1. Heraclit el Mit\u00f2graf. Edici\u00f3 cr\u00edtica, traducci\u00f3 i comentari, Diss. Universitat Aut\u00f2noma de Barcelona (2009) [tesi en xarxa].2. \u201cHeraclit el Mit\u00f2graf: noves dades per [&hellip;]<\/p>\n","protected":false},"author":44,"featured_media":0,"parent":0,"menu_order":0,"comment_status":"closed","ping_status":"closed","template":"","meta":{"footnotes":""},"class_list":["post-87","page","type-page","status-publish","hentry"],"_links":{"self":[{"href":"https:\/\/webs.uab.cat\/mitografsgrecs\/wp-json\/wp\/v2\/pages\/87","targetHints":{"allow":["GET"]}}],"collection":[{"href":"https:\/\/webs.uab.cat\/mitografsgrecs\/wp-json\/wp\/v2\/pages"}],"about":[{"href":"https:\/\/webs.uab.cat\/mitografsgrecs\/wp-json\/wp\/v2\/types\/page"}],"author":[{"embeddable":true,"href":"https:\/\/webs.uab.cat\/mitografsgrecs\/wp-json\/wp\/v2\/users\/44"}],"replies":[{"embeddable":true,"href":"https:\/\/webs.uab.cat\/mitografsgrecs\/wp-json\/wp\/v2\/comments?post=87"}],"version-history":[{"count":1,"href":"https:\/\/webs.uab.cat\/mitografsgrecs\/wp-json\/wp\/v2\/pages\/87\/revisions"}],"predecessor-version":[{"id":206,"href":"https:\/\/webs.uab.cat\/mitografsgrecs\/wp-json\/wp\/v2\/pages\/87\/revisions\/206"}],"wp:attachment":[{"href":"https:\/\/webs.uab.cat\/mitografsgrecs\/wp-json\/wp\/v2\/media?parent=87"}],"curies":[{"name":"wp","href":"https:\/\/api.w.org\/{rel}","templated":true}]}}