{"id":589,"date":"2023-12-15T11:51:54","date_gmt":"2023-12-15T10:51:54","guid":{"rendered":"https:\/\/webs.uab.cat\/mobilitatsqueer\/results\/"},"modified":"2025-05-16T12:02:03","modified_gmt":"2025-05-16T11:02:03","slug":"results","status":"publish","type":"page","link":"https:\/\/webs.uab.cat\/mobilitatsqueer\/en\/results\/","title":{"rendered":"Results"},"content":{"rendered":"\n<h2 class=\"wp-block-heading\">Publications<\/h2>\n\n\n\n<h3 class=\"wp-block-heading\">Academic papers<\/h3>\n\n\n\n<ul class=\"wp-block-list\">\n<li>Walking and biking as queer: deviations, care and resistance negotiating Barcelona&#8217;s streets. <a href=\"https:\/\/doi.org\/10.1080\/0966369X.2025.2469115\">Gender, Place and Culture<\/a>. 2025<\/li>\n<\/ul>\n\n\n\n<h3 class=\"wp-block-heading\">News<\/h3>\n\n\n\n<ul class=\"wp-block-list\">\n<li>Are the streets ours? The right to feel well-being when we walk. <a href=\"https:\/\/www.teaming.net\/infogai\">Infogai <\/a>221 \u2013 Spring 2024<\/li>\n<\/ul>\n\n\n\n<h3 class=\"wp-block-heading\">Summary<\/h3>\n\n\n\n<div class=\"wp-block-media-text is-stacked-on-mobile\"><figure class=\"wp-block-media-text__media\"><a href=\"https:\/\/webs.uab.cat\/mobilitatsqueer\/wp-content\/uploads\/sites\/529\/2024\/04\/Resum-Mobilitats-Queer.pdf\" target=\"_blank\" rel=\"noreferrer noopener\"><img loading=\"lazy\" decoding=\"async\" width=\"1024\" height=\"1024\" src=\"https:\/\/webs.uab.cat\/mobilitatsqueer\/wp-content\/uploads\/sites\/529\/2024\/04\/mobilitats_queer_def_page-0001-1-scaled-e1712583310712-1024x1024.jpg\" alt=\"\" class=\"wp-image-798 size-full\" srcset=\"https:\/\/webs.uab.cat\/mobilitatsqueer\/wp-content\/uploads\/sites\/529\/2024\/04\/mobilitats_queer_def_page-0001-1-scaled-e1712583310712-1024x1024.jpg 1024w, https:\/\/webs.uab.cat\/mobilitatsqueer\/wp-content\/uploads\/sites\/529\/2024\/04\/mobilitats_queer_def_page-0001-1-scaled-e1712583310712-300x300.jpg 300w, https:\/\/webs.uab.cat\/mobilitatsqueer\/wp-content\/uploads\/sites\/529\/2024\/04\/mobilitats_queer_def_page-0001-1-scaled-e1712583310712-150x150.jpg 150w, https:\/\/webs.uab.cat\/mobilitatsqueer\/wp-content\/uploads\/sites\/529\/2024\/04\/mobilitats_queer_def_page-0001-1-scaled-e1712583310712-768x768.jpg 768w, https:\/\/webs.uab.cat\/mobilitatsqueer\/wp-content\/uploads\/sites\/529\/2024\/04\/mobilitats_queer_def_page-0001-1-scaled-e1712583310712-1200x1200.jpg 1200w, https:\/\/webs.uab.cat\/mobilitatsqueer\/wp-content\/uploads\/sites\/529\/2024\/04\/mobilitats_queer_def_page-0001-1-scaled-e1712583310712.jpg 1514w\" sizes=\"auto, (max-width: 1024px) 100vw, 1024px\" \/><\/a><\/figure><div class=\"wp-block-media-text__content\">\n<p><strong>Ja es poden descarregar els resultats de <em>Mobilitats Queer<\/em>. <\/strong><\/p>\n\n\n\n<p class=\"has-negre-eben-color has-text-color has-link-color wp-elements-43ac3097f3042921efbce75a9ad4cfbd\">La publicaci\u00f3 resumeix les m\u00e9s de 22 hores de converses amb\u00a0<a href=\"https:\/\/www.termcat.cat\/ca\/diccionaris-en-linia\/256\/fitxa\/NDA5Mzg5Mw%3D%3D\" target=\"_blank\" rel=\"noreferrer noopener\">persones no-bin\u00e0ries<\/a>\u00a0i dones del\u00a0<a href=\"https:\/\/www.termcat.cat\/ca\/diccionaris-en-linia\/256\/fitxa\/Mzk4OTExNg%3D%3D\" target=\"_blank\" rel=\"noreferrer noopener\">col\u00b7lectiu LGTBIQ+<\/a> sobre les seves viv\u00e8ncies en l&#8217;espai p\u00fablic. Segons el seu testimoni, les persones participants instrumentalitzen una s\u00e8rie d\u2019estrat\u00e8gies per (in)visibilitzar les pr\u00f2pies identitats dissidents amb la finalitat de trobar benestar. Tamb\u00e9 descriuen com voldrien que fos l\u2019espai p\u00fablic per sentir-s\u2019hi millor.<\/p>\n\n\n\n<p class=\"has-negre-eben-color has-text-color has-link-color wp-elements-b0cc984335705fe2712513673d857729\"><\/p>\n<\/div><\/div>\n\n\n\n<div class=\"wp-block-file\"><a id=\"wp-block-file--media-704b03a8-6867-42ed-bba3-a344ba34a585\" href=\"https:\/\/webs.uab.cat\/mobilitatsqueer\/wp-content\/uploads\/sites\/529\/2024\/04\/mobilitats_queer_def.pdf\">Summary Queer Mobilities (cat) <\/a><a href=\"https:\/\/webs.uab.cat\/mobilitatsqueer\/wp-content\/uploads\/sites\/529\/2024\/04\/mobilitats_queer_def.pdf\" class=\"wp-block-file__button wp-element-button\" download=\"\" aria-describedby=\"wp-block-file--media-704b03a8-6867-42ed-bba3-a344ba34a585\">Download<\/a><\/div>\n\n\n\n<div class=\"wp-block-buttons is-content-justification-center is-layout-flex wp-container-core-buttons-is-layout-16018d1d wp-block-buttons-is-layout-flex\">\n<div class=\"wp-block-button is-style-fill\"><a class=\"wp-block-button__link has-verd-tropic-color has-blanc-coco-background-color has-text-color has-background wp-element-button\" href=\"https:\/\/webs.uab.cat\/mobilitatsqueer\/en\/methods\/\">Methods<\/a><\/div>\n\n\n\n<div class=\"wp-block-button\"><a class=\"wp-block-button__link has-verd-tropic-background-color has-background wp-element-button\" href=\"https:\/\/webs.uab.cat\/mobilitatsqueer\/en\/meet-the-research-team\/\">Meet the research team<\/a><\/div>\n<\/div>\n","protected":false},"excerpt":{"rendered":"<p>Publications Academic papers News Summary<\/p>\n","protected":false},"author":2792,"featured_media":0,"parent":0,"menu_order":3,"comment_status":"closed","ping_status":"closed","template":"","meta":{"footnotes":""},"class_list":["post-589","page","type-page","status-publish","hentry"],"_links":{"self":[{"href":"https:\/\/webs.uab.cat\/mobilitatsqueer\/en\/wp-json\/wp\/v2\/pages\/589","targetHints":{"allow":["GET"]}}],"collection":[{"href":"https:\/\/webs.uab.cat\/mobilitatsqueer\/en\/wp-json\/wp\/v2\/pages"}],"about":[{"href":"https:\/\/webs.uab.cat\/mobilitatsqueer\/en\/wp-json\/wp\/v2\/types\/page"}],"author":[{"embeddable":true,"href":"https:\/\/webs.uab.cat\/mobilitatsqueer\/en\/wp-json\/wp\/v2\/users\/2792"}],"replies":[{"embeddable":true,"href":"https:\/\/webs.uab.cat\/mobilitatsqueer\/en\/wp-json\/wp\/v2\/comments?post=589"}],"version-history":[{"count":7,"href":"https:\/\/webs.uab.cat\/mobilitatsqueer\/en\/wp-json\/wp\/v2\/pages\/589\/revisions"}],"predecessor-version":[{"id":994,"href":"https:\/\/webs.uab.cat\/mobilitatsqueer\/en\/wp-json\/wp\/v2\/pages\/589\/revisions\/994"}],"wp:attachment":[{"href":"https:\/\/webs.uab.cat\/mobilitatsqueer\/en\/wp-json\/wp\/v2\/media?parent=589"}],"curies":[{"name":"wp","href":"https:\/\/api.w.org\/{rel}","templated":true}]}}