{"id":579,"date":"2023-12-15T11:51:54","date_gmt":"2023-12-15T10:51:54","guid":{"rendered":"https:\/\/webs.uab.cat\/mobilitatsqueer\/resultados\/"},"modified":"2024-04-29T01:23:22","modified_gmt":"2024-04-29T00:23:22","slug":"resultados","status":"publish","type":"page","link":"https:\/\/webs.uab.cat\/mobilitatsqueer\/es\/resultados\/","title":{"rendered":"Resultados"},"content":{"rendered":"\n<h3 class=\"wp-block-heading\">Resumen<\/h3>\n\n\n\n<div class=\"wp-block-media-text is-stacked-on-mobile\"><figure class=\"wp-block-media-text__media\"><a href=\"https:\/\/webs.uab.cat\/mobilitatsqueer\/wp-content\/uploads\/sites\/529\/2024\/04\/Resum-Mobilitats-Queer.pdf\" target=\"_blank\" rel=\"noreferrer noopener\"><img loading=\"lazy\" decoding=\"async\" width=\"724\" height=\"1024\" src=\"https:\/\/webs.uab.cat\/mobilitatsqueer\/wp-content\/uploads\/sites\/529\/2024\/04\/mobilitats_queer_def_page-0002-724x1024.jpg\" alt=\"\" class=\"wp-image-826 size-full\" srcset=\"https:\/\/webs.uab.cat\/mobilitatsqueer\/wp-content\/uploads\/sites\/529\/2024\/04\/mobilitats_queer_def_page-0002-724x1024.jpg 724w, https:\/\/webs.uab.cat\/mobilitatsqueer\/wp-content\/uploads\/sites\/529\/2024\/04\/mobilitats_queer_def_page-0002-212x300.jpg 212w, https:\/\/webs.uab.cat\/mobilitatsqueer\/wp-content\/uploads\/sites\/529\/2024\/04\/mobilitats_queer_def_page-0002-768x1086.jpg 768w, https:\/\/webs.uab.cat\/mobilitatsqueer\/wp-content\/uploads\/sites\/529\/2024\/04\/mobilitats_queer_def_page-0002-1086x1536.jpg 1086w, https:\/\/webs.uab.cat\/mobilitatsqueer\/wp-content\/uploads\/sites\/529\/2024\/04\/mobilitats_queer_def_page-0002-1448x2048.jpg 1448w, https:\/\/webs.uab.cat\/mobilitatsqueer\/wp-content\/uploads\/sites\/529\/2024\/04\/mobilitats_queer_def_page-0002-1200x1697.jpg 1200w, https:\/\/webs.uab.cat\/mobilitatsqueer\/wp-content\/uploads\/sites\/529\/2024\/04\/mobilitats_queer_def_page-0002-1980x2800.jpg 1980w, https:\/\/webs.uab.cat\/mobilitatsqueer\/wp-content\/uploads\/sites\/529\/2024\/04\/mobilitats_queer_def_page-0002-scaled.jpg 1811w\" sizes=\"auto, (max-width: 724px) 100vw, 724px\" \/><\/a><\/figure><div class=\"wp-block-media-text__content\">\n<p><strong>Ya se pueden descargar los resultados de\u00a0<em>Movilidades Queer<\/em>. <\/strong><\/p>\n\n\n\n<p class=\"has-negre-eben-color has-text-color has-link-color wp-elements-96ce82f690f865b94522fa010e776187\">La publicaci\u00f3n resume las m\u00e1s de 22 horas de conversaciones con\u00a0<a href=\"https:\/\/www.termcat.cat\/ca\/diccionaris-en-linia\/256\/fitxa\/NDA5Mzg5Mw%3D%3D\" target=\"_blank\" rel=\"noreferrer noopener\">personas no-binarias<\/a>\u00a0y mujeres del\u00a0<a href=\"https:\/\/www.termcat.cat\/ca\/diccionaris-en-linia\/256\/fitxa\/Mzk4OTExNg%3D%3D\" target=\"_blank\" rel=\"noreferrer noopener\">colectivo LGTBIQ+<\/a>\u00a0sobre sus vivencias en el espacio p\u00fablico. Seg\u00fan su testimonio, las personas participantes instrumentalizan una serie de estrategias para (in)visibilizar sus identidades disidentes con la finalidad de conseguir bienestar. Tambi\u00e9n describen c\u00f3mo quisieran que fuera el espacio p\u00fablico para sentirse mejor.<\/p>\n\n\n\n<p class=\"has-negre-eben-color has-text-color has-link-color wp-elements-9c9bbc102bc7aa6b019938559dc0556f\"> <\/p>\n<\/div><\/div>\n\n\n\n<div class=\"wp-block-file\"><a id=\"wp-block-file--media-704b03a8-6867-42ed-bba3-a344ba34a585\" href=\"https:\/\/webs.uab.cat\/mobilitatsqueer\/wp-content\/uploads\/sites\/529\/2024\/04\/mobilitats_queer_def.pdf\">Resumen Movilidades Queer (cat)<\/a><a href=\"https:\/\/webs.uab.cat\/mobilitatsqueer\/wp-content\/uploads\/sites\/529\/2024\/04\/mobilitats_queer_def.pdf\" class=\"wp-block-file__button wp-element-button\" download aria-describedby=\"wp-block-file--media-704b03a8-6867-42ed-bba3-a344ba34a585\">Descargar<\/a><\/div>\n\n\n\n<div class=\"wp-block-buttons is-content-justification-center is-layout-flex wp-container-core-buttons-is-layout-16018d1d wp-block-buttons-is-layout-flex\">\n<div class=\"wp-block-button is-style-fill\"><a class=\"wp-block-button__link has-verd-tropic-color has-blanc-coco-background-color has-text-color has-background wp-element-button\" href=\"https:\/\/webs.uab.cat\/mobilitatsqueer\/es\/metodos\/\">Regresa a las entrevistas<\/a><\/div>\n\n\n\n<div class=\"wp-block-button\"><a class=\"wp-block-button__link has-verd-tropic-background-color has-background wp-element-button\" href=\"https:\/\/webs.uab.cat\/mobilitatsqueer\/es\/conocenos\/\">Ve al equipo de investigaci\u00f3n<\/a><\/div>\n<\/div>\n","protected":false},"excerpt":{"rendered":"<p>Resumen Ya se pueden descargar los resultados de\u00a0Movilidades Queer. La publicaci\u00f3n resume las m\u00e1s de 22 horas de conversaciones con\u00a0personas no-binarias\u00a0y mujeres del\u00a0colectivo LGTBIQ+\u00a0sobre sus vivencias en el espacio p\u00fablico. Seg\u00fan su testimonio, las personas participantes instrumentalizan una serie de estrategias para (in)visibilizar sus identidades disidentes con la finalidad de conseguir bienestar. Tambi\u00e9n describen c\u00f3mo [&hellip;]<\/p>\n","protected":false},"author":2792,"featured_media":0,"parent":0,"menu_order":3,"comment_status":"closed","ping_status":"closed","template":"","meta":{"footnotes":""},"class_list":["post-579","page","type-page","status-publish","hentry"],"_links":{"self":[{"href":"https:\/\/webs.uab.cat\/mobilitatsqueer\/es\/wp-json\/wp\/v2\/pages\/579","targetHints":{"allow":["GET"]}}],"collection":[{"href":"https:\/\/webs.uab.cat\/mobilitatsqueer\/es\/wp-json\/wp\/v2\/pages"}],"about":[{"href":"https:\/\/webs.uab.cat\/mobilitatsqueer\/es\/wp-json\/wp\/v2\/types\/page"}],"author":[{"embeddable":true,"href":"https:\/\/webs.uab.cat\/mobilitatsqueer\/es\/wp-json\/wp\/v2\/users\/2792"}],"replies":[{"embeddable":true,"href":"https:\/\/webs.uab.cat\/mobilitatsqueer\/es\/wp-json\/wp\/v2\/comments?post=579"}],"version-history":[{"count":4,"href":"https:\/\/webs.uab.cat\/mobilitatsqueer\/es\/wp-json\/wp\/v2\/pages\/579\/revisions"}],"predecessor-version":[{"id":884,"href":"https:\/\/webs.uab.cat\/mobilitatsqueer\/es\/wp-json\/wp\/v2\/pages\/579\/revisions\/884"}],"wp:attachment":[{"href":"https:\/\/webs.uab.cat\/mobilitatsqueer\/es\/wp-json\/wp\/v2\/media?parent=579"}],"curies":[{"name":"wp","href":"https:\/\/api.w.org\/{rel}","templated":true}]}}