{"id":14,"date":"2024-01-03T11:31:48","date_gmt":"2024-01-03T10:31:48","guid":{"rendered":"https:\/\/webs.uab.cat\/mobilitatsqueer\/?page_id=14"},"modified":"2024-12-11T18:55:58","modified_gmt":"2024-12-11T17:55:58","slug":"equip-de-recerca","status":"publish","type":"page","link":"https:\/\/webs.uab.cat\/mobilitatsqueer\/equip-de-recerca\/","title":{"rendered":"Coneix-nos"},"content":{"rendered":"\n<h3 class=\"wp-block-heading\">Sobre nosaltres<\/h3>\n\n\n\n<p><em>Mobilitats Queer<\/em> \u00e9s una col\u00b7laboraci\u00f3 entre el <a rel=\"noreferrer noopener\" href=\"https:\/\/gemott-uab.cat\/\" data-type=\"URL\" data-id=\"https:\/\/gemott-uab.cat\/\" target=\"_blank\">Grup d&#8217;Estudis de Mobilitat, Transport i Territori<\/a> de la Universitat Aut\u00f2noma de Barcelona i <a rel=\"noreferrer noopener\" href=\"https:\/\/blog.westminster.ac.uk\/ata\/\" data-type=\"URL\" data-id=\"https:\/\/blog.westminster.ac.uk\/ata\/\" target=\"_blank\">Active Travel Academy<\/a> de la University of Westminster.<\/p>\n\n\n\n<h4 class=\"wp-block-heading has-verd-tropic-color has-text-color\">Jer\u00f2nia Cubells<\/h4>\n\n\n\n<p>Investigadora predoctoral al Grup d\u2019Estudis de Mobilitat, Transports i Territori de la Universitat Aut\u00f2noma de Barcelona.<\/p>\n\n\n\n<div class=\"wp-block-group is-content-justification-center is-nowrap is-layout-flex wp-container-core-group-is-layout-94bc23d7 wp-block-group-is-layout-flex\">\n<figure class=\"wp-block-image size-full is-resized\"><a href=\"https:\/\/scholar.google.com\/citations?hl=en&amp;user=XDiYL3QAAAAJ\"><img loading=\"lazy\" decoding=\"async\" width=\"512\" height=\"512\" src=\"https:\/\/webs.uab.cat\/mobilitatsqueer\/wp-content\/uploads\/sites\/529\/2024\/01\/googlescholar_logo_icon_248160-1.png\" alt=\"\" class=\"wp-image-59\" style=\"width:25px;height:25px\" srcset=\"https:\/\/webs.uab.cat\/mobilitatsqueer\/wp-content\/uploads\/sites\/529\/2024\/01\/googlescholar_logo_icon_248160-1.png 512w, https:\/\/webs.uab.cat\/mobilitatsqueer\/wp-content\/uploads\/sites\/529\/2024\/01\/googlescholar_logo_icon_248160-1-300x300.png 300w, https:\/\/webs.uab.cat\/mobilitatsqueer\/wp-content\/uploads\/sites\/529\/2024\/01\/googlescholar_logo_icon_248160-1-150x150.png 150w\" sizes=\"auto, (max-width: 512px) 100vw, 512px\" \/><\/a><\/figure>\n\n\n\n<figure class=\"wp-block-image size-full is-resized\"><a href=\"https:\/\/orcid.org\/0000-0002-5744-2972\"><img loading=\"lazy\" decoding=\"async\" width=\"512\" height=\"512\" src=\"https:\/\/webs.uab.cat\/mobilitatsqueer\/wp-content\/uploads\/sites\/529\/2024\/01\/orcid_logo_icon_145004.png\" alt=\"\" class=\"wp-image-58\" style=\"width:25px;height:25px\" srcset=\"https:\/\/webs.uab.cat\/mobilitatsqueer\/wp-content\/uploads\/sites\/529\/2024\/01\/orcid_logo_icon_145004.png 512w, https:\/\/webs.uab.cat\/mobilitatsqueer\/wp-content\/uploads\/sites\/529\/2024\/01\/orcid_logo_icon_145004-300x300.png 300w, https:\/\/webs.uab.cat\/mobilitatsqueer\/wp-content\/uploads\/sites\/529\/2024\/01\/orcid_logo_icon_145004-150x150.png 150w\" sizes=\"auto, (max-width: 512px) 100vw, 512px\" \/><\/a><\/figure>\n<\/div>\n\n\n\n<h4 class=\"wp-block-heading has-verd-tropic-color has-text-color\">Oriol Marquet<\/h4>\n\n\n\n<p>Investigador postdoctoral al Grup d\u2019Estudis de Mobilitat, Transports i Territori de la Universitat Aut\u00f2noma de Barcelona.<\/p>\n\n\n\n<div class=\"wp-block-group is-content-justification-center is-nowrap is-layout-flex wp-container-core-group-is-layout-94bc23d7 wp-block-group-is-layout-flex\">\n<figure class=\"wp-block-image size-full is-resized\"><a href=\"https:\/\/scholar.google.com\/citations?user=JDFK_psAAAAJ&amp;hl=en\"><img loading=\"lazy\" decoding=\"async\" width=\"512\" height=\"512\" src=\"https:\/\/webs.uab.cat\/mobilitatsqueer\/wp-content\/uploads\/sites\/529\/2024\/01\/googlescholar_logo_icon_248160-1.png\" alt=\"\" class=\"wp-image-59\" style=\"width:25px;height:25px\" srcset=\"https:\/\/webs.uab.cat\/mobilitatsqueer\/wp-content\/uploads\/sites\/529\/2024\/01\/googlescholar_logo_icon_248160-1.png 512w, https:\/\/webs.uab.cat\/mobilitatsqueer\/wp-content\/uploads\/sites\/529\/2024\/01\/googlescholar_logo_icon_248160-1-300x300.png 300w, https:\/\/webs.uab.cat\/mobilitatsqueer\/wp-content\/uploads\/sites\/529\/2024\/01\/googlescholar_logo_icon_248160-1-150x150.png 150w\" sizes=\"auto, (max-width: 512px) 100vw, 512px\" \/><\/a><\/figure>\n\n\n\n<figure class=\"wp-block-image size-full is-resized\"><a href=\"https:\/\/orcid.org\/0000-0002-7346-5664\"><img loading=\"lazy\" decoding=\"async\" width=\"512\" height=\"512\" src=\"https:\/\/webs.uab.cat\/mobilitatsqueer\/wp-content\/uploads\/sites\/529\/2024\/01\/orcid_logo_icon_145004.png\" alt=\"\" class=\"wp-image-58\" style=\"width:25px;height:25px\" srcset=\"https:\/\/webs.uab.cat\/mobilitatsqueer\/wp-content\/uploads\/sites\/529\/2024\/01\/orcid_logo_icon_145004.png 512w, https:\/\/webs.uab.cat\/mobilitatsqueer\/wp-content\/uploads\/sites\/529\/2024\/01\/orcid_logo_icon_145004-300x300.png 300w, https:\/\/webs.uab.cat\/mobilitatsqueer\/wp-content\/uploads\/sites\/529\/2024\/01\/orcid_logo_icon_145004-150x150.png 150w\" sizes=\"auto, (max-width: 512px) 100vw, 512px\" \/><\/a><\/figure>\n<\/div>\n\n\n\n<h4 class=\"wp-block-heading has-verd-tropic-color has-text-color\">Rachel Aldred<\/h4>\n\n\n\n<p>Investigadora postdoctoral a Active Travel Academy de la University of Westminster.<\/p>\n\n\n\n<div class=\"wp-block-group is-content-justification-center is-nowrap is-layout-flex wp-container-core-group-is-layout-94bc23d7 wp-block-group-is-layout-flex\">\n<figure class=\"wp-block-image size-full is-resized\"><a href=\"https:\/\/scholar.google.com\/citations?user=jycgGvsAAAAJ&amp;hl=en\"><img loading=\"lazy\" decoding=\"async\" width=\"512\" height=\"512\" src=\"https:\/\/webs.uab.cat\/mobilitatsqueer\/wp-content\/uploads\/sites\/529\/2024\/01\/googlescholar_logo_icon_248160-1.png\" alt=\"\" class=\"wp-image-59\" style=\"width:25px;height:25px\" srcset=\"https:\/\/webs.uab.cat\/mobilitatsqueer\/wp-content\/uploads\/sites\/529\/2024\/01\/googlescholar_logo_icon_248160-1.png 512w, https:\/\/webs.uab.cat\/mobilitatsqueer\/wp-content\/uploads\/sites\/529\/2024\/01\/googlescholar_logo_icon_248160-1-300x300.png 300w, https:\/\/webs.uab.cat\/mobilitatsqueer\/wp-content\/uploads\/sites\/529\/2024\/01\/googlescholar_logo_icon_248160-1-150x150.png 150w\" sizes=\"auto, (max-width: 512px) 100vw, 512px\" \/><\/a><\/figure>\n\n\n\n<figure class=\"wp-block-image size-full is-resized\"><a href=\"https:\/\/orcid.org\/0000-0001-7413-7251\"><img loading=\"lazy\" decoding=\"async\" width=\"512\" height=\"512\" src=\"https:\/\/webs.uab.cat\/mobilitatsqueer\/wp-content\/uploads\/sites\/529\/2024\/01\/orcid_logo_icon_145004.png\" alt=\"\" class=\"wp-image-58\" style=\"width:25px;height:25px\" srcset=\"https:\/\/webs.uab.cat\/mobilitatsqueer\/wp-content\/uploads\/sites\/529\/2024\/01\/orcid_logo_icon_145004.png 512w, https:\/\/webs.uab.cat\/mobilitatsqueer\/wp-content\/uploads\/sites\/529\/2024\/01\/orcid_logo_icon_145004-300x300.png 300w, https:\/\/webs.uab.cat\/mobilitatsqueer\/wp-content\/uploads\/sites\/529\/2024\/01\/orcid_logo_icon_145004-150x150.png 150w\" sizes=\"auto, (max-width: 512px) 100vw, 512px\" \/><\/a><\/figure>\n<\/div>\n\n\n\n<h4 class=\"wp-block-heading has-verd-tropic-color has-text-color\">Ersilia Verlinghieri<\/h4>\n\n\n\n<p>Investigadora postdoctoral a Active Travel Academy de la University of Westminster.<\/p>\n\n\n\n<div class=\"wp-block-group is-content-justification-center is-nowrap is-layout-flex wp-container-core-group-is-layout-94bc23d7 wp-block-group-is-layout-flex\">\n<figure class=\"wp-block-image size-full is-resized\"><a href=\"https:\/\/scholar.google.co.uk\/citations?user=m1uhxrAAAAAJ&amp;hl=en\"><img loading=\"lazy\" decoding=\"async\" width=\"512\" height=\"512\" src=\"https:\/\/webs.uab.cat\/mobilitatsqueer\/wp-content\/uploads\/sites\/529\/2024\/01\/googlescholar_logo_icon_248160-1.png\" alt=\"\" class=\"wp-image-59\" style=\"width:25px;height:25px\" srcset=\"https:\/\/webs.uab.cat\/mobilitatsqueer\/wp-content\/uploads\/sites\/529\/2024\/01\/googlescholar_logo_icon_248160-1.png 512w, https:\/\/webs.uab.cat\/mobilitatsqueer\/wp-content\/uploads\/sites\/529\/2024\/01\/googlescholar_logo_icon_248160-1-300x300.png 300w, https:\/\/webs.uab.cat\/mobilitatsqueer\/wp-content\/uploads\/sites\/529\/2024\/01\/googlescholar_logo_icon_248160-1-150x150.png 150w\" sizes=\"auto, (max-width: 512px) 100vw, 512px\" \/><\/a><\/figure>\n\n\n\n<figure class=\"wp-block-image size-full is-resized\"><a href=\"https:\/\/orcid.org\/0000-0003-1388-2623\"><img loading=\"lazy\" decoding=\"async\" width=\"512\" height=\"512\" src=\"https:\/\/webs.uab.cat\/mobilitatsqueer\/wp-content\/uploads\/sites\/529\/2024\/01\/orcid_logo_icon_145004.png\" alt=\"\" class=\"wp-image-58\" style=\"width:25px;height:25px\" srcset=\"https:\/\/webs.uab.cat\/mobilitatsqueer\/wp-content\/uploads\/sites\/529\/2024\/01\/orcid_logo_icon_145004.png 512w, https:\/\/webs.uab.cat\/mobilitatsqueer\/wp-content\/uploads\/sites\/529\/2024\/01\/orcid_logo_icon_145004-300x300.png 300w, https:\/\/webs.uab.cat\/mobilitatsqueer\/wp-content\/uploads\/sites\/529\/2024\/01\/orcid_logo_icon_145004-150x150.png 150w\" sizes=\"auto, (max-width: 512px) 100vw, 512px\" \/><\/a><\/figure>\n<\/div>\n\n\n\n<div class=\"wp-block-buttons is-content-justification-center is-layout-flex wp-container-core-buttons-is-layout-16018d1d wp-block-buttons-is-layout-flex\">\n<div class=\"wp-block-button\"><a class=\"wp-block-button__link has-verd-tropic-background-color has-background wp-element-button\" href=\"https:\/\/webs.uab.cat\/mobilitatsqueer\/\">Torna a l&#8217;inici<\/a><\/div>\n<\/div>\n","protected":false},"excerpt":{"rendered":"<p>Sobre nosaltres Mobilitats Queer \u00e9s una col\u00b7laboraci\u00f3 entre el Grup d&#8217;Estudis de Mobilitat, Transport i Territori de la Universitat Aut\u00f2noma de Barcelona i Active Travel Academy de la University of Westminster. Jer\u00f2nia Cubells Investigadora predoctoral al Grup d\u2019Estudis de Mobilitat, Transports i Territori de la Universitat Aut\u00f2noma de Barcelona. Oriol Marquet Investigador postdoctoral al Grup [&hellip;]<\/p>\n","protected":false},"author":2792,"featured_media":0,"parent":0,"menu_order":5,"comment_status":"closed","ping_status":"closed","template":"","meta":{"footnotes":""},"class_list":["post-14","page","type-page","status-publish","hentry"],"_links":{"self":[{"href":"https:\/\/webs.uab.cat\/mobilitatsqueer\/wp-json\/wp\/v2\/pages\/14","targetHints":{"allow":["GET"]}}],"collection":[{"href":"https:\/\/webs.uab.cat\/mobilitatsqueer\/wp-json\/wp\/v2\/pages"}],"about":[{"href":"https:\/\/webs.uab.cat\/mobilitatsqueer\/wp-json\/wp\/v2\/types\/page"}],"author":[{"embeddable":true,"href":"https:\/\/webs.uab.cat\/mobilitatsqueer\/wp-json\/wp\/v2\/users\/2792"}],"replies":[{"embeddable":true,"href":"https:\/\/webs.uab.cat\/mobilitatsqueer\/wp-json\/wp\/v2\/comments?post=14"}],"version-history":[{"count":38,"href":"https:\/\/webs.uab.cat\/mobilitatsqueer\/wp-json\/wp\/v2\/pages\/14\/revisions"}],"predecessor-version":[{"id":964,"href":"https:\/\/webs.uab.cat\/mobilitatsqueer\/wp-json\/wp\/v2\/pages\/14\/revisions\/964"}],"wp:attachment":[{"href":"https:\/\/webs.uab.cat\/mobilitatsqueer\/wp-json\/wp\/v2\/media?parent=14"}],"curies":[{"name":"wp","href":"https:\/\/api.w.org\/{rel}","templated":true}]}}