{"id":99,"date":"2024-01-08T12:06:34","date_gmt":"2024-01-08T11:06:34","guid":{"rendered":"https:\/\/webs.uab.cat\/mobilitatsqueer\/?page_id=99"},"modified":"2024-05-10T13:11:16","modified_gmt":"2024-05-10T12:11:16","slug":"metodes","status":"publish","type":"page","link":"https:\/\/webs.uab.cat\/mobilitatsqueer\/metodes\/","title":{"rendered":"M\u00e8todes"},"content":{"rendered":"\n<div class=\"wp-block-cover has-custom-content-position is-position-top-left\" style=\"min-height:161px;aspect-ratio:unset;\"><span aria-hidden=\"true\" class=\"wp-block-cover__background has-verd-tropic-background-color has-background-dim-100 has-background-dim\"><\/span><div class=\"wp-block-cover__inner-container is-layout-flow wp-block-cover-is-layout-flow\">\n<h3 class=\"wp-block-heading\">Escoltar per entendre<\/h3>\n\n\n\n<p class=\"has-blanc-coco-color has-text-color\">Per comprendre com se senten les persones <a rel=\"noreferrer noopener\" href=\"https:\/\/www.termcat.cat\/ca\/diccionaris-en-linia\/256\/fitxa\/NDA5Mzg5Mw%3D%3D\" target=\"_blank\">no-bin\u00e0ries<\/a> i les dones <a rel=\"noreferrer noopener\" href=\"https:\/\/www.termcat.cat\/ca\/diccionaris-en-linia\/256\/fitxa\/NDA5Mzg5Mw%3D%3D\" target=\"_blank\">lesbianes<\/a>, <a rel=\"noreferrer noopener\" href=\"https:\/\/www.termcat.cat\/ca\/diccionaris-en-linia\/256\/fitxa\/Mzk4OTIwMw%3D%3D\" target=\"_blank\">bisexuals<\/a>, <a rel=\"noreferrer noopener\" href=\"https:\/\/www.termcat.cat\/ca\/diccionaris-en-linia\/256\/fitxa\/Mzk4OTExOQ%3D%3D\" target=\"_blank\">pansexuals <\/a>i <a rel=\"noreferrer noopener\" href=\"https:\/\/www.termcat.cat\/ca\/diccionaris-en-linia\/256\/fitxa\/Mzk4OTIyMw%3D%3D\" target=\"_blank\">queer <\/a>quan caminen o van en bicicleta per Barcelona, hem combinat entrevistes amb l&#8217;eina Relief Map.<\/p>\n<\/div><\/div>\n\n\n\n<h3 class=\"wp-block-heading\">Participants<\/h3>\n\n\n\n<p class=\"has-negre-eben-color has-text-color\">El juliol de 2023 v\u00e0rem entrevistar a 22 persones que viuen a Barcelona. La meitat s\u2019han criat a Catalunya i la resta a altres territoris d\u2019Europa, Nord i Sud-Am\u00e8rica. En termes de g\u00e8nere, les persones que han participat s&#8217;identifiquen com a <a rel=\"noreferrer noopener\" href=\"https:\/\/www.termcat.cat\/ca\/diccionaris-en-linia\/256\/fitxa\/NDA5Mzg5Mw%3D%3D\" target=\"_blank\">no-bin\u00e0ries<\/a> i com a dones <a rel=\"noreferrer noopener\" href=\"https:\/\/www.termcat.cat\/ca\/diccionaris-en-linia\/256\/fitxa\/Mzk4OTIxNg%3D%3D\" target=\"_blank\">cisg\u00e8nere<\/a>, <a rel=\"noreferrer noopener\" href=\"https:\/\/www.termcat.cat\/ca\/diccionaris-en-linia\/256\/fitxa\/Mzk4OTI0Nw%3D%3D\" target=\"_blank\">transg\u00e8nere <\/a>i <a rel=\"noreferrer noopener\" href=\"https:\/\/www.termcat.cat\/ca\/diccionaris-en-linia\/256\/fitxa\/Mzk4OTIyMg%3D%3D\" target=\"_blank\">intersexuals<\/a>. Pel que fa a la sexualitat, s&#8217;identifiquen com a <a rel=\"noreferrer noopener\" href=\"https:\/\/www.termcat.cat\/ca\/diccionaris-en-linia\/256\/fitxa\/Mzk4OTE3Ng%3D%3D\" target=\"_blank\">lesbianes<\/a>, <a rel=\"noreferrer noopener\" href=\"https:\/\/www.termcat.cat\/ca\/diccionaris-en-linia\/256\/fitxa\/Mzk4OTIwMw%3D%3D\" target=\"_blank\">bisexuals<\/a>, <a rel=\"noreferrer noopener\" href=\"https:\/\/www.termcat.cat\/ca\/diccionaris-en-linia\/256\/fitxa\/Mzk4OTExOQ%3D%3D\" target=\"_blank\">pansexuals <\/a>i <a href=\"https:\/\/www.termcat.cat\/ca\/diccionaris-en-linia\/256\/fitxa\/Mzk4OTIxMg%3D%3D\">queer<\/a>. Les edats de les persones participants oscil\u00b7len entre 20 i 50 anys, i dues entrevistades s\u00f3n mares.<\/p>\n\n\n\n<figure class=\"wp-block-image size-full\"><img loading=\"lazy\" decoding=\"async\" width=\"9063\" height=\"7612\" src=\"https:\/\/webs.uab.cat\/mobilitatsqueer\/wp-content\/uploads\/sites\/529\/2024\/01\/lloc_residencia-1.jpg\" alt=\"\" class=\"wp-image-386\" \/><figcaption class=\"wp-element-caption\">Lloc de resid\u00e8ncia de les persones participants. Font: Elaboraci\u00f3 pr\u00f2pia.<\/figcaption><\/figure>\n\n\n\n<h3 class=\"wp-block-heading\">Entrevista<\/h3>\n\n\n\n<p>Les persones participants varen compartir les seves experi\u00e8ncies caminant i anant amb bicicleta, partint de les seg\u00fcents preguntes. <\/p>\n\n\n\n<ol class=\"wp-block-list\">\n<li><em><strong>Quins recorreguts fas?<\/strong><\/em> <\/li>\n\n\n\n<li><em><strong>Com et sents en cada despla\u00e7ament?<\/strong><\/em><\/li>\n\n\n\n<li><strong><em>Qu\u00e8 t&#8217;agrada o qu\u00e8  no t&#8217;agrada de cada despla\u00e7ament?<\/em><\/strong><\/li>\n\n\n\n<li><em><strong>Creus que et sentiries igual si fossis un home? O si fossis blanca?<\/strong><\/em><\/li>\n\n\n\n<li><em><strong>Creus que et sentiries igual si fessis aquest recorregut de la m\u00e0 de la teva parella?<\/strong><\/em><\/li>\n\n\n\n<li><strong><em>Qu\u00e8 hauria de canviar per qu\u00e8 et sentissis millor?<\/em><\/strong><\/li>\n<\/ol>\n\n\n\n<h3 class=\"wp-block-heading\">Relief Map<\/h3>\n\n\n\n<p class=\"has-negre-eben-color has-text-color\">Despr\u00e9s de l&#8217;entrevista, v\u00e0rem convidar a les persones participants a dibuixar un <a rel=\"noreferrer noopener\" href=\"https:\/\/reliefmaps.cat\/ca\/about\" target=\"_blank\">Relief Map<\/a>. El Relief Map \u00e9s una eina per a analitzar les desigualtats socials des d&#8217;una perspectiva <a rel=\"noreferrer noopener\" href=\"https:\/\/www.termcat.cat\/ca\/diccionaris-en-linia\/256\/fitxa\/Mzk4OTMzNw%3D%3D\" target=\"_blank\">interseccional<\/a>. Aquest mapa relaciona tres eixos: l&#8217;eix <strong>social <\/strong>(associat a identitats com el <a rel=\"noreferrer noopener\" href=\"https:\/\/www.termcat.cat\/ca\/diccionaris-en-linia\/256\/fitxa\/Mzk4OTIyMQ%3D%3D\" target=\"_blank\">g\u00e8nere<\/a>, la <a rel=\"noreferrer noopener\" href=\"https:\/\/www.termcat.cat\/ca\/diccionaris-en-linia\/256\/fitxa\/Mzk4OTEyNg%3D%3D\" target=\"_blank\">sexualitat <\/a>o l&#8217;etnicitat), l&#8217;eix <strong>geogr\u00e0fic <\/strong>(en aquest cas, els recorreguts) i l&#8217;eix <strong>psicol\u00f2gic <\/strong>(relacionat amb les emocions). <\/p>\n\n\n\n<figure class=\"wp-block-image size-large\"><img loading=\"lazy\" decoding=\"async\" width=\"1024\" height=\"576\" src=\"https:\/\/webs.uab.cat\/mobilitatsqueer\/wp-content\/uploads\/sites\/529\/2024\/01\/Imagen2-edited-1024x576.png\" alt=\"\" class=\"wp-image-266\" srcset=\"https:\/\/webs.uab.cat\/mobilitatsqueer\/wp-content\/uploads\/sites\/529\/2024\/01\/Imagen2-edited-1024x576.png 1024w, https:\/\/webs.uab.cat\/mobilitatsqueer\/wp-content\/uploads\/sites\/529\/2024\/01\/Imagen2-edited-300x169.png 300w, https:\/\/webs.uab.cat\/mobilitatsqueer\/wp-content\/uploads\/sites\/529\/2024\/01\/Imagen2-edited-768x432.png 768w, https:\/\/webs.uab.cat\/mobilitatsqueer\/wp-content\/uploads\/sites\/529\/2024\/01\/Imagen2-edited-1536x864.png 1536w, https:\/\/webs.uab.cat\/mobilitatsqueer\/wp-content\/uploads\/sites\/529\/2024\/01\/Imagen2-edited-1200x675.png 1200w, https:\/\/webs.uab.cat\/mobilitatsqueer\/wp-content\/uploads\/sites\/529\/2024\/01\/Imagen2-edited.png 1920w\" sizes=\"auto, (max-width: 1024px) 100vw, 1024px\" \/><figcaption class=\"wp-element-caption\">Relief Map d&#8217;una entrevistada.<\/figcaption><\/figure>\n\n\n\n<details class=\"wp-block-mamaduka-toggles wp-block-toggles\"><summary><strong>Vols saber-ne m\u00e9s?<\/strong> Est\u00e0 explicat en el primer minut d&#8217;aquest v\u00eddeo.<\/summary><div class=\"wp-block-toggles__content\">\n<figure class=\"wp-block-embed is-type-video is-provider-youtube wp-block-embed-youtube wp-embed-aspect-16-9 wp-has-aspect-ratio\"><div class=\"wp-block-embed__wrapper\">\n<iframe loading=\"lazy\" title=\"Relief Maps: nova eina digital per l&#039;an\u00e0lisi de les desigualtats socials\" width=\"580\" height=\"326\" src=\"https:\/\/www.youtube.com\/embed\/QVRlltjlkS0?start=64&#038;feature=oembed\" frameborder=\"0\" allow=\"accelerometer; autoplay; clipboard-write; encrypted-media; gyroscope; picture-in-picture; web-share\" referrerpolicy=\"strict-origin-when-cross-origin\" allowfullscreen><\/iframe>\n<\/div><\/figure>\n<\/div><\/details>\n\n\n\n<p>Aix\u00ed, les participants dibuixaven en una escala de benestar\/malestar com se sentien durant diferents despla\u00e7aments quotidians per cada una de les seves identitats (g\u00e8nere, sexualitat, etnicitat i edat). Tamb\u00e9 podien afegir altres identitats que consideressin que influ\u00efen els seus despla\u00e7aments. D&#8217;aquesta manera, algunes persones varen expandir en com identitats associades a la classe, la neurodiversitat, la cisnorma o la normativitat corporal modulaven les seves emocions durant els seus viatges. <\/p>\n\n\n\n<figure class=\"wp-block-image size-large\"><img loading=\"lazy\" decoding=\"async\" width=\"1024\" height=\"640\" src=\"https:\/\/webs.uab.cat\/mobilitatsqueer\/wp-content\/uploads\/sites\/529\/2024\/01\/ex_relief_map_cat-1-1024x640.jpg\" alt=\"\" class=\"wp-image-469\" srcset=\"https:\/\/webs.uab.cat\/mobilitatsqueer\/wp-content\/uploads\/sites\/529\/2024\/01\/ex_relief_map_cat-1-1024x640.jpg 1024w, https:\/\/webs.uab.cat\/mobilitatsqueer\/wp-content\/uploads\/sites\/529\/2024\/01\/ex_relief_map_cat-1-300x188.jpg 300w, https:\/\/webs.uab.cat\/mobilitatsqueer\/wp-content\/uploads\/sites\/529\/2024\/01\/ex_relief_map_cat-1-768x480.jpg 768w, https:\/\/webs.uab.cat\/mobilitatsqueer\/wp-content\/uploads\/sites\/529\/2024\/01\/ex_relief_map_cat-1.jpg 1116w\" sizes=\"auto, (max-width: 1024px) 100vw, 1024px\" \/><figcaption class=\"wp-element-caption\">ReliefMap d&#8217;una participant de 35 anys que s&#8217;identifica com a dona cisg\u00e8nere, lesbiana i blanca. <\/figcaption><\/figure>\n\n\n\n<div class=\"wp-block-buttons is-content-justification-center is-layout-flex wp-container-core-buttons-is-layout-16018d1d wp-block-buttons-is-layout-flex\">\n<div class=\"wp-block-button\"><a class=\"wp-block-button__link has-verd-tropic-color has-gris-pubilla-background-color has-text-color has-background wp-element-button\" href=\"https:\/\/webs.uab.cat\/mobilitatsqueer\/\">Torna a l&#8217;inici<\/a><\/div>\n\n\n\n<div class=\"wp-block-button\"><a class=\"wp-block-button__link has-verd-tropic-background-color has-background wp-element-button\" href=\"https:\/\/webs.uab.cat\/mobilitatsqueer\/wp-content\/uploads\/sites\/529\/2024\/04\/Resum-Mobilitats-Queer.pdf\" target=\"_blank\" rel=\"noreferrer noopener\">Ves als testimonis<\/a><\/div>\n<\/div>\n","protected":false},"excerpt":{"rendered":"<p>Participants El juliol de 2023 v\u00e0rem entrevistar a 22 persones que viuen a Barcelona. La meitat s\u2019han criat a Catalunya i la resta a altres territoris d\u2019Europa, Nord i Sud-Am\u00e8rica. En termes de g\u00e8nere, les persones que han participat s&#8217;identifiquen com a no-bin\u00e0ries i com a dones cisg\u00e8nere, transg\u00e8nere i intersexuals. Pel que fa a [&hellip;]<\/p>\n","protected":false},"author":2792,"featured_media":0,"parent":0,"menu_order":2,"comment_status":"closed","ping_status":"closed","template":"","meta":{"footnotes":""},"class_list":["post-99","page","type-page","status-publish","hentry"],"_links":{"self":[{"href":"https:\/\/webs.uab.cat\/mobilitatsqueer\/wp-json\/wp\/v2\/pages\/99","targetHints":{"allow":["GET"]}}],"collection":[{"href":"https:\/\/webs.uab.cat\/mobilitatsqueer\/wp-json\/wp\/v2\/pages"}],"about":[{"href":"https:\/\/webs.uab.cat\/mobilitatsqueer\/wp-json\/wp\/v2\/types\/page"}],"author":[{"embeddable":true,"href":"https:\/\/webs.uab.cat\/mobilitatsqueer\/wp-json\/wp\/v2\/users\/2792"}],"replies":[{"embeddable":true,"href":"https:\/\/webs.uab.cat\/mobilitatsqueer\/wp-json\/wp\/v2\/comments?post=99"}],"version-history":[{"count":85,"href":"https:\/\/webs.uab.cat\/mobilitatsqueer\/wp-json\/wp\/v2\/pages\/99\/revisions"}],"predecessor-version":[{"id":912,"href":"https:\/\/webs.uab.cat\/mobilitatsqueer\/wp-json\/wp\/v2\/pages\/99\/revisions\/912"}],"wp:attachment":[{"href":"https:\/\/webs.uab.cat\/mobilitatsqueer\/wp-json\/wp\/v2\/media?parent=99"}],"curies":[{"name":"wp","href":"https:\/\/api.w.org\/{rel}","templated":true}]}}