{"id":231,"date":"2023-02-28T16:02:33","date_gmt":"2023-02-28T14:02:33","guid":{"rendered":"https:\/\/webs.uab.cat\/dmrqb\/welcome-to-the-web-page-of-our-research-group\/"},"modified":"2026-04-28T17:49:49","modified_gmt":"2026-04-28T15:49:49","slug":"welcome-to-the-web-page-of-our-research-group","status":"publish","type":"page","link":"https:\/\/webs.uab.cat\/molbiomed\/en\/","title":{"rendered":"Welcome to the web page of our research group!"},"content":{"rendered":"\n<div class=\"wp-block-columns alignwide is-layout-flex wp-container-core-columns-is-layout-9d6595d7 wp-block-columns-is-layout-flex\">\n<div class=\"wp-block-column is-layout-flow wp-block-column-is-layout-flow\" style=\"flex-basis:100%\">\n<div class=\"wp-block-columns is-layout-flex wp-container-core-columns-is-layout-9d6595d7 wp-block-columns-is-layout-flex\">\n<div class=\"wp-block-column is-layout-flow wp-block-column-is-layout-flow\" style=\"flex-basis:33.33%\"><\/div>\n\n\n\n<div class=\"wp-block-column is-layout-flow wp-block-column-is-layout-flow\" style=\"flex-basis:66.66%\">\n<figure class=\"wp-block-image alignfull size-large\"><img loading=\"lazy\" decoding=\"async\" width=\"1024\" height=\"341\" src=\"https:\/\/webs.uab.cat\/dmrqb\/wp-content\/uploads\/sites\/355\/2023\/03\/logo_psi_redim-1024x341.png\" alt=\"\" class=\"wp-image-1304\" srcset=\"https:\/\/webs.uab.cat\/molbiomed\/wp-content\/uploads\/sites\/355\/2023\/03\/logo_psi_redim-1024x341.png 1024w, https:\/\/webs.uab.cat\/molbiomed\/wp-content\/uploads\/sites\/355\/2023\/03\/logo_psi_redim-300x100.png 300w, https:\/\/webs.uab.cat\/molbiomed\/wp-content\/uploads\/sites\/355\/2023\/03\/logo_psi_redim-768x255.png 768w, https:\/\/webs.uab.cat\/molbiomed\/wp-content\/uploads\/sites\/355\/2023\/03\/logo_psi_redim-1200x399.png 1200w, https:\/\/webs.uab.cat\/molbiomed\/wp-content\/uploads\/sites\/355\/2023\/03\/logo_psi_redim.png 1500w\" sizes=\"auto, (max-width: 1024px) 100vw, 1024px\" \/><\/figure>\n<\/div>\n<\/div>\n<\/div>\n<\/div>\n\n<h2 class=\"wp-block-heading alignwide has-text-align-left\">What we are doing in our group?<\/h2>\n\n<div class=\"wp-block-group alignwide\"><div class=\"wp-block-group__inner-container is-layout-flow wp-block-group-is-layout-flow\">\n<div class=\"wp-block-columns alignwide is-layout-flex wp-container-core-columns-is-layout-9d6595d7 wp-block-columns-is-layout-flex\">\n<div class=\"wp-block-column has-text-color has-background has-link-color wp-elements-1e090b46e1806d82d17c747454543564 is-layout-flow wp-block-column-is-layout-flow\" style=\"color:#000000;background-color:#d1d1e1;padding-top:2em;padding-right:2em;padding-bottom:2em;padding-left:2em\">\n<h2 class=\"wp-block-heading has-text-align-center\" id=\"family\" style=\"font-size:40px\"><strong>Photochemistry<\/strong><\/h2>\n\n\n\n<p class=\"has-text-align-center has-normal-font-size\" style=\"line-height:1.5\">The importance of photoswitches as drug is enormous and Quantum Chemistry could help us to achieve it<\/p>\n<\/div>\n\n\n\n<div class=\"wp-block-column has-text-color has-background has-link-color wp-elements-a1278ec394d45716ba532836964fc951 is-layout-flow wp-block-column-is-layout-flow\" style=\"color:#000000;background-color:#c0ebf1;padding-top:2em;padding-right:2em;padding-bottom:2em;padding-left:2em\">\n<h2 class=\"wp-block-heading has-text-align-center\" id=\"patron\" style=\"font-size:40px\">Protein Design<\/h2>\n\n\n\n<p class=\"has-text-align-center has-normal-font-size\">The modification of enzymes is one of the key tools on synthesising new specific compounds<\/p>\n<\/div>\n<\/div>\n<\/div><\/div>\n\n<div class=\"wp-block-group alignwide\"><div class=\"wp-block-group__inner-container is-layout-flow wp-block-group-is-layout-flow\">\n<div class=\"wp-block-columns alignwide is-layout-flex wp-container-core-columns-is-layout-9d6595d7 wp-block-columns-is-layout-flex\">\n<div class=\"wp-block-column has-text-color has-background has-link-color wp-elements-b89d12a2a239ada2f100f3b8ca0b5f01 is-layout-flow wp-block-column-is-layout-flow\" style=\"color:#000000;background-color:#ffe97d;padding-top:2em;padding-right:2em;padding-bottom:2em;padding-left:2em\">\n<h2 class=\"wp-block-heading has-text-align-center\" id=\"single\" style=\"font-size:40px\">Drug Design<\/h2>\n\n\n\n<p class=\"has-text-align-center has-normal-font-size\" style=\"line-height:1.5\">We are trying to re-design drugs for inflammation inihibition <\/p>\n<\/div>\n\n\n\n<div class=\"wp-block-column has-text-color has-background has-link-color wp-elements-6db327eb248d64152a24d75465f603f4 is-layout-flow wp-block-column-is-layout-flow\" style=\"color:#000000;background-color:#f1c064;padding-top:2em;padding-right:2em;padding-bottom:2em;padding-left:2em\">\n<h2 class=\"wp-block-heading has-text-align-center\" id=\"family\" style=\"font-size:40px\">Allosteric Effects<\/h2>\n\n\n\n<p class=\"has-text-align-center has-normal-font-size\" style=\"line-height:1.5\">Sometimes the activity of enzymes depends on the movement of several domains of the protein structure, to understand how it works, these movements must be studied<\/p>\n<\/div>\n<\/div>\n<\/div><\/div>\n\n<div class=\"wp-block-buttons alignwide is-content-justification-center is-layout-flex wp-container-core-buttons-is-layout-16018d1d wp-block-buttons-is-layout-flex\">\n<div class=\"wp-block-button has-custom-width wp-block-button__width-50 is-style-outline is-style-outline--1\"><a class=\"wp-block-button__link wp-element-button\" href=\"https:\/\/webs.uab.cat\/molbiomed\/en\/projects\/\">Projects<\/a><\/div>\n\n\n\n<div class=\"wp-block-button has-custom-width wp-block-button__width-50 is-style-outline is-style-outline--2\"><a class=\"wp-block-button__link wp-element-button\" href=\"https:\/\/webs.uab.cat\/molbiomed\/en\/publications\/\">Publications<\/a><\/div>\n<\/div>\n\n<h2 class=\"wp-block-heading alignwide has-text-align-left\">Latest Publications <\/h2>\n\n<div class=\"wp-block-columns alignwide is-layout-flex wp-container-core-columns-is-layout-9d6595d7 wp-block-columns-is-layout-flex\">\n<div class=\"wp-block-column has-background-background-color has-text-color has-background has-link-color wp-elements-3091d5ff9811ab8058c9403583e029da is-layout-flow wp-block-column-is-layout-flow\" style=\"color:#000000;padding-top:2em;padding-right:2em;padding-bottom:2em;padding-left:2em\">\n<figure class=\"wp-block-image size-full\"><img loading=\"lazy\" decoding=\"async\" width=\"960\" height=\"309\" src=\"https:\/\/webs.uab.cat\/molbiomed\/wp-content\/uploads\/sites\/355\/2026\/04\/jacs.png\" alt=\"\" class=\"wp-image-3002\" srcset=\"https:\/\/webs.uab.cat\/molbiomed\/wp-content\/uploads\/sites\/355\/2026\/04\/jacs.png 960w, https:\/\/webs.uab.cat\/molbiomed\/wp-content\/uploads\/sites\/355\/2026\/04\/jacs-300x97.png 300w, https:\/\/webs.uab.cat\/molbiomed\/wp-content\/uploads\/sites\/355\/2026\/04\/jacs-768x247.png 768w\" sizes=\"auto, (max-width: 960px) 100vw, 960px\" \/><\/figure>\n\n\n\n<p class=\"has-accent-color has-text-color has-normal-font-size\">Photoswitchable COX-2-Selective Inhibitors as Light-Regulated Anti-Inflammatory Agents<\/p>\n\n\n\n<figure class=\"wp-block-image size-full\"><img loading=\"lazy\" decoding=\"async\" width=\"992\" height=\"540\" src=\"https:\/\/webs.uab.cat\/molbiomed\/wp-content\/uploads\/sites\/355\/2026\/04\/jacs-abstract.jpeg\" alt=\"\" class=\"wp-image-3003\" srcset=\"https:\/\/webs.uab.cat\/molbiomed\/wp-content\/uploads\/sites\/355\/2026\/04\/jacs-abstract.jpeg 992w, https:\/\/webs.uab.cat\/molbiomed\/wp-content\/uploads\/sites\/355\/2026\/04\/jacs-abstract-300x163.jpeg 300w, https:\/\/webs.uab.cat\/molbiomed\/wp-content\/uploads\/sites\/355\/2026\/04\/jacs-abstract-768x418.jpeg 768w\" sizes=\"auto, (max-width: 992px) 100vw, 992px\" \/><\/figure>\n\n\n\n<p class=\"has-primary-color has-text-color\"><a href=\"https:\/\/doi.org\/10.1021\/jacs.6c03529\" data-type=\"URL\" data-id=\"https:\/\/www.mdpi.com\/1420-3049\/28\/14\/5418\" target=\"_blank\" rel=\"noreferrer noopener\">Read More<\/a><\/p>\n<\/div>\n\n\n\n<div class=\"wp-block-column has-background-background-color has-text-color has-background has-link-color wp-elements-6986bf7708a300dc5db2da27f00c8df8 is-layout-flow wp-block-column-is-layout-flow\" style=\"color:#000000;padding-top:2em;padding-right:2em;padding-bottom:2em;padding-left:2em\">\n<figure class=\"wp-block-image size-full\"><img loading=\"lazy\" decoding=\"async\" width=\"888\" height=\"281\" src=\"https:\/\/webs.uab.cat\/molbiomed\/wp-content\/uploads\/sites\/355\/2026\/04\/rsc-advances.png\" alt=\"\" class=\"wp-image-3000\" srcset=\"https:\/\/webs.uab.cat\/molbiomed\/wp-content\/uploads\/sites\/355\/2026\/04\/rsc-advances.png 888w, https:\/\/webs.uab.cat\/molbiomed\/wp-content\/uploads\/sites\/355\/2026\/04\/rsc-advances-300x95.png 300w, https:\/\/webs.uab.cat\/molbiomed\/wp-content\/uploads\/sites\/355\/2026\/04\/rsc-advances-768x243.png 768w\" sizes=\"auto, (max-width: 888px) 100vw, 888px\" \/><\/figure>\n\n\n\n<p class=\"has-accent-color has-text-color has-normal-font-size\" style=\"line-height:1.5\">Exploring allosteric properties of mammalian ALOX15: octyl (<em>N<\/em>-(4-(benzofuran-2-yl)-2-methoxyphenyl)sulfamoyl)- and octyl (<em>N<\/em>-(4-(1<em>H<\/em>-indol-2-yl)-2-methoxyphenyl)sulfamoyl)carbamates as ALOX inhibitors<\/p>\n\n\n\n<figure class=\"wp-block-image size-full\"><img loading=\"lazy\" decoding=\"async\" width=\"378\" height=\"179\" src=\"https:\/\/webs.uab.cat\/molbiomed\/wp-content\/uploads\/sites\/355\/2025\/09\/rsc-adv-2025.gif\" alt=\"\" class=\"wp-image-2888\"\/><\/figure>\n\n\n\n<p class=\"has-primary-color has-text-color\"><a href=\"https:\/\/doi.org\/10.1039\/D5RA03640B\" data-type=\"link\" data-id=\"https:\/\/doi.org\/10.1039\/D5RA03640B\" target=\"_blank\" rel=\"noreferrer noopener\">Read More<\/a><\/p>\n<\/div>\n\n\n\n<div class=\"wp-block-column has-background-background-color has-text-color has-background has-link-color wp-elements-e2dae41cb2701d2b93e3626e6894d1df is-layout-flow wp-block-column-is-layout-flow\" style=\"color:#000000;padding-top:2em;padding-right:2em;padding-bottom:2em;padding-left:2em\">\n<figure class=\"wp-block-image size-large\"><img loading=\"lazy\" decoding=\"async\" width=\"1024\" height=\"197\" src=\"https:\/\/webs.uab.cat\/molbiomed\/wp-content\/uploads\/sites\/355\/2026\/04\/protein-science-1024x197.png\" alt=\"\" class=\"wp-image-3005\" srcset=\"https:\/\/webs.uab.cat\/molbiomed\/wp-content\/uploads\/sites\/355\/2026\/04\/protein-science-1024x197.png 1024w, https:\/\/webs.uab.cat\/molbiomed\/wp-content\/uploads\/sites\/355\/2026\/04\/protein-science-300x58.png 300w, https:\/\/webs.uab.cat\/molbiomed\/wp-content\/uploads\/sites\/355\/2026\/04\/protein-science-768x148.png 768w, https:\/\/webs.uab.cat\/molbiomed\/wp-content\/uploads\/sites\/355\/2026\/04\/protein-science.png 1136w\" sizes=\"auto, (max-width: 1024px) 100vw, 1024px\" \/><\/figure>\n\n\n\n<p class=\"has-accent-color has-text-color has-normal-font-size\">First-principles simulations of the fluorescence modulation of a COX-2-specific fluorogenic probe upon protein dimerization for cancer discrimination<\/p>\n\n\n\n<figure class=\"wp-block-image size-large\"><img loading=\"lazy\" decoding=\"async\" width=\"1024\" height=\"618\" src=\"https:\/\/webs.uab.cat\/molbiomed\/wp-content\/uploads\/sites\/355\/2024\/12\/PRO-2024-Alex-1024x618.jpg\" alt=\"\" class=\"wp-image-2642\" srcset=\"https:\/\/webs.uab.cat\/molbiomed\/wp-content\/uploads\/sites\/355\/2024\/12\/PRO-2024-Alex-1024x618.jpg 1024w, https:\/\/webs.uab.cat\/molbiomed\/wp-content\/uploads\/sites\/355\/2024\/12\/PRO-2024-Alex-300x181.jpg 300w, https:\/\/webs.uab.cat\/molbiomed\/wp-content\/uploads\/sites\/355\/2024\/12\/PRO-2024-Alex-768x464.jpg 768w, https:\/\/webs.uab.cat\/molbiomed\/wp-content\/uploads\/sites\/355\/2024\/12\/PRO-2024-Alex-1536x928.jpg 1536w, https:\/\/webs.uab.cat\/molbiomed\/wp-content\/uploads\/sites\/355\/2024\/12\/PRO-2024-Alex-2048x1237.jpg 2048w, https:\/\/webs.uab.cat\/molbiomed\/wp-content\/uploads\/sites\/355\/2024\/12\/PRO-2024-Alex-1200x725.jpg 1200w, https:\/\/webs.uab.cat\/molbiomed\/wp-content\/uploads\/sites\/355\/2024\/12\/PRO-2024-Alex-1980x1196.jpg 1980w\" sizes=\"auto, (max-width: 1024px) 100vw, 1024px\" \/><\/figure>\n\n\n\n<p class=\"has-primary-color has-text-color\"><a href=\"https:\/\/onlinelibrary.wiley.com\/doi\/10.1002\/pro.70001\" data-type=\"URL\" data-id=\"https:\/\/doi.org\/10.1002\/anie.202311181\" target=\"_blank\" rel=\"noreferrer noopener\">Read More<\/a><\/p>\n<\/div>\n<\/div>\n\n<h2 class=\"wp-block-heading alignwide has-text-align-left\">Latest news<\/h2>\n\n<div class=\"wp-block-columns alignwide is-layout-flex wp-container-core-columns-is-layout-9d6595d7 wp-block-columns-is-layout-flex\">\n<div class=\"wp-block-column has-background-background-color has-text-color has-background has-link-color wp-elements-c97c31a454ef905d0a8c33da65569f13 is-layout-flow wp-block-column-is-layout-flow\" style=\"color:#000000;padding-top:2em;padding-right:2em;padding-bottom:2em;padding-left:2em\">\n<p><em>April 8, 2026<\/em><\/p>\n\n\n\n<h1 class=\"wp-block-heading\" id=\"patron\" style=\"font-size:40px\">\u00c1lex and Alba attend the 5th International Symposium on Photopharmacology in S\u00e8te, France.<\/h1>\n\n\n\n<p class=\"has-accent-color has-text-color has-normal-font-size\">\u00c0lex and Alba have presented a poster of their latest work at the 5th International Symposium on Photopharmacology.<\/p>\n\n\n\n<figure class=\"wp-block-image size-large is-resized\"><img loading=\"lazy\" decoding=\"async\" width=\"768\" height=\"1024\" src=\"https:\/\/webs.uab.cat\/molbiomed\/wp-content\/uploads\/sites\/355\/2026\/04\/alex_photochem_congres-768x1024.jpeg\" alt=\"\" class=\"wp-image-2978\" style=\"width:304px;height:auto\" srcset=\"https:\/\/webs.uab.cat\/molbiomed\/wp-content\/uploads\/sites\/355\/2026\/04\/alex_photochem_congres-768x1024.jpeg 768w, https:\/\/webs.uab.cat\/molbiomed\/wp-content\/uploads\/sites\/355\/2026\/04\/alex_photochem_congres-225x300.jpeg 225w, https:\/\/webs.uab.cat\/molbiomed\/wp-content\/uploads\/sites\/355\/2026\/04\/alex_photochem_congres-1152x1536.jpeg 1152w, https:\/\/webs.uab.cat\/molbiomed\/wp-content\/uploads\/sites\/355\/2026\/04\/alex_photochem_congres-1200x1600.jpeg 1200w, https:\/\/webs.uab.cat\/molbiomed\/wp-content\/uploads\/sites\/355\/2026\/04\/alex_photochem_congres.jpeg 1440w\" sizes=\"auto, (max-width: 768px) 100vw, 768px\" \/><figcaption class=\"wp-element-caption\">\u00c1lex P\u00e9rez S\u00e1nchez, Domaine du Lazaret in S\u00e8te<\/figcaption><\/figure>\n\n\n\n<figure class=\"wp-block-image size-large is-resized\"><img loading=\"lazy\" decoding=\"async\" width=\"768\" height=\"1024\" src=\"https:\/\/webs.uab.cat\/molbiomed\/wp-content\/uploads\/sites\/355\/2026\/04\/alba_photochem_congres-768x1024.jpeg\" alt=\"\" class=\"wp-image-2977\" style=\"aspect-ratio:0.7500096372537681;width:304px;height:auto\" srcset=\"https:\/\/webs.uab.cat\/molbiomed\/wp-content\/uploads\/sites\/355\/2026\/04\/alba_photochem_congres-768x1024.jpeg 768w, https:\/\/webs.uab.cat\/molbiomed\/wp-content\/uploads\/sites\/355\/2026\/04\/alba_photochem_congres-225x300.jpeg 225w, https:\/\/webs.uab.cat\/molbiomed\/wp-content\/uploads\/sites\/355\/2026\/04\/alba_photochem_congres-1152x1536.jpeg 1152w, https:\/\/webs.uab.cat\/molbiomed\/wp-content\/uploads\/sites\/355\/2026\/04\/alba_photochem_congres-1200x1600.jpeg 1200w, https:\/\/webs.uab.cat\/molbiomed\/wp-content\/uploads\/sites\/355\/2026\/04\/alba_photochem_congres.jpeg 1530w\" sizes=\"auto, (max-width: 768px) 100vw, 768px\" \/><figcaption class=\"wp-element-caption\">Alba Villar-Yanez, Domaine du Lazaret in S\u00e8te<\/figcaption><\/figure>\n<\/div>\n\n\n\n<div class=\"wp-block-column has-background-background-color has-text-color has-background has-link-color wp-elements-74e1aa3da290109d478ca03b00972f4b is-layout-flow wp-block-column-is-layout-flow\" style=\"color:#000000;padding-top:2em;padding-right:2em;padding-bottom:2em;padding-left:2em\">\n<p>March 1, 2026<\/p>\n\n\n\n<h1 class=\"wp-block-heading\" id=\"family\" style=\"font-size:40px\">New Member<\/h1>\n\n\n\n<p class=\"has-accent-color has-text-color has-normal-font-size\" style=\"line-height:1.5\">This past March, a new member has joined the group:<\/p>\n\n\n\n<p><strong>Ahmed Munawir Albarkani<\/strong>, who joins as a predoctoral researcher and will be working with us on his doctoral thesis within the project projecte <em>Abordatge del C\u00e0ncer com una Malaltia Basada en la Inflamaci\u00f3<\/em>.<\/p>\n\n\n\n<figure class=\"wp-block-image size-full\"><img loading=\"lazy\" decoding=\"async\" width=\"960\" height=\"1024\" src=\"https:\/\/webs.uab.cat\/molbiomed\/wp-content\/uploads\/sites\/355\/2026\/03\/ahmed.png\" alt=\"\" class=\"wp-image-2935\" srcset=\"https:\/\/webs.uab.cat\/molbiomed\/wp-content\/uploads\/sites\/355\/2026\/03\/ahmed.png 960w, https:\/\/webs.uab.cat\/molbiomed\/wp-content\/uploads\/sites\/355\/2026\/03\/ahmed-281x300.png 281w, https:\/\/webs.uab.cat\/molbiomed\/wp-content\/uploads\/sites\/355\/2026\/03\/ahmed-768x819.png 768w\" sizes=\"auto, (max-width: 960px) 100vw, 960px\" \/><\/figure>\n\n\n\n<figure class=\"wp-block-image size-full is-resized\"><img loading=\"lazy\" decoding=\"async\" width=\"1500\" height=\"499\" src=\"https:\/\/webs.uab.cat\/molbiomed\/wp-content\/uploads\/sites\/355\/2023\/03\/logo_psi_redim.png\" alt=\"\" class=\"wp-image-1304\" style=\"width:304px;height:auto\" srcset=\"https:\/\/webs.uab.cat\/molbiomed\/wp-content\/uploads\/sites\/355\/2023\/03\/logo_psi_redim.png 1500w, https:\/\/webs.uab.cat\/molbiomed\/wp-content\/uploads\/sites\/355\/2023\/03\/logo_psi_redim-300x100.png 300w, https:\/\/webs.uab.cat\/molbiomed\/wp-content\/uploads\/sites\/355\/2023\/03\/logo_psi_redim-1024x341.png 1024w, https:\/\/webs.uab.cat\/molbiomed\/wp-content\/uploads\/sites\/355\/2023\/03\/logo_psi_redim-768x255.png 768w, https:\/\/webs.uab.cat\/molbiomed\/wp-content\/uploads\/sites\/355\/2023\/03\/logo_psi_redim-1200x399.png 1200w\" sizes=\"auto, (max-width: 1500px) 100vw, 1500px\" \/><\/figure>\n<\/div>\n\n\n\n<div class=\"wp-block-column has-background-background-color has-text-color has-background has-link-color wp-elements-9a3625a8d5e6b3e52f8d226a0c59d544 is-layout-flow wp-block-column-is-layout-flow\" style=\"color:#000000;padding-top:2em;padding-right:2em;padding-bottom:2em;padding-left:2em\">\n<p><em>July 11, 2025<\/em><\/p>\n\n\n\n<h1 class=\"wp-block-heading\" id=\"single\" style=\"font-size:40px\">Pedro attends the 1st EuChemS School on Computational Chemical Biology<\/h1>\n\n\n\n<p class=\"has-accent-color has-text-color has-normal-font-size\" style=\"line-height:1.5\">Molecular Dynamics, Cheminformatics, Free-Energy Methods, Machine-Learning Potentials, Coarge-Grained Models, and QM\/MM<\/p>\n\n\n\n<figure class=\"wp-block-image alignwide size-large\"><img loading=\"lazy\" decoding=\"async\" width=\"1024\" height=\"473\" src=\"https:\/\/webs.uab.cat\/molbiomed\/wp-content\/uploads\/sites\/355\/2025\/07\/carrer-1024x473.jpeg\" alt=\"\" class=\"wp-image-2869\" srcset=\"https:\/\/webs.uab.cat\/molbiomed\/wp-content\/uploads\/sites\/355\/2025\/07\/carrer-1024x473.jpeg 1024w, https:\/\/webs.uab.cat\/molbiomed\/wp-content\/uploads\/sites\/355\/2025\/07\/carrer-300x139.jpeg 300w, https:\/\/webs.uab.cat\/molbiomed\/wp-content\/uploads\/sites\/355\/2025\/07\/carrer-768x355.jpeg 768w, https:\/\/webs.uab.cat\/molbiomed\/wp-content\/uploads\/sites\/355\/2025\/07\/carrer-1536x710.jpeg 1536w, https:\/\/webs.uab.cat\/molbiomed\/wp-content\/uploads\/sites\/355\/2025\/07\/carrer-1200x554.jpeg 1200w, https:\/\/webs.uab.cat\/molbiomed\/wp-content\/uploads\/sites\/355\/2025\/07\/carrer-1980x915.jpeg 1980w, https:\/\/webs.uab.cat\/molbiomed\/wp-content\/uploads\/sites\/355\/2025\/07\/carrer.jpeg 2048w\" sizes=\"auto, (max-width: 1024px) 100vw, 1024px\" \/><\/figure>\n\n\n\n<figure class=\"wp-block-image alignwide size-large\"><img loading=\"lazy\" decoding=\"async\" width=\"1024\" height=\"473\" src=\"https:\/\/webs.uab.cat\/molbiomed\/wp-content\/uploads\/sites\/355\/2025\/07\/handson-1024x473.jpeg\" alt=\"\" class=\"wp-image-2866\" srcset=\"https:\/\/webs.uab.cat\/molbiomed\/wp-content\/uploads\/sites\/355\/2025\/07\/handson-1024x473.jpeg 1024w, https:\/\/webs.uab.cat\/molbiomed\/wp-content\/uploads\/sites\/355\/2025\/07\/handson-300x139.jpeg 300w, https:\/\/webs.uab.cat\/molbiomed\/wp-content\/uploads\/sites\/355\/2025\/07\/handson-768x355.jpeg 768w, https:\/\/webs.uab.cat\/molbiomed\/wp-content\/uploads\/sites\/355\/2025\/07\/handson-1536x710.jpeg 1536w, https:\/\/webs.uab.cat\/molbiomed\/wp-content\/uploads\/sites\/355\/2025\/07\/handson-1200x554.jpeg 1200w, https:\/\/webs.uab.cat\/molbiomed\/wp-content\/uploads\/sites\/355\/2025\/07\/handson-1980x915.jpeg 1980w, https:\/\/webs.uab.cat\/molbiomed\/wp-content\/uploads\/sites\/355\/2025\/07\/handson.jpeg 2048w\" sizes=\"auto, (max-width: 1024px) 100vw, 1024px\" \/><figcaption class=\"wp-element-caption\">La Cristalera, UAM<\/figcaption><\/figure>\n<\/div>\n<\/div>\n\n<p><\/p>\n","protected":false},"excerpt":{"rendered":"<p>What we are doing in our group? Photochemistry The importance of photoswitches as drug is enormous and Quantum Chemistry could help us to achieve it Protein Design The modification of enzymes is one of the key tools on synthesising new specific compounds Drug Design We are trying to re-design drugs for inflammation inihibition Allosteric Effects [&hellip;]<\/p>\n","protected":false},"author":2580,"featured_media":0,"parent":0,"menu_order":0,"comment_status":"closed","ping_status":"closed","template":"","meta":{"footnotes":""},"class_list":["post-231","page","type-page","status-publish","hentry"],"_links":{"self":[{"href":"https:\/\/webs.uab.cat\/molbiomed\/en\/wp-json\/wp\/v2\/pages\/231","targetHints":{"allow":["GET"]}}],"collection":[{"href":"https:\/\/webs.uab.cat\/molbiomed\/en\/wp-json\/wp\/v2\/pages"}],"about":[{"href":"https:\/\/webs.uab.cat\/molbiomed\/en\/wp-json\/wp\/v2\/types\/page"}],"author":[{"embeddable":true,"href":"https:\/\/webs.uab.cat\/molbiomed\/en\/wp-json\/wp\/v2\/users\/2580"}],"replies":[{"embeddable":true,"href":"https:\/\/webs.uab.cat\/molbiomed\/en\/wp-json\/wp\/v2\/comments?post=231"}],"version-history":[{"count":93,"href":"https:\/\/webs.uab.cat\/molbiomed\/en\/wp-json\/wp\/v2\/pages\/231\/revisions"}],"predecessor-version":[{"id":3011,"href":"https:\/\/webs.uab.cat\/molbiomed\/en\/wp-json\/wp\/v2\/pages\/231\/revisions\/3011"}],"wp:attachment":[{"href":"https:\/\/webs.uab.cat\/molbiomed\/en\/wp-json\/wp\/v2\/media?parent=231"}],"curies":[{"name":"wp","href":"https:\/\/api.w.org\/{rel}","templated":true}]}}