{"id":257,"date":"2023-02-28T22:34:25","date_gmt":"2023-02-28T20:34:25","guid":{"rendered":"https:\/\/webs.uab.cat\/dmrqb\/alex-perez-sanchez\/"},"modified":"2025-03-13T15:41:49","modified_gmt":"2025-03-13T13:41:49","slug":"alex-perez-sanchez","status":"publish","type":"page","link":"https:\/\/webs.uab.cat\/molbiomed\/es\/alex-perez-sanchez\/","title":{"rendered":"\u00c1lex P\u00e9rez S\u00e1nchez"},"content":{"rendered":"\n<div class=\"wp-block-columns alignwide is-layout-flex wp-container-core-columns-is-layout-9d6595d7 wp-block-columns-is-layout-flex\">\n<div class=\"wp-block-column is-layout-flow wp-block-column-is-layout-flow\" style=\"flex-basis:33.33%\">\n<figure class=\"wp-block-image size-full is-resized is-style-rounded\"><img loading=\"lazy\" decoding=\"async\" width=\"800\" height=\"800\" src=\"https:\/\/webs.uab.cat\/molbiomed\/wp-content\/uploads\/sites\/355\/2025\/03\/perfil.png\" alt=\"\" class=\"wp-image-2777\" style=\"width:436px;height:436px\" srcset=\"https:\/\/webs.uab.cat\/molbiomed\/wp-content\/uploads\/sites\/355\/2025\/03\/perfil.png 800w, https:\/\/webs.uab.cat\/molbiomed\/wp-content\/uploads\/sites\/355\/2025\/03\/perfil-300x300.png 300w, https:\/\/webs.uab.cat\/molbiomed\/wp-content\/uploads\/sites\/355\/2025\/03\/perfil-150x150.png 150w, https:\/\/webs.uab.cat\/molbiomed\/wp-content\/uploads\/sites\/355\/2025\/03\/perfil-768x768.png 768w\" sizes=\"auto, (max-width: 800px) 100vw, 800px\" \/><\/figure>\n<\/div>\n\n\n\n<div class=\"wp-block-column is-layout-flow wp-block-column-is-layout-flow\" style=\"flex-basis:66.66%\"><p><a href=\"https:\/\/orcid.org\/0000-0003-3636-3885\" target=\"_blank\" rel=\"noopener\"><img decoding=\"async\" src=\"https:\/\/orcid.figshare.com\/ndownloader\/files\/8439047\/preview\/8439047\/preview.jpg\" title=\"ORCID\" alt=\"ORCID logo\" width=\"30px\" align=\"right\" border=\"10\"><\/a><span style=\"width:100px\">&nbsp; &nbsp;<a href=\"https:\/\/www.researchgate.net\/profile\/Alex-Perez-Sanchez-2\" target=\"_blank\" rel=\"noopener\"><img decoding=\"async\" src=\"https:\/\/upload.wikimedia.org\/wikipedia\/commons\/thumb\/5\/5e\/ResearchGate_icon_SVG.svg\/1920px-ResearchGate_icon_SVG.svg.png?20201217223315\" title=\"ResearchGate\" alt=\"RG\" width=\"30px\" border=\"0\" align=\"right\"><\/a><\/span><a href=\"https:\/\/www.linkedin.com\/in\/alexpsnchz\/\" target=\"_blank\" rel=\"noopener\"><img decoding=\"async\" src=\"https:\/\/logospng.org\/download\/linkedin\/logo-linkedin-icon-1536.png\" title=\"Linkedin\" alt=\"Linkedin\" width=\"30px\" border=\"0\" align=\"right\"><\/a><\/span><\/p>\n\n\n\n<p class=\"has-text-align-right\"><strong>\u00c1lex P\u00e9rez S\u00e1nchez<\/strong> naci\u00f3 en Rub\u00ed en 1999. Actualmente, es estudiante de doctorado en MolBioMed. Estudi\u00f3 el Grado de Qu\u00edmica en la Universitat Aut\u00f2noma de Barcelona durante los a\u00f1os 2017-2021 y, posteriormente, el M\u00e1ster Erasmus Mundus en Theoretical Chemistry and Computational Modelling durante los a\u00f1os 2021-2023, en la Universitat de Barcelona. Durante los estudios de gradp va pudo estar durante 6 mesos en la Uppsala Universitet de Erasmus, y durante el segundo a\u00f1o de m\u00e1ster ha podido hacer estancias en la Universit\u00e0 degli Studi di Perugia y en la Universit\u00e0 degli studi di Trieste. <\/p>\n\n\n\n<div style=\"height:47px\" aria-hidden=\"true\" class=\"wp-block-spacer\"><\/div>\n\n\n\n<p class=\"has-text-align-right\">Actualmente est\u00e1 trabajando en su tesis doctoral titulada: \u00abDise\u00f1o mediante simulaciones biomoleculares de f\u00e1rmacos para enfermedades con base inflamatoria\u00bb. Su investigaci\u00f3n se centra en el estudio de las<strong> <\/strong>ciclooxigenasas, un tipo de enzima involucrado en la respuesta inflamatoria, y los receptores de la inflammaci\u00f3n.<\/p>\n<\/div>\n<\/div>\n\n<div style=\"height:49px\" aria-hidden=\"true\" class=\"wp-block-spacer\"><\/div>\n\n<h2 class=\"wp-block-heading alignwide\">\u00daltimas Publicaciones<\/h2>\n\n<div class=\"wp-block-columns alignwide is-layout-flex wp-container-core-columns-is-layout-9d6595d7 wp-block-columns-is-layout-flex\">\n<div class=\"wp-block-column has-background-background-color has-text-color has-background has-link-color wp-elements-653fd95f66ac425f0a8d7039a4f8769a is-layout-flow wp-block-column-is-layout-flow\" style=\"color:#000000;padding-top:2em;padding-right:2em;padding-bottom:2em;padding-left:2em\">\n<h1 class=\"wp-block-heading\" id=\"patron\" style=\"font-size:40px\">Protein Science<\/h1>\n\n\n\n<p class=\"has-accent-color has-text-color has-normal-font-size\">First-principles simulations of the fluorescence modulation of a COX-2-specific fluorogenic probe upon protein dimerization for cancer discrimination<\/p>\n\n\n\n<figure class=\"wp-block-image size-large\"><img loading=\"lazy\" decoding=\"async\" width=\"1024\" height=\"618\" src=\"https:\/\/webs.uab.cat\/molbiomed\/wp-content\/uploads\/sites\/355\/2024\/12\/PRO-2024-Alex-1024x618.jpg\" alt=\"\" class=\"wp-image-2642\" srcset=\"https:\/\/webs.uab.cat\/molbiomed\/wp-content\/uploads\/sites\/355\/2024\/12\/PRO-2024-Alex-1024x618.jpg 1024w, https:\/\/webs.uab.cat\/molbiomed\/wp-content\/uploads\/sites\/355\/2024\/12\/PRO-2024-Alex-300x181.jpg 300w, https:\/\/webs.uab.cat\/molbiomed\/wp-content\/uploads\/sites\/355\/2024\/12\/PRO-2024-Alex-768x464.jpg 768w, https:\/\/webs.uab.cat\/molbiomed\/wp-content\/uploads\/sites\/355\/2024\/12\/PRO-2024-Alex-1536x928.jpg 1536w, https:\/\/webs.uab.cat\/molbiomed\/wp-content\/uploads\/sites\/355\/2024\/12\/PRO-2024-Alex-2048x1237.jpg 2048w, https:\/\/webs.uab.cat\/molbiomed\/wp-content\/uploads\/sites\/355\/2024\/12\/PRO-2024-Alex-1200x725.jpg 1200w, https:\/\/webs.uab.cat\/molbiomed\/wp-content\/uploads\/sites\/355\/2024\/12\/PRO-2024-Alex-1980x1196.jpg 1980w\" sizes=\"auto, (max-width: 1024px) 100vw, 1024px\" \/><\/figure>\n\n\n\n<p class=\"has-primary-color has-text-color\"><a href=\"https:\/\/onlinelibrary.wiley.com\/doi\/10.1002\/pro.70001\" data-type=\"URL\" data-id=\"https:\/\/doi.org\/10.1002\/anie.202311181\" target=\"_blank\" rel=\"noreferrer noopener\">Leer M\u00e1s<\/a><\/p>\n<\/div>\n\n\n\n<div class=\"wp-block-column has-background-background-color has-text-color has-background has-link-color wp-elements-8891036f7f33d4a9cceade8164f6a00d is-layout-flow wp-block-column-is-layout-flow\" style=\"color:#000000;padding-top:2em;padding-right:2em;padding-bottom:2em;padding-left:2em\">\n<p class=\"has-primary-color has-text-color\"><\/p>\n<\/div>\n\n\n\n<div class=\"wp-block-column has-background-background-color has-text-color has-background has-link-color wp-elements-cd89fd2bd491a106d330c1135109ef62 is-layout-flow wp-block-column-is-layout-flow\" style=\"color:#000000;padding-top:2em;padding-right:2em;padding-bottom:2em;padding-left:2em\">\n<p><\/p>\n<\/div>\n<\/div>\n","protected":false},"excerpt":{"rendered":"<p>\u00c1lex P\u00e9rez S\u00e1nchez naci\u00f3 en Rub\u00ed en 1999. Actualmente, es estudiante de doctorado en MolBioMed. Estudi\u00f3 el Grado de Qu\u00edmica en la Universitat Aut\u00f2noma de Barcelona durante los a\u00f1os 2017-2021 y, posteriormente, el M\u00e1ster Erasmus Mundus en Theoretical Chemistry and Computational Modelling durante los a\u00f1os 2021-2023, en la Universitat de Barcelona. Durante los estudios de [&hellip;]<\/p>\n","protected":false},"author":2580,"featured_media":0,"parent":0,"menu_order":0,"comment_status":"closed","ping_status":"closed","template":"","meta":{"footnotes":""},"class_list":["post-257","page","type-page","status-publish","hentry"],"_links":{"self":[{"href":"https:\/\/webs.uab.cat\/molbiomed\/es\/wp-json\/wp\/v2\/pages\/257","targetHints":{"allow":["GET"]}}],"collection":[{"href":"https:\/\/webs.uab.cat\/molbiomed\/es\/wp-json\/wp\/v2\/pages"}],"about":[{"href":"https:\/\/webs.uab.cat\/molbiomed\/es\/wp-json\/wp\/v2\/types\/page"}],"author":[{"embeddable":true,"href":"https:\/\/webs.uab.cat\/molbiomed\/es\/wp-json\/wp\/v2\/users\/2580"}],"replies":[{"embeddable":true,"href":"https:\/\/webs.uab.cat\/molbiomed\/es\/wp-json\/wp\/v2\/comments?post=257"}],"version-history":[{"count":26,"href":"https:\/\/webs.uab.cat\/molbiomed\/es\/wp-json\/wp\/v2\/pages\/257\/revisions"}],"predecessor-version":[{"id":2790,"href":"https:\/\/webs.uab.cat\/molbiomed\/es\/wp-json\/wp\/v2\/pages\/257\/revisions\/2790"}],"wp:attachment":[{"href":"https:\/\/webs.uab.cat\/molbiomed\/es\/wp-json\/wp\/v2\/media?parent=257"}],"curies":[{"name":"wp","href":"https:\/\/api.w.org\/{rel}","templated":true}]}}