{"id":266,"date":"2023-02-28T17:07:59","date_gmt":"2023-02-28T15:07:59","guid":{"rendered":"https:\/\/webs.uab.cat\/dmrqb\/colaboraciones\/"},"modified":"2023-07-04T18:47:34","modified_gmt":"2023-07-04T16:47:34","slug":"colaboraciones","status":"publish","type":"page","link":"https:\/\/webs.uab.cat\/molbiomed\/es\/colaboraciones\/","title":{"rendered":"Colaboraciones"},"content":{"rendered":"\n<h2 class=\"wp-block-heading alignwide\">Colaboraciones Acad\u00e9micas<\/h2>\n\n<div class=\"wp-block-group alignwide\"><div class=\"wp-block-group__inner-container is-layout-flow wp-block-group-is-layout-flow\">\n<div class=\"wp-block-columns alignwide is-layout-flex wp-container-core-columns-is-layout-9d6595d7 wp-block-columns-is-layout-flex\">\n<div class=\"wp-block-column has-text-color has-background has-link-color wp-elements-11cf94db0abdef2e1506f7faa642c83f is-layout-flow wp-block-column-is-layout-flow\" style=\"color:#000000;background-color:#ebebeb;padding-top:2em;padding-right:2em;padding-bottom:2em;padding-left:2em\"><div class=\"wp-block-image\">\n<figure class=\"aligncenter size-full is-resized\"><a href=\"https:\/\/synorgfun.com\" target=\"_blank\" rel=\"noreferrer noopener\"><img loading=\"lazy\" decoding=\"async\" src=\"https:\/\/webs.uab.cat\/dmrqb\/wp-content\/uploads\/sites\/355\/2023\/03\/logo-synorgfun.png\" alt=\"\" class=\"wp-image-906\" width=\"156\" height=\"37\"\/><\/a><\/figure>\n<\/div>\n\n\n<p class=\"has-text-align-center\" style=\"font-size:15px\">Universitat Aut\u00f2noma de Barcelona<\/p>\n\n\n\n<p class=\"has-text-align-center\" style=\"font-size:15px\"><strong>Synthesis of Bioactive Organic Compounds and Functional Materials<\/strong><\/p>\n\n\n\n<p class=\"has-text-align-center\">Colaboraci\u00f3n con el <strong>Dr. F\u00e9lix Busqu\u00e9<\/strong> y el <strong>Dr. Ram\u00f3n Alib\u00e9s<\/strong><\/p>\n<\/div>\n\n\n\n<div class=\"wp-block-column has-text-color has-background has-link-color wp-elements-7a17ab70761966f1ab4f2ab811e4380b is-layout-flow wp-block-column-is-layout-flow\" style=\"color:#000000;background-color:#ebebeb;padding-top:2em;padding-right:2em;padding-bottom:2em;padding-left:2em\"><div class=\"wp-block-image is-style-default\">\n<figure class=\"aligncenter size-full is-resized\"><a href=\"https:\/\/portalrecerca.uab.cat\/en\/organisations\/functional-materials-and-organic-reactivity-funmor\/persons\/\" target=\"_blank\" rel=\"noreferrer noopener\"><img loading=\"lazy\" decoding=\"async\" src=\"https:\/\/webs.uab.cat\/dmrqb\/wp-content\/uploads\/sites\/355\/2023\/03\/descarregues_8_x21-2.png\" alt=\"\" class=\"wp-image-920\" width=\"351\" height=\"65\" srcset=\"https:\/\/webs.uab.cat\/molbiomed\/wp-content\/uploads\/sites\/355\/2023\/03\/descarregues_8_x21-2.png 884w, https:\/\/webs.uab.cat\/molbiomed\/wp-content\/uploads\/sites\/355\/2023\/03\/descarregues_8_x21-2-300x57.png 300w, https:\/\/webs.uab.cat\/molbiomed\/wp-content\/uploads\/sites\/355\/2023\/03\/descarregues_8_x21-2-768x145.png 768w\" sizes=\"auto, (max-width: 351px) 100vw, 351px\" \/><\/a><\/figure>\n<\/div>\n\n\n<p class=\"has-text-align-center\" style=\"font-size:15px\"><strong>Functional Materials and Organic Reactivity (FunMOR)<\/strong><\/p>\n\n\n\n<p class=\"has-text-align-center\">Colaboraci\u00f3n con el <strong>Dr. Jordi Hernando<\/strong><\/p>\n<\/div>\n<\/div>\n<\/div><\/div>\n\n<div class=\"wp-block-group alignwide\"><div class=\"wp-block-group__inner-container is-layout-flow wp-block-group-is-layout-flow\">\n<div class=\"wp-block-columns alignwide is-layout-flex wp-container-core-columns-is-layout-9d6595d7 wp-block-columns-is-layout-flex\">\n<div class=\"wp-block-column has-text-color has-background has-link-color wp-elements-eb95535bd6084d7ebb385420289d762b is-layout-flow wp-block-column-is-layout-flow\" style=\"color:#000000;background-color:#ebebeb;padding-top:2em;padding-right:2em;padding-bottom:2em;padding-left:2em\"><div class=\"wp-block-image\">\n<figure class=\"aligncenter size-full is-resized\"><a href=\"https:\/\/ibecbarcelona.eu\/nanoprobes\" target=\"_blank\" rel=\"noreferrer noopener\"><img loading=\"lazy\" decoding=\"async\" src=\"https:\/\/webs.uab.cat\/dmrqb\/wp-content\/uploads\/sites\/355\/2023\/03\/newlogo_IBEC_EN_original1.png\" alt=\"\" class=\"wp-image-923\" width=\"279\" height=\"118\" srcset=\"https:\/\/webs.uab.cat\/molbiomed\/wp-content\/uploads\/sites\/355\/2023\/03\/newlogo_IBEC_EN_original1.png 945w, https:\/\/webs.uab.cat\/molbiomed\/wp-content\/uploads\/sites\/355\/2023\/03\/newlogo_IBEC_EN_original1-300x126.png 300w, https:\/\/webs.uab.cat\/molbiomed\/wp-content\/uploads\/sites\/355\/2023\/03\/newlogo_IBEC_EN_original1-768x323.png 768w\" sizes=\"auto, (max-width: 279px) 100vw, 279px\" \/><\/a><\/figure>\n<\/div>\n\n\n<p class=\"has-text-align-center\" style=\"font-size:15px\"><strong>Nanoprobes and Nanoswitches<\/strong><\/p>\n\n\n\n<p class=\"has-text-align-center\">Colaboraci\u00f3n con el <strong>Dr<\/strong>. <strong>Pau Gorostiza<\/strong> <\/p>\n<\/div>\n\n\n\n<div class=\"wp-block-column has-text-color has-background has-link-color wp-elements-6603bfaf3ccfcbd3f2a18f506dc9e00f is-layout-flow wp-block-column-is-layout-flow\" style=\"color:#000000;background-color:#ebebeb;padding-top:2em;padding-right:2em;padding-bottom:2em;padding-left:2em\"><div class=\"wp-block-image is-style-default\">\n<figure class=\"aligncenter size-medium is-resized\"><a href=\"https:\/\/iamc.unimi.it\" target=\"_blank\" rel=\"noreferrer noopener\"><img loading=\"lazy\" decoding=\"async\" src=\"https:\/\/webs.uab.cat\/dmrqb\/wp-content\/uploads\/sites\/355\/2023\/03\/logo-chiaro-e1654368153635-2-300x153.png\" alt=\"\" class=\"wp-image-983\" width=\"203\" height=\"100\"\/><\/a><\/figure>\n<\/div>\n\n\n<p class=\"has-text-align-center\" style=\"font-size:15px\">Universit\u00e0 degli Studi di Milano<\/p>\n\n\n\n<p class=\"has-text-align-center\" style=\"font-size:15px\"><strong>Innovative Approaches in Medicinal Chemistry (IAMC) <\/strong><\/p>\n\n\n\n<p class=\"has-text-align-center\">Colaboraci\u00f3n con el <strong>Dr<\/strong>. <strong>Carlo Matera<\/strong><\/p>\n<\/div>\n<\/div>\n<\/div><\/div>\n\n<div class=\"wp-block-group alignwide\"><div class=\"wp-block-group__inner-container is-layout-flow wp-block-group-is-layout-flow\">\n<div class=\"wp-block-columns alignwide is-layout-flex wp-container-core-columns-is-layout-9d6595d7 wp-block-columns-is-layout-flex\">\n<div class=\"wp-block-column has-text-color has-background has-link-color wp-elements-86d579f617d59ecf573f98c1e189aa28 is-layout-flow wp-block-column-is-layout-flow\" style=\"color:#000000;background-color:#ebebeb;padding-top:2em;padding-right:2em;padding-bottom:2em;padding-left:2em\"><div class=\"wp-block-image is-style-default\">\n<figure class=\"aligncenter size-full is-resized\"><a href=\"https:\/\/www.researchgate.net\/profile\/Igor-Ivanov-2\" target=\"_blank\" rel=\"noreferrer noopener\"><img loading=\"lazy\" decoding=\"async\" src=\"https:\/\/webs.uab.cat\/dmrqb\/wp-content\/uploads\/sites\/355\/2023\/03\/MIREA_logo.png\" alt=\"\" class=\"wp-image-926\" width=\"117\" height=\"117\" srcset=\"https:\/\/webs.uab.cat\/molbiomed\/wp-content\/uploads\/sites\/355\/2023\/03\/MIREA_logo.png 1000w, https:\/\/webs.uab.cat\/molbiomed\/wp-content\/uploads\/sites\/355\/2023\/03\/MIREA_logo-300x300.png 300w, https:\/\/webs.uab.cat\/molbiomed\/wp-content\/uploads\/sites\/355\/2023\/03\/MIREA_logo-150x150.png 150w, https:\/\/webs.uab.cat\/molbiomed\/wp-content\/uploads\/sites\/355\/2023\/03\/MIREA_logo-768x768.png 768w\" sizes=\"auto, (max-width: 117px) 100vw, 117px\" \/><\/a><\/figure>\n<\/div>\n\n\n<p class=\"has-text-align-center\">MIREA \u2013 Russian Technological University<\/p>\n\n\n\n<p class=\"has-text-align-center\">Colaboraci\u00f3n con el <strong>Dr<\/strong>. <strong>Igor Ivanov<\/strong><\/p>\n<\/div>\n\n\n\n<div class=\"wp-block-column has-text-color has-background has-link-color wp-elements-c7ca7fa8cfc8aafaa15c5520ad56275f is-layout-flow wp-block-column-is-layout-flow\" style=\"color:#000000;background-color:#ebebeb;padding-top:2em;padding-right:2em;padding-bottom:2em;padding-left:2em\"><div class=\"wp-block-image\">\n<figure class=\"aligncenter size-large is-resized\"><a href=\"https:\/\/biochemie.charite.de\/en\/research\/lipoxygenase_research\/\" target=\"_blank\" rel=\"noreferrer noopener\"><img loading=\"lazy\" decoding=\"async\" src=\"https:\/\/webs.uab.cat\/dmrqb\/wp-content\/uploads\/sites\/355\/2023\/03\/1200px-Logo_Charite.svg_-1024x378.png\" alt=\"\" class=\"wp-image-929\" width=\"302\" height=\"111\" srcset=\"https:\/\/webs.uab.cat\/molbiomed\/wp-content\/uploads\/sites\/355\/2023\/03\/1200px-Logo_Charite.svg_-1024x378.png 1024w, https:\/\/webs.uab.cat\/molbiomed\/wp-content\/uploads\/sites\/355\/2023\/03\/1200px-Logo_Charite.svg_-300x111.png 300w, https:\/\/webs.uab.cat\/molbiomed\/wp-content\/uploads\/sites\/355\/2023\/03\/1200px-Logo_Charite.svg_-768x284.png 768w, https:\/\/webs.uab.cat\/molbiomed\/wp-content\/uploads\/sites\/355\/2023\/03\/1200px-Logo_Charite.svg_.png 1200w\" sizes=\"auto, (max-width: 302px) 100vw, 302px\" \/><\/a><\/figure>\n<\/div>\n\n\n<p class=\"has-text-align-center\" style=\"font-size:15px\"><strong>Laboratory Lipoxygenase Research<\/strong><\/p>\n\n\n\n<p class=\"has-text-align-center\">Colaboraci\u00f3n con el <strong>Dr<\/strong>. <strong>Hartmut Kuhn<\/strong> <\/p>\n<\/div>\n<\/div>\n<\/div><\/div>\n\n<div class=\"wp-block-group alignwide\"><div class=\"wp-block-group__inner-container is-layout-flow wp-block-group-is-layout-flow\">\n<div class=\"wp-block-columns alignwide is-layout-flex wp-container-core-columns-is-layout-9d6595d7 wp-block-columns-is-layout-flex\">\n<div class=\"wp-block-column has-text-color has-background has-link-color wp-elements-3d5df3a913e3ff5933ebd795ec6acd6a is-layout-flow wp-block-column-is-layout-flow\" style=\"color:#000000;background-color:#ebebeb;padding-top:2em;padding-right:2em;padding-bottom:2em;padding-left:2em\"><div class=\"wp-block-image is-style-default\">\n<figure class=\"aligncenter size-large is-resized\"><a href=\"https:\/\/www.fc.up.pt\/pessoas\/pafernan\/\" target=\"_blank\" rel=\"noreferrer noopener\"><img loading=\"lazy\" decoding=\"async\" src=\"https:\/\/webs.uab.cat\/dmrqb\/wp-content\/uploads\/sites\/355\/2023\/03\/Logoup-1024x223.jpg\" alt=\"\" class=\"wp-image-932\" width=\"314\" height=\"68\" srcset=\"https:\/\/webs.uab.cat\/molbiomed\/wp-content\/uploads\/sites\/355\/2023\/03\/Logoup-1024x223.jpg 1024w, https:\/\/webs.uab.cat\/molbiomed\/wp-content\/uploads\/sites\/355\/2023\/03\/Logoup-300x65.jpg 300w, https:\/\/webs.uab.cat\/molbiomed\/wp-content\/uploads\/sites\/355\/2023\/03\/Logoup-768x167.jpg 768w, https:\/\/webs.uab.cat\/molbiomed\/wp-content\/uploads\/sites\/355\/2023\/03\/Logoup-1536x334.jpg 1536w, https:\/\/webs.uab.cat\/molbiomed\/wp-content\/uploads\/sites\/355\/2023\/03\/Logoup-2048x445.jpg 2048w, https:\/\/webs.uab.cat\/molbiomed\/wp-content\/uploads\/sites\/355\/2023\/03\/Logoup-1200x261.jpg 1200w, https:\/\/webs.uab.cat\/molbiomed\/wp-content\/uploads\/sites\/355\/2023\/03\/Logoup-1980x430.jpg 1980w\" sizes=\"auto, (max-width: 314px) 100vw, 314px\" \/><\/a><\/figure>\n<\/div>\n\n\n<div style=\"height:36px\" aria-hidden=\"true\" class=\"wp-block-spacer\"><\/div>\n\n\n\n<p class=\"has-text-align-center\" style=\"font-size:15px\"><strong>Computational Biochemistry Group<\/strong><\/p>\n\n\n\n<p class=\"has-text-align-center\">Colaboraci\u00f3n con el <strong>Dr<\/strong>.<strong> Pedro Fernandes<\/strong><\/p>\n<\/div>\n\n\n\n<div class=\"wp-block-column has-text-color has-background has-link-color wp-elements-6618dbbc01ce3ed60a3eae73b5398dd1 is-layout-flow wp-block-column-is-layout-flow\" style=\"color:#000000;background-color:#ebebeb;padding-top:2em;padding-right:2em;padding-bottom:2em;padding-left:2em\"><div class=\"wp-block-image\">\n<figure class=\"aligncenter size-full is-resized\"><a href=\"https:\/\/www.ub.edu\/cplab\/\" target=\"_blank\" rel=\"noreferrer noopener\"><img loading=\"lazy\" decoding=\"async\" src=\"https:\/\/webs.uab.cat\/dmrqb\/wp-content\/uploads\/sites\/355\/2023\/03\/logo-2.png\" alt=\"\" class=\"wp-image-935\" width=\"314\" height=\"86\" srcset=\"https:\/\/webs.uab.cat\/molbiomed\/wp-content\/uploads\/sites\/355\/2023\/03\/logo-2.png 582w, https:\/\/webs.uab.cat\/molbiomed\/wp-content\/uploads\/sites\/355\/2023\/03\/logo-2-300x82.png 300w\" sizes=\"auto, (max-width: 314px) 100vw, 314px\" \/><\/a><\/figure>\n<\/div>\n\n\n<p class=\"has-text-align-center\" style=\"font-size:15px\"><strong>Computational Photobiology Lab <\/strong>(CompPhotoLab)<\/p>\n\n\n\n<p class=\"has-text-align-center\">Colaboraci\u00f3n con el <strong>Dr<\/strong>. <strong>Carles Curutchet<\/strong><\/p>\n<\/div>\n<\/div>\n<\/div><\/div>\n\n<h2 class=\"wp-block-heading alignwide\">Colaboraciones con la ind\u00fastria <\/h2>\n\n<div class=\"wp-block-group alignwide\"><div class=\"wp-block-group__inner-container is-layout-flow wp-block-group-is-layout-flow\">\n<div class=\"wp-block-columns alignwide is-layout-flex wp-container-core-columns-is-layout-9d6595d7 wp-block-columns-is-layout-flex\">\n<div class=\"wp-block-column has-text-color has-background has-link-color wp-elements-4f5257bbaccb01c830c49b94645f273d is-layout-flow wp-block-column-is-layout-flow\" style=\"color:#000000;background-color:#ebebeb;padding-top:2em;padding-right:2em;padding-bottom:2em;padding-left:2em\"><div class=\"wp-block-image is-style-default\">\n<figure class=\"aligncenter size-full is-resized\"><a href=\"http:\/\/arquebio.com\" target=\"_blank\" rel=\"noreferrer noopener\"><img loading=\"lazy\" decoding=\"async\" src=\"https:\/\/webs.uab.cat\/dmrqb\/wp-content\/uploads\/sites\/355\/2023\/03\/download-6.png\" alt=\"\" class=\"wp-image-938\" width=\"365\" height=\"109\" srcset=\"https:\/\/webs.uab.cat\/molbiomed\/wp-content\/uploads\/sites\/355\/2023\/03\/download-6.png 504w, https:\/\/webs.uab.cat\/molbiomed\/wp-content\/uploads\/sites\/355\/2023\/03\/download-6-300x89.png 300w\" sizes=\"auto, (max-width: 365px) 100vw, 365px\" \/><\/a><\/figure>\n<\/div>\n\n\n<div style=\"height:11px\" aria-hidden=\"true\" class=\"wp-block-spacer\"><\/div>\n\n\n\n<p class=\"has-text-align-center has-normal-font-size\"><strong>Ind\u00fastria Biotecnol\u00f3gica<\/strong><\/p>\n\n\n\n<p class=\"has-text-align-center\" style=\"font-size:19px\">Colaboraci\u00f3n con el <strong>Dr<\/strong>. <strong>Jaume Mir<\/strong><\/p>\n<\/div>\n<\/div>\n<\/div><\/div>\n","protected":false},"excerpt":{"rendered":"<p>Colaboraciones Acad\u00e9micas Universitat Aut\u00f2noma de Barcelona Synthesis of Bioactive Organic Compounds and Functional Materials Colaboraci\u00f3n con el Dr. F\u00e9lix Busqu\u00e9 y el Dr. Ram\u00f3n Alib\u00e9s Functional Materials and Organic Reactivity (FunMOR) Colaboraci\u00f3n con el Dr. Jordi Hernando Nanoprobes and Nanoswitches Colaboraci\u00f3n con el Dr. Pau Gorostiza Universit\u00e0 degli Studi di Milano Innovative Approaches in Medicinal [&hellip;]<\/p>\n","protected":false},"author":2580,"featured_media":0,"parent":0,"menu_order":0,"comment_status":"closed","ping_status":"closed","template":"","meta":{"footnotes":""},"class_list":["post-266","page","type-page","status-publish","hentry"],"_links":{"self":[{"href":"https:\/\/webs.uab.cat\/molbiomed\/es\/wp-json\/wp\/v2\/pages\/266","targetHints":{"allow":["GET"]}}],"collection":[{"href":"https:\/\/webs.uab.cat\/molbiomed\/es\/wp-json\/wp\/v2\/pages"}],"about":[{"href":"https:\/\/webs.uab.cat\/molbiomed\/es\/wp-json\/wp\/v2\/types\/page"}],"author":[{"embeddable":true,"href":"https:\/\/webs.uab.cat\/molbiomed\/es\/wp-json\/wp\/v2\/users\/2580"}],"replies":[{"embeddable":true,"href":"https:\/\/webs.uab.cat\/molbiomed\/es\/wp-json\/wp\/v2\/comments?post=266"}],"version-history":[{"count":14,"href":"https:\/\/webs.uab.cat\/molbiomed\/es\/wp-json\/wp\/v2\/pages\/266\/revisions"}],"predecessor-version":[{"id":1931,"href":"https:\/\/webs.uab.cat\/molbiomed\/es\/wp-json\/wp\/v2\/pages\/266\/revisions\/1931"}],"wp:attachment":[{"href":"https:\/\/webs.uab.cat\/molbiomed\/es\/wp-json\/wp\/v2\/media?parent=266"}],"curies":[{"name":"wp","href":"https:\/\/api.w.org\/{rel}","templated":true}]}}