{"id":277,"date":"2023-02-28T22:31:11","date_gmt":"2023-02-28T20:31:11","guid":{"rendered":"https:\/\/webs.uab.cat\/dmrqb\/lineas-de-investigacion\/"},"modified":"2023-04-14T21:02:31","modified_gmt":"2023-04-14T19:02:31","slug":"lineas-de-investigacion","status":"publish","type":"page","link":"https:\/\/webs.uab.cat\/molbiomed\/es\/lineas-de-investigacion\/","title":{"rendered":"L\u00edneas de Investigaci\u00f3n"},"content":{"rendered":"\n<h1 class=\"alignwide has-text-align-left wp-block-heading\" id=\"we-re-a-studio-in-berlin-with-an-international-practice-in-architecture-urban-planning-and-interior-design-we-believe-in-sharing-knowledge-and-promoting-dialogue-to-increase-the-creative-potential-of-collaboration\" style=\"font-size:22px;line-height:1.1\">Nuestro objetivo principal es realizar simulaciones biomoleculares de algunos de los procesos que, de forma cooperativa, intervienen en la inflamaci\u00f3n, con el fin de conseguir una visi\u00f3n muy detallada de sus mecanismos, y as\u00ed avanzar en el dise\u00f1o racional de m\u00e9todos . y f\u00e1rmacos que permitan controlar la inflamaci\u00f3n con lo menos posible de efectos secundarios indeseables para la salud humana. <\/h1>\n\n<h1 class=\"alignwide has-text-align-left wp-block-heading\" id=\"we-re-a-studio-in-berlin-with-an-international-practice-in-architecture-urban-planning-and-interior-design-we-believe-in-sharing-knowledge-and-promoting-dialogue-to-increase-the-creative-potential-of-collaboration\" style=\"font-size:22px;line-height:1.1\">Hemos dividido el proyecto en varios apartados, compartiendo todos ellos la caracter\u00edstica de aplicar la Qu\u00edmica Te\u00f3rica al estudio de diversos aspectos de los procesos inflamatorios.<\/h1>\n\n<h2 class=\"alignwide wp-block-heading\">Lipoxigenasas y La Inflamaci\u00f3n<\/h2>\n\n<div class=\"wp-block-media-text alignwide has-media-on-the-right is-stacked-on-mobile is-vertically-aligned-center has-background\" style=\"background-color:#f1f5c7;grid-template-columns:auto 44%\"><figure class=\"wp-block-media-text__media\"><img loading=\"lazy\" decoding=\"async\" width=\"1024\" height=\"671\" src=\"https:\/\/webs.uab.cat\/dmrqb\/wp-content\/uploads\/sites\/355\/2023\/03\/lox-1-1024x671.png\" alt=\"\" class=\"wp-image-498 size-full\" srcset=\"https:\/\/webs.uab.cat\/molbiomed\/wp-content\/uploads\/sites\/355\/2023\/03\/lox-1-1024x671.png 1024w, https:\/\/webs.uab.cat\/molbiomed\/wp-content\/uploads\/sites\/355\/2023\/03\/lox-1-300x197.png 300w, https:\/\/webs.uab.cat\/molbiomed\/wp-content\/uploads\/sites\/355\/2023\/03\/lox-1-768x503.png 768w, https:\/\/webs.uab.cat\/molbiomed\/wp-content\/uploads\/sites\/355\/2023\/03\/lox-1-1536x1006.png 1536w, https:\/\/webs.uab.cat\/molbiomed\/wp-content\/uploads\/sites\/355\/2023\/03\/lox-1-2048x1342.png 2048w, https:\/\/webs.uab.cat\/molbiomed\/wp-content\/uploads\/sites\/355\/2023\/03\/lox-1-1200x786.png 1200w, https:\/\/webs.uab.cat\/molbiomed\/wp-content\/uploads\/sites\/355\/2023\/03\/lox-1-1980x1297.png 1980w\" sizes=\"auto, (max-width: 1024px) 100vw, 1024px\" \/><\/figure><div class=\"wp-block-media-text__content\">\n<p>Las lipoxigenasas (LOX) forman una familia de enzimas peroxidantes de l\u00edpidos que se han implicado en una serie de procesos fisiol\u00f3gicos y en la patog\u00e9nesis de enfermedades inflamatorias, hiperproliferativas y neurodegenerativas. La reacci\u00f3n LOX constituye un tipo especial de peroxidaci\u00f3n lip\u00eddica y se diferencia de las reacciones no enzim\u00e1ticas en diversos aspectos, como una mayor velocidad de reacci\u00f3n, una selectividad limitada del sustrato, mecanismos de interferencia reguladora y la alta especificidad del producto. La peroxidaci\u00f3n lip\u00eddica no enzim\u00e1tica convierte a un sustrato determinado en una compleja serie de productos primarios de oxigenaci\u00f3n, mientras que los LOX suelen generar un solo is\u00f3mero de producto.<\/p>\n\n\n\n<p>Durante los \u00faltimos a\u00f1os nuestro grupo ha estado estudiando el mecanismo catal\u00edtico de diversas isoformas de LOX (conejo ALOX15, cerdo ALOX15, coral ALOX15b, ALOX5) con \u00e1cidos linoleico y araquid\u00f3nico como sustrato mediante c\u00e1lculos de Docking, Molecular Dynamics y QM\/MM. Estos estudios han revelado el origen molecular de la exquisita regioespecificidad de la cat\u00e1lisis LOX que conduce a la formaci\u00f3n de agentes inflamatorios o antiinflamatorios. Actualmente nuestro principal objetivo es ALOX5, el LOX humano m\u00e1s importante, que cataliza la hidroperoxidaci\u00f3n del \u00e1cido araquid\u00f3nico que conduce ya sea a los agentes proinflamatorios conocidos como leucotrienos o, en combinaci\u00f3n con ALOX15, que conduce a la formaci\u00f3n de lipoxinas, mol\u00e9culas antiinflamatorias. . Adem\u00e1s, nos centraremos en la prote\u00edna activadora de la 5-lipoxigenasa (FLAP).<\/p>\n<\/div><\/div>\n\n<h2 class=\"alignwide wp-block-heading\">Efectos Alost\u00e9ricos de la 15-LOX<\/h2>\n\n<div class=\"wp-block-group alignwide\"><div class=\"wp-block-group__inner-container is-layout-flow wp-block-group-is-layout-flow\">\n<div class=\"wp-block-media-text alignwide has-media-on-the-right is-stacked-on-mobile is-vertically-aligned-center has-background\" style=\"background-color:#fffdea;grid-template-columns:auto 44%\"><figure class=\"wp-block-media-text__media\"><img loading=\"lazy\" decoding=\"async\" width=\"1024\" height=\"638\" src=\"https:\/\/webs.uab.cat\/dmrqb\/wp-content\/uploads\/sites\/355\/2023\/03\/allosteric_effects-1024x638.jpeg\" alt=\"\" class=\"wp-image-372 size-full\" srcset=\"https:\/\/webs.uab.cat\/molbiomed\/wp-content\/uploads\/sites\/355\/2023\/03\/allosteric_effects-1024x638.jpeg 1024w, https:\/\/webs.uab.cat\/molbiomed\/wp-content\/uploads\/sites\/355\/2023\/03\/allosteric_effects-300x187.jpeg 300w, https:\/\/webs.uab.cat\/molbiomed\/wp-content\/uploads\/sites\/355\/2023\/03\/allosteric_effects-768x479.jpeg 768w, https:\/\/webs.uab.cat\/molbiomed\/wp-content\/uploads\/sites\/355\/2023\/03\/allosteric_effects-1200x748.jpeg 1200w, https:\/\/webs.uab.cat\/molbiomed\/wp-content\/uploads\/sites\/355\/2023\/03\/allosteric_effects.jpeg 1500w\" sizes=\"auto, (max-width: 1024px) 100vw, 1024px\" \/><\/figure><div class=\"wp-block-media-text__content\">\n<p>Las lipoxigenasas (LOX) forman una familia de enzimas peroxidantes de l\u00edpidos que se han implicado en una serie de procesos fisiol\u00f3gicos y en la patog\u00e9nesis de enfermedades inflamatorias, hiperproliferativas y neurodegenerativas. La reacci\u00f3n LOX constituye un tipo especial de peroxidaci\u00f3n lip\u00eddica y se diferencia de las reacciones no enzim\u00e1ticas en diversos aspectos, como una mayor velocidad de reacci\u00f3n, una selectividad limitada del sustrato, mecanismos de interferencia reguladora y la alta especificidad del producto. La peroxidaci\u00f3n lip\u00eddica no enzim\u00e1tica convierte a un sustrato determinado en una compleja serie de productos primarios de oxigenaci\u00f3n, mientras que los LOX suelen generar un solo is\u00f3mero de producto.<\/p>\n\n\n\n<p>Durante los \u00faltimos a\u00f1os nuestro grupo ha estado estudiando el mecanismo catal\u00edtico de diversas isoformas de LOX (conejo ALOX15, cerdo ALOX15, coral ALOX15b, ALOX5) con \u00e1cidos linoleico y araquid\u00f3nico como sustrato mediante c\u00e1lculos de Docking, Molecular Dynamics y QM\/MM. Estos estudios han revelado el origen molecular de la exquisita regioespecificidad de la cat\u00e1lisis LOX que conduce a la formaci\u00f3n de agentes inflamatorios o antiinflamatorios. Actualmente nuestro principal objetivo es ALOX5, el LOX humano m\u00e1s importante, que cataliza la hidroperoxidaci\u00f3n del \u00e1cido araquid\u00f3nico que conduce ya sea a los agentes proinflamatorios conocidos como leucotrienos o, en combinaci\u00f3n con ALOX15, que conduce a la formaci\u00f3n de lipoxinas, mol\u00e9culas antiinflamatorias. . Adem\u00e1s, nos centraremos en la prote\u00edna activadora de la 5-lipoxigenasa (FLAP).<\/p>\n<\/div><\/div>\n<\/div><\/div>\n\n<h2 class=\"alignwide wp-block-heading\">Ciclooxigenasas i La Inflamaci\u00f3n<\/h2>\n\n<div class=\"wp-block-media-text alignwide has-media-on-the-right is-stacked-on-mobile is-vertically-aligned-center has-background\" style=\"background-color:#f1f5c7;grid-template-columns:auto 45%\"><figure class=\"wp-block-media-text__media\"><img loading=\"lazy\" decoding=\"async\" width=\"1024\" height=\"749\" src=\"https:\/\/webs.uab.cat\/dmrqb\/wp-content\/uploads\/sites\/355\/2023\/03\/cox2_web-1024x749.png\" alt=\"\" class=\"wp-image-588 size-full\" srcset=\"https:\/\/webs.uab.cat\/molbiomed\/wp-content\/uploads\/sites\/355\/2023\/03\/cox2_web-1024x749.png 1024w, https:\/\/webs.uab.cat\/molbiomed\/wp-content\/uploads\/sites\/355\/2023\/03\/cox2_web-300x220.png 300w, https:\/\/webs.uab.cat\/molbiomed\/wp-content\/uploads\/sites\/355\/2023\/03\/cox2_web-768x562.png 768w, https:\/\/webs.uab.cat\/molbiomed\/wp-content\/uploads\/sites\/355\/2023\/03\/cox2_web-1536x1124.png 1536w, https:\/\/webs.uab.cat\/molbiomed\/wp-content\/uploads\/sites\/355\/2023\/03\/cox2_web-2048x1498.png 2048w, https:\/\/webs.uab.cat\/molbiomed\/wp-content\/uploads\/sites\/355\/2023\/03\/cox2_web-1200x878.png 1200w, https:\/\/webs.uab.cat\/molbiomed\/wp-content\/uploads\/sites\/355\/2023\/03\/cox2_web-1980x1449.png 1980w\" sizes=\"auto, (max-width: 1024px) 100vw, 1024px\" \/><\/figure><div class=\"wp-block-media-text__content\">\n<div class=\"wp-block-group\" style=\"padding-top:2em;padding-right:2em;padding-bottom:2em;padding-left:2em\"><div class=\"wp-block-group__inner-container is-layout-flow wp-block-group-is-layout-flow\">\n<p>La prostaglandina endoper\u00f3xido H sintasa (PGHS), tambi\u00e9n conocida como ciclooxigenasa (COX), es una enzima bifuncional con actividades ciclooxigenasa y peroxidasa que convierte el \u00e1cido araquid\u00f3nico (AA) en prostaglandinas (PG). Existen dos isoformas de COX, COX-1 y COX-2, y su actividad se ve afectada por el tratamiento con aspirina. Mientras que la COX-1 acetilada no produce ning\u00fan producto oxidado, la COX-2 bloquea la generaci\u00f3n de PG y mantiene la producci\u00f3n de 11R- y 15-HETE, metabolitos con actividad pro-resolutiva que tienen implicaciones terap\u00e9uticas para la inflamaci\u00f3n.<\/p>\n\n\n\n<p>El mecanismo exacto que impone la estereoespecificidad en la oxigenaci\u00f3n de \u00e1cido araquid\u00f3nico por parte de la COX-2 y los cambios inducidos por el tratamiento con aspirina no se han aclarado completamente. El objetivo actual de los investigadores es utilizar c\u00e1lculos de Din\u00e1mica Molecular y QM\/MM para comprender mejor estos procesos y dise\u00f1ar nuevos inhibidores, como fotointerruptores con propiedades espec\u00edficas de inhibici\u00f3n de la COX-2 para cada is\u00f3mero<\/p>\n<\/div><\/div>\n<\/div><\/div>\n\n<h2 class=\"alignwide wp-block-heading\">Dise\u00f1o de Biocatalizadores<\/h2>\n\n<div class=\"wp-block-media-text alignwide is-stacked-on-mobile is-vertically-aligned-center has-background\" style=\"background-color:#fffdea;grid-template-columns:34% auto\"><figure class=\"wp-block-media-text__media\"><img loading=\"lazy\" decoding=\"async\" width=\"435\" height=\"573\" src=\"https:\/\/webs.uab.cat\/dmrqb\/wp-content\/uploads\/sites\/355\/2023\/03\/ijms-lox.png\" alt=\"\" class=\"wp-image-592 size-full\" srcset=\"https:\/\/webs.uab.cat\/molbiomed\/wp-content\/uploads\/sites\/355\/2023\/03\/ijms-lox.png 435w, https:\/\/webs.uab.cat\/molbiomed\/wp-content\/uploads\/sites\/355\/2023\/03\/ijms-lox-228x300.png 228w\" sizes=\"auto, (max-width: 435px) 100vw, 435px\" \/><\/figure><div class=\"wp-block-media-text__content\">\n<div class=\"wp-block-group\" style=\"padding-top:2em;padding-right:2em;padding-bottom:2em;padding-left:2em\"><div class=\"wp-block-group__inner-container is-layout-flow wp-block-group-is-layout-flow\">\n<p class=\"has-extra-small-font-size\">Los estudios se centran en entender los mecanismos del metabolismo de los leucotrienos proinflamatorios y dise\u00f1ar enzimas mutadas que puedan producir mediadores antiinflamatorios. Concretamente, los estudios investigan la conversi\u00f3n del leucotrieno A4 en dihidroxi leucotrieno B4 por la leucotrieno A4 hidrolasa humana (LTA4H) y la s\u00edntesis de compuestos antiinflamatorios de maresina a partir de intermedios ep\u00f3xidos mediante el uso de enzimas LTA4H y LOX mudos. Se utilizan m\u00e9todos computacionales para dise\u00f1ar y probar enzimas mutadas, con las secuencias de nucle\u00f3tidos resultantes compartidas con colaboradores experimentales para un estudio posterior. El objetivo final es identificar nuevas v\u00edas para la producci\u00f3n de mediadores antiinflamatorios y potencialmente desarrollar nuevas intervenciones terap\u00e9uticas para enfermedades inflamatorias.<\/p>\n<\/div><\/div>\n<\/div><\/div>\n","protected":false},"excerpt":{"rendered":"<p>Nuestro objetivo principal es realizar simulaciones biomoleculares de algunos de los procesos que, de forma cooperativa, intervienen en la inflamaci\u00f3n, con el fin de conseguir una visi\u00f3n muy detallada de sus mecanismos, y as\u00ed avanzar en el dise\u00f1o racional de m\u00e9todos . y f\u00e1rmacos que permitan controlar la inflamaci\u00f3n con lo menos posible de efectos [&hellip;]<\/p>\n","protected":false},"author":2580,"featured_media":0,"parent":0,"menu_order":0,"comment_status":"closed","ping_status":"closed","template":"","meta":{"footnotes":""},"class_list":["post-277","page","type-page","status-publish","hentry"],"_links":{"self":[{"href":"https:\/\/webs.uab.cat\/molbiomed\/es\/wp-json\/wp\/v2\/pages\/277","targetHints":{"allow":["GET"]}}],"collection":[{"href":"https:\/\/webs.uab.cat\/molbiomed\/es\/wp-json\/wp\/v2\/pages"}],"about":[{"href":"https:\/\/webs.uab.cat\/molbiomed\/es\/wp-json\/wp\/v2\/types\/page"}],"author":[{"embeddable":true,"href":"https:\/\/webs.uab.cat\/molbiomed\/es\/wp-json\/wp\/v2\/users\/2580"}],"replies":[{"embeddable":true,"href":"https:\/\/webs.uab.cat\/molbiomed\/es\/wp-json\/wp\/v2\/comments?post=277"}],"version-history":[{"count":3,"href":"https:\/\/webs.uab.cat\/molbiomed\/es\/wp-json\/wp\/v2\/pages\/277\/revisions"}],"predecessor-version":[{"id":1685,"href":"https:\/\/webs.uab.cat\/molbiomed\/es\/wp-json\/wp\/v2\/pages\/277\/revisions\/1685"}],"wp:attachment":[{"href":"https:\/\/webs.uab.cat\/molbiomed\/es\/wp-json\/wp\/v2\/media?parent=277"}],"curies":[{"name":"wp","href":"https:\/\/api.w.org\/{rel}","templated":true}]}}