{"id":302,"date":"2023-02-28T13:59:56","date_gmt":"2023-02-28T11:59:56","guid":{"rendered":"https:\/\/webs.uab.cat\/dmrqb\/software\/"},"modified":"2025-01-24T22:03:55","modified_gmt":"2025-01-24T20:03:55","slug":"software","status":"publish","type":"page","link":"https:\/\/webs.uab.cat\/molbiomed\/es\/software\/","title":{"rendered":"Programas"},"content":{"rendered":"\n<div class=\"wp-block-media-text alignwide has-media-on-the-right is-stacked-on-mobile has-background\" style=\"background-color:#e9e9e9;grid-template-columns:auto 60%\"><div class=\"wp-block-media-text__content\">\n<p class=\"has-accent-color has-text-color has-large-font-size\"><strong>Easy MD Analysis (EMDA)<\/strong><\/p>\n\n\n\n<p>Easy MD Analysis (EMDA) es un paquete de Python basado en MDAnalysis creado con el objetivo de proporcionar una forma sencilla pero potente de realizar an\u00e1lisis de simulaciones MD.<\/p>\n\n\n\n<p>Si desea utilizarlo, haga clic <a href=\"https:\/\/github.com\/MolBioMedUAB\/EMDA\" data-type=\"URL\" data-id=\"https:\/\/github.com\/MolBioMedUAB\/RCBS.py\" target=\"_blank\" rel=\"noreferrer noopener\">aqu\u00ed<\/a>.<\/p>\n\n\n\n<div class=\"wp-block-media-text alignfull is-stacked-on-mobile\" style=\"grid-template-columns:20% auto\"><figure class=\"wp-block-media-text__media\"><img loading=\"lazy\" decoding=\"async\" width=\"500\" height=\"500\" src=\"https:\/\/webs.uab.cat\/molbiomed\/wp-content\/uploads\/sites\/355\/2023\/05\/miquelc_bg.png\" alt=\"\" class=\"wp-image-1842 size-full\" srcset=\"https:\/\/webs.uab.cat\/molbiomed\/wp-content\/uploads\/sites\/355\/2023\/05\/miquelc_bg.png 500w, https:\/\/webs.uab.cat\/molbiomed\/wp-content\/uploads\/sites\/355\/2023\/05\/miquelc_bg-300x300.png 300w, https:\/\/webs.uab.cat\/molbiomed\/wp-content\/uploads\/sites\/355\/2023\/05\/miquelc_bg-150x150.png 150w\" sizes=\"auto, (max-width: 500px) 100vw, 500px\" \/><\/figure><div class=\"wp-block-media-text__content\">\n<p class=\"has-text-align-right has-small-font-size\"><strong>Miquel Canyelles Ni\u00f1o<\/strong><\/p>\n<\/div><\/div>\n<\/div><figure class=\"wp-block-media-text__media\"><img loading=\"lazy\" decoding=\"async\" width=\"1024\" height=\"895\" src=\"https:\/\/webs.uab.cat\/molbiomed\/wp-content\/uploads\/sites\/355\/2024\/02\/Captura-de-pantalla-2024-02-07-a-las-19.14.29-1024x895.png\" alt=\"\" class=\"wp-image-2363 size-full\" srcset=\"https:\/\/webs.uab.cat\/molbiomed\/wp-content\/uploads\/sites\/355\/2024\/02\/Captura-de-pantalla-2024-02-07-a-las-19.14.29-1024x895.png 1024w, https:\/\/webs.uab.cat\/molbiomed\/wp-content\/uploads\/sites\/355\/2024\/02\/Captura-de-pantalla-2024-02-07-a-las-19.14.29-300x262.png 300w, https:\/\/webs.uab.cat\/molbiomed\/wp-content\/uploads\/sites\/355\/2024\/02\/Captura-de-pantalla-2024-02-07-a-las-19.14.29-768x671.png 768w, https:\/\/webs.uab.cat\/molbiomed\/wp-content\/uploads\/sites\/355\/2024\/02\/Captura-de-pantalla-2024-02-07-a-las-19.14.29-1536x1343.png 1536w, https:\/\/webs.uab.cat\/molbiomed\/wp-content\/uploads\/sites\/355\/2024\/02\/Captura-de-pantalla-2024-02-07-a-las-19.14.29-1200x1049.png 1200w, https:\/\/webs.uab.cat\/molbiomed\/wp-content\/uploads\/sites\/355\/2024\/02\/Captura-de-pantalla-2024-02-07-a-las-19.14.29.png 1812w\" sizes=\"auto, (max-width: 1024px) 100vw, 1024px\" \/><\/figure><\/div>\n\n\n\n<div class=\"wp-block-media-text alignwide has-media-on-the-right is-stacked-on-mobile has-background\" style=\"background-color:#e9e9e9;grid-template-columns:auto 60%\"><div class=\"wp-block-media-text__content\">\n<p class=\"has-accent-color has-text-color has-large-font-size\"><strong>RCBS.py <\/strong><\/p>\n\n\n\n<p>RCBS.py (Reactivity of Chemical and Biochemical Systems) es un paquete Python que contiene varios scripts, funciones y clases que simplifican el an\u00e1lisis de simulaciones qu\u00edmicas y bioqu\u00edmicas.<\/p>\n\n\n\n<p>Si desea utilizarlo, haga clic <a href=\"https:\/\/github.com\/MolBioMedUAB\/RCBS.py\" data-type=\"URL\" data-id=\"https:\/\/github.com\/MolBioMedUAB\/RCBS.py\" target=\"_blank\" rel=\"noreferrer noopener\">aqu\u00ed<\/a>.<\/p>\n\n\n\n<div class=\"wp-block-media-text alignfull is-stacked-on-mobile\" style=\"grid-template-columns:19% auto\"><figure class=\"wp-block-media-text__media\"><img loading=\"lazy\" decoding=\"async\" width=\"500\" height=\"500\" src=\"https:\/\/webs.uab.cat\/molbiomed\/wp-content\/uploads\/sites\/355\/2023\/05\/miquelc_bg.png\" alt=\"\" class=\"wp-image-1842 size-full\" srcset=\"https:\/\/webs.uab.cat\/molbiomed\/wp-content\/uploads\/sites\/355\/2023\/05\/miquelc_bg.png 500w, https:\/\/webs.uab.cat\/molbiomed\/wp-content\/uploads\/sites\/355\/2023\/05\/miquelc_bg-300x300.png 300w, https:\/\/webs.uab.cat\/molbiomed\/wp-content\/uploads\/sites\/355\/2023\/05\/miquelc_bg-150x150.png 150w\" sizes=\"auto, (max-width: 500px) 100vw, 500px\" \/><\/figure><div class=\"wp-block-media-text__content\">\n<p class=\"has-text-align-right has-small-font-size\"><strong>Miquel Canyelles Ni\u00f1o<\/strong><\/p>\n<\/div><\/div>\n<\/div><figure class=\"wp-block-media-text__media\"><img loading=\"lazy\" decoding=\"async\" width=\"913\" height=\"446\" src=\"https:\/\/webs.uab.cat\/dmrqb\/wp-content\/uploads\/sites\/355\/2023\/03\/rcbs.png\" alt=\"\" class=\"wp-image-540 size-full\" srcset=\"https:\/\/webs.uab.cat\/molbiomed\/wp-content\/uploads\/sites\/355\/2023\/03\/rcbs.png 913w, https:\/\/webs.uab.cat\/molbiomed\/wp-content\/uploads\/sites\/355\/2023\/03\/rcbs-300x147.png 300w, https:\/\/webs.uab.cat\/molbiomed\/wp-content\/uploads\/sites\/355\/2023\/03\/rcbs-768x375.png 768w\" sizes=\"auto, (max-width: 913px) 100vw, 913px\" \/><\/figure><\/div>\n\n\n\n<div class=\"wp-block-media-text alignwide has-media-on-the-right is-stacked-on-mobile has-background\" style=\"background-color:#e9e9e9;grid-template-columns:auto 60%\"><div class=\"wp-block-media-text__content\">\n<p class=\"has-accent-color has-text-color has-large-font-size\"><strong>AMBER parameters<\/strong><\/p>\n\n\n\n<p>Repositorio para colocar archivos de par\u00e1metros y cargas (frcmod y mol2) de los sustratos utilizados en nuestro laboratorio. Todos los archivos disponibles se distribuyen en carpetas en funci\u00f3n de si corresponden a una enzima, sustrato o la combinaci\u00f3n de ambos a partir de una simulaci\u00f3n de ensamblaje.<\/p>\n\n\n\n<p>Si desea utilizarlo, haga clic <a href=\"https:\/\/github.com\/MolBioMedUAB\/AMBER_parameters\" data-type=\"URL\" data-id=\"https:\/\/github.com\/MolBioMedUAB\/AMBER_parameters\" target=\"_blank\" rel=\"noreferrer noopener\">aqu\u00ed<\/a>.<\/p>\n\n\n\n<div style=\"height:49px\" aria-hidden=\"true\" class=\"wp-block-spacer\"><\/div>\n\n\n\n<div class=\"wp-block-columns is-layout-flex wp-container-core-columns-is-layout-9d6595d7 wp-block-columns-is-layout-flex\">\n<div class=\"wp-block-column is-vertically-aligned-center is-layout-flow wp-block-column-is-layout-flow\"><div class=\"wp-block-image\">\n<figure class=\"alignright size-full is-resized\"><img loading=\"lazy\" decoding=\"async\" width=\"500\" height=\"500\" src=\"https:\/\/webs.uab.cat\/molbiomed\/wp-content\/uploads\/sites\/355\/2023\/05\/miquelc_bg.png\" alt=\"\" class=\"wp-image-1842\" style=\"width:53px;height:53px\" srcset=\"https:\/\/webs.uab.cat\/molbiomed\/wp-content\/uploads\/sites\/355\/2023\/05\/miquelc_bg.png 500w, https:\/\/webs.uab.cat\/molbiomed\/wp-content\/uploads\/sites\/355\/2023\/05\/miquelc_bg-300x300.png 300w, https:\/\/webs.uab.cat\/molbiomed\/wp-content\/uploads\/sites\/355\/2023\/05\/miquelc_bg-150x150.png 150w\" sizes=\"auto, (max-width: 500px) 100vw, 500px\" \/><\/figure>\n<\/div><\/div>\n\n\n\n<div class=\"wp-block-column is-vertically-aligned-bottom is-layout-flow wp-block-column-is-layout-flow\"><div class=\"wp-block-image\">\n<figure class=\"alignleft size-full is-resized\"><img loading=\"lazy\" decoding=\"async\" width=\"500\" height=\"500\" src=\"https:\/\/webs.uab.cat\/molbiomed\/wp-content\/uploads\/sites\/355\/2023\/05\/alex2023-bg.png\" alt=\"\" class=\"wp-image-1825\" style=\"width:58px;height:58px\" srcset=\"https:\/\/webs.uab.cat\/molbiomed\/wp-content\/uploads\/sites\/355\/2023\/05\/alex2023-bg.png 500w, https:\/\/webs.uab.cat\/molbiomed\/wp-content\/uploads\/sites\/355\/2023\/05\/alex2023-bg-300x300.png 300w, https:\/\/webs.uab.cat\/molbiomed\/wp-content\/uploads\/sites\/355\/2023\/05\/alex2023-bg-150x150.png 150w\" sizes=\"auto, (max-width: 500px) 100vw, 500px\" \/><\/figure>\n<\/div><\/div>\n<\/div>\n\n\n\n<div class=\"wp-block-columns is-layout-flex wp-container-core-columns-is-layout-9d6595d7 wp-block-columns-is-layout-flex\">\n<div class=\"wp-block-column is-layout-flow wp-block-column-is-layout-flow\">\n<p class=\"has-text-align-right\"><strong>Miquel Canyelles Ni\u00f1o<\/strong><\/p>\n<\/div>\n\n\n\n<div class=\"wp-block-column is-layout-flow wp-block-column-is-layout-flow\">\n<p><strong>\u00c1lex P\u00e9rez S\u00e1nchez<\/strong><\/p>\n<\/div>\n<\/div>\n<\/div><figure class=\"wp-block-media-text__media\"><img loading=\"lazy\" decoding=\"async\" width=\"778\" height=\"801\" src=\"https:\/\/webs.uab.cat\/dmrqb\/wp-content\/uploads\/sites\/355\/2023\/03\/amber_param.png\" alt=\"\" class=\"wp-image-375 size-full\" srcset=\"https:\/\/webs.uab.cat\/molbiomed\/wp-content\/uploads\/sites\/355\/2023\/03\/amber_param.png 778w, https:\/\/webs.uab.cat\/molbiomed\/wp-content\/uploads\/sites\/355\/2023\/03\/amber_param-291x300.png 291w, https:\/\/webs.uab.cat\/molbiomed\/wp-content\/uploads\/sites\/355\/2023\/03\/amber_param-768x791.png 768w\" sizes=\"auto, (max-width: 778px) 100vw, 778px\" \/><\/figure><\/div>\n","protected":false},"excerpt":{"rendered":"","protected":false},"author":2580,"featured_media":0,"parent":0,"menu_order":0,"comment_status":"closed","ping_status":"closed","template":"","meta":{"footnotes":""},"class_list":["post-302","page","type-page","status-publish","hentry"],"_links":{"self":[{"href":"https:\/\/webs.uab.cat\/molbiomed\/es\/wp-json\/wp\/v2\/pages\/302","targetHints":{"allow":["GET"]}}],"collection":[{"href":"https:\/\/webs.uab.cat\/molbiomed\/es\/wp-json\/wp\/v2\/pages"}],"about":[{"href":"https:\/\/webs.uab.cat\/molbiomed\/es\/wp-json\/wp\/v2\/types\/page"}],"author":[{"embeddable":true,"href":"https:\/\/webs.uab.cat\/molbiomed\/es\/wp-json\/wp\/v2\/users\/2580"}],"replies":[{"embeddable":true,"href":"https:\/\/webs.uab.cat\/molbiomed\/es\/wp-json\/wp\/v2\/comments?post=302"}],"version-history":[{"count":22,"href":"https:\/\/webs.uab.cat\/molbiomed\/es\/wp-json\/wp\/v2\/pages\/302\/revisions"}],"predecessor-version":[{"id":2767,"href":"https:\/\/webs.uab.cat\/molbiomed\/es\/wp-json\/wp\/v2\/pages\/302\/revisions\/2767"}],"wp:attachment":[{"href":"https:\/\/webs.uab.cat\/molbiomed\/es\/wp-json\/wp\/v2\/media?parent=302"}],"curies":[{"name":"wp","href":"https:\/\/api.w.org\/{rel}","templated":true}]}}