{"id":2840,"date":"2025-07-30T08:51:42","date_gmt":"2025-07-30T06:51:42","guid":{"rendered":"https:\/\/webs.uab.cat\/molbiomed\/?page_id=2840"},"modified":"2025-07-30T09:11:06","modified_gmt":"2025-07-30T07:11:06","slug":"pedro-martinez-zaragoza","status":"publish","type":"page","link":"https:\/\/webs.uab.cat\/molbiomed\/pedro-martinez-zaragoza\/","title":{"rendered":"Pedro Mart\u00ednez Zaragoza"},"content":{"rendered":"\n<div class=\"wp-block-columns alignwide is-layout-flex wp-container-core-columns-is-layout-9d6595d7 wp-block-columns-is-layout-flex\">\n<div class=\"wp-block-column is-layout-flow wp-block-column-is-layout-flow\" style=\"flex-basis:33.33%\">\n<figure class=\"wp-block-image size-full is-resized is-style-rounded\"><img loading=\"lazy\" decoding=\"async\" width=\"500\" height=\"500\" src=\"https:\/\/webs.uab.cat\/molbiomed\/wp-content\/uploads\/sites\/355\/2024\/11\/foto_carnet_pedro__1_-removebg-preview.png\" alt=\"\" class=\"wp-image-2632\" style=\"width:436px;height:436px\" srcset=\"https:\/\/webs.uab.cat\/molbiomed\/wp-content\/uploads\/sites\/355\/2024\/11\/foto_carnet_pedro__1_-removebg-preview.png 500w, https:\/\/webs.uab.cat\/molbiomed\/wp-content\/uploads\/sites\/355\/2024\/11\/foto_carnet_pedro__1_-removebg-preview-300x300.png 300w, https:\/\/webs.uab.cat\/molbiomed\/wp-content\/uploads\/sites\/355\/2024\/11\/foto_carnet_pedro__1_-removebg-preview-150x150.png 150w\" sizes=\"auto, (max-width: 500px) 100vw, 500px\" \/><\/figure>\n<\/div>\n\n\n\n<div class=\"wp-block-column is-layout-flow wp-block-column-is-layout-flow\" style=\"flex-basis:66.66%\"><p><a href=\"https:\/\/orcid.org\/0009-0006-3506-9552\" target=\"_blank\" rel=\"noopener\"><img decoding=\"async\" src=\"https:\/\/orcid.figshare.com\/ndownloader\/files\/8439047\/preview\/8439047\/preview.jpg\" title=\"ORCID\" alt=\"ORCID logo\" width=\"30px\" align=\"right\" border=\"10\"><\/a><span style=\"width:100px\">&nbsp; &nbsp;<a href=\"https:\/\/www.researchgate.net\/profile\/Pedro-Martinez-Zaragoza-2\" target=\"_blank\" rel=\"noopener\"><img decoding=\"async\" src=\"https:\/\/upload.wikimedia.org\/wikipedia\/commons\/thumb\/5\/5e\/ResearchGate_icon_SVG.svg\/1920px-ResearchGate_icon_SVG.svg.png?20201217223315\" title=\"ResearchGate\" alt=\"RG\" width=\"30px\" border=\"0\" align=\"right\"><\/a><\/span><a href=\"https:\/\/www.linkedin.com\/in\/pedro-mart%C3%ADnez-zaragoza-35a8a5302\/\" target=\"_blank\" rel=\"noopener\"><img decoding=\"async\" src=\"https:\/\/logospng.org\/download\/linkedin\/logo-linkedin-icon-1536.png\" title=\"Linkedin\" alt=\"Linkedin\" width=\"30px\" border=\"0\" align=\"right\"><\/a><\/span><\/p>\n\n\n\n<p class=\"has-text-align-right\"><strong>Pedro Mart\u00ednez Zaragoza<\/strong> va n\u00e9ixer a Almassora (Pa\u00eds Valenci\u00e0). Actualment, \u00e9s estudiant de doctorat en Qu\u00edmica F\u00edsica a la Universitat Aut\u00f2noma de Barcelona, dins del grup de recerca MolBioMed. Va estudiar simult\u00e0niament els graus de Qu\u00edmica i F\u00edsica a la mateixa universitat entre els anys 2018 i 2023. Durant aquest per\u00edode, va dur a terme diversos treballs de recerca de final de grau, tant en l\u2019\u00e0mbit de la qu\u00edmica computacional com de l\u2019electr\u00f2nica org\u00e0nica.<\/p>\n\n\n\n<p class=\"has-text-align-right\">Posteriorment, va cursar el <strong>M\u00e0ster Erasmus Mundus en Theoretical Chemistry and Computational Modelling<\/strong> (2023\u20132025), amb la realitzaci\u00f3 del treball de final de m\u00e0ster titulat <em>Allosteric Regulation of hALOX12 Catalysis of 14S-HpDHA Epoxidation\/Oxygenation Competitive Pathways<\/em>, sota la supervisi\u00f3 dels professors Carles Curutchet (UB) i \u00c0ngels Gonz\u00e1lez-Lafont (UAB).<\/p>\n\n\n\n<p class=\"has-text-align-right\">Actualment, desenvolupa la seva tesi doctoral centrada en la modelitzaci\u00f3 molecular de sistemes bioqu\u00edmics implicats en la inflamaci\u00f3 i el c\u00e0ncer. La seva recerca s\u2019enfoca en l\u2019estudi computacional de mecanismes al\u00b7lost\u00e8rics i de regulaci\u00f3 en enzims com la hALOX12, rellevants en processos inflamatoris.at a la respota inflamat\u00f2ria, i els receptors de la inflammaci\u00f3.<\/p>\n<\/div>\n<\/div>\n\n\n\n<h2 class=\"wp-block-heading alignwide\">\u00daltimes Publicacions<\/h2>\n\n\n\n<div class=\"wp-block-columns alignwide is-layout-flex wp-container-core-columns-is-layout-9d6595d7 wp-block-columns-is-layout-flex\">\n<div class=\"wp-block-column has-background-background-color has-text-color has-background has-link-color wp-elements-5367ad45444da75caacfef7b36d22820 is-layout-flow wp-block-column-is-layout-flow\" style=\"color:#000000;padding-top:2em;padding-right:2em;padding-bottom:2em;padding-left:2em\">\n<h1 class=\"wp-block-heading\" id=\"patron\" style=\"font-size:40px\">Advanced Electronic Materials<\/h1>\n\n\n\n<p class=\"has-accent-color has-text-color has-normal-font-size\">Vertical Phase Separation in Blended Organic Semiconducting Films and Impact on Their Electrical and Direct X\u2010Ray Detection Properties<\/p>\n\n\n\n<figure class=\"wp-block-image size-large\"><img loading=\"lazy\" decoding=\"async\" width=\"1024\" height=\"688\" src=\"https:\/\/webs.uab.cat\/molbiomed\/wp-content\/uploads\/sites\/355\/2025\/07\/aelm1129-fig-0001-m-1024x688.jpg\" alt=\"\" class=\"wp-image-2856\" srcset=\"https:\/\/webs.uab.cat\/molbiomed\/wp-content\/uploads\/sites\/355\/2025\/07\/aelm1129-fig-0001-m-1024x688.jpg 1024w, https:\/\/webs.uab.cat\/molbiomed\/wp-content\/uploads\/sites\/355\/2025\/07\/aelm1129-fig-0001-m-300x202.jpg 300w, https:\/\/webs.uab.cat\/molbiomed\/wp-content\/uploads\/sites\/355\/2025\/07\/aelm1129-fig-0001-m-768x516.jpg 768w, https:\/\/webs.uab.cat\/molbiomed\/wp-content\/uploads\/sites\/355\/2025\/07\/aelm1129-fig-0001-m-1200x807.jpg 1200w, https:\/\/webs.uab.cat\/molbiomed\/wp-content\/uploads\/sites\/355\/2025\/07\/aelm1129-fig-0001-m.jpg 1367w\" sizes=\"auto, (max-width: 1024px) 100vw, 1024px\" \/><\/figure>\n\n\n\n<p class=\"has-primary-color has-text-color\"><a href=\"https:\/\/doi.org\/10.1002\/aelm.202400887\" data-type=\"link\" data-id=\"https:\/\/doi.org\/10.1002\/aelm.202400887\">Llegeix M\u00e9s<\/a><\/p>\n<\/div>\n\n\n\n<div class=\"wp-block-column has-background-background-color has-text-color has-background has-link-color wp-elements-8891036f7f33d4a9cceade8164f6a00d is-layout-flow wp-block-column-is-layout-flow\" style=\"color:#000000;padding-top:2em;padding-right:2em;padding-bottom:2em;padding-left:2em\">\n<p class=\"has-primary-color has-text-color\"><\/p>\n<\/div>\n\n\n\n<div class=\"wp-block-column has-background-background-color has-text-color has-background has-link-color wp-elements-cd89fd2bd491a106d330c1135109ef62 is-layout-flow wp-block-column-is-layout-flow\" style=\"color:#000000;padding-top:2em;padding-right:2em;padding-bottom:2em;padding-left:2em\">\n<p><\/p>\n<\/div>\n<\/div>\n","protected":false},"excerpt":{"rendered":"<p>Pedro Mart\u00ednez Zaragoza va n\u00e9ixer a Almassora (Pa\u00eds Valenci\u00e0). Actualment, \u00e9s estudiant de doctorat en Qu\u00edmica F\u00edsica a la Universitat Aut\u00f2noma de Barcelona, dins del grup de recerca MolBioMed. Va estudiar simult\u00e0niament els graus de Qu\u00edmica i F\u00edsica a la mateixa universitat entre els anys 2018 i 2023. Durant aquest per\u00edode, va dur a terme [&hellip;]<\/p>\n","protected":false},"author":2580,"featured_media":0,"parent":0,"menu_order":0,"comment_status":"closed","ping_status":"closed","template":"","meta":{"footnotes":""},"class_list":["post-2840","page","type-page","status-publish","hentry"],"_links":{"self":[{"href":"https:\/\/webs.uab.cat\/molbiomed\/wp-json\/wp\/v2\/pages\/2840","targetHints":{"allow":["GET"]}}],"collection":[{"href":"https:\/\/webs.uab.cat\/molbiomed\/wp-json\/wp\/v2\/pages"}],"about":[{"href":"https:\/\/webs.uab.cat\/molbiomed\/wp-json\/wp\/v2\/types\/page"}],"author":[{"embeddable":true,"href":"https:\/\/webs.uab.cat\/molbiomed\/wp-json\/wp\/v2\/users\/2580"}],"replies":[{"embeddable":true,"href":"https:\/\/webs.uab.cat\/molbiomed\/wp-json\/wp\/v2\/comments?post=2840"}],"version-history":[{"count":4,"href":"https:\/\/webs.uab.cat\/molbiomed\/wp-json\/wp\/v2\/pages\/2840\/revisions"}],"predecessor-version":[{"id":2911,"href":"https:\/\/webs.uab.cat\/molbiomed\/wp-json\/wp\/v2\/pages\/2840\/revisions\/2911"}],"wp:attachment":[{"href":"https:\/\/webs.uab.cat\/molbiomed\/wp-json\/wp\/v2\/media?parent=2840"}],"curies":[{"name":"wp","href":"https:\/\/api.w.org\/{rel}","templated":true}]}}