{"id":51,"date":"2023-02-28T16:02:33","date_gmt":"2023-02-28T14:02:33","guid":{"rendered":"https:\/\/webs.uab.cat\/dmrqb\/?page_id=51"},"modified":"2026-04-28T17:49:04","modified_gmt":"2026-04-28T15:49:04","slug":"inici","status":"publish","type":"page","link":"https:\/\/webs.uab.cat\/molbiomed\/","title":{"rendered":"Benvinguts a la p\u00e0gina web del nostre grup de recerca!"},"content":{"rendered":"\n<div class=\"wp-block-columns alignwide is-layout-flex wp-container-core-columns-is-layout-9d6595d7 wp-block-columns-is-layout-flex\">\n<div class=\"wp-block-column is-layout-flow wp-block-column-is-layout-flow\" style=\"flex-basis:100%\">\n<div class=\"wp-block-columns is-layout-flex wp-container-core-columns-is-layout-9d6595d7 wp-block-columns-is-layout-flex\">\n<div class=\"wp-block-column is-layout-flow wp-block-column-is-layout-flow\" style=\"flex-basis:33.33%\"><\/div>\n\n\n\n<div class=\"wp-block-column is-layout-flow wp-block-column-is-layout-flow\" style=\"flex-basis:66.66%\">\n<figure class=\"wp-block-image alignfull size-large\"><img loading=\"lazy\" decoding=\"async\" width=\"1024\" height=\"341\" src=\"https:\/\/webs.uab.cat\/dmrqb\/wp-content\/uploads\/sites\/355\/2023\/03\/logo_psi_redim-1024x341.png\" alt=\"\" class=\"wp-image-1304\" srcset=\"https:\/\/webs.uab.cat\/molbiomed\/wp-content\/uploads\/sites\/355\/2023\/03\/logo_psi_redim-1024x341.png 1024w, https:\/\/webs.uab.cat\/molbiomed\/wp-content\/uploads\/sites\/355\/2023\/03\/logo_psi_redim-300x100.png 300w, https:\/\/webs.uab.cat\/molbiomed\/wp-content\/uploads\/sites\/355\/2023\/03\/logo_psi_redim-768x255.png 768w, https:\/\/webs.uab.cat\/molbiomed\/wp-content\/uploads\/sites\/355\/2023\/03\/logo_psi_redim-1200x399.png 1200w, https:\/\/webs.uab.cat\/molbiomed\/wp-content\/uploads\/sites\/355\/2023\/03\/logo_psi_redim.png 1500w\" sizes=\"auto, (max-width: 1024px) 100vw, 1024px\" \/><\/figure>\n<\/div>\n<\/div>\n<\/div>\n<\/div>\n\n\n\n<h2 class=\"wp-block-heading alignwide has-text-align-left\">Qu\u00e8 es fa al nostre grup?<\/h2>\n\n\n\n<div class=\"wp-block-group alignwide\"><div class=\"wp-block-group__inner-container is-layout-flow wp-block-group-is-layout-flow\">\n<div class=\"wp-block-columns alignwide is-layout-flex wp-container-core-columns-is-layout-9d6595d7 wp-block-columns-is-layout-flex\">\n<div class=\"wp-block-column has-text-color has-background has-link-color wp-elements-65b2025c099333fbac4f567cbdc9f47f is-layout-flow wp-block-column-is-layout-flow\" style=\"color:#000000;background-color:#d1d1e1;padding-top:2em;padding-right:2em;padding-bottom:2em;padding-left:2em\">\n<h2 class=\"wp-block-heading has-text-align-center\" id=\"family\" style=\"font-size:40px\"><strong>Fotoqu\u00edmica<\/strong><\/h2>\n\n\n\n<p class=\"has-text-align-center has-normal-font-size\" style=\"line-height:1.5\">La utilitat dels fotointerruptors com a f\u00e0rmacs \u00e9s gegant amb la Qu\u00edmica Qu\u00e0ntica estem intentar entedre com funcionen i com millorar-los<\/p>\n<\/div>\n\n\n\n<div class=\"wp-block-column has-text-color has-background has-link-color wp-elements-467931eb194aadf5a7c3a946fdfeb337 is-layout-flow wp-block-column-is-layout-flow\" style=\"color:#000000;background-color:#c0ebf1;padding-top:2em;padding-right:2em;padding-bottom:2em;padding-left:2em\">\n<h2 class=\"wp-block-heading has-text-align-center\" id=\"patron\" style=\"font-size:40px\">Disseny de Prote\u00efnes<\/h2>\n\n\n\n<p class=\"has-text-align-center has-normal-font-size\">La modificaci\u00f3 d&#8217;enzims \u00e9s una de les eines m\u00e9s potents per sintetitzar compostos espec\u00edfics<\/p>\n<\/div>\n<\/div>\n<\/div><\/div>\n\n\n\n<div class=\"wp-block-group alignwide\"><div class=\"wp-block-group__inner-container is-layout-flow wp-block-group-is-layout-flow\">\n<div class=\"wp-block-columns alignwide is-layout-flex wp-container-core-columns-is-layout-9d6595d7 wp-block-columns-is-layout-flex\">\n<div class=\"wp-block-column has-text-color has-background has-link-color wp-elements-869e45167849e20c9153f7c411369eb3 is-layout-flow wp-block-column-is-layout-flow\" style=\"color:#000000;background-color:#ffe97d;padding-top:2em;padding-right:2em;padding-bottom:2em;padding-left:2em\">\n<h2 class=\"wp-block-heading has-text-align-center\" id=\"single\" style=\"font-size:40px\">Disseny de F\u00e0rmacs<\/h2>\n\n\n\n<p class=\"has-text-align-center has-normal-font-size\" style=\"line-height:1.5\">Estem intentant redissenyar f\u00e0rmacs per la inhibici\u00f3 de la inflamaci\u00f3 <\/p>\n<\/div>\n\n\n\n<div class=\"wp-block-column has-text-color has-background has-link-color wp-elements-20d68da843582f5d3d225197adfbab72 is-layout-flow wp-block-column-is-layout-flow\" style=\"color:#000000;background-color:#f1c064;padding-top:2em;padding-right:2em;padding-bottom:2em;padding-left:2em\">\n<h2 class=\"wp-block-heading has-text-align-center\" id=\"family\" style=\"font-size:40px\">Efectes Al\u00b7lost\u00e8rics<\/h2>\n\n\n\n<p class=\"has-text-align-center has-normal-font-size\" style=\"line-height:1.5\">De vegades la activitat dels enzims dep\u00e8n del moviment de diversos dominis de la estructura de la prote\u00efna, per entendre com funciona, s&#8217;han d&#8217;estudiar aquest moviments<\/p>\n<\/div>\n<\/div>\n<\/div><\/div>\n\n\n\n<div class=\"wp-block-buttons alignwide is-content-justification-center is-layout-flex wp-container-core-buttons-is-layout-16018d1d wp-block-buttons-is-layout-flex\">\n<div class=\"wp-block-button has-custom-width wp-block-button__width-50 is-style-outline is-style-outline--1\"><a class=\"wp-block-button__link wp-element-button\" href=\"https:\/\/webs.uab.cat\/molbiomed\/projectes\">Projectes<\/a><\/div>\n\n\n\n<div class=\"wp-block-button has-custom-width wp-block-button__width-50 is-style-outline is-style-outline--2\"><a class=\"wp-block-button__link wp-element-button\" href=\"https:\/\/webs.uab.cat\/molbiomed\/publicacions\">Publicacions<\/a><\/div>\n<\/div>\n\n\n\n<h2 class=\"wp-block-heading alignwide has-text-align-left\">\u00daltimes publicacions <\/h2>\n\n\n\n<div class=\"wp-block-columns alignwide is-layout-flex wp-container-core-columns-is-layout-9d6595d7 wp-block-columns-is-layout-flex\">\n<div class=\"wp-block-column has-background-background-color has-text-color has-background has-link-color wp-elements-7d95519f433d13e7df2819e5713a8236 is-layout-flow wp-block-column-is-layout-flow\" style=\"color:#000000;padding-top:2em;padding-right:2em;padding-bottom:2em;padding-left:2em\">\n<figure class=\"wp-block-image size-full\"><img loading=\"lazy\" decoding=\"async\" width=\"960\" height=\"309\" src=\"https:\/\/webs.uab.cat\/molbiomed\/wp-content\/uploads\/sites\/355\/2026\/04\/jacs.png\" alt=\"\" class=\"wp-image-3002\" srcset=\"https:\/\/webs.uab.cat\/molbiomed\/wp-content\/uploads\/sites\/355\/2026\/04\/jacs.png 960w, https:\/\/webs.uab.cat\/molbiomed\/wp-content\/uploads\/sites\/355\/2026\/04\/jacs-300x97.png 300w, https:\/\/webs.uab.cat\/molbiomed\/wp-content\/uploads\/sites\/355\/2026\/04\/jacs-768x247.png 768w\" sizes=\"auto, (max-width: 960px) 100vw, 960px\" \/><\/figure>\n\n\n\n<p class=\"has-accent-color has-text-color has-normal-font-size\">Photoswitchable COX-2-Selective Inhibitors as Light-Regulated Anti-Inflammatory Agents<\/p>\n\n\n\n<figure class=\"wp-block-image size-full\"><img loading=\"lazy\" decoding=\"async\" width=\"992\" height=\"540\" src=\"https:\/\/webs.uab.cat\/molbiomed\/wp-content\/uploads\/sites\/355\/2026\/04\/jacs-abstract.jpeg\" alt=\"\" class=\"wp-image-3003\" srcset=\"https:\/\/webs.uab.cat\/molbiomed\/wp-content\/uploads\/sites\/355\/2026\/04\/jacs-abstract.jpeg 992w, https:\/\/webs.uab.cat\/molbiomed\/wp-content\/uploads\/sites\/355\/2026\/04\/jacs-abstract-300x163.jpeg 300w, https:\/\/webs.uab.cat\/molbiomed\/wp-content\/uploads\/sites\/355\/2026\/04\/jacs-abstract-768x418.jpeg 768w\" sizes=\"auto, (max-width: 992px) 100vw, 992px\" \/><\/figure>\n\n\n\n<p class=\"has-primary-color has-text-color\"><a href=\"https:\/\/doi.org\/10.1021\/jacs.6c03529\" data-type=\"URL\" data-id=\"https:\/\/www.mdpi.com\/1420-3049\/28\/14\/5418\" target=\"_blank\" rel=\"noreferrer noopener\">Llegeix M\u00e9s<\/a><\/p>\n<\/div>\n\n\n\n<div class=\"wp-block-column has-background-background-color has-text-color has-background has-link-color wp-elements-587a69ea7254c5906514d09d21098b70 is-layout-flow wp-block-column-is-layout-flow\" style=\"color:#000000;padding-top:2em;padding-right:2em;padding-bottom:2em;padding-left:2em\">\n<figure class=\"wp-block-image size-full\"><img loading=\"lazy\" decoding=\"async\" width=\"888\" height=\"281\" src=\"https:\/\/webs.uab.cat\/molbiomed\/wp-content\/uploads\/sites\/355\/2026\/04\/rsc-advances.png\" alt=\"\" class=\"wp-image-3000\" srcset=\"https:\/\/webs.uab.cat\/molbiomed\/wp-content\/uploads\/sites\/355\/2026\/04\/rsc-advances.png 888w, https:\/\/webs.uab.cat\/molbiomed\/wp-content\/uploads\/sites\/355\/2026\/04\/rsc-advances-300x95.png 300w, https:\/\/webs.uab.cat\/molbiomed\/wp-content\/uploads\/sites\/355\/2026\/04\/rsc-advances-768x243.png 768w\" sizes=\"auto, (max-width: 888px) 100vw, 888px\" \/><\/figure>\n\n\n\n<p class=\"has-accent-color has-text-color has-normal-font-size\" style=\"line-height:1.5\">Exploring allosteric properties of mammalian ALOX15: octyl (<em>N<\/em>-(4-(benzofuran-2-yl)-2-methoxyphenyl)sulfamoyl)- and octyl (<em>N<\/em>-(4-(1<em>H<\/em>-indol-2-yl)-2-methoxyphenyl)sulfamoyl)carbamates as ALOX inhibitors<\/p>\n\n\n\n<figure class=\"wp-block-image size-full\"><img loading=\"lazy\" decoding=\"async\" width=\"378\" height=\"179\" src=\"https:\/\/webs.uab.cat\/molbiomed\/wp-content\/uploads\/sites\/355\/2025\/09\/rsc-adv-2025.gif\" alt=\"\" class=\"wp-image-2888\" \/><\/figure>\n\n\n\n<p class=\"has-primary-color has-text-color\"><a href=\"https:\/\/doi.org\/10.1039\/D5RA03640B\" data-type=\"link\" data-id=\"https:\/\/doi.org\/10.1039\/D5RA03640B\" target=\"_blank\" rel=\"noreferrer noopener\">Llegeix M\u00e9s<\/a><\/p>\n<\/div>\n\n\n\n<div class=\"wp-block-column has-background-background-color has-text-color has-background has-link-color wp-elements-dd66916041cb846afb5976431ebc7af0 is-layout-flow wp-block-column-is-layout-flow\" style=\"color:#000000;padding-top:2em;padding-right:2em;padding-bottom:2em;padding-left:2em\">\n<figure class=\"wp-block-image size-large\"><img loading=\"lazy\" decoding=\"async\" width=\"1024\" height=\"197\" src=\"https:\/\/webs.uab.cat\/molbiomed\/wp-content\/uploads\/sites\/355\/2026\/04\/protein-science-1024x197.png\" alt=\"\" class=\"wp-image-3005\" srcset=\"https:\/\/webs.uab.cat\/molbiomed\/wp-content\/uploads\/sites\/355\/2026\/04\/protein-science-1024x197.png 1024w, https:\/\/webs.uab.cat\/molbiomed\/wp-content\/uploads\/sites\/355\/2026\/04\/protein-science-300x58.png 300w, https:\/\/webs.uab.cat\/molbiomed\/wp-content\/uploads\/sites\/355\/2026\/04\/protein-science-768x148.png 768w, https:\/\/webs.uab.cat\/molbiomed\/wp-content\/uploads\/sites\/355\/2026\/04\/protein-science.png 1136w\" sizes=\"auto, (max-width: 1024px) 100vw, 1024px\" \/><\/figure>\n\n\n\n<p class=\"has-accent-color has-text-color has-normal-font-size\">First-principles simulations of the fluorescence modulation of a COX-2-specific fluorogenic probe upon protein dimerization for cancer discrimination<\/p>\n\n\n\n<figure class=\"wp-block-image size-large\"><img loading=\"lazy\" decoding=\"async\" width=\"1024\" height=\"618\" src=\"https:\/\/webs.uab.cat\/molbiomed\/wp-content\/uploads\/sites\/355\/2024\/12\/PRO-2024-Alex-1024x618.jpg\" alt=\"\" class=\"wp-image-2642\" srcset=\"https:\/\/webs.uab.cat\/molbiomed\/wp-content\/uploads\/sites\/355\/2024\/12\/PRO-2024-Alex-1024x618.jpg 1024w, https:\/\/webs.uab.cat\/molbiomed\/wp-content\/uploads\/sites\/355\/2024\/12\/PRO-2024-Alex-300x181.jpg 300w, https:\/\/webs.uab.cat\/molbiomed\/wp-content\/uploads\/sites\/355\/2024\/12\/PRO-2024-Alex-768x464.jpg 768w, https:\/\/webs.uab.cat\/molbiomed\/wp-content\/uploads\/sites\/355\/2024\/12\/PRO-2024-Alex-1536x928.jpg 1536w, https:\/\/webs.uab.cat\/molbiomed\/wp-content\/uploads\/sites\/355\/2024\/12\/PRO-2024-Alex-2048x1237.jpg 2048w, https:\/\/webs.uab.cat\/molbiomed\/wp-content\/uploads\/sites\/355\/2024\/12\/PRO-2024-Alex-1200x725.jpg 1200w, https:\/\/webs.uab.cat\/molbiomed\/wp-content\/uploads\/sites\/355\/2024\/12\/PRO-2024-Alex-1980x1196.jpg 1980w\" sizes=\"auto, (max-width: 1024px) 100vw, 1024px\" \/><\/figure>\n\n\n\n<p class=\"has-primary-color has-text-color\"><a href=\"https:\/\/onlinelibrary.wiley.com\/doi\/10.1002\/pro.70001\" data-type=\"URL\" data-id=\"https:\/\/doi.org\/10.1002\/anie.202311181\" target=\"_blank\" rel=\"noreferrer noopener\">Llegeix M\u00e9s<\/a><\/p>\n<\/div>\n<\/div>\n\n\n\n<h2 class=\"wp-block-heading alignwide has-text-align-left\">\u00daltimes not\u00edcies<\/h2>\n\n\n\n<div class=\"wp-block-columns alignwide is-layout-flex wp-container-core-columns-is-layout-9d6595d7 wp-block-columns-is-layout-flex\">\n<div class=\"wp-block-column has-background-background-color has-text-color has-background has-link-color wp-elements-13575e162c00e51214eb87d6a900f4df is-layout-flow wp-block-column-is-layout-flow\" style=\"color:#000000;padding-top:2em;padding-right:2em;padding-bottom:2em;padding-left:2em\">\n<p><em>8<\/em><em> d&#8217;abril de 2026<\/em><\/p>\n\n\n\n<h1 class=\"wp-block-heading\" id=\"patron\" style=\"font-size:40px\">L&#8217;\u00c1lex i l&#8217;Alba assisteixen al <em>5th International Symposium on Photopharmacology<\/em> a S\u00e8te, Fran\u00e7a<\/h1>\n\n\n\n<p class=\"has-accent-color has-text-color has-normal-font-size\">L&#8217;\u00c1lex i l&#8217;Alba han presentat al <em>5th<\/em> <em>International Symposium on Photopharmacology<\/em>  un poster del seu \u00faltim treball.<\/p>\n\n\n\n<figure class=\"wp-block-image size-large is-resized\"><img loading=\"lazy\" decoding=\"async\" width=\"768\" height=\"1024\" src=\"https:\/\/webs.uab.cat\/molbiomed\/wp-content\/uploads\/sites\/355\/2026\/04\/alex_photochem_congres-768x1024.jpeg\" alt=\"\" class=\"wp-image-2978\" style=\"width:304px;height:auto\" srcset=\"https:\/\/webs.uab.cat\/molbiomed\/wp-content\/uploads\/sites\/355\/2026\/04\/alex_photochem_congres-768x1024.jpeg 768w, https:\/\/webs.uab.cat\/molbiomed\/wp-content\/uploads\/sites\/355\/2026\/04\/alex_photochem_congres-225x300.jpeg 225w, https:\/\/webs.uab.cat\/molbiomed\/wp-content\/uploads\/sites\/355\/2026\/04\/alex_photochem_congres-1152x1536.jpeg 1152w, https:\/\/webs.uab.cat\/molbiomed\/wp-content\/uploads\/sites\/355\/2026\/04\/alex_photochem_congres-1200x1600.jpeg 1200w, https:\/\/webs.uab.cat\/molbiomed\/wp-content\/uploads\/sites\/355\/2026\/04\/alex_photochem_congres.jpeg 1440w\" sizes=\"auto, (max-width: 768px) 100vw, 768px\" \/><figcaption class=\"wp-element-caption\">\u00c1lex P\u00e9rez S\u00e1nchez, Domaine du Lazaret a S\u00e8te<\/figcaption><\/figure>\n\n\n\n<figure class=\"wp-block-image size-large is-resized\"><img loading=\"lazy\" decoding=\"async\" width=\"768\" height=\"1024\" src=\"https:\/\/webs.uab.cat\/molbiomed\/wp-content\/uploads\/sites\/355\/2026\/04\/alba_photochem_congres-768x1024.jpeg\" alt=\"\" class=\"wp-image-2977\" style=\"aspect-ratio:0.7500096372537681;width:304px;height:auto\" srcset=\"https:\/\/webs.uab.cat\/molbiomed\/wp-content\/uploads\/sites\/355\/2026\/04\/alba_photochem_congres-768x1024.jpeg 768w, https:\/\/webs.uab.cat\/molbiomed\/wp-content\/uploads\/sites\/355\/2026\/04\/alba_photochem_congres-225x300.jpeg 225w, https:\/\/webs.uab.cat\/molbiomed\/wp-content\/uploads\/sites\/355\/2026\/04\/alba_photochem_congres-1152x1536.jpeg 1152w, https:\/\/webs.uab.cat\/molbiomed\/wp-content\/uploads\/sites\/355\/2026\/04\/alba_photochem_congres-1200x1600.jpeg 1200w, https:\/\/webs.uab.cat\/molbiomed\/wp-content\/uploads\/sites\/355\/2026\/04\/alba_photochem_congres.jpeg 1530w\" sizes=\"auto, (max-width: 768px) 100vw, 768px\" \/><figcaption class=\"wp-element-caption\">Alba Villar-Yanez, Domaine du Lazaret a S\u00e8te<\/figcaption><\/figure>\n<\/div>\n\n\n\n<div class=\"wp-block-column has-background-background-color has-text-color has-background has-link-color wp-elements-566cd322a90131b1332e80aaa9cd96dd is-layout-flow wp-block-column-is-layout-flow\" style=\"color:#000000;padding-top:2em;padding-right:2em;padding-bottom:2em;padding-left:2em\">\n<p><em>1 de mar\u00e7 de 202<\/em>6<\/p>\n\n\n\n<h1 class=\"wp-block-heading\" id=\"family\" style=\"font-size:40px\">Nou Membre<\/h1>\n\n\n\n<p class=\"has-accent-color has-text-color has-normal-font-size\" style=\"line-height:1.5\">Aquest passat mes de mar\u00e7 s&#8217;ha incorporat al grup un nou membre:<\/p>\n\n\n\n<p>L&#8217;<strong>Ahmed Munawir Albarkani<\/strong> que s&#8217;incopora com a investigador predoctoral i estar\u00e0 amb nosaltres treballant en la seva tesi doctoral dintre del projecte <em>Abordatge del C\u00e0ncer com una Malaltia Basada en la Inflamaci\u00f3<\/em>.<\/p>\n\n\n\n<figure class=\"wp-block-image size-full\"><img loading=\"lazy\" decoding=\"async\" width=\"960\" height=\"1024\" src=\"https:\/\/webs.uab.cat\/molbiomed\/wp-content\/uploads\/sites\/355\/2026\/03\/ahmed.png\" alt=\"\" class=\"wp-image-2935\" srcset=\"https:\/\/webs.uab.cat\/molbiomed\/wp-content\/uploads\/sites\/355\/2026\/03\/ahmed.png 960w, https:\/\/webs.uab.cat\/molbiomed\/wp-content\/uploads\/sites\/355\/2026\/03\/ahmed-281x300.png 281w, https:\/\/webs.uab.cat\/molbiomed\/wp-content\/uploads\/sites\/355\/2026\/03\/ahmed-768x819.png 768w\" sizes=\"auto, (max-width: 960px) 100vw, 960px\" \/><\/figure>\n\n\n\n<figure class=\"wp-block-image size-full is-resized\"><img loading=\"lazy\" decoding=\"async\" width=\"1500\" height=\"499\" src=\"https:\/\/webs.uab.cat\/molbiomed\/wp-content\/uploads\/sites\/355\/2023\/03\/logo_psi_redim.png\" alt=\"\" class=\"wp-image-1304\" style=\"width:304px;height:auto\" srcset=\"https:\/\/webs.uab.cat\/molbiomed\/wp-content\/uploads\/sites\/355\/2023\/03\/logo_psi_redim.png 1500w, https:\/\/webs.uab.cat\/molbiomed\/wp-content\/uploads\/sites\/355\/2023\/03\/logo_psi_redim-300x100.png 300w, https:\/\/webs.uab.cat\/molbiomed\/wp-content\/uploads\/sites\/355\/2023\/03\/logo_psi_redim-1024x341.png 1024w, https:\/\/webs.uab.cat\/molbiomed\/wp-content\/uploads\/sites\/355\/2023\/03\/logo_psi_redim-768x255.png 768w, https:\/\/webs.uab.cat\/molbiomed\/wp-content\/uploads\/sites\/355\/2023\/03\/logo_psi_redim-1200x399.png 1200w\" sizes=\"auto, (max-width: 1500px) 100vw, 1500px\" \/><\/figure>\n<\/div>\n\n\n\n<div class=\"wp-block-column has-background-background-color has-text-color has-background has-link-color wp-elements-c874e198165fba582533eafc24a49267 is-layout-flow wp-block-column-is-layout-flow\" style=\"color:#000000;padding-top:2em;padding-right:2em;padding-bottom:2em;padding-left:2em\">\n<p><em>11 de juliol del 2025<\/em><\/p>\n\n\n\n<h1 class=\"wp-block-heading\" id=\"single\" style=\"font-size:40px\">El Pedro assiteix al <em>1st EuChemS School on Computational Chemical Biology<\/em><\/h1>\n\n\n\n<p class=\"has-accent-color has-text-color has-normal-font-size\" style=\"line-height:1.5\">Molecular Dynamics, Cheminformatics, Free-Energy Methods, Machine-Learning Potentials, Coarge-Grained Models, and QM\/MM<\/p>\n\n\n\n<figure class=\"wp-block-image alignwide size-large\"><img loading=\"lazy\" decoding=\"async\" width=\"1024\" height=\"473\" src=\"https:\/\/webs.uab.cat\/molbiomed\/wp-content\/uploads\/sites\/355\/2025\/07\/carrer-1024x473.jpeg\" alt=\"\" class=\"wp-image-2869\" srcset=\"https:\/\/webs.uab.cat\/molbiomed\/wp-content\/uploads\/sites\/355\/2025\/07\/carrer-1024x473.jpeg 1024w, https:\/\/webs.uab.cat\/molbiomed\/wp-content\/uploads\/sites\/355\/2025\/07\/carrer-300x139.jpeg 300w, https:\/\/webs.uab.cat\/molbiomed\/wp-content\/uploads\/sites\/355\/2025\/07\/carrer-768x355.jpeg 768w, https:\/\/webs.uab.cat\/molbiomed\/wp-content\/uploads\/sites\/355\/2025\/07\/carrer-1536x710.jpeg 1536w, https:\/\/webs.uab.cat\/molbiomed\/wp-content\/uploads\/sites\/355\/2025\/07\/carrer-1200x554.jpeg 1200w, https:\/\/webs.uab.cat\/molbiomed\/wp-content\/uploads\/sites\/355\/2025\/07\/carrer-1980x915.jpeg 1980w, https:\/\/webs.uab.cat\/molbiomed\/wp-content\/uploads\/sites\/355\/2025\/07\/carrer.jpeg 2048w\" sizes=\"auto, (max-width: 1024px) 100vw, 1024px\" \/><\/figure>\n\n\n\n<figure class=\"wp-block-image alignwide size-large\"><img loading=\"lazy\" decoding=\"async\" width=\"1024\" height=\"473\" src=\"https:\/\/webs.uab.cat\/molbiomed\/wp-content\/uploads\/sites\/355\/2025\/07\/handson-1024x473.jpeg\" alt=\"\" class=\"wp-image-2866\" srcset=\"https:\/\/webs.uab.cat\/molbiomed\/wp-content\/uploads\/sites\/355\/2025\/07\/handson-1024x473.jpeg 1024w, https:\/\/webs.uab.cat\/molbiomed\/wp-content\/uploads\/sites\/355\/2025\/07\/handson-300x139.jpeg 300w, https:\/\/webs.uab.cat\/molbiomed\/wp-content\/uploads\/sites\/355\/2025\/07\/handson-768x355.jpeg 768w, https:\/\/webs.uab.cat\/molbiomed\/wp-content\/uploads\/sites\/355\/2025\/07\/handson-1536x710.jpeg 1536w, https:\/\/webs.uab.cat\/molbiomed\/wp-content\/uploads\/sites\/355\/2025\/07\/handson-1200x554.jpeg 1200w, https:\/\/webs.uab.cat\/molbiomed\/wp-content\/uploads\/sites\/355\/2025\/07\/handson-1980x915.jpeg 1980w, https:\/\/webs.uab.cat\/molbiomed\/wp-content\/uploads\/sites\/355\/2025\/07\/handson.jpeg 2048w\" sizes=\"auto, (max-width: 1024px) 100vw, 1024px\" \/><figcaption class=\"wp-element-caption\">La Cristalera, UAM<\/figcaption><\/figure>\n<\/div>\n<\/div>\n\n\n\n<p><\/p>\n","protected":false},"excerpt":{"rendered":"<p>Qu\u00e8 es fa al nostre grup? Fotoqu\u00edmica La utilitat dels fotointerruptors com a f\u00e0rmacs \u00e9s gegant amb la Qu\u00edmica Qu\u00e0ntica estem intentar entedre com funcionen i com millorar-los Disseny de Prote\u00efnes La modificaci\u00f3 d&#8217;enzims \u00e9s una de les eines m\u00e9s potents per sintetitzar compostos espec\u00edfics Disseny de F\u00e0rmacs Estem intentant redissenyar f\u00e0rmacs per la inhibici\u00f3 [&hellip;]<\/p>\n","protected":false},"author":2580,"featured_media":0,"parent":0,"menu_order":0,"comment_status":"closed","ping_status":"closed","template":"","meta":{"footnotes":""},"class_list":["post-51","page","type-page","status-publish","hentry"],"_links":{"self":[{"href":"https:\/\/webs.uab.cat\/molbiomed\/wp-json\/wp\/v2\/pages\/51","targetHints":{"allow":["GET"]}}],"collection":[{"href":"https:\/\/webs.uab.cat\/molbiomed\/wp-json\/wp\/v2\/pages"}],"about":[{"href":"https:\/\/webs.uab.cat\/molbiomed\/wp-json\/wp\/v2\/types\/page"}],"author":[{"embeddable":true,"href":"https:\/\/webs.uab.cat\/molbiomed\/wp-json\/wp\/v2\/users\/2580"}],"replies":[{"embeddable":true,"href":"https:\/\/webs.uab.cat\/molbiomed\/wp-json\/wp\/v2\/comments?post=51"}],"version-history":[{"count":75,"href":"https:\/\/webs.uab.cat\/molbiomed\/wp-json\/wp\/v2\/pages\/51\/revisions"}],"predecessor-version":[{"id":3006,"href":"https:\/\/webs.uab.cat\/molbiomed\/wp-json\/wp\/v2\/pages\/51\/revisions\/3006"}],"wp:attachment":[{"href":"https:\/\/webs.uab.cat\/molbiomed\/wp-json\/wp\/v2\/media?parent=51"}],"curies":[{"name":"wp","href":"https:\/\/api.w.org\/{rel}","templated":true}]}}