{"id":200,"date":"2020-02-05T17:54:01","date_gmt":"2020-02-05T15:54:01","guid":{"rendered":"https:\/\/webs.uab.cat\/musc\/cants-orals-de-la-mediterrania\/"},"modified":"2022-11-24T12:21:18","modified_gmt":"2022-11-24T10:21:18","slug":"cants-orals-de-la-mediterrania","status":"publish","type":"page","link":"https:\/\/webs.uab.cat\/musc\/cants-orals-de-la-mediterrania\/","title":{"rendered":"Cants orals de la Mediterr\u00e0nia"},"content":{"rendered":"\n<p>Un cantador del Pallars, el cant redoblat d\u2019Eivissa, un confrare de C\u00f2rsega, un muez\u00ed d\u2019El Caire, un versador de cant d\u2019estil valenci\u00e0, i un venedor de s\u00edndries d\u2019Alexandria, expressen amb la veu els valors de la seva cultura. Aquests cants de tradici\u00f3 oral ens parlen de les formes de viure de la mediterr\u00e0nia. L\u2019imaginari col\u00b7lectiu \u00e9s constru\u00eft a trav\u00e9s del temps i actualitzat pels rituals quotidians. Entendre la l\u00f2gica no escrita d\u2019aquests cants ens acosta a con\u00e8ixer les realitats d\u2019aquesta \u00e0rea.<\/p>\n\n\n\n<h2 class=\"wp-block-heading\">Projectes<\/h2>\n\n\n\n<h3 class=\"wp-block-heading\"><em><strong>Faux-Bourdon, Improvisation et Contrepoint mental (FABRICA) (2009 &#8211; 2011)<\/strong><\/em><\/h3>\n\n\n\n<p>El projecte FABRICA porta a terme una recerca met\u00f2dica i sistem\u00e0tica sobre les pr\u00e0ctiques polif\u00f2niques del cant religi\u00f3s a Europa occidental, des de l\u2019aparici\u00f3 dels primers fabordons i tractats de cant escrits en llibres del segle XV fins als darrers testimonis orals d\u2019aquesta tradici\u00f3 a mitjans segle XX. El projecte s\u2019interessa, en conjunt, per les modalitats de creaci\u00f3 i de transmissi\u00f3 de les polifonies improvisades, i inclou tamb\u00e9 els repertoris i les pr\u00e0ctiques d\u2019interpretaci\u00f3 situats fora dels limits cronol\u00f2gics i geogr\u00e0fics que marquen els seu camp d\u2019acci\u00f3.<\/p>\n\n\n\n<p><em>Investigadors:<\/em><br>Jaume Ayats i Abey\u00e0, Iris Gayete Acero<\/p>\n\n\n\n<p><em>Col\u00b7laboradors:<\/em><br>Am\u00e0lia Atmetll\u00f3 Folguera, Ester Garcia Llop<\/p>\n\n\n\n<h3 class=\"wp-block-heading\"><em><strong>El cant religi\u00f3s de tradici\u00f3 oral al Pirineu Catal\u00e0 (2008 &#8211; 2011)<\/strong><\/em><\/h3>\n\n\n\n<p>El projecte estudia per primera vegada els cants religiosos de tradici\u00f3 oral al Pirineu catal\u00e0. Alguns d\u2019aquests cants tenen unes caracter\u00edstiques polif\u00f2niques que els fan excepcionals dins del panorama europeu de les polifonies religioses masculines. En diverses comarques pirenaiques es mant\u00e9 un record molt present i intens dels cants masculins a l\u2019esgl\u00e9sia. Malgrat els anys transcorreguts des de la seva vig\u00e8ncia, encara trobem testimonis s\u00f2lids i actius que permeten, no tan sols recordar uns cants del passat, sin\u00f3 reconstruir-ne unes interpretacions d\u2019alt inter\u00e8s musical. La recerca constata l\u2019abast i l\u2019estat d\u2019una tradici\u00f3 previsiblement esva\u00efda i es fixa especialment en aspectes socials i musicals d\u2019aquests cants.<\/p>\n\n\n\n<p><em>Investigador principal:<\/em><br>Jaume Ayats i Abey\u00e0<\/p>\n\n\n\n<p><em>Investigadors<\/em>:<br>Iris Gayete Acero<\/p>\n\n\n\n<p><em>Col\u00b7laboradors:<\/em><br>Am\u00e0lia Atmetll\u00f3 Folguera, Ester Garcia Llop<\/p>\n","protected":false},"excerpt":{"rendered":"<p>Un cantador del Pallars, el cant redoblat d\u2019Eivissa, un confrare de C\u00f2rsega, un muez\u00ed d\u2019El Caire, un versador de cant d\u2019estil valenci\u00e0, i un venedor de s\u00edndries d\u2019Alexandria, expressen amb la veu els valors de la seva cultura. Aquests cants de tradici\u00f3 oral ens parlen de les formes de viure de la mediterr\u00e0nia. L\u2019imaginari col\u00b7lectiu [&hellip;]<\/p>\n","protected":false},"author":20,"featured_media":0,"parent":0,"menu_order":0,"comment_status":"closed","ping_status":"closed","template":"","meta":{"footnotes":""},"class_list":["post-200","page","type-page","status-publish","hentry"],"_links":{"self":[{"href":"https:\/\/webs.uab.cat\/musc\/wp-json\/wp\/v2\/pages\/200","targetHints":{"allow":["GET"]}}],"collection":[{"href":"https:\/\/webs.uab.cat\/musc\/wp-json\/wp\/v2\/pages"}],"about":[{"href":"https:\/\/webs.uab.cat\/musc\/wp-json\/wp\/v2\/types\/page"}],"author":[{"embeddable":true,"href":"https:\/\/webs.uab.cat\/musc\/wp-json\/wp\/v2\/users\/20"}],"replies":[{"embeddable":true,"href":"https:\/\/webs.uab.cat\/musc\/wp-json\/wp\/v2\/comments?post=200"}],"version-history":[{"count":1,"href":"https:\/\/webs.uab.cat\/musc\/wp-json\/wp\/v2\/pages\/200\/revisions"}],"predecessor-version":[{"id":413,"href":"https:\/\/webs.uab.cat\/musc\/wp-json\/wp\/v2\/pages\/200\/revisions\/413"}],"wp:attachment":[{"href":"https:\/\/webs.uab.cat\/musc\/wp-json\/wp\/v2\/media?parent=200"}],"curies":[{"name":"wp","href":"https:\/\/api.w.org\/{rel}","templated":true}]}}