{"id":201,"date":"2020-02-05T18:03:29","date_gmt":"2020-02-05T16:03:29","guid":{"rendered":"https:\/\/webs.uab.cat\/musc\/musiques-i-genere-corporalitat-sexualitat-i-identitat\/"},"modified":"2020-02-05T18:03:29","modified_gmt":"2020-02-05T16:03:29","slug":"musiques-i-genere-corporalitat-sexualitat-i-identitat","status":"publish","type":"page","link":"https:\/\/webs.uab.cat\/musc\/musiques-i-genere-corporalitat-sexualitat-i-identitat\/","title":{"rendered":"M\u00fasiques i g\u00e8nere: corporalitat, sexualitat i identitat"},"content":{"rendered":"<p>Les m\u00fasiques, com a sistemes tamb\u00e9 simb\u00f2lics, esdevenen un agent que possibilita complexes representacions i corporalitats en relaci\u00f3 a les identitats gen\u00e8rico-sexuals. La vinculaci\u00f3 entre les m\u00fasiques i les pol\u00edtiques, subjectivitats, imatges i textualitats ens dibuixa traject\u00f2ries a nivell cultural i hist\u00f2ric, que s&#8217;analitzen des d&#8217;una perspectiva plural. Es treballa sobre materials musicals i audiovisuals interactius \u00advideoclips, <em>mashups<\/em>, <em>remixes\u00ad<\/em>, podent-se derivar a una publicaci\u00f3 on-line. Es dissenyaran noves estrat\u00e8gies per estudiar les relacions de m\u00fasica, cos i g\u00e8nere. En tercer lloc, s\u00b9obrir\u00e0 la recerca sistem\u00e0tica de la pres\u00e8ncia dels espectacles musicals al Paral\u00b7lel barcelon\u00ed, la hist\u00f2ria d\u00b9un entorn que recentment est\u00e0 essent redescobert, i fer-ne una relectura des del missatge sonor.<\/p>\n","protected":false},"excerpt":{"rendered":"<p>Les m\u00fasiques, com a sistemes tamb\u00e9 simb\u00f2lics, esdevenen un agent que possibilita complexes representacions i corporalitats en relaci\u00f3 a les identitats gen\u00e8rico-sexuals. La vinculaci\u00f3 entre les m\u00fasiques i les pol\u00edtiques, subjectivitats, imatges i textualitats ens dibuixa traject\u00f2ries a nivell cultural i hist\u00f2ric, que s&#8217;analitzen des d&#8217;una perspectiva plural. Es treballa sobre materials musicals i audiovisuals [&hellip;]<\/p>\n","protected":false},"author":20,"featured_media":0,"parent":0,"menu_order":0,"comment_status":"closed","ping_status":"closed","template":"","meta":{"footnotes":""},"class_list":["post-201","page","type-page","status-publish","hentry"],"_links":{"self":[{"href":"https:\/\/webs.uab.cat\/musc\/wp-json\/wp\/v2\/pages\/201","targetHints":{"allow":["GET"]}}],"collection":[{"href":"https:\/\/webs.uab.cat\/musc\/wp-json\/wp\/v2\/pages"}],"about":[{"href":"https:\/\/webs.uab.cat\/musc\/wp-json\/wp\/v2\/types\/page"}],"author":[{"embeddable":true,"href":"https:\/\/webs.uab.cat\/musc\/wp-json\/wp\/v2\/users\/20"}],"replies":[{"embeddable":true,"href":"https:\/\/webs.uab.cat\/musc\/wp-json\/wp\/v2\/comments?post=201"}],"version-history":[{"count":0,"href":"https:\/\/webs.uab.cat\/musc\/wp-json\/wp\/v2\/pages\/201\/revisions"}],"wp:attachment":[{"href":"https:\/\/webs.uab.cat\/musc\/wp-json\/wp\/v2\/media?parent=201"}],"curies":[{"name":"wp","href":"https:\/\/api.w.org\/{rel}","templated":true}]}}