{"id":202,"date":"2020-02-05T18:05:23","date_gmt":"2020-02-05T16:05:23","guid":{"rendered":"https:\/\/webs.uab.cat\/musc\/contemporaneitat-creacio-i-consum-musicals\/"},"modified":"2020-02-05T18:05:23","modified_gmt":"2020-02-05T16:05:23","slug":"contemporaneitat-creacio-i-consum-musicals","status":"publish","type":"page","link":"https:\/\/webs.uab.cat\/musc\/contemporaneitat-creacio-i-consum-musicals\/","title":{"rendered":"Contemporane\u00eftat: creaci\u00f3 i consum musicals"},"content":{"rendered":"<p class=\"rtejustify\">Els inicis de la contemporane\u00eftat musical a Catalunya va lligat amb els di\u00e0leg amb les Avantguardes art\u00edstiques i liter\u00e0ries, un terreny per a fer-ne una nova lectura. Tractem la interrelaci\u00f3 entre m\u00fasica i arts pl\u00e0stiques, ent\u00e8s com a punt de trobada d\u00b9inquietuds est\u00e8tiques. La proposta contrasta des de les primeres propostes de Mir\u00f3 i T\u00e0pies, fins a les manifestacions m\u00e9s actuals de Perejaume, tamb\u00e9 als grups i int\u00e8rprets de les avantguardes, cas de Diabolus in Musica, el Conjunt Catal\u00e0 de M\u00fasica Contempor\u00e0nia, o el Laboratori Phonos. S&#8217;estudia la promoci\u00f3 del consum musical d\u00b9avantguarda \u00adpremis i festivals institucionalitzats\u00ad, el paper de les iniciatives de creaci\u00f3 musical.<\/p>\n","protected":false},"excerpt":{"rendered":"<p>Els inicis de la contemporane\u00eftat musical a Catalunya va lligat amb els di\u00e0leg amb les Avantguardes art\u00edstiques i liter\u00e0ries, un terreny per a fer-ne una nova lectura. Tractem la interrelaci\u00f3 entre m\u00fasica i arts pl\u00e0stiques, ent\u00e8s com a punt de trobada d\u00b9inquietuds est\u00e8tiques. La proposta contrasta des de les primeres propostes de Mir\u00f3 i T\u00e0pies, [&hellip;]<\/p>\n","protected":false},"author":20,"featured_media":0,"parent":0,"menu_order":0,"comment_status":"closed","ping_status":"closed","template":"","meta":{"footnotes":""},"class_list":["post-202","page","type-page","status-publish","hentry"],"_links":{"self":[{"href":"https:\/\/webs.uab.cat\/musc\/wp-json\/wp\/v2\/pages\/202","targetHints":{"allow":["GET"]}}],"collection":[{"href":"https:\/\/webs.uab.cat\/musc\/wp-json\/wp\/v2\/pages"}],"about":[{"href":"https:\/\/webs.uab.cat\/musc\/wp-json\/wp\/v2\/types\/page"}],"author":[{"embeddable":true,"href":"https:\/\/webs.uab.cat\/musc\/wp-json\/wp\/v2\/users\/20"}],"replies":[{"embeddable":true,"href":"https:\/\/webs.uab.cat\/musc\/wp-json\/wp\/v2\/comments?post=202"}],"version-history":[{"count":0,"href":"https:\/\/webs.uab.cat\/musc\/wp-json\/wp\/v2\/pages\/202\/revisions"}],"wp:attachment":[{"href":"https:\/\/webs.uab.cat\/musc\/wp-json\/wp\/v2\/media?parent=202"}],"curies":[{"name":"wp","href":"https:\/\/api.w.org\/{rel}","templated":true}]}}