{"id":203,"date":"2020-02-05T18:07:35","date_gmt":"2020-02-05T16:07:35","guid":{"rendered":"https:\/\/webs.uab.cat\/musc\/colloquis-del-flabiol\/"},"modified":"2020-02-05T18:07:35","modified_gmt":"2020-02-05T16:07:35","slug":"colloquis-del-flabiol","status":"publish","type":"page","link":"https:\/\/webs.uab.cat\/musc\/colloquis-del-flabiol\/","title":{"rendered":"Col\u00b7loquis del Flabiol"},"content":{"rendered":"<p class=\"rtejustify\">Cada any, des del 2000 i en el marc de la Festa del Flabiol que s\u2019hi celebra des de 1985, la vila selvatana d\u2019Arb\u00facies convoca i acull els Col\u00b7loquis del Flabiol. Es tracta d\u2019unes sessions d\u2019intercanvi de coneixements sobre els flabiols i els flabiolaires i, en general, sobre el grup instrumental individual vent-i-percussi\u00f3. S\u2019hi han presentat publicacions i enregistraments; treballs de camp sobre els instruments, els m\u00fasics i llurs ocasions d\u2019actuaci\u00f3; estudis sobre iconografia i altra documentaci\u00f3 hist\u00f2rica; materials per a l\u2019aprenentatge; i una mostra molt completa de les flautes-amb-tambor de tot el m\u00f3n. Les aportacions es deuen a int\u00e8rprets, estudiosos, lutiers i docents, molts d\u2019ells especialistes reconeguts.&nbsp;<\/p>\n<p>L\u2019Ajuntament de la Vila d\u2019Arb\u00facies, desitjant-ne la difusi\u00f3, publica les comunicacions presentades als Col\u00b7loquis en la revista anyal que porta el mateix nom. Aquestes publicacions s\u00f3n accessibles a trav\u00e9s del repositori RACO, a l&#8217;enlla\u00e7 <a href=\"https:\/\/www.raco.cat\/index.php\/ColFlab\/issue\/archive\">https:\/\/www.raco.cat\/index.php\/ColFlab\/issue\/archive<\/a>.<\/p>\n<p class=\"rtejustify\">Comissi\u00f3 cient\u00edfica: Dr. Jaume Ayats (UAB), Dr. Francesc Cort\u00e8s (UAB), Dr. Jaume Escandell (OCB), Dr. Gianni Ginesi (ESMUC), Dr. Joaquim Rabaseda (ESMUC), Dr. Karlos S\u00e1nchez Ekiza (EHU-UPV).<\/p>\n","protected":false},"excerpt":{"rendered":"<p>Cada any, des del 2000 i en el marc de la Festa del Flabiol que s\u2019hi celebra des de 1985, la vila selvatana d\u2019Arb\u00facies convoca i acull els Col\u00b7loquis del Flabiol. Es tracta d\u2019unes sessions d\u2019intercanvi de coneixements sobre els flabiols i els flabiolaires i, en general, sobre el grup instrumental individual vent-i-percussi\u00f3. S\u2019hi han [&hellip;]<\/p>\n","protected":false},"author":20,"featured_media":0,"parent":0,"menu_order":0,"comment_status":"closed","ping_status":"closed","template":"","meta":{"footnotes":""},"class_list":["post-203","page","type-page","status-publish","hentry"],"_links":{"self":[{"href":"https:\/\/webs.uab.cat\/musc\/wp-json\/wp\/v2\/pages\/203","targetHints":{"allow":["GET"]}}],"collection":[{"href":"https:\/\/webs.uab.cat\/musc\/wp-json\/wp\/v2\/pages"}],"about":[{"href":"https:\/\/webs.uab.cat\/musc\/wp-json\/wp\/v2\/types\/page"}],"author":[{"embeddable":true,"href":"https:\/\/webs.uab.cat\/musc\/wp-json\/wp\/v2\/users\/20"}],"replies":[{"embeddable":true,"href":"https:\/\/webs.uab.cat\/musc\/wp-json\/wp\/v2\/comments?post=203"}],"version-history":[{"count":0,"href":"https:\/\/webs.uab.cat\/musc\/wp-json\/wp\/v2\/pages\/203\/revisions"}],"wp:attachment":[{"href":"https:\/\/webs.uab.cat\/musc\/wp-json\/wp\/v2\/media?parent=203"}],"curies":[{"name":"wp","href":"https:\/\/api.w.org\/{rel}","templated":true}]}}