{"id":211,"date":"2020-03-05T17:39:50","date_gmt":"2020-03-05T15:39:50","guid":{"rendered":"https:\/\/webs.uab.cat\/musc\/nous-models-danalisi-grafica-del-so-enregistrat\/"},"modified":"2020-03-05T17:39:50","modified_gmt":"2020-03-05T15:39:50","slug":"nous-models-danalisi-grafica-del-so-enregistrat","status":"publish","type":"page","link":"https:\/\/webs.uab.cat\/musc\/nous-models-danalisi-grafica-del-so-enregistrat\/","title":{"rendered":"Nous models d\u2019an\u00e0lisi gr\u00e0fica del so enregistrat"},"content":{"rendered":"<p>Durant la segona meitat de segle XX -per\u00f2 especialment en els \u00faltims anys- la musicologia s&#8217;ha esfor\u00e7at a buscar nous models per a l&#8217;an\u00e0lisi musical partint de representacions gr\u00e0fiques alternatives. Des dels primers sonogrames moderns, obtinguts en els anys 60 gr\u00e0cies al mel\u00f2graf de Charles Seeger, fins a les an\u00e0lisis gr\u00e0fiques d&#8217;interpretacions pian\u00edstiques proposades per Werner Goebl i Gerhard Widmer, s\u00f3n moltes les eines que poden resultar reveladores. Aquesta l\u00ednia de recerca centra el seu inter\u00e8s en aquests nous models, aprofitant el punt de partida que brinden els projectes de digitalitzaci\u00f3 del grup, generadors d&#8217;una quantitat important de documents que permeten analitzar gr\u00e0ficament interpretacions musicals hist\u00f2riques.<\/p>\n","protected":false},"excerpt":{"rendered":"<p>Durant la segona meitat de segle XX -per\u00f2 especialment en els \u00faltims anys- la musicologia s&#8217;ha esfor\u00e7at a buscar nous models per a l&#8217;an\u00e0lisi musical partint de representacions gr\u00e0fiques alternatives. Des dels primers sonogrames moderns, obtinguts en els anys 60 gr\u00e0cies al mel\u00f2graf de Charles Seeger, fins a les an\u00e0lisis gr\u00e0fiques d&#8217;interpretacions pian\u00edstiques proposades per [&hellip;]<\/p>\n","protected":false},"author":20,"featured_media":0,"parent":0,"menu_order":0,"comment_status":"closed","ping_status":"closed","template":"","meta":{"footnotes":""},"class_list":["post-211","page","type-page","status-publish","hentry"],"_links":{"self":[{"href":"https:\/\/webs.uab.cat\/musc\/wp-json\/wp\/v2\/pages\/211","targetHints":{"allow":["GET"]}}],"collection":[{"href":"https:\/\/webs.uab.cat\/musc\/wp-json\/wp\/v2\/pages"}],"about":[{"href":"https:\/\/webs.uab.cat\/musc\/wp-json\/wp\/v2\/types\/page"}],"author":[{"embeddable":true,"href":"https:\/\/webs.uab.cat\/musc\/wp-json\/wp\/v2\/users\/20"}],"replies":[{"embeddable":true,"href":"https:\/\/webs.uab.cat\/musc\/wp-json\/wp\/v2\/comments?post=211"}],"version-history":[{"count":0,"href":"https:\/\/webs.uab.cat\/musc\/wp-json\/wp\/v2\/pages\/211\/revisions"}],"wp:attachment":[{"href":"https:\/\/webs.uab.cat\/musc\/wp-json\/wp\/v2\/media?parent=211"}],"curies":[{"name":"wp","href":"https:\/\/api.w.org\/{rel}","templated":true}]}}