{"id":213,"date":"2020-03-05T17:42:17","date_gmt":"2020-03-05T15:42:17","guid":{"rendered":"https:\/\/webs.uab.cat\/musc\/tecnologia-i-discurs-sonor\/"},"modified":"2020-03-05T17:42:17","modified_gmt":"2020-03-05T15:42:17","slug":"tecnologia-i-discurs-sonor","status":"publish","type":"page","link":"https:\/\/webs.uab.cat\/musc\/tecnologia-i-discurs-sonor\/","title":{"rendered":"Tecnologia i discurs sonor"},"content":{"rendered":"<p>Des de les primeres patents d&#8217;enregistrament fins a l&#8217;actual consum musical a trav\u00e9s de plataformes de<em>&nbsp;streaming<\/em>, les tecnologies associades al so enregistrat han modelat, d&#8217;una manera o altra, les formes de consum i recepci\u00f3 musical. Aquesta l\u00ednia s&#8217;interessa per &nbsp;les relacions entre suport sonor i model d&#8217;escolta fent especial \u00e8mfasi en els seus efectes sobre la conceptualitzaci\u00f3 de l&#8217;activitat musical.<\/p>\n","protected":false},"excerpt":{"rendered":"<p>Des de les primeres patents d&#8217;enregistrament fins a l&#8217;actual consum musical a trav\u00e9s de plataformes de&nbsp;streaming, les tecnologies associades al so enregistrat han modelat, d&#8217;una manera o altra, les formes de consum i recepci\u00f3 musical. Aquesta l\u00ednia s&#8217;interessa per &nbsp;les relacions entre suport sonor i model d&#8217;escolta fent especial \u00e8mfasi en els seus efectes sobre [&hellip;]<\/p>\n","protected":false},"author":20,"featured_media":0,"parent":0,"menu_order":0,"comment_status":"closed","ping_status":"closed","template":"","meta":{"footnotes":""},"class_list":["post-213","page","type-page","status-publish","hentry"],"_links":{"self":[{"href":"https:\/\/webs.uab.cat\/musc\/wp-json\/wp\/v2\/pages\/213","targetHints":{"allow":["GET"]}}],"collection":[{"href":"https:\/\/webs.uab.cat\/musc\/wp-json\/wp\/v2\/pages"}],"about":[{"href":"https:\/\/webs.uab.cat\/musc\/wp-json\/wp\/v2\/types\/page"}],"author":[{"embeddable":true,"href":"https:\/\/webs.uab.cat\/musc\/wp-json\/wp\/v2\/users\/20"}],"replies":[{"embeddable":true,"href":"https:\/\/webs.uab.cat\/musc\/wp-json\/wp\/v2\/comments?post=213"}],"version-history":[{"count":0,"href":"https:\/\/webs.uab.cat\/musc\/wp-json\/wp\/v2\/pages\/213\/revisions"}],"wp:attachment":[{"href":"https:\/\/webs.uab.cat\/musc\/wp-json\/wp\/v2\/media?parent=213"}],"curies":[{"name":"wp","href":"https:\/\/api.w.org\/{rel}","templated":true}]}}