{"id":57,"date":"2009-05-25T13:22:59","date_gmt":"2009-05-25T13:22:59","guid":{"rendered":"https:\/\/webs.uab.cat\/musicaieducacio\/documents-labast\/"},"modified":"2009-05-25T13:22:59","modified_gmt":"2009-05-25T13:22:59","slug":"documents-labast","status":"publish","type":"page","link":"https:\/\/webs.uab.cat\/musicaieducacio\/documents-labast\/","title":{"rendered":"Documents a l&#8217;abast"},"content":{"rendered":"<p>A continuaci\u00f3 trobareu diferents documents (comunicacions, articles, etc.) del personal del grup de recerca:<\/p>\n<p>Moncada, M. i Casals, A. (2019). <a href=\"https:\/\/webs.uab.cat\/musicaieducacio\/wp-content\/uploads\/sites\/179\/2009\/05\/la_musica_a_lescola_-_formulari_especialistes.pdf\">Formulari <\/a>per a la recollida de dades entorn de l&#8217;educaci\u00f3 musical al Vall\u00e8s Occidental i al Consorci d&#8217;Educaci\u00f3 de Barcelona. Universitat Aut\u00f2noma de BArcelona, octubre 2019.<\/p>\n<p>Casals, A. i Sabater, M.D.&nbsp;(2014). Glosar: un recurs pedag\u00f2gic i l\u00fadic. Comunicaci\u00f3 presentada al<em> IV Simposi Internacional sobre l&#8217;Ensenyament del Catal\u00e0<\/em>. Vic. <a href=\"http:\/\/grupsderecerca.uab.cat\/musicaieducacio\/sites\/grupsderecerca.uab.cat.musicaieducacio\/files\/glosar_un_recurs_pedagogic_i_ludic.pdf\">Text complet<\/a><\/p>\n<p>Carrillo, C. i Vilar, M. <strong><a href=\"\/\/grupsderecerca.uab.cat\/musicaieducacio\/sites\/grupsderecerca.uab.cat.musicaieducacio\/files\/FINAL_Q\u00fcestionari_compet\u00e8ncies.pdf\">Q\u00fcestionari <\/a>per a la recollida de dades a l&#8217;entorn de &#8220;Les compet\u00e8ncies professionals del docent de m\u00fasica&#8221; <\/strong>(c\u00f2pia simplificada de la versi\u00f3 electr\u00f2nica)<strong>. <\/strong>Instrument in\u00e8dit. Universitat Aut\u00f2noma de Barcelona, gener de 2010.<strong>&nbsp;<\/strong><\/p>\n<p>Carrillo, C. i Vilar, M. <strong>Proposta de<a href=\"\/\/grupsderecerca.uab.cat\/musicaieducacio\/sites\/grupsderecerca.uab.cat.musicaieducacio\/files\/FINAL_Compet\u00e8ncies_docents_m\u00fasica.pdf\"> compet\u00e8ncies dels Docents de M\u00fasica<\/a><\/strong><strong>.<\/strong> Universitat Aut\u00f2noma de Barcelona, novembre de 2009.<\/p>\n<p>Casals, A.<strong> Etnicidad y canci\u00f3n tradicional: un binomio que pol\u00edticamente tambi\u00e9n se juega en la escuela<\/strong>. Comunicaci\u00f3 presentada al <em>VII Congreso de la Sociedad Espa\u00f1ola de Antropolog\u00eda Aplicada<\/em>. Santander, desembre de 2006. <a href=\"http:\/\/grupsderecerca.uab.cat\/musicaieducacio\/sites\/grupsderecerca.uab.cat.musicaieducacio\/files\/Comunicaci\u00f3nSEAA.pdf\">Full text<\/a><\/p>\n<p>Malagarriga, T.; Valls, A. i Vilar, M. <strong>La m\u00fasica a l&#8217;educaci\u00f3 infantil i prim\u00e0ria<\/strong>. Comunicaci\u00f3 presentada al<em> Segon Congr\u00e9s Internacional de M\u00fasica a Catalunya<\/em>. Barcelona, abril de 2008. <a href=\"http:\/\/grupsderecerca.uab.cat\/musicaieducacio\/sites\/grupsderecerca.uab.cat.musicaieducacio\/files\/musinfpri_0.pdf\">Full text<\/a>.<\/p>\n<p>Vilar, M. (coord.).<strong> <a href=\"http:\/\/grupsderecerca.uab.cat\/musicaieducacio\/sites\/grupsderecerca.uab.cat.musicaieducacio\/files\/IRDO.pdf\">IRDO: Instrument de recollida de dades a classes de m\u00fasica de Prim\u00e0ria a partir de l&#8217;observaci\u00f3 no participant.<\/a><\/strong> Instrument in\u00e8dit elaborat pel Grup de Recerca M\u00fasica i Prim\u00e0ria. Universitat Aut\u00f2noma de Barcelona.<\/p>\n<p>Vilar, M. (coord). <strong><a href=\"http:\/\/grupsderecerca.uab.cat\/musicaieducacio\/sites\/grupsderecerca.uab.cat.musicaieducacio\/files\/Bones%20pr\u00e0ctiques%20en%20educaci\u00f3%20musical%20-%20Informe%20gener%202013.pdf\">Quinze anys d\u2019educaci\u00f3 musical a l\u2019escola prim\u00e0ria<\/a>.<\/strong> Informe de treball per a l&#8217;ICE-UAB, gener de 2013. Autors: Merc\u00e8 Vilar, Carme Carrillo, Albert Casals, Rita Ferrer, Rosa Maria Girbau i Assumpta Valls.<\/p>\n","protected":false},"excerpt":{"rendered":"<p>A continuaci\u00f3 trobareu diferents documents (comunicacions, articles, etc.) del personal del grup de recerca: Moncada, M. i Casals, A. (2019). Formulari per a la recollida de dades entorn de l&#8217;educaci\u00f3 musical al Vall\u00e8s Occidental i al Consorci d&#8217;Educaci\u00f3 de Barcelona. Universitat Aut\u00f2noma de BArcelona, octubre 2019. Casals, A. i Sabater, M.D.&nbsp;(2014). Glosar: un recurs pedag\u00f2gic [&hellip;]<\/p>\n","protected":false},"author":20,"featured_media":0,"parent":0,"menu_order":0,"comment_status":"closed","ping_status":"closed","template":"","meta":{"footnotes":""},"class_list":["post-57","page","type-page","status-publish","hentry"],"_links":{"self":[{"href":"https:\/\/webs.uab.cat\/musicaieducacio\/wp-json\/wp\/v2\/pages\/57","targetHints":{"allow":["GET"]}}],"collection":[{"href":"https:\/\/webs.uab.cat\/musicaieducacio\/wp-json\/wp\/v2\/pages"}],"about":[{"href":"https:\/\/webs.uab.cat\/musicaieducacio\/wp-json\/wp\/v2\/types\/page"}],"author":[{"embeddable":true,"href":"https:\/\/webs.uab.cat\/musicaieducacio\/wp-json\/wp\/v2\/users\/20"}],"replies":[{"embeddable":true,"href":"https:\/\/webs.uab.cat\/musicaieducacio\/wp-json\/wp\/v2\/comments?post=57"}],"version-history":[{"count":0,"href":"https:\/\/webs.uab.cat\/musicaieducacio\/wp-json\/wp\/v2\/pages\/57\/revisions"}],"wp:attachment":[{"href":"https:\/\/webs.uab.cat\/musicaieducacio\/wp-json\/wp\/v2\/media?parent=57"}],"curies":[{"name":"wp","href":"https:\/\/api.w.org\/{rel}","templated":true}]}}