{"id":84,"date":"2009-05-25T14:05:25","date_gmt":"2009-05-25T14:05:25","guid":{"rendered":"https:\/\/webs.uab.cat\/musicaieducacio\/som\/"},"modified":"2009-05-25T14:05:25","modified_gmt":"2009-05-25T14:05:25","slug":"som","status":"publish","type":"page","link":"https:\/\/webs.uab.cat\/musicaieducacio\/som\/","title":{"rendered":"On som?"},"content":{"rendered":"<p>Unitat de M\u00fasica &#8211; Departament de Did\u00e0ctica de l&#8217;Expressi\u00f3 Musical, Pl\u00e0stica i Corporal<\/p>\n<p>Facultat de Ci\u00e8ncies de l&#8217;Educaci\u00f3, Edifici G6 &#8211; despatx 157<\/p>\n<p>Campus de Bellaterra de la UAB<\/p>\n<p>08193 Cerdanyola del Vall\u00e8s<\/p>\n<p>&nbsp;<\/p>\n<p>Tel. 93 581 26 70&nbsp; \/&nbsp; 93 581 16 79<\/p>\n<p>Fax. 93 581 32 99<\/p>\n","protected":false},"excerpt":{"rendered":"<p>Unitat de M\u00fasica &#8211; Departament de Did\u00e0ctica de l&#8217;Expressi\u00f3 Musical, Pl\u00e0stica i Corporal Facultat de Ci\u00e8ncies de l&#8217;Educaci\u00f3, Edifici G6 &#8211; despatx 157 Campus de Bellaterra de la UAB 08193 Cerdanyola del Vall\u00e8s &nbsp; Tel. 93 581 26 70&nbsp; \/&nbsp; 93 581 16 79 Fax. 93 581 32 99<\/p>\n","protected":false},"author":20,"featured_media":0,"parent":0,"menu_order":0,"comment_status":"closed","ping_status":"closed","template":"","meta":{"footnotes":""},"class_list":["post-84","page","type-page","status-publish","hentry"],"_links":{"self":[{"href":"https:\/\/webs.uab.cat\/musicaieducacio\/wp-json\/wp\/v2\/pages\/84","targetHints":{"allow":["GET"]}}],"collection":[{"href":"https:\/\/webs.uab.cat\/musicaieducacio\/wp-json\/wp\/v2\/pages"}],"about":[{"href":"https:\/\/webs.uab.cat\/musicaieducacio\/wp-json\/wp\/v2\/types\/page"}],"author":[{"embeddable":true,"href":"https:\/\/webs.uab.cat\/musicaieducacio\/wp-json\/wp\/v2\/users\/20"}],"replies":[{"embeddable":true,"href":"https:\/\/webs.uab.cat\/musicaieducacio\/wp-json\/wp\/v2\/comments?post=84"}],"version-history":[{"count":0,"href":"https:\/\/webs.uab.cat\/musicaieducacio\/wp-json\/wp\/v2\/pages\/84\/revisions"}],"wp:attachment":[{"href":"https:\/\/webs.uab.cat\/musicaieducacio\/wp-json\/wp\/v2\/media?parent=84"}],"curies":[{"name":"wp","href":"https:\/\/api.w.org\/{rel}","templated":true}]}}