{"id":114,"date":"2011-02-10T11:50:45","date_gmt":"2011-02-10T09:50:45","guid":{"rendered":"https:\/\/webs.uab.cat\/mutagenesi\/graduate-thesis-and-master-degrees-2000-2002\/"},"modified":"2011-02-10T11:50:45","modified_gmt":"2011-02-10T09:50:45","slug":"graduate-thesis-and-master-degrees-2000-2002","status":"publish","type":"page","link":"https:\/\/webs.uab.cat\/mutagenesi\/en\/graduate-thesis-and-master-degrees-2000-2002\/","title":{"rendered":"Graduate Thesis and Master Degrees: 2001 &#8211; 2005"},"content":{"rendered":"<p><strong><a name=\"puja\"><\/a>32.<\/strong> Evaluaci\u00f3n genot\u00f3xica del derivado 1-(5-bromofur-2-il)-2-metil 2-nitroeteno (UC-245). Giselle Perez Machado. Master Degree. Supervisor: R. Marcos. Date: 9-28-2001.<\/p>\n<p><strong>33.<\/strong> Detecci\u00f3n diferencial del da\u00f1o oxidativo inducido en distintos subtipos de linfocitos humanos mediante el ensayo del cometa. Mar\u00eda Jos\u00e9 Morillas. Master Degree. Supervisor: R. Marcos. Date: 9-28-2001.<\/p>\n<p><strong>34.<\/strong> Disfunci\u00f3n telom\u00e9rica en el s\u00edndrome gen\u00e9tico de predisposici\u00f3n al c\u00e1ncer anemia de Fanconi. Elsa Call\u00e9n Moreu. Master Degree. Supervisor: J. Surrall\u00e9s. Date: 9-28-2001.<\/p>\n<p><strong>35.<\/strong> An in vitro rodent model as alternative method in assessing cytotoxicity and morphological neoplastic transformation induced by metal compounds. Francesca Mazzotti. Master Degree. Supervisor: E. Sabbioni. Tutor: R. Marcos. Date: 9-27-2001.<\/p>\n<p><strong>36. <\/strong>Estudi de la genotoxicitat d\u2019alguns metalls mitjan\u00e7ant la t\u00e8cnica del Cometa. Emma Guillamet Cros. Master Degree. Supervisor: R. Marcos. Date: 9-28-2001.<\/p>\n<p><strong>37.<\/strong> Genotoxicity of the insecticides acrinathrin, tralomethrin and metamidophos in cultured human cells. Mar\u00eda Lourdes Almeda&nbsp;Gayatin. Master Degree. Supervisor: R. Marcos. Date: 12-19-2001.<\/p>\n<p><strong>38.<\/strong> Polimorfismos gen\u00e9ticos de las Glutation-S transferasas mu, theta y pi (GSTM1, GSTT1 y GSTP1) y susceptibilidad al c\u00e1ncer de tiroides. Walkiria J. C\u00e9spedes Vigoya. Master Degree. Supervisors: R. Marcos and&nbsp;&nbsp;N. Xamena. Date: 10-10-2001.<\/p>\n<p><strong>39.<\/strong> Estudi de la mutaci\u00f3 deguda a la inserci\u00f3 de l&#8217;element transposable FB-NOF en la regi\u00f3 3&#8242; no codificant del gen white de Drosophila melanogaster i el seu efecte en la interacci\u00f3 zeste-white. Mart\u00ed Badal Soler. Master Degree. Supervisors: O. Cabr\u00e9 and&nbsp;N. Xamena. Date: 2-26-2002.<\/p>\n<p><strong>40.<\/strong> Estudio de riesgo gen\u00e9tico asociado al hidroarsenicismo en el norte de Chile. Valeria Susana Mart\u00ednez Gonz\u00e1lez. Master Degree. Supervisors: R. Marcos and&nbsp;A. Creus. Date: 9-18-2002.<\/p>\n<p><strong>41.<\/strong> Persistencia de los dic\u00e9ntricos en pacientes de c\u00e1ncer de tiroides tratados con yodo-131. Leila Benkhaled. Master Degree. Supervisor: R. Marcos. Date: 9-17-2002.<\/p>\n<p><strong>42.<\/strong> Inestabilidad de microsat\u00e9lites en la l\u00ednea germinal de los mutantes spel1 y mus 209 de Drosophila melanogaster. Aida Baida Gil. Master Degree. Supervisors: R. Marcos and&nbsp;&nbsp;A. Vel\u00e1zquez. Date: 10-4-2002.<\/p>\n<p><strong>43. <\/strong>An\u00e1lisis de la implicaci\u00f3n del gen RAD54 en la genotoxicidad de la bleomicina, del dicrom\u00e1to pot\u00e1sico y de la radiaci\u00f3n gamma en Drosophila melanogaster. Elk Kossatz. Master Degree. Supervisors: R. Marcos and A. Vel\u00e1zquez. Date: 10-13-2003.<\/p>\n<p><strong>44.<\/strong> Papel de los polimorfismos gen\u00e9ticos GST y NAT2 en c\u00e1ncer de tiroides. Alba Hern\u00e1ndez Bonilla. Master Degree. Supervisors: R. Marcos and&nbsp;N. Xamena. Date: 10-13-2003.<\/p>\n<p><strong>45.<\/strong> Frecuencias de intercambios entre crom\u00e1tidas hermanas (SCE) en trabajadores expuestos al ars\u00e9nico. Leiliane Paiva Sousa. Master Degree. Supervisors: R. Marcos and&nbsp;A. Creus. Date: 10-13-2003.<\/p>\n<p><strong>46.<\/strong> An\u00e0lisi per PCR a temps real de l\u2019efecte d\u2019un element FB-NOF sobre la interacci\u00f3 zeste-white i avaluaci\u00f3 experimental de m\u00e8todes de transg\u00e8nia per aprofundir en aquest estudi. Anna Portela Mestres. Master Degree. Supervisors: O. Cabr\u00e9 and&nbsp;N. Xamena. Date: 10-13-2003.<\/p>\n<p><strong>47. <\/strong>In vitro metal toxicology research. A study carried out by Balb\/3T3, HaCaT and CaCo-2 cell lines. Jessica Ponti. Master Degree. Supervisor: E. Sabbioni, Tutor: R. Marcos. Date: 3-5-2004.<\/p>\n<p><strong>48.<\/strong> Evaluaci\u00f3n del potencial genot\u00f3xico de Hypseocharis pimpinellifolia (Macho altea) por el Test de Mutaci\u00f3n y Recombinaci\u00f3n Som\u00e1tica (SMART) en alas de Drosophila melanogaster. Gloria del Carmen Rodrigo Lira. Master Degree. Supervisor: R. Marcos. Date: 10-7-2005.<\/p>\n<p><a href=\"#puja\">Back to top<\/a>&nbsp;&nbsp;<\/p>\n","protected":false},"excerpt":{"rendered":"<p>32. Evaluaci\u00f3n genot\u00f3xica del derivado 1-(5-bromofur-2-il)-2-metil 2-nitroeteno (UC-245). Giselle Perez Machado. Master Degree. Supervisor: R. Marcos. Date: 9-28-2001. 33. Detecci\u00f3n diferencial del da\u00f1o oxidativo inducido en distintos subtipos de linfocitos humanos mediante el ensayo del cometa. Mar\u00eda Jos\u00e9 Morillas. Master Degree. Supervisor: R. Marcos. Date: 9-28-2001. 34. Disfunci\u00f3n telom\u00e9rica en el s\u00edndrome gen\u00e9tico de predisposici\u00f3n [&hellip;]<\/p>\n","protected":false},"author":20,"featured_media":0,"parent":0,"menu_order":0,"comment_status":"closed","ping_status":"closed","template":"","meta":{"footnotes":""},"class_list":["post-114","page","type-page","status-publish","hentry"],"_links":{"self":[{"href":"https:\/\/webs.uab.cat\/mutagenesi\/en\/wp-json\/wp\/v2\/pages\/114","targetHints":{"allow":["GET"]}}],"collection":[{"href":"https:\/\/webs.uab.cat\/mutagenesi\/en\/wp-json\/wp\/v2\/pages"}],"about":[{"href":"https:\/\/webs.uab.cat\/mutagenesi\/en\/wp-json\/wp\/v2\/types\/page"}],"author":[{"embeddable":true,"href":"https:\/\/webs.uab.cat\/mutagenesi\/en\/wp-json\/wp\/v2\/users\/20"}],"replies":[{"embeddable":true,"href":"https:\/\/webs.uab.cat\/mutagenesi\/en\/wp-json\/wp\/v2\/comments?post=114"}],"version-history":[{"count":0,"href":"https:\/\/webs.uab.cat\/mutagenesi\/en\/wp-json\/wp\/v2\/pages\/114\/revisions"}],"wp:attachment":[{"href":"https:\/\/webs.uab.cat\/mutagenesi\/en\/wp-json\/wp\/v2\/media?parent=114"}],"curies":[{"name":"wp","href":"https:\/\/api.w.org\/{rel}","templated":true}]}}