{"id":116,"date":"2011-02-10T11:53:38","date_gmt":"2011-02-10T09:53:38","guid":{"rendered":"https:\/\/webs.uab.cat\/mutagenesi\/phd-thesis-1984-1998\/"},"modified":"2011-02-10T11:53:38","modified_gmt":"2011-02-10T09:53:38","slug":"phd-thesis-1984-1998","status":"publish","type":"page","link":"https:\/\/webs.uab.cat\/mutagenesi\/en\/phd-thesis-1984-1998\/","title":{"rendered":"PhD Thesis: 1984 &#8211; 2000"},"content":{"rendered":"<p><strong>1. <\/strong>Detecci\u00f3n y estudio de los efectos mutag\u00e9nicos de algunos compuestos intercalantes utilizando Drosophila como organismo de ensayo. Noel Xamena L\u00f3pez. Supervisor: R. Marcos. Date: 1984.<\/p>\n<p><strong>2. <\/strong>Valoraci\u00f3n del potencial genot\u00f3xico de varios insecticidas organofosforados en Drosophila melanogaster. M\u00aa Antonia Vel\u00e1zquez Henar. Supervisor: R. Marcos. Date: 1987.<\/p>\n<p><strong>3.<\/strong> Biomonitorizaci\u00f3n de una poblaci\u00f3n de trabajadores agr\u00edcolas expuestos a plaguicidas. Elisabet Carbonell Teruel. Supervisor: R. Marcos. Date: 12-1-1993.<\/p>\n<p><strong>4.<\/strong> Estudio comparativo de distintos ensayos de mutaci\u00f3n som\u00e1tica en Drosophila para la detecci\u00f3n de agentes cancer\u00edgenos. Montserrat Batiste Alentorn Guill\u00e9n. Supervisors: N. Xamena and&nbsp;R. Marcos. Date: 4-1-1994.<\/p>\n<p><strong>5.<\/strong> Desarrollo del ensayo de micron\u00facleos en linfocitos humanos y su aplicaci\u00f3n al estudio de la actividad genot\u00f3xica de diez plaguicidas. Jordi Surrall\u00e9s Calonge. Supervisor: R. Marcos. Date: 11-1-1994.<\/p>\n<p><strong>6.<\/strong> Evaluaci\u00f3n genot\u00f3xica de cinco herbicidas con ensayos citogen\u00e9ticos y moleculares utilizando linfocitos humanos. Gl\u00f2ria Ribas Despuig. Supervisors: N. Xamena and&nbsp;R. Marcos. Date: 12-15-1995.<\/p>\n<p><strong>7.<\/strong> Estudio de los efectos genot\u00f3xicos de algunos herbicidas y de su modulaci\u00f3n mediante un ensayo de mutaci\u00f3n y recombinaci\u00f3n som\u00e1ticas (SMART) en Drosophila. Carmen Torres Tur\u00f3n. Supervisors: A. Creus and&nbsp;R. Marcos. Date: 10-18-1996.<\/p>\n<p><strong>8. <\/strong>Cambios mutacionales inducidos por agentes alquilantes en mutantes con elementos transponibles insertos en el locus white de Drosophila melanogaster. S\u00edlvia Soriano Valverde. Supervisors: O. Cabr\u00e9 and&nbsp;N. Xamena. Date: 11-7-1997.<\/p>\n<p><strong>9.<\/strong> Estudio de la reversi\u00f3n del mutante white ivory de Drosophila melanogaster. Susanna Su\u00e1rez Figueras. Supervisors: N. Xamena and&nbsp;R. Marcos. Date: 2-12-1997.<\/p>\n<p><strong>10. <\/strong>An\u00e1lisis gen\u00e9tico y molecular de los mutantes de Drosophila melanogaster obtenidos a partir de individuos white-apricot sometidos a choque t\u00e9rmicos y a tratamiento con n-etil-n-nitrosourea. Eva Baldrich Rubio. Supervisors: O. Cabr\u00e9 and&nbsp;N. Xamena. Date: 2-13-1998.<\/p>\n<p><strong>11.<\/strong> Biomonitorizaci\u00f3n de pacientes tratados con el radiois\u00f3topo yodo-131. Sara Iliana Guti\u00e9rrez Enr\u00edquez. Supervisors: R. Marcos and&nbsp;E. Carbonell. Date: 12-17-1999.<\/p>\n<p><strong>12.<\/strong> Monitoratge dels possibles efectes genot\u00f2xics associats amb l\u2019exposici\u00f3 laboral a derivats del petroli: combustibles f\u00f2sils i dissolvents org\u00e0nics. Mari\u00e0 Pitarque Mart\u00ed. Supervisors: A. Creus and&nbsp;R. Marcos. Date: 1-28-2000.<\/p>\n<p><strong>13.<\/strong> Desarrollo y aplicaci\u00f3n de t\u00e9cnicas de citogen\u00e9tica molecular para la detecci\u00f3n de aneuploidia y clastogenicidad en humanos. M\u00aa Jos\u00e9 Ram\u00edrez de Haro. Supervisors: J. Surrall\u00e9s and&nbsp;R. Marcos. Date: 6-7-2000.<\/p>\n<p><br\\><\/p>\n","protected":false},"excerpt":{"rendered":"<p>1. Detecci\u00f3n y estudio de los efectos mutag\u00e9nicos de algunos compuestos intercalantes utilizando Drosophila como organismo de ensayo. Noel Xamena L\u00f3pez. Supervisor: R. Marcos. Date: 1984. 2. Valoraci\u00f3n del potencial genot\u00f3xico de varios insecticidas organofosforados en Drosophila melanogaster. M\u00aa Antonia Vel\u00e1zquez Henar. Supervisor: R. Marcos. Date: 1987. 3. Biomonitorizaci\u00f3n de una poblaci\u00f3n de trabajadores agr\u00edcolas [&hellip;]<\/p>\n","protected":false},"author":20,"featured_media":0,"parent":0,"menu_order":0,"comment_status":"closed","ping_status":"closed","template":"","meta":{"footnotes":""},"class_list":["post-116","page","type-page","status-publish","hentry"],"_links":{"self":[{"href":"https:\/\/webs.uab.cat\/mutagenesi\/en\/wp-json\/wp\/v2\/pages\/116","targetHints":{"allow":["GET"]}}],"collection":[{"href":"https:\/\/webs.uab.cat\/mutagenesi\/en\/wp-json\/wp\/v2\/pages"}],"about":[{"href":"https:\/\/webs.uab.cat\/mutagenesi\/en\/wp-json\/wp\/v2\/types\/page"}],"author":[{"embeddable":true,"href":"https:\/\/webs.uab.cat\/mutagenesi\/en\/wp-json\/wp\/v2\/users\/20"}],"replies":[{"embeddable":true,"href":"https:\/\/webs.uab.cat\/mutagenesi\/en\/wp-json\/wp\/v2\/comments?post=116"}],"version-history":[{"count":0,"href":"https:\/\/webs.uab.cat\/mutagenesi\/en\/wp-json\/wp\/v2\/pages\/116\/revisions"}],"wp:attachment":[{"href":"https:\/\/webs.uab.cat\/mutagenesi\/en\/wp-json\/wp\/v2\/media?parent=116"}],"curies":[{"name":"wp","href":"https:\/\/api.w.org\/{rel}","templated":true}]}}