{"id":118,"date":"2011-02-10T11:55:15","date_gmt":"2011-02-10T09:55:15","guid":{"rendered":"https:\/\/webs.uab.cat\/mutagenesi\/phd-thesis-2004\/"},"modified":"2011-02-10T11:55:15","modified_gmt":"2011-02-10T09:55:15","slug":"phd-thesis-2004","status":"publish","type":"page","link":"https:\/\/webs.uab.cat\/mutagenesi\/en\/phd-thesis-2004\/","title":{"rendered":"PhD Thesis: 2011 &#8211; 2020"},"content":{"rendered":"<p><strong>39. <\/strong>Susceptibilidad gen\u00e9tica al c\u00e1ncer de tiroides: estudios de asociaci\u00f3n de las regiones del genoma 1p12 y 8q. Abdelmounaim Akdi. &nbsp;Supervisors: A. Vel\u00e1zquez and&nbsp;R. Marcos. Date: 4-13-2011.<\/p>\n<p><strong>40.<\/strong> Da\u00f1o gen\u00f3mico en pacientes con insuficiencia renal cr\u00f3nica y su relaci\u00f3n con el tratamiento sustitutivo. Elitsa Georgieva Stoyanova. &nbsp;Supervisor: R. Marcos. Date: 7-25-2011.<\/p>\n<p><strong>41.<\/strong> Da\u00f1o gen\u00e9tico en madres y en sus reci\u00e9n nacidos. Factores moduladores. Naouale El-Yamani.&nbsp;Supervisor: R. Marcos. Date: 11-4-2011.<\/p>\n<p><strong>42. <\/strong>Implicaci\u00f3n de los factores nucleares hep\u00e1ticos en el proceso de carcinog\u00e9nesis mediado por el ars\u00e9nico. Ana Pastoret Calder\u00f3. Supervisors: R. Marcos and&nbsp;A. Hern\u00e1ndez. Date: 7-20-2012.<\/p>\n<p><strong>43.<\/strong> Expresi\u00f3n y regulaci\u00f3n de los genes WDR3 y TBX15 en c\u00e1ncer. Esteban Mariano Gim\u00e9nez. Supervisor: A. Vel\u00e1zquez. Date: 9-14-2012.<\/p>\n<p><strong>44.<\/strong> Radiosensibilidad y factores gen\u00e9ticos de riesgo en el c\u00e1ncer de tiroides. Wilser Andr\u00e9s Garc\u00eda Quispes. Supervisor: R. Marcos. Date: 10-16-2012.<\/p>\n<p><strong>45.<\/strong> El proyecto NanoGenotox: Hacia el desarrollo de una metodolog\u00eda robusta para la determinaci\u00f3n del potencial genot\u00f3xico de los nanomateriales. Gerard Vales Segura. Supervisor: R. Marcos. Date: 11-12-2013.<\/p>\n<p><strong>46. <\/strong>Estudi in vitro del paper del dany oxidatiu com a mecanisme d\u2019acci\u00f3 en la carcinog\u00e8nesi associada a l\u2019ars\u00e8nic. Jordi Bach Griera. Supervisors: A. Hern\u00e1ndez and&nbsp;R. Marcos. Date: 11-16-2015.<\/p>\n<p><strong>47.<\/strong> Dany gen\u00e8tic i la seva modulaci\u00f3 en pacients amb malaltia renal cr\u00f3nica. Lara Rodr\u00edguez Ribera. Supervisors: S. Pastor i&nbsp;R. Marcos. Date: 11-19-2015.<\/p>\n<p><strong>48.<\/strong> Los factores de transcripci\u00f3n TBX15 e YY1 en c\u00e1ncer. Funci\u00f3n y regulaci\u00f3n de TBX15. Expresi\u00f3n de YY1 en c\u00e1ncer de tiroides. Jessica Arribas Arranz. Supervisora: A. Vel\u00e1zquez. Date: 11-27-2015.<\/p>\n<p><strong>49.<\/strong> Da\u00f1o gen\u00f3mico como biomarcador de la enfermedad renal cr\u00f3nica. Zuray F. Corredor Mancilla. Supervisors: S. Pastor and&nbsp;R. Marcos. Date: 6-30-2016.<\/p>\n<p><strong>50.<\/strong> Desarrollo de un modelo in vitro de barrera intestinal para la evaluaci\u00f3n del riesgo de nanomateriales. Laura Vila Vecilla. Supervisors: A. Hern\u00e1ndez and R. Marcos. Date: 11-9-2016.<\/p>\n<p><strong>51.<\/strong> Biological effects of nanomaterials in Drosophila melanogaster (diptera, insecta) as in vivo model. Mohamed Alaraby. Supervisors: R. Marcos and&nbsp;A. Hern\u00e1ndez. Date: 12-12-2016.<\/p>\n<p><strong>52.<\/strong> El ensayo de micron\u00facleos en c\u00e9lulas uroteliales como indicador diagn\u00f3stico\/pron\u00f3stico de riesgo genot\u00f3xico\/carcinog\u00e9nico. Felicidad Espinoza Soto. Supervisor: R. Marcos. Date: 1-11-2017.<\/p>\n<p><strong>53.<\/strong> In vitro studies on the biological effects of cerium oxide nanoparticles. Laura Rubio Lorente. Supervisors: R. Marcos and&nbsp;A. Hern\u00e1ndez. Date: 2-13-2017.<\/p>\n<p><strong>54. <\/strong>Estudi dels potencials mecanismes involucrats en la carcinog\u00e8nesi de l\u2019arsenic Jana Peremart\u00ed Brosel. Supervisors: A. Hern\u00e1ndez and&nbsp;R. Marcos. Date: 3-21-2017.<\/p>\n<p><strong>55.&nbsp;<\/strong>Assessing the carcinogenic risk of water disinfection by-products. Use of in vitro models to evaluate halonitromethanes and haloacetic acids. Al\u00edcia Mars\u00e0 Salvany. Supervisors: A. Hern\u00e1ndez, Constanza Cort\u00e9s and R. Marcos. Date: 28-11-2017.<\/p>\n<p><strong>56<\/strong>. The applicability of <em>in vitro<\/em> models of the intestinal barrier for the risk assessment of engineered nanomaterials used as food additives. Alba Garc\u00eda Rodr\u00edguez. Directors: C. Cort\u00e9s and R. Marcos. Date: 16-03-2018.<\/p>\n<p>&nbsp;<\/p>\n","protected":false},"excerpt":{"rendered":"<p>39. Susceptibilidad gen\u00e9tica al c\u00e1ncer de tiroides: estudios de asociaci\u00f3n de las regiones del genoma 1p12 y 8q. Abdelmounaim Akdi. &nbsp;Supervisors: A. Vel\u00e1zquez and&nbsp;R. Marcos. Date: 4-13-2011. 40. Da\u00f1o gen\u00f3mico en pacientes con insuficiencia renal cr\u00f3nica y su relaci\u00f3n con el tratamiento sustitutivo. Elitsa Georgieva Stoyanova. &nbsp;Supervisor: R. Marcos. Date: 7-25-2011. 41. Da\u00f1o gen\u00e9tico en [&hellip;]<\/p>\n","protected":false},"author":20,"featured_media":0,"parent":0,"menu_order":0,"comment_status":"closed","ping_status":"closed","template":"","meta":{"footnotes":""},"class_list":["post-118","page","type-page","status-publish","hentry"],"_links":{"self":[{"href":"https:\/\/webs.uab.cat\/mutagenesi\/en\/wp-json\/wp\/v2\/pages\/118","targetHints":{"allow":["GET"]}}],"collection":[{"href":"https:\/\/webs.uab.cat\/mutagenesi\/en\/wp-json\/wp\/v2\/pages"}],"about":[{"href":"https:\/\/webs.uab.cat\/mutagenesi\/en\/wp-json\/wp\/v2\/types\/page"}],"author":[{"embeddable":true,"href":"https:\/\/webs.uab.cat\/mutagenesi\/en\/wp-json\/wp\/v2\/users\/20"}],"replies":[{"embeddable":true,"href":"https:\/\/webs.uab.cat\/mutagenesi\/en\/wp-json\/wp\/v2\/comments?post=118"}],"version-history":[{"count":0,"href":"https:\/\/webs.uab.cat\/mutagenesi\/en\/wp-json\/wp\/v2\/pages\/118\/revisions"}],"wp:attachment":[{"href":"https:\/\/webs.uab.cat\/mutagenesi\/en\/wp-json\/wp\/v2\/media?parent=118"}],"curies":[{"name":"wp","href":"https:\/\/api.w.org\/{rel}","templated":true}]}}