{"id":164,"date":"2017-11-27T11:05:41","date_gmt":"2017-11-27T09:05:41","guid":{"rendered":"https:\/\/webs.uab.cat\/mutagenesi\/graduate-thesis-and-master-degrees-2010-2014\/"},"modified":"2017-11-27T11:05:41","modified_gmt":"2017-11-27T09:05:41","slug":"graduate-thesis-and-master-degrees-2010-2014","status":"publish","type":"page","link":"https:\/\/webs.uab.cat\/mutagenesi\/en\/graduate-thesis-and-master-degrees-2010-2014\/","title":{"rendered":"Graduate Thesis and Master Degrees: 2010 &#8211; 2014"},"content":{"rendered":"<p><strong>72.<\/strong> Expresi\u00f3n del gen YY1 en l\u00edneas celulares humanas y muestras de tejido de c\u00e1ncer de tiroides. Jessica Arribas Arranz.&nbsp;Master Degree. Supervisor: A. Vel\u00e1zquez. Date: 7-15-2010.<\/p>\n<p><strong>73.<\/strong> Avaluaci\u00f3 del dany gen\u00e8tic en pacients amb insufici\u00e8ncia renal cr\u00f2nica mitjan\u00e7ant el test de micronuclis. Lara Rodriguez Ribera.&nbsp;Master Degree. Supervisor: R. Marcos. Date: 7-15-2010.<\/p>\n<p><strong>74.<\/strong> Determinaci\u00f3n del potencial genot\u00f3xico de nanopart\u00edculas de plata mediante el ensayo de micron\u00facleos y el ensayo del cometa. Gerard Vales Segura.&nbsp;Master Degree. Supervisor: R. Marcos. Date: 7-15-2010.<\/p>\n<p><strong>75.<\/strong> Desenvolupament d\u2019eines moleculars per l\u2019estudi de noves proteines implicades emn la via FA\/BRCA de reparaci\u00f3 del DNA. Laura Gracia Feria.&nbsp;Master Degree. Supervisors: J. Surrall\u00e9s and&nbsp;M. Bogliolo. Date: 7-15-2010.<\/p>\n<p><strong>76.<\/strong> Validaci\u00f3 d\u2019un nou m\u00e8tode in vivo per visualitzar l\u2019activaci\u00f3 de la ruta Fanconi\/BRCA. Anna Johe Palmada.&nbsp;Master Degree. Supervisors: J. Surrall\u00e9s and&nbsp;J. Minguill\u00f3n. Date: 7-15-2010.<\/p>\n<p><strong>77.<\/strong> Determinaci\u00f3 del potencial genot\u00f2xic de nanotubs de carboni en c\u00e8l.lules epitelials bronquials mitjan\u00e7ant l\u2019asaig del cometa. Joan Teichenn\u00e9 Jan\u00e9.&nbsp;Master Degree. Supervisor: R. Marcos. Date: 7-12-2011<\/p>\n<p><strong>78.<\/strong> Avaluaci\u00f3 del dany gen\u00e8tic en pacients amb insuficiencia renal en pre-di\u00e0lisi. Mitjan\u00e7ant l\u2019assaig del cometa. Miriam Solozabal Coll.&nbsp;Master Degree. Supervisor: R. Marcos. Date: 7-12-2011.<br \/>\n<strong>79.<\/strong> Determinaci\u00f3n del potencial genot\u00f3xico de las nanopart\u00edculas de plata mediante el an\u00e1lisis del ciclo celular, la apoptosis y el ensayo del cometa en la l\u00ednea celular BEAS-2B. Lourdes Amparo Vela Romero.&nbsp;Master Degree. Supervisor: R. Marcos. Date: 7-11-2012.<\/p>\n<p><strong>80.<\/strong> Determinaci\u00f3n del potencial genot\u00f3xico de las nanopart\u00edculas de plata mediante el an\u00e1lisis del ciclo celular, la apoptosis y el ensayo del cometa en la l\u00ednea celular Caco-2. Laura Rubio Lorente.&nbsp;Master Degree. Supervisor: R. Marcos. Date: 7-10-2012.<\/p>\n<p><strong>81.<\/strong> Estudi dels HNFs com a mecanisme de carcinog\u00e8nesi de l\u2019ars\u00e8nic. Laura Villa Vecilla.&nbsp;Master Degree. Supervisor: A Hern\u00e1ndez. Date: 7-10-2012.<\/p>\n<p><strong>82.<\/strong> L\u2019ars\u00e8nic i la ruta FA\/BRCA, estan relacionats?. Jana Peremart\u00ed Brosel.&nbsp;Master Degree. Supervisor: A. Hern\u00e1ndez. Date: 7-10-2012.<\/p>\n<p><strong>83.<\/strong> C\u00e1ncer de tiroides: estudio de la expresi\u00f3n g\u00e9nica y patr\u00f3n de metilaci\u00f3n de TBX15 y WDR3 en l\u00edneas celulares. Tatiana Cajuso Pons.&nbsp;Master Degree. Supervisor: A. Vel\u00e1quez. Date: 7-10-2012.<\/p>\n<p>&nbsp;<\/p>\n","protected":false},"excerpt":{"rendered":"<p>72. Expresi\u00f3n del gen YY1 en l\u00edneas celulares humanas y muestras de tejido de c\u00e1ncer de tiroides. Jessica Arribas Arranz.&nbsp;Master Degree. Supervisor: A. Vel\u00e1zquez. Date: 7-15-2010. 73. Avaluaci\u00f3 del dany gen\u00e8tic en pacients amb insufici\u00e8ncia renal cr\u00f2nica mitjan\u00e7ant el test de micronuclis. Lara Rodriguez Ribera.&nbsp;Master Degree. Supervisor: R. Marcos. Date: 7-15-2010. 74. Determinaci\u00f3n del potencial [&hellip;]<\/p>\n","protected":false},"author":20,"featured_media":0,"parent":0,"menu_order":0,"comment_status":"closed","ping_status":"closed","template":"","meta":{"footnotes":""},"class_list":["post-164","page","type-page","status-publish","hentry"],"_links":{"self":[{"href":"https:\/\/webs.uab.cat\/mutagenesi\/en\/wp-json\/wp\/v2\/pages\/164","targetHints":{"allow":["GET"]}}],"collection":[{"href":"https:\/\/webs.uab.cat\/mutagenesi\/en\/wp-json\/wp\/v2\/pages"}],"about":[{"href":"https:\/\/webs.uab.cat\/mutagenesi\/en\/wp-json\/wp\/v2\/types\/page"}],"author":[{"embeddable":true,"href":"https:\/\/webs.uab.cat\/mutagenesi\/en\/wp-json\/wp\/v2\/users\/20"}],"replies":[{"embeddable":true,"href":"https:\/\/webs.uab.cat\/mutagenesi\/en\/wp-json\/wp\/v2\/comments?post=164"}],"version-history":[{"count":0,"href":"https:\/\/webs.uab.cat\/mutagenesi\/en\/wp-json\/wp\/v2\/pages\/164\/revisions"}],"wp:attachment":[{"href":"https:\/\/webs.uab.cat\/mutagenesi\/en\/wp-json\/wp\/v2\/media?parent=164"}],"curies":[{"name":"wp","href":"https:\/\/api.w.org\/{rel}","templated":true}]}}