{"id":50,"date":"2009-05-25T13:07:54","date_gmt":"2009-05-25T11:07:54","guid":{"rendered":"https:\/\/webs.uab.cat\/mutagenesi\/inici-2\/"},"modified":"2022-07-19T11:06:42","modified_gmt":"2022-07-19T09:06:42","slug":"inici-2","status":"publish","type":"page","link":"https:\/\/webs.uab.cat\/mutagenesi\/en\/","title":{"rendered":"Home"},"content":{"rendered":"<p style=\"text-align:center\"><img loading=\"lazy\" decoding=\"async\" class=\" size-full wp-image-27\" alt=\"\" src=\"https:\/\/webs.uab.cat\/mutagenesi\/wp-content\/uploads\/sites\/53\/2009\/05\/logoinici.JPG\" width=\"610\" height=\"613\" srcset=\"https:\/\/webs.uab.cat\/mutagenesi\/wp-content\/uploads\/sites\/53\/2009\/05\/logoinici.JPG 452w, https:\/\/webs.uab.cat\/mutagenesi\/wp-content\/uploads\/sites\/53\/2009\/05\/logoinici-300x300.jpg 300w, https:\/\/webs.uab.cat\/mutagenesi\/wp-content\/uploads\/sites\/53\/2009\/05\/logoinici-150x150.jpg 150w\" sizes=\"auto, (max-width: 610px) 100vw, 610px\" \/><\/p>\n<p class=\"rtecenter\"><strong>Grup de Mutag\u00e8nesi<\/strong><\/p>\n<p class=\"rtecenter\">Departament de Gen\u00e8tica i de Microbiologia<\/p>\n<p class=\"rtecenter\">UAB- Campus de Bellaterra<\/p>\n<p class=\"rtecenter\">08193 Cerdanyola del Vall\u00e8s<\/p>\n<p class=\"rtecenter\">SPAIN<\/p>\n","protected":false},"excerpt":{"rendered":"<p>Grup de Mutag\u00e8nesi Departament de Gen\u00e8tica i de Microbiologia UAB- Campus de Bellaterra 08193 Cerdanyola del Vall\u00e8s SPAIN<\/p>\n","protected":false},"author":20,"featured_media":0,"parent":0,"menu_order":0,"comment_status":"closed","ping_status":"closed","template":"","meta":{"footnotes":""},"class_list":["post-50","page","type-page","status-publish","hentry"],"_links":{"self":[{"href":"https:\/\/webs.uab.cat\/mutagenesi\/en\/wp-json\/wp\/v2\/pages\/50","targetHints":{"allow":["GET"]}}],"collection":[{"href":"https:\/\/webs.uab.cat\/mutagenesi\/en\/wp-json\/wp\/v2\/pages"}],"about":[{"href":"https:\/\/webs.uab.cat\/mutagenesi\/en\/wp-json\/wp\/v2\/types\/page"}],"author":[{"embeddable":true,"href":"https:\/\/webs.uab.cat\/mutagenesi\/en\/wp-json\/wp\/v2\/users\/20"}],"replies":[{"embeddable":true,"href":"https:\/\/webs.uab.cat\/mutagenesi\/en\/wp-json\/wp\/v2\/comments?post=50"}],"version-history":[{"count":1,"href":"https:\/\/webs.uab.cat\/mutagenesi\/en\/wp-json\/wp\/v2\/pages\/50\/revisions"}],"predecessor-version":[{"id":425,"href":"https:\/\/webs.uab.cat\/mutagenesi\/en\/wp-json\/wp\/v2\/pages\/50\/revisions\/425"}],"wp:attachment":[{"href":"https:\/\/webs.uab.cat\/mutagenesi\/en\/wp-json\/wp\/v2\/media?parent=50"}],"curies":[{"name":"wp","href":"https:\/\/api.w.org\/{rel}","templated":true}]}}