{"id":98,"date":"2011-02-09T11:18:33","date_gmt":"2011-02-09T09:18:33","guid":{"rendered":"https:\/\/webs.uab.cat\/mutagenesi\/staff\/"},"modified":"2011-02-10T11:03:42","modified_gmt":"2011-02-10T09:03:42","slug":"staff","status":"publish","type":"page","link":"https:\/\/webs.uab.cat\/mutagenesi\/en\/staff\/","title":{"rendered":"Staff"},"content":{"rendered":"<p><a name=\"puja\"><\/a>Currently the staff in the <strong>Group of Mutagenesis<\/strong> is formed by:<\/p>\n<p>\n&nbsp;&nbsp;&nbsp;&nbsp;&nbsp; &#8211; <a href=\"http:\/\/grupsderecerca.uab.cat\/mutagenesi\/node\/249\">Ricard Marcos Dauder<\/a>&nbsp;(Ph. D., Genetics Professor)&nbsp;<br \/>\n&nbsp;&nbsp;&nbsp;&nbsp;&nbsp; &#8211; <a href=\"http:\/\/grupsderecerca.uab.cat\/mutagenesi\/node\/253\">Amadeu Creus Capdevila<\/a>&nbsp;(Ph. D., Genetics Professor)&nbsp;<br \/>\n&nbsp;&nbsp;&nbsp;&nbsp;&nbsp; &#8211; <a href=\"http:\/\/grupsderecerca.uab.cat\/mutagenesi\/node\/255\">Noel Xamena L\u00f3pez<\/a> (Ph. D., Genetics Professor)<br \/>\n&nbsp;&nbsp;&nbsp;&nbsp;&nbsp; &#8211; <a href=\"http:\/\/grupsderecerca.uab.cat\/mutagenesi\/node\/256\">Mar\u00eda Antonia Vel\u00e1zquez Henar<\/a> (Ph. D., Genetics Teacher)<br \/>\n&nbsp; &nbsp; &nbsp;&nbsp;<\/p>\n<p>&nbsp;&nbsp;&nbsp;&nbsp;&nbsp; &#8211; <a href=\"http:\/\/grupsderecerca.uab.cat\/mutagenesi\/node\/260\"> Susana Pastor Benito<\/a>&nbsp; (Ph. D., Associated Contract + CIBER)<br \/>\n&nbsp;&nbsp;&nbsp;&nbsp;&nbsp; &#8211; <a href=\"http:\/\/grupsderecerca.uab.cat\/mutagenesi\/node\/258\"> Alba Hern\u00e1ndez Bonilla<\/a>&nbsp; (Ph. D., Adjunct Teacher)<br \/>\n&nbsp;&nbsp;&nbsp;&nbsp;&nbsp; &#8211;&nbsp;<a href=\"http:\/\/grupsderecerca.uab.cat\/mutagenesi\/node\/259\">Constanza Cort\u00e9s Crignola<\/a>&nbsp;(Ph. D., Contract&nbsp;)<br \/>\n&nbsp; &nbsp;&nbsp;<\/p>\n<p>&nbsp;&nbsp;&nbsp;&nbsp;&nbsp; &#8211; Alicia Marsa Salvany (Grad., Becaria&nbsp;PIF)<br \/>\n&nbsp;&nbsp;&nbsp;&nbsp;&nbsp; &#8211; Alba Garc\u00eda RoPh. D\u00edguez&nbsp;(Grad., Becaria&nbsp;PIF)<br \/>\n&nbsp;&nbsp;&nbsp;&nbsp;&nbsp; &#8211; Irene Barguilla Moreno&nbsp;(Grad., Becaria&nbsp;PIF)<br \/>\n&nbsp;&nbsp;&nbsp;&nbsp;&nbsp; &#8211; Josefa Domenech Cabrera&nbsp;(Grad., Becaria&nbsp;PIF)<br \/>\n&nbsp;&nbsp;&nbsp;&nbsp;&nbsp; &#8211; Sandra Ballesteros Ribera&nbsp;(Grad., Becaria&nbsp;PIF)<br \/>\n&nbsp; &nbsp;&nbsp;<\/p>\n<p>&nbsp;&nbsp;&nbsp;&nbsp;&nbsp; &#8211; Gl\u00f2ria Umbert Maestre (Grad. Staff Technical)<br \/>\n&nbsp;&nbsp;&nbsp;&nbsp;&nbsp; &#8211; Lourdes Alarc\u00f3n S\u00e1nchez; (Grad., Laboratory Technical contracted)<br \/>\n&nbsp;&nbsp;&nbsp;&nbsp;&nbsp; &#8211; Cristian Valiente Gil&nbsp;(Grad., Laboratory Technical contracted)<\/p>\n<p>&nbsp;<\/p>\n<blockquote><p>&nbsp;<\/p><\/blockquote>\n<p><a href=\"#puja\">Back to top<\/a><\/p>\n","protected":false},"excerpt":{"rendered":"<p>Currently the staff in the Group of Mutagenesis is formed by: &nbsp;&nbsp;&nbsp;&nbsp;&nbsp; &#8211; Ricard Marcos Dauder&nbsp;(Ph. D., Genetics Professor)&nbsp; &nbsp;&nbsp;&nbsp;&nbsp;&nbsp; &#8211; Amadeu Creus Capdevila&nbsp;(Ph. D., Genetics Professor)&nbsp; &nbsp;&nbsp;&nbsp;&nbsp;&nbsp; &#8211; Noel Xamena L\u00f3pez (Ph. D., Genetics Professor) &nbsp;&nbsp;&nbsp;&nbsp;&nbsp; &#8211; Mar\u00eda Antonia Vel\u00e1zquez Henar (Ph. D., Genetics Teacher) &nbsp; &nbsp; &nbsp;&nbsp; &nbsp;&nbsp;&nbsp;&nbsp;&nbsp; &#8211; Susana Pastor Benito&nbsp; (Ph. [&hellip;]<\/p>\n","protected":false},"author":20,"featured_media":0,"parent":0,"menu_order":0,"comment_status":"closed","ping_status":"closed","template":"","meta":{"footnotes":""},"class_list":["post-98","page","type-page","status-publish","hentry"],"_links":{"self":[{"href":"https:\/\/webs.uab.cat\/mutagenesi\/en\/wp-json\/wp\/v2\/pages\/98","targetHints":{"allow":["GET"]}}],"collection":[{"href":"https:\/\/webs.uab.cat\/mutagenesi\/en\/wp-json\/wp\/v2\/pages"}],"about":[{"href":"https:\/\/webs.uab.cat\/mutagenesi\/en\/wp-json\/wp\/v2\/types\/page"}],"author":[{"embeddable":true,"href":"https:\/\/webs.uab.cat\/mutagenesi\/en\/wp-json\/wp\/v2\/users\/20"}],"replies":[{"embeddable":true,"href":"https:\/\/webs.uab.cat\/mutagenesi\/en\/wp-json\/wp\/v2\/comments?post=98"}],"version-history":[{"count":0,"href":"https:\/\/webs.uab.cat\/mutagenesi\/en\/wp-json\/wp\/v2\/pages\/98\/revisions"}],"wp:attachment":[{"href":"https:\/\/webs.uab.cat\/mutagenesi\/en\/wp-json\/wp\/v2\/media?parent=98"}],"curies":[{"name":"wp","href":"https:\/\/api.w.org\/{rel}","templated":true}]}}