{"id":159,"date":"2017-11-20T15:46:48","date_gmt":"2017-11-20T13:46:48","guid":{"rendered":"https:\/\/webs.uab.cat\/mutagenesi\/proyectos-nacionales\/"},"modified":"2017-11-20T15:46:48","modified_gmt":"2017-11-20T13:46:48","slug":"proyectos-nacionales","status":"publish","type":"page","link":"https:\/\/webs.uab.cat\/mutagenesi\/es\/proyectos-nacionales\/","title":{"rendered":"Proyectos Nacionales"},"content":{"rendered":"<p><strong><a name=\"puja\"><\/a> 1<\/strong>. NANOCANCER. Desarrollo de modelos in vitro para estudiar el potencial carcin\u00f3geno de los nanomateriales. MEC, BFU2016-76831-R (del 01\/01\/2017 al 31\/12\/2019). 121.000 \u20ac. Investigadora Principal: Alba Hern\u00e1ndez.<\/p>\n<p><strong>2.<\/strong> NANOBARRIER. Desarrollo de modelos in vitro e in vivo de barrera intestinal para determinar el riesgo de los nanomateriales. MEC, SAF2015-63519-R&nbsp;(del 01\/01\/2016 al 31\/12\/2018). 121.000 \u20ac. Investigador Principal: Ricard Marcos. Investigador Principal 2: Antonia Vel\u00e1zquez.<\/p>\n<p><strong>3. <\/strong>Biomarcadores de pron\u00f3stico y estrategias para disminuir la morbimortalidad de pacientes con insuficiencia renal. FIS, PI12\/02559 (2013-2015). 104.500 \u20ac. Investigadora Principal: Elisabeth Coll, Participante del Grup: Susana Pastor.<\/p>\n<p><strong>4.<\/strong> Factores de riesgo y mecanismos de genotoxicidad, carcinogenicidad y teratogenicidad del ars\u00e9nico. MCI, SAF2011-23146. 108.900 \u20ac. Investigador Principal: Ricard Marcos.<\/p>\n<p><strong>5.<\/strong> Mecanismos de genotoxicidad y carcinogenicidad del ars\u00e9nico. MCI, SAF2008-02933. 108.900 \u20ac (del 01\/01\/2009 al 31\/12\/2011). Investigador Principal: Ricard Marcos.<\/p>\n<p><strong>6.<\/strong> Susceptibilidad gen\u00e9tica a las patolog\u00edas del tiroides. Identificaci\u00f3n de nuevos factores de susceptibilidad y an\u00e1lisis de factores de respuesta al da\u00f1o gen\u00e9tico. MCI, SAF2007-63338. 181.500 \u20ac. (del 01\/10\/07 al 24\/10\/2010). Investigadora Principal: Antonia Vel\u00e1zquez.<\/p>\n<p><strong>7.<\/strong> Optimizaci\u00f3n del ensayo del cometa como m\u00e9todo alternativo para la evaluaci\u00f3n de los efectos genot\u00f3xicos de los compuestos qu\u00edmicos. MMA. Proyecto A036\/2007\/3-14.4. 2007-2008. 60.113 \u20ac. Investigador Principal: Amadeu Creus.<\/p>\n<p><strong>8.<\/strong> Centro de Investigaci\u00f3n Biom\u00e9dica en Red en Epidemiolog\u00eda y Salud P\u00fablica (CIBER-ESP). Ministerio de Sanidad y Consumo. 2006-presente. CB06\/07\/0023. Investigador Principal: Ricard Marcos.<\/p>\n<p><strong>9.<\/strong> Centro de Investigaci\u00f3n Biom\u00e9dica en Red en Enfermedades Raras (CIBER-ER). Ministerio de Sanidad y Consumo. 2006-2010. CB06\/07\/0023. Investigador Principal: Dr. Jordi Surrall\u00e9s.<\/p>\n<p><strong>10.<\/strong> Gen\u00e9tica y Biolog\u00eda Molecular del S\u00edndrome de Predisposici\u00f3n al C\u00e1ncer Anemia de Fanconi. MCyT. P.N. Biomedicina. SAF2006-3440 (2007-2009). 121.000 \u20ac.&nbsp;Investigador Principal: Jordi Surrall\u00e9s.<\/p>\n<p><strong>11. <\/strong>Estudios Gen\u00e9ticos y Funcionales del S\u00edndrome de Reparaci\u00f3n Anemia de Fanconi. MSC, FIS PI061099 (2007-2009. 258.355 \u20ac. Investigador Principal: Jordi Surrall\u00e9s.<\/p>\n<p><strong>12.<\/strong> Micron\u00facleos en c\u00e9lulas uroteliales como biomarcadores de progresi\u00f3n en c\u00e1ncer de vejiga urinaria. M.S.C. (ISCIII) PI051127 (2006-2007). 15.589 \u20ac. Investigador Principal: Ricard Marcos.<\/p>\n<p><strong>13. <\/strong>Riesgo genot\u00f3xico de los subproductos de cloraci\u00f3n del agua. M.E.C., SAF2005-07643-CO3-03 (2005-2008). 71.400 \u20ac. Investigador Principal: Ricard Marcos.<\/p>\n<p><strong>14.<\/strong> Riesgos genot\u00f3xicos en el vertido del Prestige. M.E.C., VEM2004-08597 (2005-2006). 6.000 \u20ac. Investigador Principal: Ricard Marcos.<\/p>\n<p><strong>15.<\/strong> Acci\u00f3n Especial. Ayuda complementaria al Proyecto europeo \u201cRISC-RAD\u201d. Acci\u00f3n Especial MCyT. Ministerio de Educaci\u00f3n y Ciencia. Proyecto: SAF2004-00033-E. (2005-2007) 30.000 \u20ac. Investigador Principal: Jordi Surrall\u00e9s.<\/p>\n<p><strong>16.<\/strong> Aplicaciones de la Biolog\u00eda Molecular y Celular al Diagn\u00f3stico y Tratamiento de Enfermos con Anemia de Fanconi. M.S.C (ISCIII) PI051205. 20.349 \u20ac. Investigador Principal: Jordi Surrall\u00e9s.<\/p>\n<p><strong>17.<\/strong> Funciones duales del gen supresor de tumores FANCD2. MCT. Plan Nacional de Biomedicina. Proyecto: SAF2003-00328. (2004-2007). 138.000 \u20ac. Investigador Principal: Jordi Surrall\u00e9s.<\/p>\n<p><strong>18.<\/strong> Acci\u00f3n Especial. Ayuda complementaria al Proyecto aprobado por la UE: Telomeres and Radiosensitivity of Individuals. Programa Euratom, 5th Framework Programme. European Commission. Proyecto: SAF2002-11833-E. (2003-2006). 30.000 \u20ac. Investigador Principal: Dr. Jordi Surrall\u00e9s.<\/p>\n<p><strong>19.<\/strong> Red Tem\u00e1tica de Investigaci\u00f3n Cooperativa: EPICUR-RED. Una red multidisciplinar para el estudio de la etiolog\u00eda, cl\u00ednica y gen\u00e9tica molecular del c\u00e1ncer de vejiga urinario Ministerio de Sanidad y Consumo. Fondo de Investigaci\u00f3n Sanitaria, red G03\/174. (2003-2006). 62.103 \u20ac. Investigador Principal: Ricard Marcos.<\/p>\n<p><strong>20.<\/strong> Red Tem\u00e1tica de Investigaci\u00f3n Cooperativa: Aplicaciones de la Biolog\u00eda Molecular y Celular al Diagn\u00f3stico y Tratamiento de Enfermos con Anemia de Fanconi. Ministerio de Sanidad y Consumo. Fondo de Investigaci\u00f3n Sanitaria, red G03\/073. (2003-2006). 77.010 \u20ac. Investigador Principal: Jordi Surrall\u00e9s.<\/p>\n<p><strong>21.<\/strong> Biolog\u00eda molecular y factores pron\u00f3stico en el s\u00edndrome de predisposici\u00f3n al c\u00e1ncer anemia de Fanconi. FIS PI020145. (2002-2005). 85.000 \u20ac. Investigador Principal: Jordi Surrall\u00e8s.<\/p>\n<p><strong>22.<\/strong> Creaci\u00f3n de un biobanco nacional de DNA y l\u00edneas celulares deficientes en reparaci\u00f3n del DNA. Acci\u00f3n Especial MCyT. Proyecto: SAF2001-5138. (2002-2005). 21.000 \u20ac. Investigador Principal: Jordi Surrall\u00e8s.<\/p>\n<p><strong>23.<\/strong> Estudio citol\u00f3gico y epidemiol\u00f3gico de la exposici\u00f3n a tintes de cabello y c\u00e1ncer de vejiga urinaria (estudio EPICURO). DGI. Proyecto n\u00ba SAF2001-0427 (2002-2004). 6.000 \u20ac. Investigador Principal: Manolis Kogevinas. Participante del Grup: Ricard Marcos.<\/p>\n<p><strong>24. <\/strong>Acci\u00f3n Especial. Ayuda complementaria al Proyecto aprobado por la UE: The mechanistic basis for providing a realistic cancer risk assessment for exposure to inorganic arsenic within the European Community. DGI. Proyecto n\u00ba SAF2001-4428-E (2002-2004). 20.600 \u20ac. Investigador Principal: Ricard Marcos.<\/p>\n<p><strong>25.<\/strong> Acci\u00f3n Especial. Ayuda complementaria al Proyecto aprobado por la UE: Mechanisms of formation of ionizing radiation-induced chromosomal aberrations: impact of repair pathways and nuclear structure. DGI. Proyecto n\u00ba SAF2001-4429-E (2002-2004). 23.170 \u20ac. Investigador Principal: Ricard Marcos.<\/p>\n<p><strong>26.<\/strong> Utilizaci\u00f3n de diferentes sistemas gen\u00e9ticos de Drosophila melanogaster en el estudio de mecanismos implicados en la genotoxicidad. DGICYT, Proyecto n\u00ba&nbsp;BOS2000-0329 (2000-2003). 48.080,97 \u20ac. Investigador Principal: Noel Xamena.<\/p>\n<p><strong>27. <\/strong>An\u00e1lisis de la inducci\u00f3n de inestabilidad gen\u00f3mica heredable. DGESIC, Proyecto n\u00ba PM99-0067 (2001-2004). 60.101,21 \u20ac. Investigadora Principal: Antonia Vel\u00e0zquez.<\/p>\n<p><strong>28.<\/strong> Estudios sobre mecanismos de genotoxicidad en eucariotas utilizando t\u00e9cnicas citogen\u00e9ticas y moleculares. DGESIC, Proyecto n\u00ba PM98-0179 (1999-2002). 66.111,33 \u20ac. Investigador Principal: Ricard Marcos.<\/p>\n<p><strong>29. <\/strong>Anemia de Fanconi: hacia un nuevo diagnostico citogen\u00e9tico molecular y relaci\u00f3n entre longitud telom\u00e9rica, fragilidad cromos\u00f3mica y pancitopenia progresiva. FIS, Proyecto n\u00ba FIS-99\/1214 (1999-2001). 6.150.000 ptas. Investigador Principal: Amadeu Creus.<\/p>\n<p><strong>30.<\/strong> Elementos transponibles y deficiencia en reparaci\u00f3n del DNA como factores determinantes de la susceptibilidad de Drosophila melanogaster a la mutaci\u00f3n inducida. DGES, Proyecto n\u00ba PB96-1138 (1997-2000). 6.000.000 ptas. Investigador Principal: Noel Xamena.<\/p>\n<p><strong>31. <\/strong>Genotoxicidad en eucariotas: nuevos estudios sobre sus mecanismos y detecci\u00f3n. CICYT, Proyecto n\u00ba SAF95-0813 (1995-1998). 12.177.000 ptas. Investigador Principal: Ricard Marcos.<\/p>\n<p><strong>32. <\/strong>Determinaci\u00f3n de la naturaleza del da\u00f1o gen\u00e9tico inducido por diferentes agentes genot\u00f3xicos utilizando Drosophila y linfocitos humanos como sistemas de ensayo. CICYT, Proyecto n\u00ba SAF94-0697 (1994-1997). 8.800.000 ptas. Investigador Principal: Ricard Marcos.<\/p>\n<p><strong>33. <\/strong>Estudios sobre ensayos de genotoxicidad en Drosophila y en cultivos de linfocitos humanos. CICYT, Proyecto n\u00ba SAF92-0525 (1992-1995). 11.000.000 ptas. Investigador Principal: Ricard Marcos.<\/p>\n<p><strong>34.<\/strong> Evaluaci\u00f3n y estudio del potencial genot\u00f3xico de distintos pesticidas. CICYT, Proyecto n\u00ba SAL89 0868 (1990-1993). 6.825.000 ptas. Investigador Principal: Ricard Marcos.<\/p>\n<p><strong>35.<\/strong> Estudio de la genotoxicidad del agua tritiada. CICYT, Proyecto n\u00ba PB87 0026 (1988-1991). 3.500.000 ptas. Investigador Principal: Ricard Marcos.<\/p>\n<p><strong>36.<\/strong> An\u00e1lisis de la mutagenicidad de distintos insecticidas de uso com\u00fan utilizando Drosophila como sistema de ensayo. CAICYT, Proyecto n\u00ba 0577\/84 (1985-1988). 3.500.000 ptas. Investigador Principal: Ricard Marcos.<\/p>\n<p><strong>37.<\/strong> Detecci\u00f3n y estudio del potencial mutag\u00e9nico de distintos compuestos intercalantes utilizando Drosophila como organismo test. CAICYT, Proyecto n\u00ba 0311\/81 (1981-1984). 750.000 ptas. Investigador Principal: Ricard Marcos.<\/p>\n<p><strong><a href=\"#puja\">Sube<\/a><\/strong><\/p>\n","protected":false},"excerpt":{"rendered":"<p>1. NANOCANCER. Desarrollo de modelos in vitro para estudiar el potencial carcin\u00f3geno de los nanomateriales. MEC, BFU2016-76831-R (del 01\/01\/2017 al 31\/12\/2019). 121.000 \u20ac. Investigadora Principal: Alba Hern\u00e1ndez. 2. NANOBARRIER. Desarrollo de modelos in vitro e in vivo de barrera intestinal para determinar el riesgo de los nanomateriales. MEC, SAF2015-63519-R&nbsp;(del 01\/01\/2016 al 31\/12\/2018). 121.000 \u20ac. Investigador [&hellip;]<\/p>\n","protected":false},"author":20,"featured_media":0,"parent":0,"menu_order":0,"comment_status":"closed","ping_status":"closed","template":"","meta":{"footnotes":""},"class_list":["post-159","page","type-page","status-publish","hentry"],"_links":{"self":[{"href":"https:\/\/webs.uab.cat\/mutagenesi\/es\/wp-json\/wp\/v2\/pages\/159","targetHints":{"allow":["GET"]}}],"collection":[{"href":"https:\/\/webs.uab.cat\/mutagenesi\/es\/wp-json\/wp\/v2\/pages"}],"about":[{"href":"https:\/\/webs.uab.cat\/mutagenesi\/es\/wp-json\/wp\/v2\/types\/page"}],"author":[{"embeddable":true,"href":"https:\/\/webs.uab.cat\/mutagenesi\/es\/wp-json\/wp\/v2\/users\/20"}],"replies":[{"embeddable":true,"href":"https:\/\/webs.uab.cat\/mutagenesi\/es\/wp-json\/wp\/v2\/comments?post=159"}],"version-history":[{"count":0,"href":"https:\/\/webs.uab.cat\/mutagenesi\/es\/wp-json\/wp\/v2\/pages\/159\/revisions"}],"wp:attachment":[{"href":"https:\/\/webs.uab.cat\/mutagenesi\/es\/wp-json\/wp\/v2\/media?parent=159"}],"curies":[{"name":"wp","href":"https:\/\/api.w.org\/{rel}","templated":true}]}}