{"id":206,"date":"2017-12-12T10:44:30","date_gmt":"2017-12-12T08:44:30","guid":{"rendered":"https:\/\/webs.uab.cat\/mutagenesi\/ricardo-marcos-dauder\/"},"modified":"2017-12-18T15:47:29","modified_gmt":"2017-12-18T13:47:29","slug":"ricardo-marcos-dauder","status":"publish","type":"page","link":"https:\/\/webs.uab.cat\/mutagenesi\/es\/ricardo-marcos-dauder\/","title":{"rendered":"Ricardo Marcos Dauder"},"content":{"rendered":"<p class=\"rteindent4\"><img loading=\"lazy\" decoding=\"async\" class=\" size-full wp-image-176\" alt=\"\" height=\"383\" src=\"https:\/\/webs.uab.cat\/mutagenesi\/wp-content\/uploads\/sites\/53\/2017\/12\/ricard.jpg\" width=\"511\" srcset=\"https:\/\/webs.uab.cat\/mutagenesi\/wp-content\/uploads\/sites\/53\/2017\/12\/ricard.jpg 800w, https:\/\/webs.uab.cat\/mutagenesi\/wp-content\/uploads\/sites\/53\/2017\/12\/ricard-300x225.jpg 300w, https:\/\/webs.uab.cat\/mutagenesi\/wp-content\/uploads\/sites\/53\/2017\/12\/ricard-768x576.jpg 768w\" sizes=\"auto, (max-width: 511px) 100vw, 511px\" \/><\/p>\n<p class=\"rteindent4\"><a href=\"mailto:ricard.marcos@uab.es\">Ricard.Marcos@uab.cat&nbsp;<\/a><\/p>\n<p class=\"rteindent4\">&nbsp;<\/p>\n<p class=\"rteindent4\"><strong>Situaci\u00f3n actual: <\/strong><\/p>\n<p class=\"rteindent4\">&#8211; Catedr\u00e1tico de Gen\u00e9tica en la Universidad Aut\u00f3noma de Barcelona<\/p>\n<p class=\"rteindent4\">&#8211; Coordinador del M\u00e1ster de Gen\u00e9tica Avanzada<\/p>\n<p class=\"rteindent4\">&#8211; Coordinador del Programa de Doctorado de Gen\u00e9tica<\/p>\n<p class=\"rteindent4\">&#8211; Director del Servicio de Evaluaci\u00f3n Mutag\u00e9nica<\/p>\n<p class=\"rteindent4\">&nbsp;<\/p>\n<p class=\"rteindent4\"><strong>Actividad Cient\u00edfica:<\/strong><\/p>\n<p class=\"rteindent4\">&#8211; Seis tramos de investigaci\u00f3n concedidos<\/p>\n<p class=\"rteindent4\">&#8211; Investigador principal de:<\/p>\n<p class=\"rteindent4\">&nbsp; &nbsp; &#8211; 19 proyectes nacionales<\/p>\n<p class=\"rteindent4\">&nbsp; &nbsp; &#8211; 12 proyectes europeos&nbsp;<\/p>\n<p class=\"rteindent4\">&nbsp; &nbsp; &#8211; 23 otros proyectes<\/p>\n<p class=\"rteindent4\">&#8211; Direcci\u00f3n de trabajos:<\/p>\n<p class=\"rteindent4\">&nbsp; &nbsp; &nbsp;&#8211; 49 Tesis Doctorales<\/p>\n<p class=\"rteindent4\">&nbsp; &nbsp; &nbsp;&#8211; 59 Trabajos de investigaci\u00f3n (Tesinas, M\u00e1ster, etc)<\/p>\n<p class=\"rteindent4\">&#8211; Producci\u00f3n cient\u00edfica:<\/p>\n<p class=\"rteindent4\">&nbsp; &nbsp; &nbsp;&#8211; 321 Art\u00edculos publicados<\/p>\n<p class=\"rteindent4\">&nbsp; &nbsp; &nbsp;&#8211; 341 presentaciones en reuniones cient\u00edficas<\/p>\n<p class=\"rteindent4\">&#8211; Organizador de Congresos<\/p>\n<p class=\"rteindent4\">&nbsp; &nbsp; &nbsp;&#8211; 3 Nacionales (SEMA 1989, 2000, 2009)<\/p>\n<p class=\"rteindent4\">&nbsp; &nbsp; &nbsp;&#8211; 1 Internacional (EEMS 1993)<\/p>\n<p class=\"rteindent4\">&nbsp;<\/p>\n<p class=\"rteindent4\"><strong>Otras actividades: <\/strong><\/p>\n<p class=\"rteindent4\">&#8211; Presidente de la Sociedad Espa\u00f1ola de Mutag\u00e9nesis Ambiental (SEMA)<\/p>\n<p class=\"rteindent4\">&#8211; Premio Fritz Sobels de la European Environmental Mutagen Society (EEMS) (Septiembre 2010)<\/p>\n<p class=\"rteindent4\">&#8211; Honorable Mention at the Scientific and Technological Achievment Award of the United States Environmental Protection Agency for the \u201cFirst comprehensive characterization of DBPs in indoor swimming pool water and their role in the water\u2019s mutagenicity\u201d<\/p>\n<p class=\"rteindent4\">&#8211; Traductor de 3 libros<\/p>\n<p class=\"rteindent4\">&#8211; Evaluador en m\u00e1s de 15 revistes cient\u00edficas<\/p>\n<p class=\"rteindent4\">&#8211; Evaluador cient\u00edfico de diferentes organismos (ANEP, ANECA, CONACIT, ACSUG, UE)<\/p>\n<p class=\"rteindent4\">&#8211; Representante espa\u00f1ol en Comisiones Internacionales (OECD, UE)<\/p>\n<p class=\"rteindent4\">&nbsp;<\/p>\n<p class=\"rteindent4\">&nbsp;<\/p>\n","protected":false},"excerpt":{"rendered":"<p>Ricard.Marcos@uab.cat&nbsp; &nbsp; Situaci\u00f3n actual: &#8211; Catedr\u00e1tico de Gen\u00e9tica en la Universidad Aut\u00f3noma de Barcelona &#8211; Coordinador del M\u00e1ster de Gen\u00e9tica Avanzada &#8211; Coordinador del Programa de Doctorado de Gen\u00e9tica &#8211; Director del Servicio de Evaluaci\u00f3n Mutag\u00e9nica &nbsp; Actividad Cient\u00edfica: &#8211; Seis tramos de investigaci\u00f3n concedidos &#8211; Investigador principal de: &nbsp; &nbsp; &#8211; 19 proyectes nacionales [&hellip;]<\/p>\n","protected":false},"author":20,"featured_media":0,"parent":0,"menu_order":0,"comment_status":"closed","ping_status":"closed","template":"","meta":{"footnotes":""},"class_list":["post-206","page","type-page","status-publish","hentry"],"_links":{"self":[{"href":"https:\/\/webs.uab.cat\/mutagenesi\/es\/wp-json\/wp\/v2\/pages\/206","targetHints":{"allow":["GET"]}}],"collection":[{"href":"https:\/\/webs.uab.cat\/mutagenesi\/es\/wp-json\/wp\/v2\/pages"}],"about":[{"href":"https:\/\/webs.uab.cat\/mutagenesi\/es\/wp-json\/wp\/v2\/types\/page"}],"author":[{"embeddable":true,"href":"https:\/\/webs.uab.cat\/mutagenesi\/es\/wp-json\/wp\/v2\/users\/20"}],"replies":[{"embeddable":true,"href":"https:\/\/webs.uab.cat\/mutagenesi\/es\/wp-json\/wp\/v2\/comments?post=206"}],"version-history":[{"count":0,"href":"https:\/\/webs.uab.cat\/mutagenesi\/es\/wp-json\/wp\/v2\/pages\/206\/revisions"}],"wp:attachment":[{"href":"https:\/\/webs.uab.cat\/mutagenesi\/es\/wp-json\/wp\/v2\/media?parent=206"}],"curies":[{"name":"wp","href":"https:\/\/api.w.org\/{rel}","templated":true}]}}