{"id":208,"date":"2017-12-12T15:58:27","date_gmt":"2017-12-12T13:58:27","guid":{"rendered":"https:\/\/webs.uab.cat\/mutagenesi\/noel-xamena-lopez-2\/"},"modified":"2018-01-30T10:32:19","modified_gmt":"2018-01-30T08:32:19","slug":"noel-xamena-lopez-2","status":"publish","type":"page","link":"https:\/\/webs.uab.cat\/mutagenesi\/es\/noel-xamena-lopez-2\/","title":{"rendered":"Noel Xamena L\u00f3pez"},"content":{"rendered":"<p class=\"rteindent4\"><img loading=\"lazy\" decoding=\"async\" class=\" size-full wp-image-187\" alt=\"\" height=\"416\" src=\"https:\/\/webs.uab.cat\/mutagenesi\/wp-content\/uploads\/sites\/53\/2017\/12\/noel.jpg\" width=\"306\" srcset=\"https:\/\/webs.uab.cat\/mutagenesi\/wp-content\/uploads\/sites\/53\/2017\/12\/noel.jpg 441w, https:\/\/webs.uab.cat\/mutagenesi\/wp-content\/uploads\/sites\/53\/2017\/12\/noel-221x300.jpg 221w\" sizes=\"auto, (max-width: 306px) 100vw, 306px\" \/><\/p>\n<p class=\"rteindent4\"><a href=\"mailto:noel.xamena@uab.es\">Noel.Xamena@uab.cat&nbsp;<\/a><\/p>\n<p>&nbsp;<\/p>\n<p class=\"rteindent4\"><strong>Situaci\u00f3n actual:<\/strong><\/p>\n<p class=\"rteindent4\">&#8211; Catedr\u00e1tico de Gen\u00e9tica en la Universidad Aut\u00f3noma de Barcelona (UAB)<\/p>\n<p class=\"rteindent4\">&#8211; Director del Departamento de Gen\u00e9tica y de Microbiolog\u00eda de la UAB<\/p>\n<p class=\"rteindent4\">&nbsp;<\/p>\n<p class=\"rteindent4\"><strong>Actividad cient\u00edfica:<\/strong><\/p>\n<p class=\"rteindent4\">&#8211; Cinco tramos de investigaci\u00f3n concedidos<\/p>\n<p class=\"rteindent4\">&#8211; Investigador principal de:<\/p>\n<p class=\"rteindent4\">&nbsp; &nbsp; &#8211; 2 Proyectos nacionales<\/p>\n<p class=\"rteindent4\">&nbsp;<\/p>\n<p class=\"rteindent4\">&#8211; Director de trabajos de estudiantes:<\/p>\n<p class=\"rteindent4\">&nbsp; &nbsp; &#8211; 8 Tesis doctorales<\/p>\n<p class=\"rteindent4\">&nbsp; &nbsp; &#8211; 8&nbsp;&nbsp;Trabajos de investigaci\u00f3n (Tesinas, m\u00e1ster, etc.)<\/p>\n<p class=\"rteindent4\">&nbsp;<\/p>\n<p class=\"rteindent4\">&#8211; Producci\u00f3n cient\u00edfica:<\/p>\n<p class=\"rteindent4\">&nbsp; &nbsp; &#8211; Art\u00edculos publicados<\/p>\n<p class=\"rteindent4\">&nbsp; &nbsp; Indicadores<\/p>\n<ul>\n<li class=\"rteindent4\">Publicaciones primer cuartil: <strong>9<\/strong> (2000-2015)<\/li>\n<li class=\"rteindent4\">Publicaciones primer decil: <strong>6<\/strong> (2000-2015)<\/li>\n<li class=\"rteindent4\">Cites totales: 1503<\/li>\n<li class=\"rteindent4\">\u00cdndex H: 21<\/li>\n<\/ul>\n<p class=\"rteindent4\">&nbsp;<\/p>\n<p class=\"rteindent4\"><strong>Otros m\u00e9ritos:<\/strong><\/p>\n<p class=\"rteindent4\">&#8211; Miembro de la <em>European Environmental Mutagen Society<\/em> (EEMS)<\/p>\n<p class=\"rteindent4\">&#8211; Miembro de la Sociedad Espa\u00f1ola de Mutag\u00e9nesis Ambiental (SEMA)<\/p>\n<p class=\"rteindent4\">&#8211; Miembro del Consorcio de Investigaci\u00f3n Biom\u00e9dica en Red sobre Epidemiologia y&nbsp;Salud P\u00fablica (CIBERESP; <a href=\"http:\/\/www.ciberesp.es\/\">http:\/\/www.ciberesp.es\/<\/a>)<\/p>\n<p align=\"center\" class=\"rteindent4\">&nbsp;<\/p>\n","protected":false},"excerpt":{"rendered":"<p>Noel.Xamena@uab.cat&nbsp; &nbsp; Situaci\u00f3n actual: &#8211; Catedr\u00e1tico de Gen\u00e9tica en la Universidad Aut\u00f3noma de Barcelona (UAB) &#8211; Director del Departamento de Gen\u00e9tica y de Microbiolog\u00eda de la UAB &nbsp; Actividad cient\u00edfica: &#8211; Cinco tramos de investigaci\u00f3n concedidos &#8211; Investigador principal de: &nbsp; &nbsp; &#8211; 2 Proyectos nacionales &nbsp; &#8211; Director de trabajos de estudiantes: &nbsp; &nbsp; [&hellip;]<\/p>\n","protected":false},"author":20,"featured_media":185,"parent":0,"menu_order":0,"comment_status":"closed","ping_status":"closed","template":"","meta":{"footnotes":""},"class_list":["post-208","page","type-page","status-publish","has-post-thumbnail","hentry"],"_links":{"self":[{"href":"https:\/\/webs.uab.cat\/mutagenesi\/es\/wp-json\/wp\/v2\/pages\/208","targetHints":{"allow":["GET"]}}],"collection":[{"href":"https:\/\/webs.uab.cat\/mutagenesi\/es\/wp-json\/wp\/v2\/pages"}],"about":[{"href":"https:\/\/webs.uab.cat\/mutagenesi\/es\/wp-json\/wp\/v2\/types\/page"}],"author":[{"embeddable":true,"href":"https:\/\/webs.uab.cat\/mutagenesi\/es\/wp-json\/wp\/v2\/users\/20"}],"replies":[{"embeddable":true,"href":"https:\/\/webs.uab.cat\/mutagenesi\/es\/wp-json\/wp\/v2\/comments?post=208"}],"version-history":[{"count":0,"href":"https:\/\/webs.uab.cat\/mutagenesi\/es\/wp-json\/wp\/v2\/pages\/208\/revisions"}],"wp:featuredmedia":[{"embeddable":true,"href":"https:\/\/webs.uab.cat\/mutagenesi\/es\/wp-json\/wp\/v2\/media\/185"}],"wp:attachment":[{"href":"https:\/\/webs.uab.cat\/mutagenesi\/es\/wp-json\/wp\/v2\/media?parent=208"}],"curies":[{"name":"wp","href":"https:\/\/api.w.org\/{rel}","templated":true}]}}