{"id":212,"date":"2017-12-12T16:01:28","date_gmt":"2017-12-12T14:01:28","guid":{"rendered":"https:\/\/webs.uab.cat\/mutagenesi\/alba-hernandez-bonilla-2\/"},"modified":"2018-01-30T10:34:57","modified_gmt":"2018-01-30T08:34:57","slug":"alba-hernandez-bonilla-2","status":"publish","type":"page","link":"https:\/\/webs.uab.cat\/mutagenesi\/es\/alba-hernandez-bonilla-2\/","title":{"rendered":"Alba Hern\u00e1ndez Bonilla"},"content":{"rendered":"<p class=\"rteindent4\"><img loading=\"lazy\" decoding=\"async\" class=\" size-full wp-image-196\" alt=\"\" height=\"414\" src=\"https:\/\/webs.uab.cat\/mutagenesi\/wp-content\/uploads\/sites\/53\/2017\/12\/alba.jpg\" width=\"307\" srcset=\"https:\/\/webs.uab.cat\/mutagenesi\/wp-content\/uploads\/sites\/53\/2017\/12\/alba.jpg 387w, https:\/\/webs.uab.cat\/mutagenesi\/wp-content\/uploads\/sites\/53\/2017\/12\/alba-222x300.jpg 222w\" sizes=\"auto, (max-width: 307px) 100vw, 307px\" \/><\/p>\n<p class=\"rteindent4\"><a href=\"mailto:alba.hernandez@uab.es\">Alba.Hernandez@uab.cat&nbsp;<\/a><\/p>\n<p>&nbsp;<\/p>\n<p class=\"rtejustify\">Identificadores ID <strong>H-5251-2015<\/strong>; ORCID <strong>0000-0001-6938-1233<\/strong><\/p>\n<p class=\"rtejustify\">Data de nacimiento: 25-01-1979<\/p>\n<p class=\"rtejustify\">&nbsp;<\/p>\n<p class=\"rtejustify\">La Dra. Alba Hern\u00e1ndez es profesora agregada de la <em>Universitat Aut\u00f2noma de Barcelona<\/em> (UAB) y desarrolla su investigaci\u00f3n en el <em>Grup de Mutag\u00e8nesi<\/em>. Sus principales intereses actuales se centran en el estudio del potencial cancer\u00edgeno de los nanomaterials (NM). En los \u00faltimos a\u00f1os se est\u00e1n introduciendo miles de productos con NM, tanto en la industria como en los productos de consumo diario, a pesar de la incerteza sobre los efectos que estos compuestos pueden tener sobre los trabajadores expuestos y los consumidores. Hay que enfrentarse a este nuevo escenario de exposiciones generando datos que ayuden a la evaluaci\u00f3n del riesgo y con prop\u00f3sitos reguladores. Para tal fin, es necesario un cambio en los dise\u00f1os de toxicolog\u00eda experimental convencional y en la metodolog\u00eda disponible. En este contexto, los objetivos a medio y largo t\u00e9rmino de la investigaci\u00f3n de la Dra. Hern\u00e1ndez son incrementar nuestros conocimientos sobre los riesgos cancer\u00edgenas relacionados con la exposici\u00f3n a los NM, as\u00ed como mejorar la metodolog\u00eda in vitro para evaluarlos. Tan solo de esta manera se podr\u00e1 hacer una comercializaci\u00f3n a gran escala de los productos de la nanotecnologia sin comprometer la salud humana.<\/p>\n<p class=\"rtejustify\">Adem\u00e1s, la Dra. Hern\u00e1ndez tambi\u00e9n est\u00e1 interesada en el estudio de los mecanismos de carcinog\u00e9nesis del ars\u00e9nico como a modelo de contaminante ambiental.<\/p>\n<p class=\"rtejustify\">&nbsp;<\/p>\n<p class=\"rtejustify\"><strong>Indicadores generales de su actividad cient\u00edfica<\/strong><\/p>\n<ul>\n<li class=\"rtejustify\">N\u00famero total of art\u00edculos publicados: 35 (23 entre 2014 y el presente, 7 en fase de revisi\u00f3n)<\/li>\n<li class=\"rtejustify\">N\u00famero total de publicaciones de comunicaciones: 6<\/li>\n<li class=\"rtejustify\">N\u00famero total de publicaciones como primer\/<em>corresponding author<\/em>: 23<\/li>\n<li class=\"rtejustify\">N\u00famero total de publicaciones in Cuartil 1: 28<\/li>\n<li class=\"rtejustify\">N\u00famero total de publicaciones in Decil 1: 15<\/li>\n<li class=\"rtejustify\">Total citas: 462<\/li>\n<\/ul>\n<p class=\"rtejustify\">&nbsp;<\/p>\n<p class=\"rtejustify\"><strong>Selecci\u00f3n de las \u00faltimas publicaciones<\/strong><\/p>\n<ol>\n<li class=\"rtejustify\">Vila L., Marcos R., <u>Hern\u00e1ndez A<\/u>. Long-term effects of silver nanoparticles in Caco-2 cells.<em> Nanotoxicology<\/em> 11: 771-80 (2017)<\/li>\n<li class=\"rtejustify\">Vila L., Rubio L., Annangi B., Garc\u00eda-Rodr\u00edguez A., Marcos R., <u>Hern\u00e1ndez A.<\/u> Frozen dispersions of nanomaterials are a useful operational procedure in nanotoxicology. <em>Nanotoxicology<\/em> 11:31-40 (2017)<\/li>\n<li class=\"rtejustify\">Rubio L., Bach J., Marcos R., <u>Hern\u00e1ndez A<\/u>. Synergistic role of nanoceria on the ability of tobacco-smoke to induce carcinogenic hallmarks in lung epithelial cells. <em>Nanomedicine,<\/em> accepted (2017)<\/li>\n<li class=\"rtejustify\">Bach J, Peremart\u00ed J, Annangi B, Marcos R, Hern\u00e1ndez A. Oxidative DNA damage enhances the carcinogenic potential of in vitro chronic arsenic exposures. <em>Archives of Toxicology<\/em> 90:1893-905 (2016).<\/li>\n<li class=\"rtejustify\">Annangi B., Bach J., Vales G., Rubio L., Marcos R., <u>Hern\u00e1ndez A<\/u>. Long-term exposures to low doses of cobalt nanoparticles induce cell transformation enhanced by oxidative damage. <em>Nanotoxicology<\/em> 9:138\u201347 (2015)<\/li>\n<li class=\"rtejustify\">Annangi B, Rubio L, Alaraby M, Bach J, Marcos R, <u>Hern\u00e1ndez A<\/u>. Acute and long-term in vitro effects of zinc oxide nanoparticles. <em>Arcives of Toxicology <\/em>90:2201-13 (2015)&nbsp;<\/li>\n<li class=\"rtejustify\">Bach J, Sampayo-Reyes A,&nbsp; Marcos R, <u>&nbsp;Hern\u00e1ndez A<\/u> (2014). Ogg1 genetic background determines the genotoxic potential of environmentally relevant arsenic exposure.&nbsp; <em>Archives of Toxicology<\/em> 88: 585 \u2013 596 (2014).<\/li>\n<li class=\"rtejustify\">Pastoret A, Marcos R, Sampayo-Reyes A, Saucedo-Cardenas O, Lozano-Garza GH, <u>Hern\u00e1ndez A<\/u>. 2013.&nbsp; Inhibition of hepatocyte nuclear factor 1 and 4 alpha (HNH1a and HNF4a) as a mechanism of arsenic carcinogenesis. <em>Archives of Toxicology<\/em>. 87: 1001 \u2013 1012.<\/li>\n<\/ol>\n<p class=\"rtejustify\">&nbsp;<\/p>\n<p class=\"rtejustify\"><strong>Proyectos de Investigaci\u00f3n<\/strong><\/p>\n<ul>\n<li class=\"rtejustify\">Participante en 18 proyectos de investigaci\u00f3n como investigadora (4 proyectos EU: NaNoREG, NANOGENOTOX, Risc-Rad, y NewGeneris).<\/li>\n<li class=\"rtejustify\">IP de 2 proyectos de \u00e1mbito nacional<\/li>\n<\/ul>\n<p class=\"rtejustify\">Proyecto actual como PI: Development of <em>in vitro<\/em> models for the study of NMs carcinogenic potential. Ministerio Espa\u00f1ol de Educaci\u00f3n y Ciencia (MEC). 120.000 \u20ac. 2016 \u2013 2019.<\/p>\n<p class=\"rtejustify\">&nbsp;<\/p>\n<p class=\"rtejustify\"><strong>Premios<\/strong><\/p>\n<ul>\n<li class=\"rtejustify\">2012, APOSTA Premio para investigadores j\u00f3venes de la UAB con futuro prometedor. Premiada con 25.000 euros por el proyecto \u2018Arsenic and Stem Cells-Is Cancer the destiny of this relationship?\u2019<\/li>\n<\/ul>\n<p class=\"rtejustify\">&nbsp;<\/p>\n<p class=\"rtejustify\"><strong>Otros m\u00e9ritos relevantes<\/strong><\/p>\n<ul>\n<li class=\"rtejustify\">Directora de 1 Postdoc \/ 6 doctorandos \/ 5 nacional y 2 internacionales estudiantes&nbsp; de M\u00e1ster<\/li>\n<li class=\"rtejustify\">M\u00e1s de 2000 horas de docencia en Grados de Biociencias y m\u00e1s de 500 horas de docencia en Programas de M\u00e1ster.<\/li>\n<\/ul>\n<p class=\"rtejustify\">&nbsp;<\/p>\n<ul>\n<li class=\"rtejustify\">Revisora de les siguientes revistas internacionales: Pharmacogenomics, Sciences of the Total Environment, Mutation Research &#8211; Genetic Toxicology and Environmental Mutagenesis, Mutation Research\/Fundamental and Molecular Mechanisms of Mutagenesis, Journal of Hazardous Material, Toxicology Letters, International Journal of Cancer, Archives of Toxicology, International Journal of Hygiene and Environmental Health.<\/li>\n<\/ul>\n<p class=\"rtejustify\">&nbsp;<\/p>\n<ul>\n<li class=\"rtejustify\">Miembro de la European Environmental Mutagen Society (EEMS)<\/li>\n<li class=\"rtejustify\">Miembro de la Sociedad Espa\u00f1ola de Mutag\u00e9nesis Ambiental (SEMA)<\/li>\n<li class=\"rtejustify\">Miembro del Consorcio de Investigaci\u00f3n Biom\u00e9dica en Red sobre Epidemiologia y Salud P\u00fablica (CIBERESP; <a href=\"http:\/\/www.ciberesp.es\/\">http:\/\/www.ciberesp.es\/<\/a>)<\/li>\n<\/ul>\n<p class=\"rtejustify\">&nbsp;<\/p>\n<ul>\n<li class=\"rtejustify\">2015-2017, Coordinadora de la Unidad de Gen\u00e9tica, <em>Departament de <\/em><em>Gen\u00e8tica i Microbiologia<\/em>, UAB, Espa\u00f1a<\/li>\n<li class=\"rtejustify\">2010-2017, Miembro de 7 Comit\u00e9s Nacionales de Tesis Doct\u00f3rales<\/li>\n<li class=\"rtejustify\">2010, Miembro del Comit\u00e9 Cient\u00edfico de Evaluadores Externos of Tesis, Facultad de Ciencias de la Nutrici\u00f3n, <em>Universidad Aut\u00f3noma de Nuevo Le\u00f3n<\/em> (UANL), M\u00e9xico<\/li>\n<\/ul>\n<p class=\"rtejustify\">&nbsp;<\/p>\n","protected":false},"excerpt":{"rendered":"<p>Alba.Hernandez@uab.cat&nbsp; &nbsp; Identificadores ID H-5251-2015; ORCID 0000-0001-6938-1233 Data de nacimiento: 25-01-1979 &nbsp; La Dra. Alba Hern\u00e1ndez es profesora agregada de la Universitat Aut\u00f2noma de Barcelona (UAB) y desarrolla su investigaci\u00f3n en el Grup de Mutag\u00e8nesi. Sus principales intereses actuales se centran en el estudio del potencial cancer\u00edgeno de los nanomaterials (NM). En los \u00faltimos a\u00f1os [&hellip;]<\/p>\n","protected":false},"author":20,"featured_media":0,"parent":0,"menu_order":0,"comment_status":"closed","ping_status":"closed","template":"","meta":{"footnotes":""},"class_list":["post-212","page","type-page","status-publish","hentry"],"_links":{"self":[{"href":"https:\/\/webs.uab.cat\/mutagenesi\/es\/wp-json\/wp\/v2\/pages\/212","targetHints":{"allow":["GET"]}}],"collection":[{"href":"https:\/\/webs.uab.cat\/mutagenesi\/es\/wp-json\/wp\/v2\/pages"}],"about":[{"href":"https:\/\/webs.uab.cat\/mutagenesi\/es\/wp-json\/wp\/v2\/types\/page"}],"author":[{"embeddable":true,"href":"https:\/\/webs.uab.cat\/mutagenesi\/es\/wp-json\/wp\/v2\/users\/20"}],"replies":[{"embeddable":true,"href":"https:\/\/webs.uab.cat\/mutagenesi\/es\/wp-json\/wp\/v2\/comments?post=212"}],"version-history":[{"count":0,"href":"https:\/\/webs.uab.cat\/mutagenesi\/es\/wp-json\/wp\/v2\/pages\/212\/revisions"}],"wp:attachment":[{"href":"https:\/\/webs.uab.cat\/mutagenesi\/es\/wp-json\/wp\/v2\/media?parent=212"}],"curies":[{"name":"wp","href":"https:\/\/api.w.org\/{rel}","templated":true}]}}