{"id":214,"date":"2017-12-12T15:31:07","date_gmt":"2017-12-12T13:31:07","guid":{"rendered":"https:\/\/webs.uab.cat\/mutagenesi\/amadeu-creus-capdevila-2\/"},"modified":"2018-01-30T10:51:56","modified_gmt":"2018-01-30T08:51:56","slug":"amadeu-creus-capdevila-2","status":"publish","type":"page","link":"https:\/\/webs.uab.cat\/mutagenesi\/es\/amadeu-creus-capdevila-2\/","title":{"rendered":"Amadeu Creus Capdevila"},"content":{"rendered":"<p class=\"rteindent4\"><img loading=\"lazy\" decoding=\"async\" class=\" size-full wp-image-182\" alt=\"\" height=\"332\" src=\"https:\/\/webs.uab.cat\/mutagenesi\/wp-content\/uploads\/sites\/53\/2017\/12\/amadeu.jpg\" width=\"332\" srcset=\"https:\/\/webs.uab.cat\/mutagenesi\/wp-content\/uploads\/sites\/53\/2017\/12\/amadeu.jpg 480w, https:\/\/webs.uab.cat\/mutagenesi\/wp-content\/uploads\/sites\/53\/2017\/12\/amadeu-300x300.jpg 300w, https:\/\/webs.uab.cat\/mutagenesi\/wp-content\/uploads\/sites\/53\/2017\/12\/amadeu-150x150.jpg 150w\" sizes=\"auto, (max-width: 332px) 100vw, 332px\" \/><\/p>\n<p class=\"rteindent4\"><a href=\"mailto:amadeu.creus@uab.es\">Amadeu.Creus@uab.cat&nbsp;<\/a><\/p>\n<p class=\"rteindent4\">&nbsp;<\/p>\n<p class=\"rteindent4\"><strong>Situaci\u00f3n actual:<\/strong><\/p>\n<p class=\"rteindent4\">&#8211; Catedr\u00e1tico de Gen\u00e9tica de la Universitat Aut\u00f2noma de Barcelona<\/p>\n<p class=\"rteindent4\">&#8211; Miembro del Servicio de Evaluaci\u00f3n Mutag\u00e9nica<\/p>\n<p class=\"rteindent4\">&nbsp;<\/p>\n<p class=\"rteindent4\"><strong>Actividad Cient\u00edfica:<\/strong><\/p>\n<p class=\"rteindent4\">&#8211; Seis tramos de investigaci\u00f3n concedidos<\/p>\n<p class=\"rteindent4\">&#8211; Investigador principal de:<\/p>\n<p class=\"rteindent4\">&nbsp; &nbsp; &#8211; 4 proyectos nacionales<\/p>\n<p class=\"rteindent4\">&nbsp; &nbsp; &#8211; 1 proyecto internacional<\/p>\n<p class=\"rteindent4\">&#8211; Investigador en numerosos proyectos nacionales e internacionales<\/p>\n<p class=\"rteindent4\">&#8211; Direcci\u00f3n de trabajos:<\/p>\n<p class=\"rteindent4\">&nbsp; &nbsp; &#8211; 10 tesis doctorales<\/p>\n<p class=\"rteindent4\">&nbsp; &nbsp; &#8211; 8 trabajos de investigaci\u00f3n<\/p>\n<p class=\"rteindent4\">&#8211; Producci\u00f3n cient\u00edfica:<\/p>\n<p class=\"rteindent4\">&nbsp; &nbsp; &#8211; 202 art\u00edculos publicados<\/p>\n<p class=\"rteindent4\">&nbsp; &nbsp; &#8211; 245 presentaciones en reuniones cient\u00edficas<\/p>\n<p class=\"rteindent4\">&#8211; Organizador de congresos:<\/p>\n<p class=\"rteindent4\">&nbsp; &nbsp; &#8211; 4 nacionales (SEMA 1989, 2000, 2009,2016)<\/p>\n<p class=\"rteindent4\">&nbsp; &nbsp; &#8211; 1 internacional (EEMS 1993)<\/p>\n<p class=\"rteindent4\">&nbsp;<\/p>\n<p class=\"rteindent4\">&nbsp;<strong>Otras actividades:<\/strong><\/p>\n<p class=\"rteindent4\">&#8211; Secretario de la Sociedad Espa\u00f1ola de Mutag\u00e9nesis Ambiental (SEMA)<\/p>\n<p class=\"rteindent4\">&#8211; Coautor del libro \u201cGen\u00e9tica Toxicol\u00f3gica y Carcinog\u00e9nesis\u201d (Premio Enrique Garc\u00e9s 2003, otorgado por el Municipio de Quito a la mejor obra en Ciencias Biol\u00f3gicas)<\/p>\n<p class=\"rteindent4\">&#8211; Evaluador de 14 revistas cient\u00edficas<\/p>\n<p class=\"rteindent4\">&#8211; Evaluador cient\u00edfico de diferentes organismos (ANEP, AQU, CIRIT, FIS)<\/p>\n<p class=\"rteindent4\">&#8211; Representante espa\u00f1ol en el consejo de la EEMS<\/p>\n<p class=\"rteindent4\">&#8211; Asesor del centro de terminolog\u00eda TERMCAT<\/p>\n<p class=\"rteindent4\">&nbsp;<\/p>\n","protected":false},"excerpt":{"rendered":"<p>Amadeu.Creus@uab.cat&nbsp; &nbsp; Situaci\u00f3n actual: &#8211; Catedr\u00e1tico de Gen\u00e9tica de la Universitat Aut\u00f2noma de Barcelona &#8211; Miembro del Servicio de Evaluaci\u00f3n Mutag\u00e9nica &nbsp; Actividad Cient\u00edfica: &#8211; Seis tramos de investigaci\u00f3n concedidos &#8211; Investigador principal de: &nbsp; &nbsp; &#8211; 4 proyectos nacionales &nbsp; &nbsp; &#8211; 1 proyecto internacional &#8211; Investigador en numerosos proyectos nacionales e internacionales &#8211; [&hellip;]<\/p>\n","protected":false},"author":20,"featured_media":0,"parent":0,"menu_order":0,"comment_status":"closed","ping_status":"closed","template":"","meta":{"footnotes":""},"class_list":["post-214","page","type-page","status-publish","hentry"],"_links":{"self":[{"href":"https:\/\/webs.uab.cat\/mutagenesi\/es\/wp-json\/wp\/v2\/pages\/214","targetHints":{"allow":["GET"]}}],"collection":[{"href":"https:\/\/webs.uab.cat\/mutagenesi\/es\/wp-json\/wp\/v2\/pages"}],"about":[{"href":"https:\/\/webs.uab.cat\/mutagenesi\/es\/wp-json\/wp\/v2\/types\/page"}],"author":[{"embeddable":true,"href":"https:\/\/webs.uab.cat\/mutagenesi\/es\/wp-json\/wp\/v2\/users\/20"}],"replies":[{"embeddable":true,"href":"https:\/\/webs.uab.cat\/mutagenesi\/es\/wp-json\/wp\/v2\/comments?post=214"}],"version-history":[{"count":0,"href":"https:\/\/webs.uab.cat\/mutagenesi\/es\/wp-json\/wp\/v2\/pages\/214\/revisions"}],"wp:attachment":[{"href":"https:\/\/webs.uab.cat\/mutagenesi\/es\/wp-json\/wp\/v2\/media?parent=214"}],"curies":[{"name":"wp","href":"https:\/\/api.w.org\/{rel}","templated":true}]}}