{"id":73,"date":"2011-02-09T11:08:59","date_gmt":"2011-02-09T09:08:59","guid":{"rendered":"https:\/\/webs.uab.cat\/mutagenesi\/historia-2\/"},"modified":"2011-02-09T11:08:59","modified_gmt":"2011-02-09T09:08:59","slug":"historia-2","status":"publish","type":"page","link":"https:\/\/webs.uab.cat\/mutagenesi\/es\/historia-2\/","title":{"rendered":"Historia"},"content":{"rendered":"<p>El <strong>Grupo de Mutag\u00e9nesis<\/strong> de la Unidad de Gen\u00e9tica, del <a href=\"http:\/\/www.uab.es\/departament\/genetica-microbiologia\/\" target=\"_blank\" rel=\"noopener\">Departamento de Gen\u00e9tica y Microbiolog\u00eda<\/a> de la <a href=\"http:\/\/www.uab.es\/\" target=\"_blank\" rel=\"noopener\">Universidad Aut\u00f3noma de Barcelona<\/a> (UAB) se constituy\u00f3 en el a\u00f1o 1980. Sus miembros fundadores (A. Creus y R. Marcos) proven\u00edan del campo de la Gen\u00e9tica de Poblaciones y pose\u00edan una amplia formaci\u00f3n en la investigaci\u00f3n experimental empleando Drosophila melanogaster. <\/p>\n<p>Los primeros trabajos se llevaron a cabo utilizando <em>Drosophila<\/em> como organismo de ensayo y evaluando la actividad mutag\u00e9nica de un amplio grupo de contaminantes ambientales, fundamentalmente agentes intercalantes y pesticidas. A partir del a\u00f1o 1986, el uso de cultivos de linfocitos humanos se convirti\u00f3 en una herramienta complementaria de <em>Drosophila<\/em> en la evaluaci\u00f3n mutag\u00e9nica, a la vez que se iniciaron estudios de valoraci\u00f3n y perfeccionamiento de diferentes ensayos de genotoxicidad. En 1989 comenzaron los estudios de biomonitorizaci\u00f3n de poblaciones humanas ocupacionalmente expuestas a agentes sospechosos de tener actividad mutag\u00e9nica\/carcinog\u00e9nica y de pacientes tratados con quimio\/radioterapia. Finalmente, en el a\u00f1o 1993 se ampli\u00f3 la actividad investigadora del Grupo incorporando t\u00e9cnicas moleculares en el estudio y evaluaci\u00f3n de la inducci\u00f3n de da\u00f1o gen\u00e9tico. <\/p>\n<p>A lo largo del per\u00edodo transcurrido desde su formaci\u00f3n, algunos de sus miembros han realizado estancias de aprendizaje\/perfeccionamiento\/colaboraci\u00f3n en diversos centros de investigaci\u00f3n:<\/p>\n<ul>\n<li><em>Sylvius Laboratory<\/em> de la Universidad de Leiden\/Holanda (R. Marcos, J. Surrall\u00e9s, S. Puerto)<\/li>\n<li><em>Institut f\u00fcr Toxikologie<\/em> of Z\u00fcric\/Suiza (P. Alba)<\/li>\n<li><em>Department of Genetics<\/em> de la Universidad de Ume\u00e5\/Suecia (N. Xamena)<\/li>\n<li><em>BIBRA (British Industrial Biological Research Association)<\/em> de Londres\/UK (R. Marcos, M. Pitarque)<\/li>\n<li><em>Istituto di Genetica<\/em> de la Universidad de Roma\/Italia (N. Xamena, J. Surrall\u00e9s)<\/li>\n<li><em>Laboratory voor Antropogenetica<\/em> de la Universidad de Bruselas\/B\u00e9lgica (J. Surrall\u00e9s)<\/li>\n<li><em>Unit of Cancer and Nutrition<\/em> de la CSIRO Adelaida\/Australia (J. Surrall\u00e9s)<\/li>\n<li><em>Institute of Occupational Health<\/em> de Helsinki\/Finlandia (J. Surrall\u00e9s, M. Pitarque)<\/li>\n<li><em>Instituto de Sanidad Ambiental Carlos III<\/em> de Madrid (M. Batiste-Alentorn)<\/li>\n<li><em>Department of Genetics<\/em> de la Universidad de Davis\/USA (A. Vel\u00e1zquez)<\/li>\n<li><em>California Institute of Biological Research<\/em> de California\/USA(A. Vel\u00e1zquez)<\/li>\n<li><em>Dipartamento di Scienze dell&#8217;Ambiente e del Territorio<\/em> de la Universidad de Pisa\/Italia (G. Ribas)<\/li>\n<li><em>Institute of Cellular and Molecular Biology<\/em> de la Universidad de Edinburgo\/UK (S. Soriano)<\/li>\n<li><em>Laboratorio di Tossicologia Comparata ed Ecotossicologia<\/em> del Istituto Superiore di Sanit\u00e0 en Roma\/Italia (M. Pitarque)<\/li>\n<li><em>Dipartamento di Genetica e Biologia Molecolare<\/em> de la Universidad La Sapienza en Roma\/Italia ( M. J. Ram\u00edrez)<\/li>\n<li><em>Department of Biology<\/em> en el Johns Hopkins University en Baltimore\/USA (S. Soriano)<\/li>\n<li><em>Institute National de la Sant\u00e9 et de la Recherche M\u00e9dicale<\/em> en Clermont-Ferrand\/Francia (E. Baldrich)<\/li>\n<li><em>Centro per lo Studio degli Acidi Nucleici<\/em> de la Universidad \u00abLa Sapienza\u00bb a Roma\/Italia (S. Soriano)<\/li>\n<li><em>Departamento de Biolog\u00eda Molecular<\/em> de la Universidad de Concepci\u00f3n\/Xile (E. Carbonell, R. Marcos)<\/li>\n<li><em>Department of Genetics<\/em> de la University College of Swansea\/UK (E. Carbonell, M.J. Ram\u00edrez)<\/li>\n<li><em>Laboratorio de Toxicolog\u00eda Gen\u00e9tica Molecular<\/em> del Instituto de Investigaciones Biom\u00e9dicas, M\u00e9xico D.F.\/M\u00e9xico (M. Pitarque)<\/li>\n<\/ul>\n<p>&nbsp;<\/p>\n","protected":false},"excerpt":{"rendered":"<p>El Grupo de Mutag\u00e9nesis de la Unidad de Gen\u00e9tica, del Departamento de Gen\u00e9tica y Microbiolog\u00eda de la Universidad Aut\u00f3noma de Barcelona (UAB) se constituy\u00f3 en el a\u00f1o 1980. Sus miembros fundadores (A. Creus y R. Marcos) proven\u00edan del campo de la Gen\u00e9tica de Poblaciones y pose\u00edan una amplia formaci\u00f3n en la investigaci\u00f3n experimental empleando Drosophila [&hellip;]<\/p>\n","protected":false},"author":20,"featured_media":0,"parent":0,"menu_order":0,"comment_status":"closed","ping_status":"closed","template":"","meta":{"footnotes":""},"class_list":["post-73","page","type-page","status-publish","hentry"],"_links":{"self":[{"href":"https:\/\/webs.uab.cat\/mutagenesi\/es\/wp-json\/wp\/v2\/pages\/73","targetHints":{"allow":["GET"]}}],"collection":[{"href":"https:\/\/webs.uab.cat\/mutagenesi\/es\/wp-json\/wp\/v2\/pages"}],"about":[{"href":"https:\/\/webs.uab.cat\/mutagenesi\/es\/wp-json\/wp\/v2\/types\/page"}],"author":[{"embeddable":true,"href":"https:\/\/webs.uab.cat\/mutagenesi\/es\/wp-json\/wp\/v2\/users\/20"}],"replies":[{"embeddable":true,"href":"https:\/\/webs.uab.cat\/mutagenesi\/es\/wp-json\/wp\/v2\/comments?post=73"}],"version-history":[{"count":0,"href":"https:\/\/webs.uab.cat\/mutagenesi\/es\/wp-json\/wp\/v2\/pages\/73\/revisions"}],"wp:attachment":[{"href":"https:\/\/webs.uab.cat\/mutagenesi\/es\/wp-json\/wp\/v2\/media?parent=73"}],"curies":[{"name":"wp","href":"https:\/\/api.w.org\/{rel}","templated":true}]}}