{"id":183,"date":"2017-12-12T15:31:07","date_gmt":"2017-12-12T13:31:07","guid":{"rendered":"https:\/\/webs.uab.cat\/mutagenesi\/amadeu-creus-capdevila\/"},"modified":"2022-07-19T10:23:01","modified_gmt":"2022-07-19T08:23:01","slug":"amadeu-creus-capdevila","status":"publish","type":"page","link":"https:\/\/webs.uab.cat\/mutagenesi\/amadeu-creus-capdevila\/","title":{"rendered":"Amadeu Creus Capdevila"},"content":{"rendered":"\n<figure class=\"wp-block-image is-resized\"><img loading=\"lazy\" decoding=\"async\" src=\"https:\/\/webs.uab.cat\/mutagenesi\/wp-content\/uploads\/sites\/53\/2017\/12\/amadeu.jpg\" alt=\"\" class=\"wp-image-180\" width=\"698\" height=\"698\" srcset=\"https:\/\/webs.uab.cat\/mutagenesi\/wp-content\/uploads\/sites\/53\/2017\/12\/amadeu.jpg 480w, https:\/\/webs.uab.cat\/mutagenesi\/wp-content\/uploads\/sites\/53\/2017\/12\/amadeu-300x300.jpg 300w, https:\/\/webs.uab.cat\/mutagenesi\/wp-content\/uploads\/sites\/53\/2017\/12\/amadeu-150x150.jpg 150w\" sizes=\"auto, (max-width: 698px) 100vw, 698px\" \/><\/figure>\n\n\n\n<p><\/p>\n\n\n\n<p><a href=\"mailto:amadeu.creus@uab.es\">Amadeu.Creus@uab.cat&nbsp;<\/a><\/p>\n\n\n\n<p>&nbsp;<\/p>\n\n\n\n<p><strong>Situaci\u00f3 actual:<\/strong><\/p>\n\n\n\n<p>&#8211; Catedr\u00e0tic de Gen\u00e8tica de la Universitat Aut\u00f2noma de Barcelona<\/p>\n\n\n\n<p>&#8211; Membre del Servei d&#8217;Avaluaci\u00f3 Mutag\u00e8nica<\/p>\n\n\n\n<p>&nbsp;<\/p>\n\n\n\n<p><strong>Activitat Cient\u00edfica: <\/strong><\/p>\n\n\n\n<p>&#8211; Sis trams de recerca concedits<\/p>\n\n\n\n<p>&#8211; Investigador principal de:<\/p>\n\n\n\n<p>&nbsp; &nbsp; &#8211; 4 projectes nacionals<\/p>\n\n\n\n<p>&nbsp; &nbsp; &#8211; 1 projecte internacional<\/p>\n\n\n\n<p>&#8211; Investigador en nombrosos projectes nacionals i internacionals<\/p>\n\n\n\n<p>&#8211; Direcci\u00f3 de treballs:<\/p>\n\n\n\n<p>&nbsp; &nbsp; &#8211; 10 tesis doctorals<\/p>\n\n\n\n<p>&nbsp; &nbsp; &#8211; 8 treballs de recerca<\/p>\n\n\n\n<p>&#8211; Producci\u00f3 cient\u00edfica:<\/p>\n\n\n\n<p>&nbsp; &nbsp; &#8211; 202 articles publicats<\/p>\n\n\n\n<p>&nbsp; &nbsp; &#8211; 245 presentacions en reunions cient\u00edfiques<\/p>\n\n\n\n<p>&#8211; Organitzador de congressos:<\/p>\n\n\n\n<p>&nbsp; &nbsp; &#8211; 4 nacionals (SEMA 1989, 2000, 2009,2016)<\/p>\n\n\n\n<p>&nbsp; &nbsp; &#8211; 1 internacional (EEMS 1993)<\/p>\n\n\n\n<p>&nbsp;<\/p>\n\n\n\n<p><strong>Altres activitats: <\/strong><\/p>\n\n\n\n<p>&#8211; Secretari de la Societat Espanyola de Mutag\u00e8nesi Ambiental (SEMA)<\/p>\n\n\n\n<p>&#8211; Coautor del llibre \u201cGen\u00e9tica Toxicol\u00f3gica y Carcinog\u00e9nesis\u201d (Premi Enrique Garc\u00e9s 2003, atorgat pel Municipi de Quito a la millor obra en Ci\u00e8ncies Biol\u00f2giques)<\/p>\n\n\n\n<p>&#8211; Avaluador de 14 revistes cient\u00edfiques<\/p>\n\n\n\n<p>&#8211; Avaluador cient\u00edfic de diferents organismes (ANEP, AQU, CIRIT, FIS)<\/p>\n\n\n\n<p>&#8211; Representant espanyol en el consell de l\u00b4EEMS<\/p>\n\n\n\n<p>&#8211; Assessor del centre de terminologia TERMCAT<\/p>\n\n\n\n<p>&nbsp;<\/p>\n","protected":false},"excerpt":{"rendered":"<p>Amadeu.Creus@uab.cat&nbsp; &nbsp; Situaci\u00f3 actual: &#8211; Catedr\u00e0tic de Gen\u00e8tica de la Universitat Aut\u00f2noma de Barcelona &#8211; Membre del Servei d&#8217;Avaluaci\u00f3 Mutag\u00e8nica &nbsp; Activitat Cient\u00edfica: &#8211; Sis trams de recerca concedits &#8211; Investigador principal de: &nbsp; &nbsp; &#8211; 4 projectes nacionals &nbsp; &nbsp; &#8211; 1 projecte internacional &#8211; Investigador en nombrosos projectes nacionals i internacionals &#8211; Direcci\u00f3 [&hellip;]<\/p>\n","protected":false},"author":20,"featured_media":0,"parent":0,"menu_order":0,"comment_status":"closed","ping_status":"closed","template":"","meta":{"footnotes":""},"class_list":["post-183","page","type-page","status-publish","hentry"],"_links":{"self":[{"href":"https:\/\/webs.uab.cat\/mutagenesi\/wp-json\/wp\/v2\/pages\/183","targetHints":{"allow":["GET"]}}],"collection":[{"href":"https:\/\/webs.uab.cat\/mutagenesi\/wp-json\/wp\/v2\/pages"}],"about":[{"href":"https:\/\/webs.uab.cat\/mutagenesi\/wp-json\/wp\/v2\/types\/page"}],"author":[{"embeddable":true,"href":"https:\/\/webs.uab.cat\/mutagenesi\/wp-json\/wp\/v2\/users\/20"}],"replies":[{"embeddable":true,"href":"https:\/\/webs.uab.cat\/mutagenesi\/wp-json\/wp\/v2\/comments?post=183"}],"version-history":[{"count":2,"href":"https:\/\/webs.uab.cat\/mutagenesi\/wp-json\/wp\/v2\/pages\/183\/revisions"}],"predecessor-version":[{"id":410,"href":"https:\/\/webs.uab.cat\/mutagenesi\/wp-json\/wp\/v2\/pages\/183\/revisions\/410"}],"wp:attachment":[{"href":"https:\/\/webs.uab.cat\/mutagenesi\/wp-json\/wp\/v2\/media?parent=183"}],"curies":[{"name":"wp","href":"https:\/\/api.w.org\/{rel}","templated":true}]}}