{"id":188,"date":"2017-12-12T15:58:27","date_gmt":"2017-12-12T13:58:27","guid":{"rendered":"https:\/\/webs.uab.cat\/mutagenesi\/noel-xamena-lopez\/"},"modified":"2022-07-19T10:23:29","modified_gmt":"2022-07-19T08:23:29","slug":"noel-xamena-lopez","status":"publish","type":"page","link":"https:\/\/webs.uab.cat\/mutagenesi\/noel-xamena-lopez\/","title":{"rendered":"Noel Xamena L\u00f3pez"},"content":{"rendered":"\n<figure class=\"wp-block-image\"><img loading=\"lazy\" decoding=\"async\" width=\"441\" height=\"600\" src=\"https:\/\/webs.uab.cat\/mutagenesi\/wp-content\/uploads\/sites\/53\/2017\/12\/noel.jpg\" alt=\"\" class=\"wp-image-185\" srcset=\"https:\/\/webs.uab.cat\/mutagenesi\/wp-content\/uploads\/sites\/53\/2017\/12\/noel.jpg 441w, https:\/\/webs.uab.cat\/mutagenesi\/wp-content\/uploads\/sites\/53\/2017\/12\/noel-221x300.jpg 221w\" sizes=\"auto, (max-width: 441px) 100vw, 441px\" \/><\/figure>\n\n\n\n<p><\/p>\n\n\n\n<p><a href=\"mailto:noel.xamena@uab.es\">Noel.Xamena@uab.cat&nbsp;<\/a><\/p>\n\n\n\n<div>\n<p class=\"rteindent4\">&nbsp;<\/p>\n<p class=\"rteindent4\"><strong>Situaci\u00f3 actual:<\/strong><\/p>\n<p class=\"rteindent4\">&#8211; Catedr\u00e0tic de Gen\u00e8tica a la Universitat Aut\u00f2noma de Barcelona (UAB)<\/p>\n<p class=\"rteindent4\">&#8211; Director del Departament de Gen\u00e8tica i de Microbiologia de la UAB<\/p>\n<p class=\"rteindent4\">&nbsp;<\/p>\n<p class=\"rteindent4\"><strong>Activitat cient\u00edfica:<\/strong><\/p>\n<p class=\"rteindent4\">&#8211; Cinc trams de recerca concedits<\/p>\n<p class=\"rteindent4\">&#8211; Investigador principal de:<\/p>\n<p class=\"rteindent4\">&nbsp; &nbsp; &#8211; 2 Projectes nacionals<\/p>\n<p class=\"rteindent4\">&nbsp;<\/p>\n<p class=\"rteindent4\">&#8211; Director de treballs:<\/p>\n<p class=\"rteindent4\">&nbsp; &nbsp; &#8211; 8 Tesis doctorals<\/p>\n<p class=\"rteindent4\">&nbsp; &nbsp; &#8211;&nbsp;8 Treballs de recerca (Tesines, m\u00e0ster, etc.)<\/p>\n<p class=\"rteindent4\">&nbsp;<\/p>\n<p class=\"rteindent4\">&#8211; Producci\u00f3 cient\u00edfica:<\/p>\n<p class=\"rteindent4\">&nbsp; &nbsp; -Articles publicats<\/p>\n<p class=\"rteindent4\">&nbsp; &nbsp; &nbsp; &nbsp;Indicadors<\/p>\n<ul>\n<li class=\"rteindent4\">Publicacions primer cuartil: <strong>9<\/strong> (2000-2015)<\/li>\n<li class=\"rteindent4\">Publicacions primer decil: <strong>6<\/strong> (2000-2015)<\/li>\n<li class=\"rteindent4\">Cites totals: 1503<\/li>\n<li class=\"rteindent4\">\u00cdndex H: 21<\/li>\n<\/ul>\n<p class=\"rteindent4\">&nbsp;<\/p>\n<p class=\"rteindent4\"><strong>Altres m\u00e8rits:<\/strong><\/p>\n<p class=\"rteindent4\">&#8211; Membre de la European Environmental Mutagen Society (EEMS)<\/p>\n<p class=\"rteindent4\">&#8211; Membre d la Societat Espanyola de Mutag\u00e8nesi Ambiental (SEMA)<\/p>\n<p class=\"rteindent4\">&#8211; Membre del Consorci de Investigaci\u00f3 Biom\u00e8dica en<em> Red sobre Epidemiologia y&nbsp;Salud P\u00fablica<\/em> (CIBERESP; <a href=\"http:\/\/www.ciberesp.es\/\">http:\/\/www.ciberesp.es\/<\/a>)<\/p>\n<p class=\"rteindent4\">&nbsp;<\/p>\n<\/div>\n","protected":false},"excerpt":{"rendered":"<p>Noel.Xamena@uab.cat&nbsp; &nbsp; Situaci\u00f3 actual: &#8211; Catedr\u00e0tic de Gen\u00e8tica a la Universitat Aut\u00f2noma de Barcelona (UAB) &#8211; Director del Departament de Gen\u00e8tica i de Microbiologia de la UAB &nbsp; Activitat cient\u00edfica: &#8211; Cinc trams de recerca concedits &#8211; Investigador principal de: &nbsp; &nbsp; &#8211; 2 Projectes nacionals &nbsp; &#8211; Director de treballs: &nbsp; &nbsp; &#8211; 8 [&hellip;]<\/p>\n","protected":false},"author":20,"featured_media":185,"parent":0,"menu_order":0,"comment_status":"closed","ping_status":"closed","template":"","meta":{"footnotes":""},"class_list":["post-188","page","type-page","status-publish","has-post-thumbnail","hentry"],"_links":{"self":[{"href":"https:\/\/webs.uab.cat\/mutagenesi\/wp-json\/wp\/v2\/pages\/188","targetHints":{"allow":["GET"]}}],"collection":[{"href":"https:\/\/webs.uab.cat\/mutagenesi\/wp-json\/wp\/v2\/pages"}],"about":[{"href":"https:\/\/webs.uab.cat\/mutagenesi\/wp-json\/wp\/v2\/types\/page"}],"author":[{"embeddable":true,"href":"https:\/\/webs.uab.cat\/mutagenesi\/wp-json\/wp\/v2\/users\/20"}],"replies":[{"embeddable":true,"href":"https:\/\/webs.uab.cat\/mutagenesi\/wp-json\/wp\/v2\/comments?post=188"}],"version-history":[{"count":1,"href":"https:\/\/webs.uab.cat\/mutagenesi\/wp-json\/wp\/v2\/pages\/188\/revisions"}],"predecessor-version":[{"id":411,"href":"https:\/\/webs.uab.cat\/mutagenesi\/wp-json\/wp\/v2\/pages\/188\/revisions\/411"}],"wp:featuredmedia":[{"embeddable":true,"href":"https:\/\/webs.uab.cat\/mutagenesi\/wp-json\/wp\/v2\/media\/185"}],"wp:attachment":[{"href":"https:\/\/webs.uab.cat\/mutagenesi\/wp-json\/wp\/v2\/media?parent=188"}],"curies":[{"name":"wp","href":"https:\/\/api.w.org\/{rel}","templated":true}]}}