{"id":215,"date":"2018-12-12T10:37:21","date_gmt":"2018-12-12T08:37:21","guid":{"rendered":"https:\/\/webs.uab.cat\/mutagenesi\/servei-davaluacio-mutagenica\/"},"modified":"2024-09-03T16:28:02","modified_gmt":"2024-09-03T14:28:02","slug":"servei-davaluacio-mutagenica","status":"publish","type":"page","link":"https:\/\/webs.uab.cat\/mutagenesi\/servei-davaluacio-mutagenica\/","title":{"rendered":"Servei d&#8217;Avaluaci\u00f3 Mutag\u00e8nica"},"content":{"rendered":"<p>El Servei d&#8217;Avaluaci\u00f3 Mutag\u00e8nica de la UAB ofereix tant a usuaris interns del Campus, com a centres p\u00fablics\/privats d\u2019\u00e0mbit nacional\/internacional, i com a empreses, una plataforma altament especialitzada i diversa per detectar i quantificar diferent tipus de dany gen\u00e8tic tant espontani com indu\u00eft, determinar potencials mecanismes de genotoxicitat, aix\u00ed com avaluar la potencialitat genot\u00f2xica i carcin\u00f2gena de diferents agents tant f\u00edsics com qu\u00edmics.<\/p>\n<p>Per a tals fins el Servei disposa de les instal\u00b7lacions i equipaments necessaris aix\u00ed com personal especialitzat en les distintes metodologies ofertes.<\/p>\n<p><a href=\"https:\/\/webs.uab.cat\/samut\">Web del Servei<\/a><\/p>\n","protected":false},"excerpt":{"rendered":"<p>El Servei d&#8217;Avaluaci\u00f3 Mutag\u00e8nica de la UAB ofereix tant a usuaris interns del Campus, com a centres p\u00fablics\/privats d\u2019\u00e0mbit nacional\/internacional, i com a empreses, una plataforma altament especialitzada i diversa per detectar i quantificar diferent tipus de dany gen\u00e8tic tant espontani com indu\u00eft, determinar potencials mecanismes de genotoxicitat, aix\u00ed com avaluar la potencialitat genot\u00f2xica i [&hellip;]<\/p>\n","protected":false},"author":20,"featured_media":0,"parent":0,"menu_order":0,"comment_status":"closed","ping_status":"closed","template":"","meta":{"footnotes":""},"class_list":["post-215","page","type-page","status-publish","hentry"],"_links":{"self":[{"href":"https:\/\/webs.uab.cat\/mutagenesi\/wp-json\/wp\/v2\/pages\/215","targetHints":{"allow":["GET"]}}],"collection":[{"href":"https:\/\/webs.uab.cat\/mutagenesi\/wp-json\/wp\/v2\/pages"}],"about":[{"href":"https:\/\/webs.uab.cat\/mutagenesi\/wp-json\/wp\/v2\/types\/page"}],"author":[{"embeddable":true,"href":"https:\/\/webs.uab.cat\/mutagenesi\/wp-json\/wp\/v2\/users\/20"}],"replies":[{"embeddable":true,"href":"https:\/\/webs.uab.cat\/mutagenesi\/wp-json\/wp\/v2\/comments?post=215"}],"version-history":[{"count":2,"href":"https:\/\/webs.uab.cat\/mutagenesi\/wp-json\/wp\/v2\/pages\/215\/revisions"}],"predecessor-version":[{"id":545,"href":"https:\/\/webs.uab.cat\/mutagenesi\/wp-json\/wp\/v2\/pages\/215\/revisions\/545"}],"wp:attachment":[{"href":"https:\/\/webs.uab.cat\/mutagenesi\/wp-json\/wp\/v2\/media?parent=215"}],"curies":[{"name":"wp","href":"https:\/\/api.w.org\/{rel}","templated":true}]}}