{"id":71,"date":"2011-02-09T11:08:13","date_gmt":"2011-02-09T09:08:13","guid":{"rendered":"https:\/\/webs.uab.cat\/mutagenesi\/historia\/"},"modified":"2011-02-09T11:08:13","modified_gmt":"2011-02-09T09:08:13","slug":"historia","status":"publish","type":"page","link":"https:\/\/webs.uab.cat\/mutagenesi\/historia\/","title":{"rendered":"Hist\u00f2ria"},"content":{"rendered":"<p>El <strong>Grup de Mutag\u00e8nesi <\/strong>de la Unitat de Gen\u00e8tica, del <a href=\"http:\/\/www.uab.es\/departament\/genetica-microbiologia\/\" target=\"_blank\" rel=\"noopener\">Departament de Gen\u00e8tica i de Microbiologia<\/a> de la <a href=\"http:\/\/www.uab.es\/\" target=\"_blank\" rel=\"noopener\">Universitat Aut\u00f2noma de Barcelona <\/a>(UAB) es va constituir l&#8217;any 1980. Els seus membres fundadors (A. Creus i R. Marcos) provenien del camp de la Gen\u00e8tica de Poblacions i tenien una \u00e0mplia formaci\u00f3 en la investigaci\u00f3 experimental emprant Drosophila melanogaster.<\/p>\n<p>Els primers treballs es van dur a terme emprant <em>Drosophila<\/em> com a organisme d&#8217;assaig i avaluant l&#8217;activitat mutag\u00e8nica d&#8217;un ampli grup de contaminants ambientals, fonamentalment agents intercalants i pesticides. A partir de l&#8217;any 1986, la utilitzaci\u00f3 de cultius de limf\u00f2cits humans esdevingu\u00e9 una eina complement\u00e0ria de <em>Drosophila<\/em> en l&#8217;avaluaci\u00f3 mutag\u00e8nica, al temps que s&#8217;iniciaren estudis de valoraci\u00f3 i perfeccionament de diferents assaigs de genotoxicitat. El 1989 es van comen\u00e7ar els estudis de biomonitoritzaci\u00f3 de poblacions humanes ocupacionalment exposades a agents sospitosos de tenir activitat mutag\u00e8nica\/carcinog\u00e8nica i de pacients tractats amb quimio-\/radioter\u00e0pia. Finalment, l&#8217;any 1993 s&#8217;ampli\u00e0 l&#8217;activitat investigadora del Grup incorporant t\u00e8cniques moleculars a l&#8217;estudi i avaluaci\u00f3 de la inducci\u00f3 de dany gen\u00e8tic.<\/p>\n<p>Al llarg del per\u00edode transcorregut des de la seva formaci\u00f3, alguns dels seus membres han realitzat estades d&#8217;aprenentatge\/perfeccionament\/col.laboraci\u00f3 en diversos centres de recerca de reconegut prestigi, vinculats amb els camps de la Mutag\u00e8nesi Ambiental i la Toxicologia Gen\u00e8tica:<br \/>\n&nbsp;<\/p>\n<ul>\n<li><em>Sylvius Laboratory<\/em> de la Universitat de Leiden\/Holanda (R. Marcos, J. Surrall\u00e9s, S. Puerto)<\/li>\n<li><em>Institut f\u00fcr Toxikologie<\/em> of Z\u00fcric\/Suiza (P. Alba)<\/li>\n<li><em>Department of Genetics<\/em> de la Universitat de Ume\u00e5\/Suecia (N. Xamena)<\/li>\n<li><em>BIBRA (British Industrial Biological Research Association)<\/em> de Londres\/UK (R. Marcos, M. Pitarque)<\/li>\n<li><em>Istituto di Genetica<\/em> de la Universitat de Roma\/Italia (N. Xamena, J. Surrall\u00e9s)<\/li>\n<li><em>Laboratory voor Antropogenetica<\/em> de la Universitat de Bruselas\/B\u00e9lgica (J. Surrall\u00e9s)<\/li>\n<li><em>Unit of Cancer and Nutrition<\/em> de la CSIRO Adelaida\/Australia (J. Surrall\u00e9s)<\/li>\n<li><em>Institute of Occupational Health<\/em> de Helsinki\/Finlandia (J. Surrall\u00e9s, M. Pitarque)<\/li>\n<li><em>Instituto de Sanidad Ambiental Carlos III<\/em> de Madrid (M. Batiste-Alentorn)<\/li>\n<li><em>Department of Genetics<\/em> de la Universitat de Davis\/USA (A. Vel\u00e1zquez)<\/li>\n<li><em>California Institute of Biological Research<\/em> de California\/USA(A. Vel\u00e1zquez)<\/li>\n<li><em>Dipartamento di Scienze dell&#8217;Ambiente e del Territorio<\/em> de la Universitat de Pisa\/Italia (G. Ribas)<\/li>\n<li><em>Institute of Cellular and Molecular Biology<\/em> de la Universidad de Edinburgo\/UK (S. Soriano)<\/li>\n<li><em>Laboratorio di Tossicologia Comparata ed Ecotossicologia<\/em> del Istituto Superiore di Sanit\u00e0 en Roma\/Italia (M. Pitarque)<\/li>\n<li><em>Dipartamento di Genetica e Biologia Molecolare<\/em> de la Universitat La Sapienza en Roma\/Italia ( M. J. Ram\u00edrez)<\/li>\n<li><em>Department of Biology<\/em> en el Johns Hopkins University en Baltimore\/USA (S. Soriano)<\/li>\n<li><em>Institute National de la Sant\u00e9 et de la Recherche M\u00e9dicale<\/em> en Clermont-Ferrand\/Francia (E. Baldrich)<\/li>\n<li><em>Centro per lo Studio degli Acidi Nucleici<\/em> de la Universitat &#8220;La Sapienza&#8221; a Roma\/Italia (S. Soriano)<\/li>\n<li><em>Departamento de Biolog\u00eda Molecular<\/em> de la Universidad de Concepci\u00f3n\/Xile (E. Carbonell, R. Marcos)<\/li>\n<li><em>Department of Genetics<\/em> de la University College of Swansea\/UK (E. Carbonell, M.J. Ram\u00edrez)<\/li>\n<li><em>Laboratorio de Toxicolog\u00eda Gen\u00e9tica Molecular<\/em> del Instituto de Investigaciones Biom\u00e9dicas, M\u00e9xico D.F.\/M\u00e9xico (M. Pitarque).<\/li>\n<\/ul>\n<p>&nbsp;<\/p>\n","protected":false},"excerpt":{"rendered":"<p>El Grup de Mutag\u00e8nesi de la Unitat de Gen\u00e8tica, del Departament de Gen\u00e8tica i de Microbiologia de la Universitat Aut\u00f2noma de Barcelona (UAB) es va constituir l&#8217;any 1980. Els seus membres fundadors (A. Creus i R. Marcos) provenien del camp de la Gen\u00e8tica de Poblacions i tenien una \u00e0mplia formaci\u00f3 en la investigaci\u00f3 experimental emprant [&hellip;]<\/p>\n","protected":false},"author":20,"featured_media":0,"parent":0,"menu_order":0,"comment_status":"closed","ping_status":"closed","template":"","meta":{"footnotes":""},"class_list":["post-71","page","type-page","status-publish","hentry"],"_links":{"self":[{"href":"https:\/\/webs.uab.cat\/mutagenesi\/wp-json\/wp\/v2\/pages\/71","targetHints":{"allow":["GET"]}}],"collection":[{"href":"https:\/\/webs.uab.cat\/mutagenesi\/wp-json\/wp\/v2\/pages"}],"about":[{"href":"https:\/\/webs.uab.cat\/mutagenesi\/wp-json\/wp\/v2\/types\/page"}],"author":[{"embeddable":true,"href":"https:\/\/webs.uab.cat\/mutagenesi\/wp-json\/wp\/v2\/users\/20"}],"replies":[{"embeddable":true,"href":"https:\/\/webs.uab.cat\/mutagenesi\/wp-json\/wp\/v2\/comments?post=71"}],"version-history":[{"count":0,"href":"https:\/\/webs.uab.cat\/mutagenesi\/wp-json\/wp\/v2\/pages\/71\/revisions"}],"wp:attachment":[{"href":"https:\/\/webs.uab.cat\/mutagenesi\/wp-json\/wp\/v2\/media?parent=71"}],"curies":[{"name":"wp","href":"https:\/\/api.w.org\/{rel}","templated":true}]}}