{"id":74,"date":"2011-02-09T11:18:33","date_gmt":"2011-02-09T09:18:33","guid":{"rendered":"https:\/\/webs.uab.cat\/mutagenesi\/integrants\/"},"modified":"2022-12-06T16:21:57","modified_gmt":"2022-12-06T14:21:57","slug":"integrants","status":"publish","type":"page","link":"https:\/\/webs.uab.cat\/mutagenesi\/integrants\/","title":{"rendered":"Integrants"},"content":{"rendered":"\n<p><a name=\"puja\"><\/a>Actualment el Grup \u00e9s format per:<\/p>\n\n\n\n<p>\u00a0\u00a0\u00a0\u00a0\u00a0 &#8211; <a href=\"https:\/\/webs.uab.cat\/mutagenesi\/ricard-marcos-dauder\/\" data-type=\"page\" data-id=\"177\">Ricard Marcos Dauder<\/a>\u00a0(Dr., Catedr\u00e0tic de Gen\u00e8tica)\u00a0<br>\u00a0\u00a0\u00a0\u00a0\u00a0 &#8211; <a href=\"https:\/\/webs.uab.cat\/mutagenesi\/noel-xamena-lopez\/\" data-type=\"page\" data-id=\"188\">Noel Xamena L\u00f3pez<\/a> (Dr., Catedr\u00e0tic de Gen\u00e8tica)<br>\u00a0\u00a0\u00a0\u00a0\u00a0 &#8211; <a href=\"https:\/\/webs.uab.cat\/mutagenesi\/maria-antonia-velazquez-henar\/\" data-type=\"page\" data-id=\"192\">Mar\u00eda Antonia Vel\u00e1zquez Henar<\/a> (Dra.,\u00a0Professora Titular de Gen\u00e8tica)<br>\u00a0 \u00a0 \u00a0\u00a0<\/p>\n\n\n\n<p>&nbsp;&nbsp;&nbsp;&nbsp;&nbsp; &#8211; <a href=\"https:\/\/webs.uab.cat\/mutagenesi\/susana-pastor-2\/\" data-type=\"page\" data-id=\"202\"> Susana Pastor Benito<\/a>&nbsp; (Dra., Contracte Associat + CIBER)<br>&nbsp;&nbsp;&nbsp;&nbsp;&nbsp; &#8211; <a href=\"https:\/\/webs.uab.cat\/mutagenesi\/alba-hernandez-bonilla\/\" data-type=\"page\" data-id=\"197\"> Alba Hern\u00e1ndez Bonilla<\/a>&nbsp; (Dra., Professora Agregada)<br>&nbsp;&nbsp;&nbsp;&nbsp;&nbsp; &#8211;<a href=\"https:\/\/webs.uab.cat\/mutagenesi\/constanza-cortes-crignola\/\" data-type=\"page\" data-id=\"201\"> Constanza Cort\u00e9s Crignola<\/a>&nbsp;(Dra., Contracte Postdoct)<br>&nbsp; &nbsp;&nbsp;<\/p>\n\n\n\n<p>&nbsp;&nbsp;&nbsp;&nbsp;&nbsp; &#8211; Alicia Marsa Salvany (Llic., Becaria&nbsp;PIF)<br>&nbsp;&nbsp;&nbsp;&nbsp;&nbsp; &#8211; Alba Garc\u00eda Rodr\u00edguez&nbsp;(Llic., Becaria&nbsp;PIF)<br>&nbsp;&nbsp;&nbsp;&nbsp;&nbsp; &#8211; Irene Barguilla Moreno&nbsp;(Llic., Becaria&nbsp;PIF)<br>&nbsp;&nbsp;&nbsp;&nbsp;&nbsp; &#8211; Josefa Domenech Cabrera&nbsp;(Llic., Becaria&nbsp;PIF)<br>&nbsp;&nbsp;&nbsp;&nbsp;&nbsp; &#8211; Sandra Ballesteros Ribera&nbsp;(Llic., Becaria&nbsp;PIF)<br>&nbsp; &nbsp;&nbsp;<\/p>\n\n\n\n<p>&nbsp;&nbsp;&nbsp;&nbsp;&nbsp; &#8211; Gl\u00f2ria Umbert Maestre (Llic. T\u00e8cnic Plantilla)<br>&nbsp;&nbsp;&nbsp;&nbsp;&nbsp; &#8211; Lourdes Alarc\u00f3n S\u00e1nchez; (Llic., T\u00e8cnic de Laboratori contractat)<br>&nbsp;&nbsp;&nbsp;&nbsp;&nbsp; &#8211; Cristian Valiente Gil&nbsp;(Llic., T\u00e8cnic de Laboratori contractat)<\/p>\n\n\n\n<p><a href=\"http:\/\/grupsderecerca.uab.cat\/mutagenesi\/node\/259\">&nbsp;<\/a><\/p>\n\n\n\n<p><a href=\"#puja\">puja<\/a><\/p>\n","protected":false},"excerpt":{"rendered":"<p>Actualment el Grup \u00e9s format per: \u00a0\u00a0\u00a0\u00a0\u00a0 &#8211; Ricard Marcos Dauder\u00a0(Dr., Catedr\u00e0tic de Gen\u00e8tica)\u00a0\u00a0\u00a0\u00a0\u00a0\u00a0 &#8211; Noel Xamena L\u00f3pez (Dr., Catedr\u00e0tic de Gen\u00e8tica)\u00a0\u00a0\u00a0\u00a0\u00a0 &#8211; Mar\u00eda Antonia Vel\u00e1zquez Henar (Dra.,\u00a0Professora Titular de Gen\u00e8tica)\u00a0 \u00a0 \u00a0\u00a0 &nbsp;&nbsp;&nbsp;&nbsp;&nbsp; &#8211; Susana Pastor Benito&nbsp; (Dra., Contracte Associat + CIBER)&nbsp;&nbsp;&nbsp;&nbsp;&nbsp; &#8211; Alba Hern\u00e1ndez Bonilla&nbsp; (Dra., Professora Agregada)&nbsp;&nbsp;&nbsp;&nbsp;&nbsp; &#8211; Constanza Cort\u00e9s Crignola&nbsp;(Dra., Contracte [&hellip;]<\/p>\n","protected":false},"author":20,"featured_media":0,"parent":0,"menu_order":0,"comment_status":"closed","ping_status":"closed","template":"","meta":{"footnotes":""},"class_list":["post-74","page","type-page","status-publish","hentry"],"_links":{"self":[{"href":"https:\/\/webs.uab.cat\/mutagenesi\/wp-json\/wp\/v2\/pages\/74","targetHints":{"allow":["GET"]}}],"collection":[{"href":"https:\/\/webs.uab.cat\/mutagenesi\/wp-json\/wp\/v2\/pages"}],"about":[{"href":"https:\/\/webs.uab.cat\/mutagenesi\/wp-json\/wp\/v2\/types\/page"}],"author":[{"embeddable":true,"href":"https:\/\/webs.uab.cat\/mutagenesi\/wp-json\/wp\/v2\/users\/20"}],"replies":[{"embeddable":true,"href":"https:\/\/webs.uab.cat\/mutagenesi\/wp-json\/wp\/v2\/comments?post=74"}],"version-history":[{"count":2,"href":"https:\/\/webs.uab.cat\/mutagenesi\/wp-json\/wp\/v2\/pages\/74\/revisions"}],"predecessor-version":[{"id":516,"href":"https:\/\/webs.uab.cat\/mutagenesi\/wp-json\/wp\/v2\/pages\/74\/revisions\/516"}],"wp:attachment":[{"href":"https:\/\/webs.uab.cat\/mutagenesi\/wp-json\/wp\/v2\/media?parent=74"}],"curies":[{"name":"wp","href":"https:\/\/api.w.org\/{rel}","templated":true}]}}