{"id":75,"date":"2011-02-09T11:20:31","date_gmt":"2011-02-09T09:20:31","guid":{"rendered":"https:\/\/webs.uab.cat\/mutagenesi\/linies-de-treball\/"},"modified":"2011-02-09T11:20:31","modified_gmt":"2011-02-09T09:20:31","slug":"linies-de-treball","status":"publish","type":"page","link":"https:\/\/webs.uab.cat\/mutagenesi\/linies-de-treball\/","title":{"rendered":"L\u00ednies de treball"},"content":{"rendered":"<p>&nbsp;<\/p>\n<p><a name=\"puja\"><\/a>El <strong>Grup de Mutag\u00e8nesi <\/strong>realitza la seva tasca investigadora utilitzant <em><a href=\"#Drosophilamelanogaster\">Drosophila melanogaster<\/a><\/em> i <a href=\"#Limfos\">limf\u00f2cits humans<\/a> com a sistemes d&#8217;assaig.<\/p>\n<p>\n<a name=\"Drosophilamelanogaster\"><\/a>La l\u00ednia que empra <strong><em>D.<\/em><em> melanogaster <\/em><\/strong>\u00e9s la pionera i, al llarg d&#8217;aquest per\u00edode, ha portat a terme diferents projectes de recerca:<\/p>\n<p><strong>a)<\/strong> Un ampli estudi dels efectes mutag\u00e8nics de diferents agents intercalants (bromur de etidi, taronja d&#8217;acridina, acriflavina, cloroquina i quinacrina), analitzant diversos tipus de dany gen\u00e8tic: mutacions puntuals, mutacions cromos\u00f2miques (p\u00e8rdua cromos\u00f2mica i translocacions), mutacions som\u00e0tiques i inducci\u00f3 de recombinaci\u00f3 mit\u00f2tica.<\/p>\n<p><strong>b)<\/strong> Un estudi del potencial genot\u00f2xic de diversos agents tals com la cicloheximida, el dietilestilbestrol i la 8-etoxicafe\u00efna.<\/p>\n<p><strong>c)<\/strong> L&#8217;avaluaci\u00f3 de la mutagenicitat de diversos insecticides organofosforats (diclorvos, dimetoat, fenitroti\u00f3, malati\u00f3, metilparati\u00f3 i triazofos), estudiant modificacions del protocol est\u00e0ndard que permetin una major sensibilitat dels assaigs. Es van analitzar els efectes que induien les modificacions en la ruta d&#8217;administraci\u00f3, en els dissolvents i en les soques utilitzades, aix\u00ed com els efectes produ\u00efts per<\/p>\n<p><strong>d) <\/strong>L&#8217;avaluaci\u00f3 de la mutagenicitat de dos insecticides piretroides: cipermetrina i fenvalerat mitjan\u00e7ant assaigs que detecten dany gen\u00e8tic tant a la l\u00ednia som\u00e0tica com a la germinal.<\/p>\n<p><strong>e)<\/strong> L&#8217;avaluaci\u00f3 de la mutagenicitat de diversos insecticides organoclorats: diclorobenz\u00e8, endosulfan, epiclorhidrina i lind\u00e0 mitjan\u00e7ant assaigs de detecci\u00f3 de la inducci\u00f3 de mutaci\u00f3 germinal.<\/p>\n<p><strong>f)<\/strong> L&#8217;estudi comparatiu de la sensibilitat de tres assaigs de detecci\u00f3 de la inducci\u00f3 de mutaci\u00f3 som\u00e0tica en <em>Drosophila<\/em> per avaluar agents mutag\u00e8nics i carcinog\u00e8nics. Els assaigs varen ser dos que detecten alteracions gen\u00e8tiques a les c\u00e8l.lules som\u00e1tiques de l&#8217;ull (<em>white-zeste <\/em>i <em>white-ivory<\/em>) i un que detecta els efectes a les c\u00e8l.lules som\u00e0tiques de les ales (<em>mwh\/flr<\/em>). Es varen analitzar 15 compostos classificats com: mutag\u00e8nics i cancer\u00edgens (5), mutag\u00e8nics i no cancer\u00edgens (5) i no mutag\u00e8nics i cancer\u00edgens (5), per tal d&#8217;avaluar l&#8217;especificitat i la sensibilitat d&#8217;aquests assaigs.<\/p>\n<p>\n&nbsp;<\/p>\n<p><strong>Actualment <\/strong>els centres d&#8217;inter\u00e8s del Grup s\u00f3n:<\/p>\n<p><strong>g)<\/strong> L&#8217;avaluaci\u00f3 i estudi de l&#8217;assaig de mutaci\u00f3 som\u00e0tica que utilitza marcadors de les c\u00e8l.lules de les ales (<em>mwh\/flr<\/em>). Aquesta l\u00ednia de recerca analitza el paper de diferents inhibidors de les topoisomerases en l&#8217;expressi\u00f3 del dany gen\u00e8tic indu\u00eft per mut\u00e0gens est\u00e0ndard; estudiant el potencial genot\u00f2xic dels herbicides: alaclor, atrazina, hidrazida maleica, paraquat i dels insecticides piretroides: cipermetrina, deltametrina, fenpropatrina i fenvalerat; i tamb\u00e9 l&#8217;activitat genot\u00f2xica de l&#8217;agent clembuterol.<\/p>\n<p><strong>h)<\/strong> L&#8217;estudi comparatiu de reversi\u00f3, enfront de diferents mut\u00e0gens, de les soques <em>wi (white ivory)<\/em> i <em>(wi)4 (white ivory quadruplicada)<\/em> tant a la l\u00ednia som\u00e0tica com a la l\u00ednia germinal. Els revertents s\u00f3n analitzats molecularment per tal d&#8217;esbrinar el mecanisme d&#8217;inducci\u00f3 de la reversi\u00f3.<\/p>\n<p><strong>i)<\/strong> L&#8217;estudi de la sensibilitat de diversos mutants del locus white, amb elements m\u00f2bils inserts, a diferents agents mutag\u00e8nics f\u00edsics (xoc t\u00e8rmic) i qu\u00edmics (agents alquilants), i la caracteritzaci\u00f3 molecular de les mutacions revertents. Els mutants analitzats s\u00f3n el <em>wsp1 (white spotted 1)<\/em>, el <em>wh (white honey)<\/em> i el <em>wbf (white buff) <\/em>amb l&#8217;element <em>B104<\/em> insert i el <em>wa (white apricot)<\/em> amb l&#8217;element c\u00f2pia. La caracteritzaci\u00f3 molecular es porta a terme utilitzant les t\u00e8cniques de<em> Southern-blot<\/em>, Northern-blot i PCR.<\/p>\n<p><strong>j)<\/strong> L\u2019identificaci\u00f3 i caracteritzaci\u00f3 de mutants deficients en la reparaci\u00f3 d\u2019aparellaments erronis (mismatch) mitjan\u00e7ant la t\u00e8cnica d\u2019AP-PCR.<\/p>\n<p>&nbsp;<\/p>\n<p>&nbsp;<\/p>\n<p>\n<a name=\"Limfos\"><\/a>Els treballs amb <strong>limf\u00f2cits humans<\/strong> constitueixen una l\u00ednia m\u00e9s recent dins del nostre Grup. Els estudis realizats fins ara en aquesta l\u00ednia comprenen:<\/p>\n<p><strong>k) <\/strong>La posta a punt dels assaigs de detecci\u00f3 d&#8217;aberracions cromos\u00f2miques (CA) i d&#8217;intercanvis entre crom\u00e0tides germanes (SCE), i la seva aplicaci\u00f3 a l&#8217;avaluaci\u00f3 enot\u00f2xica, in vitro, d&#8217;alguns insecticides piretroides.<\/p>\n<p><strong>l)<\/strong> L&#8217;avaluaci\u00f3 <em>in vitro<\/em> i <em>in vivo<\/em> (en malalts de c\u00e0ncer) de l&#8217;efecte de diversos agents citost\u00e0tics: cis-plat\u00ed, clorambucil i melfalan mitjan\u00e7ant els assaigs de CA i SCE.<\/p>\n<p><strong>m)<\/strong> L&#8217;avaluaci\u00f3, <em>in vitro<\/em>, dels efectes genot\u00f2xics de l&#8217;aigua tritiada (inducci\u00f3 de CA i SCE).<\/p>\n<p><strong>n)<\/strong> L&#8217;avaluaci\u00f3, <em>in vivo<\/em>, mitjan\u00e7ant els assaigs CA i SCE, de l&#8217;impacte genot\u00f2xic de&nbsp; l&#8217;exposici\u00f3 a pesticides en un grup de treballadors agr\u00edcoles de la zona del Maresme.<\/p>\n<p><strong>o)<\/strong> Desenvolupament metodol\u00f2gic de l&#8217;assaig de micronuclis (MN) emprant citocalasina B (CitB), i analitzant el paper de la seva concentraci\u00f3 en l&#8217;expressi\u00f3 dels MN. L&#8217;avaluaci\u00f3 de la freq\u00fc\u00e8ncia de MN s&#8217;ha fet tant a nivell basal com despr\u00e9s de tractaments amb mut\u00e0gens est\u00e0ndard.<\/p>\n<p>\n<strong>Actualment <\/strong>s&#8217;est\u00e0 treballant en:<\/p>\n<p><strong>p)<\/strong> L&#8217;avaluaci\u00f3, <em>in vitro<\/em>, del potencial mutag\u00e8nic de diversos insecticides piretroides: cipermetrina, deltametrina, fenpropatrina i fenvalerat, i dels herbicides: alaclor, atrazina, hidrazida maleica i paraquat, mitjan\u00e7ant la detecci\u00f3 de la inducci\u00f3 d&#8217;aberracions cromos\u00f2miques, d&#8217;intercanvis entre crom\u00e0tides germanes i de micronuclis. Tamb\u00e9 s&#8217;analitza el paper de l&#8217;activaci\u00f3 metab\u00f2lica sobre la potencialitat genot\u00f2xica d&#8217;aquests pesticides.<\/p>\n<p><strong>q)<\/strong> Valoraci\u00f3 del paper que la utilitzaci\u00f3 de t\u00e8cniques d&#8217;hibridaci\u00f3 in situ (FISH) t\u00e9 en la detecci\u00f3 del tipus de dany gen\u00e8tic indu\u00eft (trencaments cromos\u00f2mics i aneuploid\u00edes) i la seva aplicaci\u00f3 a l&#8217;assaig de MN. Utilitzaci\u00f3 de t\u00e8cniques de \u201cpainting\u201d per detectar l\u2019inducci\u00f3 d\u2019aberracions cromos\u00f2miques estables.<\/p>\n<p><strong>r)<\/strong> Estudis de biomonitoritzaci\u00f3 en poblacions humanes exposades laboralment a derivats del petroli i terapeuticament a l&#8217;acci\u00f3 de l&#8217;I131. El risc genot\u00f2xic es valora mitjan\u00e7ant els assaigs de CA, SCE i MN.<\/p>\n<p><strong>s)<\/strong> Posta a punt de l&#8217;assaig d&#8217;electroforesi de c\u00e8l.lules a\u00efllades (single-cell gel electrophoresis, SCGE) tamb\u00e9 anomenat &#8220;assaig de la cometa&#8221; i la seva aplicaci\u00f3 a l&#8217;avaluaci\u00f3 genot\u00f2xica de diferents pesticides.<\/p>\n<p><strong>t)<\/strong> Estudi de la resposta adaptiva en pacients tractats amb I131 mitjan\u00e7ant tractament in vitro amb bleomicina. Determinaci\u00f3, als mateixos pacients, de l\u2019inducci\u00f3 de lesions per escisi\u00f3 mitjan\u00e7ant l\u2019utilitzaci\u00f3 de l\u2019inhibidor ara-C.<\/p>\n<p><a href=\"#puja\">Puja<\/a><\/p>\n","protected":false},"excerpt":{"rendered":"<p>&nbsp; El Grup de Mutag\u00e8nesi realitza la seva tasca investigadora utilitzant Drosophila melanogaster i limf\u00f2cits humans com a sistemes d&#8217;assaig. La l\u00ednia que empra D. melanogaster \u00e9s la pionera i, al llarg d&#8217;aquest per\u00edode, ha portat a terme diferents projectes de recerca: a) Un ampli estudi dels efectes mutag\u00e8nics de diferents agents intercalants (bromur de [&hellip;]<\/p>\n","protected":false},"author":20,"featured_media":0,"parent":0,"menu_order":0,"comment_status":"closed","ping_status":"closed","template":"","meta":{"footnotes":""},"class_list":["post-75","page","type-page","status-publish","hentry"],"_links":{"self":[{"href":"https:\/\/webs.uab.cat\/mutagenesi\/wp-json\/wp\/v2\/pages\/75","targetHints":{"allow":["GET"]}}],"collection":[{"href":"https:\/\/webs.uab.cat\/mutagenesi\/wp-json\/wp\/v2\/pages"}],"about":[{"href":"https:\/\/webs.uab.cat\/mutagenesi\/wp-json\/wp\/v2\/types\/page"}],"author":[{"embeddable":true,"href":"https:\/\/webs.uab.cat\/mutagenesi\/wp-json\/wp\/v2\/users\/20"}],"replies":[{"embeddable":true,"href":"https:\/\/webs.uab.cat\/mutagenesi\/wp-json\/wp\/v2\/comments?post=75"}],"version-history":[{"count":0,"href":"https:\/\/webs.uab.cat\/mutagenesi\/wp-json\/wp\/v2\/pages\/75\/revisions"}],"wp:attachment":[{"href":"https:\/\/webs.uab.cat\/mutagenesi\/wp-json\/wp\/v2\/media?parent=75"}],"curies":[{"name":"wp","href":"https:\/\/api.w.org\/{rel}","templated":true}]}}