{"id":79,"date":"2011-02-09T11:24:43","date_gmt":"2011-02-09T09:24:43","guid":{"rendered":"https:\/\/webs.uab.cat\/mutagenesi\/altres\/"},"modified":"2011-02-09T11:24:43","modified_gmt":"2011-02-09T09:24:43","slug":"altres","status":"publish","type":"page","link":"https:\/\/webs.uab.cat\/mutagenesi\/altres\/","title":{"rendered":"Altres"},"content":{"rendered":"<p><strong><a name=\"puja\"><\/a>1.\u200b <\/strong>Grups de Recerca Consolidats. CIRIT, Projecte&nbsp;n\u00ba 2014 SGR 202&nbsp;(2014-2016). Investigador Principal: Ricard Marcos.<\/p>\n<p><strong>2.<\/strong> Grups de Recerca Consolidats. Ajut de suport al Grup de Mutag\u00e8nesi. CIRIT, Projecte&nbsp;n\u00ba 2009SGR-725 (2009-2012). 43.680 \u20ac. Investigador Principal: Ricard Marcos.<\/p>\n<p><strong>3.<\/strong> Ars\u00e9nico y c\u00e9lulas madre, \u00bfes el c\u00e1ncer el destino de esta relaci\u00f3n? Aposta, UAB (2012-2013). 25.000 \u20ac. Investigador Principal: Alba Hern\u00e1ndez.&nbsp;<\/p>\n<p><strong>4.<\/strong> Characterization of child health and cancer risk associated with dietary intake of polycyclic aromatic hydrocarbons (PAHs). Recercaixa, (2011-2012). 73.684 \u20ac. Investigador Principal: Michelle Mendez. Membre&nbsp;del Grupo: Ricard Marcos<\/p>\n<p><strong>5. <\/strong>Grups de Recerca Consolidats. Ajut de suport al Grup de Mutag\u00e8nesi. CIRIT, Projecte&nbsp;n\u00ba 2009SGR-725 (2009-2012). 43.680 \u20ac. Investigador Principal: Ricard Marcos.<\/p>\n<p><strong>6.<\/strong> Evaluaci\u00f3n gen\u00e9tica de la radiosensibilidad individual. su posible aplicaci\u00f3n en la optimizaci\u00f3n de tratamientos radioterap\u00e9uticos. Agencia Espa\u00f1ola de Cooperaci\u00f3n Internacional. A\/018554\/08 (2008-2009) 9.750 \u20ac. Investigador Principal: Ricard Marcos.<\/p>\n<p><strong>7.<\/strong> An\u00e1lisis de factores gen\u00e9ticos asociados a las patolog\u00edas del tiroides. Agencia Espa\u00f1ola de Cooperaci\u00f3n Internacional. A\/8301\/07&nbsp;(2007-2008) 9.600 \u20ac. Investigadora Principal: Antonia Vel\u00e1zquez.<\/p>\n<p><strong>8.<\/strong> Evaluaci\u00f3n gen\u00e9tica de la radiosensibilidad individual. su posible aplicaci\u00f3n en la optimizaci\u00f3n de tratamientos radioterap\u00e9uticos. Agencia Espa\u00f1ola de Cooperaci\u00f3n Internacional. A\/01052\/07&nbsp;(2007-2008). 7.750 \u20ac Investigador Principal: Ricardo Marcos.<\/p>\n<p><strong>9.<\/strong> Implantaci\u00f3n de t\u00e9cnicas moleculares para la caracterizaci\u00f3n de pacientes de c\u00e1ncer de mama. Optimizaci\u00f3n de los tratamientos terap\u00e9uticos. Agencia Espa\u00f1ola de Cooperaci\u00f3n Internacional. A\/5253\/06. (2006-2007) 15.000 \u20ac. Investigador Principal: Ricardo Marcos.<\/p>\n<p><strong>10.<\/strong> Grups de Recerca Consolidats. Ajut de suport al Grup de Mutag\u00e8nesi. CIRIT, Proyecto n\u00ba 2005SGR-00136 (2005-2008). 36.800 \u20ac. Investigador Principal: Ricard Marcos.<\/p>\n<p><strong>11.<\/strong> La ruta supressora del c\u00e0ncer an\u00e8mia de Fanconi\/BRCA. Fundaci\u00f3n La Caixa (Programa Oncolog\u00eda). (2005-2007) 106.000\u20ac. Investigador Principal: Jordi Surrall\u00e9s.<\/p>\n<p><strong>12.<\/strong> Estudi sobre el risc gen\u00e8tic en poblacions humanes exposades a l&#8217;ars\u00e8nic (Acci\u00f3n Integrada). CIRIT Proyecto n\u00ba ACI 2002-46 (2002-2004). 4.000 \u20ac. Investigador Principal: Ricard Marcos.<\/p>\n<p><strong>13.<\/strong> Grups de Recerca Consolidats. Ajut de suport al Grup de Mutag\u00e8nesi. CIRIT, Proyecto n\u00ba 2002SGR-00197 (2002-2004). 26.970 \u20ac. Investigador Principal: Ricard Marcos.<\/p>\n<p><strong>14.<\/strong> Avaluaci\u00f3 de la viabilitat de rec\u00e0rrega artificial d&#8217;aig\u00fces residuals depurades a la Conca del Riu Onyar (Girona). Fundaci\u00f3n AGBAR, Projecte&nbsp;n\u00ba (2001-2002). 1.000 \u20ac (parte del grupo de Mutag\u00e9nesis). Investigador Principal: Ricard Marcos.<\/p>\n<p><strong>15. <\/strong>Estudi sobre el risc gen\u00e8tic en poblacions humanes exposades a l&#8217;ars\u00e8nic (Acci\u00f3n Integrada). CIRIT Projecte&nbsp;n\u00ba ACI 2001-36 (2002-2003). 4.207,08 \u20ac. Investigador Principal: Ricard Marcos.<\/p>\n<p><strong>16.<\/strong> Estudi sobre el risc gen\u00e8tic en poblacions humanes exposades a l&#8217;ars\u00e8nic (Acci\u00f3n Integrada). CIRIT Projecte&nbsp;n\u00ba ACI 2000-16 (2001-2002). 3.005,06 \u20ac. Investigador Principal: Ricard Marcos.<\/p>\n<p><strong>17.<\/strong> Fanconi Anaemia: study on telomere shortening and development of a novel molecular cytogenetic diagnosis. Fanconi Anemia Research Fund, Inc. (1999-2000). 41.750 \u20ac. Investigador Principal: Jordi Surrall\u00e9s.<\/p>\n<p><strong>18.<\/strong> Estudio sobre la inducibilidad de la expansi\u00f3n de repeticiones de trinucle\u00f3tidos en la distrofia miot\u00f3nica. La Marat\u00f3 de TV3 Projecte&nbsp;n\u00ba 983410-85 (1998-2001). 51.086.03 \u20ac. Investigador Principal: Ricard Marcos.<\/p>\n<p><strong>19. <\/strong>Evaluaci\u00f3n y persistencia de las mutaciones cromos\u00f3micas inducidas en c\u00e9lulas humanas por la radiaci\u00f3n ionizante mediante el empleo de distintas t\u00e9cnicas de hibridaci\u00f3n in situ fluorescente (FISH). Consejo de Seguridad Nuclear, Proyecto n\u00ba 394\/89\/GTP\/481.00, 3.000 \u20ac. (1998-1999).<\/p>\n<p><strong>20.<\/strong> Estudi sobre el risc gen\u00e8tic en poblacions humanes laboralment exposades a pesticides (Acci\u00f3n Integrada). CIRIT, Projecte&nbsp;n\u00ba ACI 1996-16 (1997-1998).<\/p>\n<p><strong>21.<\/strong> Grups de Recerca Consolidats. Ajut de potenciaci\u00f3 al Grup de Mutag\u00e8nesi. CIRIT, Projecte&nbsp;n\u00ba SGR1995-00512 (1995-1997).<\/p>\n<p><strong>22. <\/strong>Grups de Recerca de Qualitat. Ajut de potenciaci\u00f3 al Grup de Mutag\u00e8nesi. CIRIT, Projecte&nbsp;n\u00ba GRQ93-2023 (1994-1995).<\/p>\n<p><strong>23.<\/strong> Avaluaci\u00f3 genot\u00f2xica de quatre herbicides en cultius de limf\u00f2cits humans. CIRIT, Proyecto n\u00ba AR\/90.<\/p>\n<p><strong>24.<\/strong> Avaluaci\u00f3 genot\u00f2xica de quatre herbicides en cultius de limf\u00f2cits humans. CIRIT, Proyecto n\u00ba AR\/90 (1991 92).<\/p>\n<p><strong>25.<\/strong> Desenvolupament d&#8217;un nou assaig de detecci\u00f3 de mutacions som\u00e0tiques. Programa de Ayudas &#8220;Grups precompetitius&#8221; UAB (1990 1991). Investigador: Oriol Cabr\u00e9.<\/p>\n<p><strong>26.<\/strong> Estudio de los efectos genot\u00f3xicos de algunos herbicidas en distintos sistemas de ensayo. Acci\u00f3n Integrada Hispano Italiana, TMA n\u00ba 20 (1990).<\/p>\n<p><strong>27.<\/strong> Detecci\u00f3 del dany gen\u00e8tic indu\u00eft en poblacions humanes exposades a contaminants ambientals. CIRIT, Proyecto n\u00ba AR\/88 (1988 89).<\/p>\n<p><strong>28.<\/strong> Avaluaci\u00f3 de la genotoxicitat de l&#8217;aigua tritiada en Drosophila. CIRIT, Proyecto n\u00ba AR 87 (1987 1988).<\/p>\n<p><strong>29.<\/strong> Bioactivaci\u00f3 d&#8217;insecticides organofosforats per vegetals. Estudis mutag\u00e8nics. CIRIT, Proyecto n\u00ba AR85\/137 (1985 1986).<\/p>\n<p><strong>30.<\/strong> Estudis dels efectes mutag\u00e8nics de l&#8217;insecticida malathion a Drosophila melanogaster. CIRIT, Proyecto n\u00ba AR85\/64 (1985 1986).<\/p>\n<p>&nbsp;<\/p>\n<p><strong><a href=\"#puja\">Puja<\/a><\/strong><\/p>\n","protected":false},"excerpt":{"rendered":"<p>1.\u200b Grups de Recerca Consolidats. CIRIT, Projecte&nbsp;n\u00ba 2014 SGR 202&nbsp;(2014-2016). Investigador Principal: Ricard Marcos. 2. Grups de Recerca Consolidats. Ajut de suport al Grup de Mutag\u00e8nesi. CIRIT, Projecte&nbsp;n\u00ba 2009SGR-725 (2009-2012). 43.680 \u20ac. Investigador Principal: Ricard Marcos. 3. Ars\u00e9nico y c\u00e9lulas madre, \u00bfes el c\u00e1ncer el destino de esta relaci\u00f3n? Aposta, UAB (2012-2013). 25.000 \u20ac. Investigador [&hellip;]<\/p>\n","protected":false},"author":20,"featured_media":0,"parent":0,"menu_order":0,"comment_status":"closed","ping_status":"closed","template":"","meta":{"footnotes":""},"class_list":["post-79","page","type-page","status-publish","hentry"],"_links":{"self":[{"href":"https:\/\/webs.uab.cat\/mutagenesi\/wp-json\/wp\/v2\/pages\/79","targetHints":{"allow":["GET"]}}],"collection":[{"href":"https:\/\/webs.uab.cat\/mutagenesi\/wp-json\/wp\/v2\/pages"}],"about":[{"href":"https:\/\/webs.uab.cat\/mutagenesi\/wp-json\/wp\/v2\/types\/page"}],"author":[{"embeddable":true,"href":"https:\/\/webs.uab.cat\/mutagenesi\/wp-json\/wp\/v2\/users\/20"}],"replies":[{"embeddable":true,"href":"https:\/\/webs.uab.cat\/mutagenesi\/wp-json\/wp\/v2\/comments?post=79"}],"version-history":[{"count":0,"href":"https:\/\/webs.uab.cat\/mutagenesi\/wp-json\/wp\/v2\/pages\/79\/revisions"}],"wp:attachment":[{"href":"https:\/\/webs.uab.cat\/mutagenesi\/wp-json\/wp\/v2\/media?parent=79"}],"curies":[{"name":"wp","href":"https:\/\/api.w.org\/{rel}","templated":true}]}}