{"id":82,"date":"2011-02-09T11:33:57","date_gmt":"2011-02-09T09:33:57","guid":{"rendered":"https:\/\/webs.uab.cat\/mutagenesi\/de-1986-1990\/"},"modified":"2011-02-09T11:33:57","modified_gmt":"2011-02-09T09:33:57","slug":"de-1986-1990","status":"publish","type":"page","link":"https:\/\/webs.uab.cat\/mutagenesi\/de-1986-1990\/","title":{"rendered":"De 1986 a 1990"},"content":{"rendered":"<p><strong><a name=\"puja\"><\/a>1986<\/strong><\/p>\n<p>16. BATISTE-ALENTORN, M., N. XAMENA, A. VEL\u00c1ZQUEZ, A. CREUS &amp; R. MARCOS. Mutagenicity testing of the pyrethroid insecticide cypermethrin in Drosophila. Mutagenesis, 1: 343-346<\/p>\n<p>17. XAMENA, N., A. VEL\u00c1ZQUEZ, M. BATISTE-ALENTORN, A. CREUS &amp; R. MARCOS. Valoraci\u00f3n de los resultados obtenidos en el ensayo Zeste de Drosophila melanogaster sobre la posible genotoxicidad de distintos insecticidas organofosforados. Fruticultura Profesional, 5: 105-107<\/p>\n<p>18. BATISTE-ALENTORN, M., A. VEL\u00c1ZQUEZ, N. XAMENA, A. CREUS &amp; R. MARCOS. Efectos de los insecticidas piretroides cipermetr\u00edn y fenvalerato en Drosophila melanogaster: toxicidad y alteraci\u00f3n del per\u00edodo de desarrollo. Fruticultura Profesional, 5: 107-110<\/p>\n<p>19. VEL\u00c1ZQUEZ, A., N. XAMENA, A. CREUS &amp; R. MARCOS. Indication for weak mutagenicity of the organophosphorus insecticide dimethoate in Drosophila melanogaster. Mutation Research, 172: 237-243<\/p>\n<p>&nbsp;<\/p>\n<p><strong>1987<\/strong><\/p>\n<p>20. BATISTE-ALENTORN, M., N. XAMENA, A. VEL\u00c1ZQUEZ, A. CREUS &amp; R. MARCOS. Non-mutagenicity of fenvalerate in Drosophila. Mutagenesis, 2: 7-10<\/p>\n<p>21. VEL\u00c1ZQUEZ, A., A. CREUS, N. XAMENA &amp; R. MARCOS. Lack of mutagenicity of the organophosphorus insecticide malathion in Drosophila melanogaster. Environmental Mutagenesis, 9: 343-348<\/p>\n<p>22. MARCOS, R., P. ALBA, N. XAMENA &amp; A. CREUS. Effect of acridine orange and acriflavine on fertility in Drosophila melanogaster and D. simulans. Revista Brasileira de Gen\u00e9tica, 10: 23-30<\/p>\n<p>23. BATISTE-ALENTORN, M., N. XAMENA, A. VEL\u00c1ZQUEZ, A. CREUS &amp; R. MARCOS. Studies on the toxicity of cypermethrin and fenvalerate in different strains of Drosophila melanogaster, Meig. (Insecta, Diptera). Environmental Research, 43: 117-125<\/p>\n<p>24. VEL\u00c1ZQUEZ, A., N. XAMENA, A. CREUS &amp; R. MARCOS. Mutagenicity studies on fenitrothion in Drosophila. Mutagenesis, 5: 333-336<\/p>\n<p>25. VEL\u00c1ZQUEZ, A., H. ANDREU, N. XAMENA, A. CREUS &amp; R. MARCOS. Accumulation of drastic mutants in selection lines for resistance to the insecticides dichlorvos and malathion in Drosophila melanogaster. Experientia, 43: 1122-1123<\/p>\n<p>26. CARBONELL, E., M. PUIG &amp; R. MARCOS. Utilizaci\u00f3n de linfocitos humanos en la detecci\u00f3n del da\u00f1o gen\u00e9tico producido por compuestos fitosanitarios. Estudio de los efectos producidos por el cipermetrin y el fenvalerato. Fruticultura Profesional, 12: 147-151<\/p>\n<p>&nbsp;<\/p>\n<p><strong>1988<\/strong><\/p>\n<p>27. XAMENA, N., A. VEL\u00c1ZQUEZ, M. BATISTE-ALENTORN, A. CREUS &amp; R. MARCOS. Genotoxicity studies with four organophosphorus insecticides using the unstable white-zeste system of Drosophila melanogaster. Mutation Research, 204: 251-256<\/p>\n<p>28. RASMUSON, \u00c5., N. XAMENA, A. CREUS &amp; R. MARCOS. Induction of mutation by tritiated water and 3H-thymidine in Drosophila melanogaster assayed by the somatic zeste-white eye mutation system. Mutation Research, 207: 127-133<\/p>\n<p>29. VEL\u00c1ZQUEZ, A., N. XAMENA, A. CREUS &amp; R. MARCOS. Mutagen sensitivity of an insecticide-resistant strain of Drosophila melanogaster to ethyl methanesulfonate. Comparison with a standard strain. Revista&nbsp; Brasileira de Gen\u00e9tica, 11: 839-846<\/p>\n<p>30. MARCOS, R. Detecci\u00f3n de genotoxicidad mediante sistemas eucariotas. Revista de Toxicolog\u00eda, 5: 27-32<\/p>\n<p>31. VEL\u00c1ZQUEZ, A., N. XAMENA, A. CREUS &amp; R. MARCOS. Efecto de la preincubaci\u00f3n con fracci\u00f3n microsomal vegetal sobre la actividad genot\u00f3xica de tres insecticidas organofosforados en Drosophila melanogaster. Revista de Toxicolog\u00eda, 5: 47-54<\/p>\n<p>&nbsp;<\/p>\n<p><strong>1989<\/strong><\/p>\n<p>32. PUIG, M., I. CARBONELL, N. XAMENA, A. CREUS &amp; R. MARCOS. Analysis of cytogenetic damage induced in cultured human lymphocytes by the pyrethroid insecticides cypermethrin and fenvalerate. Mutagenesis, 4: 72-74<\/p>\n<p>33. CARBONELL, E., M. PUIG, N. XAMENA, A. CREUS &amp; R. MARCOS. Mitotic arrest induced by fenvalerate in human lymphocyte cultures. Toxicology Letters, 48: 45-48<\/p>\n<p>34. VEL\u00c1ZQUEZ, A., N. XAMENA, A. CREUS &amp; R. MARCOS. Evidence for non-mutagenicity of epichlorohydrin in Drosophila melanogaster. Revista&nbsp; Brasileira de Gen\u00e9tica, 12: 515-524<\/p>\n<p>35. CARBONELL, E., M. PUIG, N. XAMENA, A. CREUS &amp; R. MARCOS. Efectos citogen\u00e9ticos de los plaguicidas. Estudio preliminar sobre 27 trabajadores agr\u00edcolas del Maresme. Fruticultura Profesional, 26: 121-123<\/p>\n<p>36. MARCOS, R., H. ANDREU, A. VEL\u00c1ZQUEZ, N. XAMENA &amp; A. CREUS. Induction of polygenic mutations affecting viability in Drosophila after dichlorvos and malathion treatments. Gen\u00e9tica Ib\u00e9rica, 41: 147-159<\/p>\n<p>&nbsp;<\/p>\n<p><strong>1990<\/strong><\/p>\n<p>37. CARBONELL. E., M. PUIG, N. XAMENA, A. CREUS &amp; R. MARCOS. Sister chromatid exchange in lymphocytes of agricultural workers exposed to pesticides. Mutagenesis, 5: 403-405<\/p>\n<p>38. VEL\u00c1ZQUEZ, A., N. XAMENA. A. CREUS &amp; R. MARCOS. Mutagenic evaluation of the organophosphorus insecticides methyl parathion and triazophos in Drosophila melanogaster.Journal of Toxicology and Environmental Health, 31: 313-325<\/p>\n<p>39. SURRALL\u00c9S, J., E. CARBONELL, M. PUIG, N. XAMENA, A. CREUS &amp; R. MARCOS. Induction of mitotic micronuclei by the pyrethroid insecticide fenvalerate in cultured human lymphocytes. Toxicology Letters, 54: 151-155<\/p>\n<p>40. CARBONELL, E., M. PUIG, N. XAMENA, A. CREUS &amp; R. MARCOS. Cytogenetic studies of agricultural workers exposed to pesticides. In:&nbsp; Environmental Contamination, J. Barcel\u00f3 (Ed.) CEP Consultants Ltd, Edinburgh, UK. pp. 486-488<\/p>\n<p>&nbsp;<\/p>\n<p><a href=\"#puja\">Puja<\/a><\/p>\n","protected":false},"excerpt":{"rendered":"<p>1986 16. BATISTE-ALENTORN, M., N. XAMENA, A. VEL\u00c1ZQUEZ, A. CREUS &amp; R. MARCOS. Mutagenicity testing of the pyrethroid insecticide cypermethrin in Drosophila. Mutagenesis, 1: 343-346 17. XAMENA, N., A. VEL\u00c1ZQUEZ, M. BATISTE-ALENTORN, A. CREUS &amp; R. MARCOS. Valoraci\u00f3n de los resultados obtenidos en el ensayo Zeste de Drosophila melanogaster sobre la posible genotoxicidad de distintos [&hellip;]<\/p>\n","protected":false},"author":20,"featured_media":0,"parent":0,"menu_order":0,"comment_status":"closed","ping_status":"closed","template":"","meta":{"footnotes":""},"class_list":["post-82","page","type-page","status-publish","hentry"],"_links":{"self":[{"href":"https:\/\/webs.uab.cat\/mutagenesi\/wp-json\/wp\/v2\/pages\/82","targetHints":{"allow":["GET"]}}],"collection":[{"href":"https:\/\/webs.uab.cat\/mutagenesi\/wp-json\/wp\/v2\/pages"}],"about":[{"href":"https:\/\/webs.uab.cat\/mutagenesi\/wp-json\/wp\/v2\/types\/page"}],"author":[{"embeddable":true,"href":"https:\/\/webs.uab.cat\/mutagenesi\/wp-json\/wp\/v2\/users\/20"}],"replies":[{"embeddable":true,"href":"https:\/\/webs.uab.cat\/mutagenesi\/wp-json\/wp\/v2\/comments?post=82"}],"version-history":[{"count":0,"href":"https:\/\/webs.uab.cat\/mutagenesi\/wp-json\/wp\/v2\/pages\/82\/revisions"}],"wp:attachment":[{"href":"https:\/\/webs.uab.cat\/mutagenesi\/wp-json\/wp\/v2\/media?parent=82"}],"curies":[{"name":"wp","href":"https:\/\/api.w.org\/{rel}","templated":true}]}}