{"id":83,"date":"2011-02-09T11:37:02","date_gmt":"2011-02-09T09:37:02","guid":{"rendered":"https:\/\/webs.uab.cat\/mutagenesi\/de-1991-1995\/"},"modified":"2011-02-09T11:37:02","modified_gmt":"2011-02-09T09:37:02","slug":"de-1991-1995","status":"publish","type":"page","link":"https:\/\/webs.uab.cat\/mutagenesi\/de-1991-1995\/","title":{"rendered":"De 1991 a 1995"},"content":{"rendered":"<p><strong><a name=\"puja\"><\/a>1991<\/strong><\/p>\n<p>41. CARBONELL, E., M. PUIG, N. XAMENA, A. CREUS &amp; R. MARCOS. Sister-chromatid exchanges (SCE) induced by p-dichlorobenzene in cultured human lymphocytes. Mutation Research, 263: 57-59<\/p>\n<p>42. XAMENA, N., A. EGIDO, A. VEL\u00c1ZQUEZ, A. CREUS &amp; R. MARCOS. Additional data in support of the quadruplicated white-ivory reversion system to test for somatic genotoxicity in Drosophila melanogaster. Mutation Research, 252: 305-312<\/p>\n<p>43. BATISTE-ALENTORN, M., N. XAMENA, A. CREUS &amp; R. MARCOS. Genotoxicity studies with the unstable zeste-white system of Drosophila melanogaster. Results with 10 carcinogenic compounds. Environmental and Molecular Mutagenesis, 18: 120-125<\/p>\n<p>\n<strong>1992<\/strong><\/p>\n<p>44. RIBAS, G., C. TORRES, M. BATISTE-ALENTORN, N. XAMENA, A. CREUS &amp; R. MARCOS. Germinal and somatic mutation induction in Drosophila after treatment of larvae with tritiated water.Mutation Research, 278: 43-46<\/p>\n<p>45. CARBONELL, E., G. UMBERT, N. XAMENA, A. CREUS &amp; R. MARCOS. Aberraciones cromos\u00f3micas en linfocitos de pacientes tratados con el agente antitumoral melfal\u00e1n. Revista de Toxicolog\u00eda, 9: 31-34<\/p>\n<p>46. SORSA, M., K. AUTIO, A. ABONDANDOLO, E. CARBONELL, N. DEMOPOULOS, C. GARNER, M. KIRSCH-VOLDERS, R. MARCOS, E. MARAFANTE, A.T. NATARAJAN, E.M. PARRY, K. PSARAKI, G. STEPHANOU, A.D. TATES &amp; R. WATERS. Evaluation of in vitro cytogenetic techniques in 9 European laboratories in relation to chromosomal endpoints induced by three model mutagens. Mutation Research, 271: 261-267<\/p>\n<p>47. TORRES, C., G. RIBAS, N. XAMENA, A. CREUS &amp; R. MARCOS. Genotoxicity of four herbicides in the Drosophila wing spot. Mutation Research, 280: 291-295<\/p>\n<p>48. SURRALL\u00c9S, J., E. CARBONELL, R. MARCOS, F. DEGRASSI, A. ANTOCCIA &amp; C. TANZARELLA. A collaborative study on the improvement of the micronucleus test in cultured human lymphocytes. Mutagenesis, 7: 407-410<\/p>\n<p>49. ROMERO, A., C. PALACIN, P. MOSESSO, G. HODSON-WALKER, R. MARCOS, M. BATISTE-ALENTORN, F. VILLAMAYOR, A. SACRIST\u00c1N &amp;&nbsp; J.A. ORTIZ. Genotoxicity studies on Sertaconazole. Drug Research, 42: 743-745<\/p>\n<p>50.&nbsp; PEINADO, M.A., S. MALKHOSYAN, A. VEL\u00c1ZQUEZ &amp; M. PERUCHO. Isolation and characterization of allelic losses and amplifications in colorectal tumors by arbitrarily primed polymerase chain reaction. Proceedings of the National Academy of&nbsp; Sciences, USA, 89: 10065-10069<\/p>\n<p>&nbsp;<\/p>\n<p><strong>1993<\/strong><\/p>\n<p>51. RIBAS, G., C. TORRES, A. VEL\u00c1ZQUEZ, N. XAMENA, A. CREUS &amp; R. MARCOS. Inducci\u00f3n de mutaciones germinales y som\u00e1ticas en Drosophila tras el tratamiento de larvas con agua tritiada. Tecnolog\u00eda del agua, 106: 28-34<\/p>\n<p>52. CARBONELL, E, N. XAMENA, A. CREUS &amp; R. MARCOS. Cytogenetic biomonitoring in a Spanish group of agricultural workers exposed to pesticides. Mutagenesis, 8: 511-517<\/p>\n<p>&nbsp;<\/p>\n<p><strong>1994<\/strong><\/p>\n<p>53. RIBAS, G., E. CARBONELL, N. XAMENA, A. CREUS &amp; R. MARCOS. Genotoxicity of tritiated water in human lymphocytes. Toxicology Letters, 70: 63-69<\/p>\n<p>54. FENECH, M., J. RINALDI &amp; J. SURRALL\u00c9S. The origin of micronuclei induced by cytosine arabinoside and its sinergistic interaction with hydroxyurea in human lymphocytes. Mutagenesis, 9: 273-277<\/p>\n<p>55. SURRALL\u00c9S, J., A. ANTOCCIA, A. CREUS, F. DEGRASSI, F. PERIS, C.&nbsp; TANZARELLA, N. XAMENA &amp; R. MARCOS. The effect of cytochalasin-B concentration on the frequency of micronuclei induced by four standard mutagens. Results from two laboratories. Mutagenesis, 9: 347-353<\/p>\n<p>56. CARBONELL, E., A, VALBUENA, N. XAMENA, A. CREUS &amp; R. MARCOS. Estudio bioqu\u00edmico y hematol\u00f3gico en un grupo de trabajadores agr\u00edcolas expuestos a plaguicidas. Revista de Toxicolog\u00eda, 11: 68-74<\/p>\n<p>57. BATISTE-ALENTORN, M., N. XAMENA, A. CREUS &amp; R. MARCOS. Further studies with the somatic white-ivory system of Drosophila melanogaster: Genotoxicity testing of ten carcinogens. Environmental and Molecular Mutagenesis, 24: 143-147<\/p>\n<p>58. PI\u00d1OL, J. &amp; O. CABR\u00c9. Restriction mapping of phage lambda vectors using non-radioactive methods. Gene, 143: 39-41<\/p>\n<p>&nbsp;<\/p>\n<p><strong>1995<\/strong><\/p>\n<p>59. BATISTE-ALENTORN, M., N. XAMENA, A. CREUS &amp; R. MARCOS. Genotoxic evaluation of ten carcinogens in the Drosophila melanogaster wing spot test. Experientia, 51: 73-76<\/p>\n<p>60. BATISTE-ALENTORN, M., N. XAMENA, A. CREUS &amp; R. MARCOS. Genotoxicity testing of five compounds in three Drosophila short-term somatic assays. Mutation Research, 341: 161-167<\/p>\n<p>61. SURRALL\u00c9S, J., N. XAMENA, A. CREUS, J. CATAL\u00c1N, H. NORPPA &amp; R. MARCOS. Induction of micronuclei by five pyrethroid insecticides in whole blood and isolated human lymphocyte cultures. Mutation Research, 341: 169-184<\/p>\n<p>62. SORIANO, S., A. CREUS, R. MARCOS &amp; N. XAMENA. Somatic reversion of some copia-like induced mutations, at the white locus of Drosophila melanogaster, after treatment with alkylating agents. Environmental and Molecular Mutagenesis, 25: 126-133<\/p>\n<p>63. SURRALL\u00c9S, J., N. XAMENA, A. CREUS &amp; R. MARCOS. The suitability of the micronucleus assay in human lymphocytes as a new biomarker of excision repair. Mutation Research, 342: 43-59<\/p>\n<p>64. GUTI\u00c9RREZ, S., E. CARBONELL, P. GALOFR\u00c9, N. XAMENA, A. CREUS &amp; R. MARCOS. A cytogenetic follow-up study of thyroid cancer patients treated with 131I. Cancer Letters, 91: 199-204<\/p>\n<p>65. CARBONELL, E., F. PERIS, N. XAMENA, A. CREUS &amp; R. MARCOS. SCE analysis in human lymphocytes of a Spanish control population. Mutation Research, 335: 35-46<\/p>\n<p>66. SURRALL\u00c9S, J., J. CATAL\u00c1N, A. CREUS, H. NORPPA, N. XAMENA &amp; R. MARCOS. Micronuclei induced by alachlor, mitomycin-C and vinblastine in human lymphocytes: presence of centromeres and kinetochores and influence of staining technique. Mutagenesis, 10: 417-423<\/p>\n<p>67. RIBAS, G., G. FRENZILLI, R. BARALE &amp; R. MARCOS. Herbicide-induced DNA damage in human lymphocytes evaluated by the single-cell gel electrophoresis (SCGE) assay. Mutation Research, 344: 41-54<\/p>\n<p>68. CARBONELL, E., A. VALBUENA, N. XAMENA, A. CREUS &amp; R. MARCOS. Temporary variations in chromosomal aberrations in a group of agricultural workers exposed to pesticides. Mutation Research, 344: 127-134<\/p>\n<p>69. CARBONELL, E., N. XAMENA, A. CREUS &amp; R. MARCOS. Chromosomal aberrations and sister-chromatid exchanges as biomarkers of exposure to pesticides. Clinical Chemistry, 41: 1917-1919<\/p>\n<p>70. CARERE, A., R. MARCOS, C. TANZARELLA, M. SORSA, D. ANDERSON, A. CEBULSKA-WASILEWSKA &amp; A. PINTER. Biomonitoring of human populations exposed to petroleum fuels with special considerations on the role of benzene as a genotoxic component. ISEE\/ISEA, Central and Eastern European Chapter, Proc. Host Factors in Environmental Epidemmiology, Krakow, 111-115<\/p>\n<p>71. PI\u00d1OL, J. &amp; O. CABR\u00c9. Differential aldehyde sensitivity of newly replicated chromatin from Drosophila melanogaster embryos. Experimental Cell Research, 216: 352-357<\/p>\n<p>&nbsp;<\/p>\n<p><a href=\"#puja\">Puja<\/a><\/p>\n","protected":false},"excerpt":{"rendered":"<p>1991 41. CARBONELL, E., M. PUIG, N. XAMENA, A. CREUS &amp; R. MARCOS. Sister-chromatid exchanges (SCE) induced by p-dichlorobenzene in cultured human lymphocytes. Mutation Research, 263: 57-59 42. XAMENA, N., A. EGIDO, A. VEL\u00c1ZQUEZ, A. CREUS &amp; R. MARCOS. Additional data in support of the quadruplicated white-ivory reversion system to test for somatic genotoxicity in [&hellip;]<\/p>\n","protected":false},"author":20,"featured_media":0,"parent":0,"menu_order":0,"comment_status":"closed","ping_status":"closed","template":"","meta":{"footnotes":""},"class_list":["post-83","page","type-page","status-publish","hentry"],"_links":{"self":[{"href":"https:\/\/webs.uab.cat\/mutagenesi\/wp-json\/wp\/v2\/pages\/83","targetHints":{"allow":["GET"]}}],"collection":[{"href":"https:\/\/webs.uab.cat\/mutagenesi\/wp-json\/wp\/v2\/pages"}],"about":[{"href":"https:\/\/webs.uab.cat\/mutagenesi\/wp-json\/wp\/v2\/types\/page"}],"author":[{"embeddable":true,"href":"https:\/\/webs.uab.cat\/mutagenesi\/wp-json\/wp\/v2\/users\/20"}],"replies":[{"embeddable":true,"href":"https:\/\/webs.uab.cat\/mutagenesi\/wp-json\/wp\/v2\/comments?post=83"}],"version-history":[{"count":0,"href":"https:\/\/webs.uab.cat\/mutagenesi\/wp-json\/wp\/v2\/pages\/83\/revisions"}],"wp:attachment":[{"href":"https:\/\/webs.uab.cat\/mutagenesi\/wp-json\/wp\/v2\/media?parent=83"}],"curies":[{"name":"wp","href":"https:\/\/api.w.org\/{rel}","templated":true}]}}