{"id":84,"date":"2011-02-09T11:40:43","date_gmt":"2011-02-09T09:40:43","guid":{"rendered":"https:\/\/webs.uab.cat\/mutagenesi\/de-1996-2000\/"},"modified":"2011-02-09T11:40:43","modified_gmt":"2011-02-09T09:40:43","slug":"de-1996-2000","status":"publish","type":"page","link":"https:\/\/webs.uab.cat\/mutagenesi\/de-1996-2000\/","title":{"rendered":"De 1996 a 2000"},"content":{"rendered":"<p><strong><a name=\"puja\"><\/a>1996<\/strong><\/p>\n<p>72. PITARQUE, M., E. CARBONELL, N. LAPE\u00d1A, M. MARS\u00c1, M. TORRES, A. CREUS, N. XAMENA &amp; R. MARCOS. No increase in micronuclei frequency in cultured blood lymphocytes from a group of filling station attendants. Mutation Research, 367: 161-167<\/p>\n<p>73. RIBAS, G., J. SURRALL\u00c9S, E. CARBONELL, N. XAMENA, A. CREUS &amp; R. MARCOS. Genotoxicity of the herbicides alachlor and maleic hydrazide in cultured human lymphocytes. Mutagenesis, 11: 221-227<\/p>\n<p>74. RIBAS, G., N. XAMENA, A. CREUS &amp; R. MARCOS. Sister chromatid exchanges (SCE) induction by inhibitors of DNA topoisomerases in cultured human lymphocytes. Mutation Research, 368: 205-211<\/p>\n<p>75. CARBONELL, E.,&nbsp; F. PERIS, N. XAMENA, A. CREUS &amp; R. MARCOS. Chromosomal aberration analysis in 85 control individuals. Mutation Research, 370: 29-37<\/p>\n<p>76. CARBONELL, E., N.A. DEMOPOULOS, G. STEFANOU, K. PSARAKI, E.M. PARRY &amp; R. MARCOS. Cytogenetic analysis in peripheral lymphocytes of cancer patients treated with cytostatic drugs: results from a EC Collaborative Study. Anti-Cancer Drugs, 7: 514-519<\/p>\n<p>77. SU\u00c1REZ. S., O. CABR\u00c9, A. VEL\u00c1ZQUEZ, A. CREUS, R. MARCOS &amp; N. XAMENA. Molecular study of the germinal reversions induced at the white-ivory locus in Drosophila melanogaster. <a href=\"http:\/\/www.ncbi.nlm.nih.gov\/pubmed\/8962425?dopt=Abstract\" target=\"_blank\" rel=\"noopener\">Mutagenesis, 11: 559-563<\/a><\/p>\n<p>78. RIBAS, G., J. SURRALL\u00c9S, E. CARBONELL, N. XAMENA, A. CREUS &amp; R. MARCOS. Genotoxic evaluation of the herbicide trifluralin on&nbsp; human lymphocytes exposed in vitro. Mutation Research, 371: 15-21<\/p>\n<p>79.&nbsp; SURRALL\u00c9S, J., P. JEPPESEN, H. MORRISON &amp; A.T. NATARAJAN. Analysis of loss of inactive X chromosome in interfase cells. American Journal of Human Genetics, 59: 1091-1096<\/p>\n<p>80. YASUDA, Y., J.M. NAVARRO, S. MALKOSYAN, A. VEL\u00c1ZQUEZ, R. ARRIBAS, T. SEKIYA &amp; M. PERUCHO. Chromosomal assignment of human DNA fingerprint sequences by simultaneous hybridization to arbitrary primed PCR products from human\/rodent monochromosome cell hybrids. Genomics, 34: 1-8<\/p>\n<p><strong>1997<\/strong><\/p>\n<p>81. GUTI\u00c9RREZ, S., E. CARBONELL, P. GALOFR\u00c9, A. CREUS &amp; R. MARCOS. Micronuclei induction by 131I exposure: Study in hyperthyroidism patients. Mutation Research, 373: 39-45<\/p>\n<p>82. RIBAS, G., E. CARBONELL, A. CREUS, N. XAMENA &amp; R. MARCOS. Genotoxicity of humic acid in cultured human lymphocytes and its interaction with the herbicides alachlor and maleic hydrazide. Environmental and Molecular Mutagenesis, 29: 272-276<\/p>\n<p>83. PITARQUE, M., E. CARBONELL, N. LAPE\u00d1A, M. MARS\u00c1, A. VALBUENA, A. CREUS &amp; R. MARCOS. SCE analysis in peripheral blood lymphocytes of a group of filling station attendants. Mutation Research, 390: 153-159<\/p>\n<p>84. SGURA, A., A. ANTOCCIA, M.J RAM\u00cdREZ, R. MARCOS, C. TANZARELLA &amp; F. DEGRASSI. Micronuclei, centromere-positive micronuclei and chromosome nondisjunction in cytokinesis blocked human lymphocytes following mitomycin C or vincristine treatment. Mutation Research, 392: 97-107<\/p>\n<p>85. SURRALL\u00c9S, J. &amp; A.T. NATARAJAN. Human lymphocytes micronucleus assay in Europe. An international survey. Mutation Research, 392: 165-174<\/p>\n<p>86. PITARQUE, M., E. CARBONELL, N. XAMENA, A. CREUS &amp; R. MARCOS. Genotoxicity of commercial petrol samples in cultured human lymphocytes. Revista Internacional de Contaminaci\u00f3n Ambiental, 13: 17-23<\/p>\n<p>87. SURRALL\u00c9S, J., F. DARROUDI &amp; A.T. NATARAJAN. Evidence for low level of DNA repair in human chromosome 1 heterochromatin. Genes Chromosomes and Cancer, 20: 173-184<\/p>\n<p>88.&nbsp; SURRALL\u00c9S, J. S. SEBASTIAN, &amp; A.T. NATARAJAN. Chromosomes with high gene density are preferentially repaired in human cells. Mutagenesis, 12: 437-442<\/p>\n<p>89. RAM\u00cdREZ, M.J., J. SURRALL\u00c9S, S. PUERTO, A. CREUS &amp; R. MARCOS. Aneugenic activity in human cultured lymphocytes. An overall study with colchicine by using the micronucleus assay and fluorescence in situ hybridization techniques. <a href=\"http:\/\/www.ncbi.nlm.nih.gov\/pubmed\/9412992?dopt=Abstract\" target=\"_blank\" rel=\"noopener\">Mutagenesis, 12: 405-410<\/a><\/p>\n<p>90. ANDERSON, D., T.W. YU, M.M. DOBRYNSKA, G. RIBAS &amp; R. MARCOS. Effects in the comet assay of storage conditions on human blood. Teratogenesis, Carcinogenesis &amp; Mutagenesis, 17: 115-125<\/p>\n<p>91. RAM\u00cdREZ, M.J., J. SURRALL\u00c9S, P. GALOFR\u00c9, A. CREUS &amp; R. MARCOS. Radioactive iodine induces clastogenic and age-dependent aneugenic effects in lymphocytes of thyroid cancer patients as revealed by interphase FISH. Mutagenesis, 12: 449-455<\/p>\n<p>92. MARCOS, R., A. CREUS, N. XAMENA, E. CARBONELL, M. PITARQUE, J. SURRALL\u00c9S &amp; G. RIBAS. Cytogenetic monitoring of Spanish filling attendants. En: Biomonitoring of human populations exposed to petroleum fuels with special consideration of the role of benzene as a genotoxic components@ Eds.: A. Carere y R. Crebelli. Istituto Superiore di Sanit\u00e1, 97\/4, pp 41-55. Roma, Italia<\/p>\n<p>93. ROMERO, A., C. PALACIN, P. CILIUTTI, J.A. VERICAT, R. MARCOS, R. MONTERO, M. GARC\u00cdA &amp; F. VILAMAYOR. Genotoxicity studies on ebrotidine. Drug Research, 47: 511-514<\/p>\n<p>94. SURRALL\u00c9S, J., K. AUTIO, L. NYLUND, K. PELTONEN, T. VEIDEBAUM &amp; M. SORSA. Molecular cytogenetic analysis of buccal cells and lymphocytes from benzene exposed workers. Carcinogenesis, 18: 817-823<\/p>\n<p><strong>1998<\/strong><\/p>\n<p>95. RIBAS, G., J. SURRALL\u00c9S, E. CARBONELL, N. XAMENA, A. CREUS &amp; R. MARCOS. Genotoxic evaluation of the herbicide paraquat in cultured human lymphocytes. <a href=\"http:\/\/www.ncbi.nlm.nih.gov\/pubmed\/9485542?dopt=Abstract\" target=\"_blank\" rel=\"noopener\">Teratogenesis, Carcinogenesis &amp; Mutagenesis, 17: 339-347<\/a><\/p>\n<p>96. GUTI\u00c9RREZ, S., E. CARBONELL, P. GALOFR\u00c9, A. CREUS &amp; R. MARCOS. Application of the single-cell gel electrophoresis (SCGE) assay for the detection of DNA damage induced by 131I treatment in hyperthyroidism patients. <a href=\"http:\/\/www.ncbi.nlm.nih.gov\/pubmed\/9491402?dopt=Abstract\" target=\"_blank\" rel=\"noopener\">Mutagenesis, 13: 95-98<\/a><\/p>\n<p>97. SORIANO, S., A. VEL\u00c1ZQUEZ, R. MARCOS, O. CABR\u00c9 &amp; N. XAMENA. Induced somatic and germinal reversion of the white-spotted-1 insertional mutant phenotype in Drosophila melanogaster. <a href=\"http:\/\/www.ncbi.nlm.nih.gov\/pubmed\/9568595?dopt=Abstract\" target=\"_blank\" rel=\"noopener\">Mutagenesis, 13: 199-206<\/a><\/p>\n<p>98. GUTI\u00c9RREZ, S., E. CARBONELL, P. GALOFR\u00c9, A. CREUS &amp; R. MARCOS. The alkaline single-cell gel electrophoresis (SCGE) assay applied to the analysis of radiation-induced DNA damage in thyroid cancer patients treated with 131I. <a href=\"http:\/\/www.ncbi.nlm.nih.gov\/pubmed\/9639687?dopt=Abstract\" target=\"_blank\" rel=\"noopener\">Mutation Research, 413: 111-119<\/a><\/p>\n<p>99. TORRES, C., A. CREUS &amp; R. MARCOS. Genotoxic activity of four inhibitors of DNA topoisomerases in larval cells of Drosophila melanogaster as measured in the wing spot assay. <a href=\"http:\/\/www.ncbi.nlm.nih.gov\/pubmed\/9639703?dopt=Abstract\" target=\"_blank\" rel=\"noopener\">Mutation Research, 413: 191-203<\/a><\/p>\n<p>100. SURRALL\u00c9S, J., S. PUERTO, M.J. RAM\u00cdREZ, A. CREUS, R. MARCOS, L.H.F. MULLENDERS &amp; A.T. NATARAJAN. Links between chromatin structure, DNA repair and chromosome fragility. <a href=\"http:\/\/www.ncbi.nlm.nih.gov\/pubmed\/9729265?dopt=Abstract\" target=\"_blank\" rel=\"noopener\">Mutation Research 404: 39-44<\/a><\/p>\n<p>101. RIBAS, G., J. SURRALL\u00c9S, E. CARBONELL., A. CREUS, N. XAMENA &amp; R. MARCOS. Lack of genotoxicity of the herbicide atrazine in human cultured lymphocytes. <a href=\"http:\/\/www.ncbi.nlm.nih.gov\/pubmed\/9725995?dopt=Abstract\" target=\"_blank\" rel=\"noopener\">Mutation Research, 416: 93-99<\/a><\/p>\n<p>102. SURRALL\u00c9S, J. &amp; A.T. NATARAJAN. Radiosensitivity and repair of the inactive X chromosome. Insights from FISH and immunocytogenetics. <a href=\"http:\/\/www.ncbi.nlm.nih.gov\/pubmed\/9630558?dopt=Abstract\" target=\"_blank\" rel=\"noopener\">Mutation Research, 414: 117-124<\/a><\/p>\n<p>103. SURRALL\u00c9S, J. &amp; A.T. NATARAJAN. Position effect of translocations involving the inactive X chromosome: physical linkage to XIC\/XIST does not lead to long-range de novo inactivation in human somatic cells. <a href=\"http:\/\/www.ncbi.nlm.nih.gov\/pubmed\/9763661?dopt=Abstract\" target=\"_blank\" rel=\"noopener\">Cytogenetics and Cell Genetics 82: 58-66<\/a><\/p>\n<p>104. SURRALL\u00c9S, J. Repair and persistence of DNA damage in chromosomes with diverse gene densities: insights from normal and xeroderma pigmentosum cells using reverse FISH. European J Genet Toxicol. <a href=\"http:\/\/www.swan.ac.uk\/cget\/journal\/ejgt3.htm\" target=\"_blank\" rel=\"noopener\">www.swan.ac.uk\/cget\/journal\/ejgt3.htm<\/a><\/p>\n<p>105. VENEGAS, W., Y. ZAPATA, E. CARBONELL &amp; . MARCOS. Micronuclei analysis in lymphocytes of pesticide sprayers from Concepci\u00f3n (Chile). <a href=\"http:\/\/www.ncbi.nlm.nih.gov\/pubmed\/9728796?dopt=Abstract\" target=\"_blank\" rel=\"noopener\">Teratogenesis, Carcinogenesis &amp; Mutagenesis. 18: 123-129<\/a><\/p>\n<p>106. VAGLENOV, A., E. CARBONELL &amp; R. MARCOS. Biomonitoring of workers exposed to lead. Genotoxic effects, its modulation by polyvitamin treatment and evaluation of the induced radioresistance. <a href=\"http:\/\/www.ncbi.nlm.nih.gov\/pubmed\/9757002?dopt=Abstract\" target=\"_blank\" rel=\"noopener\">Mutation Research 418: 79-92<\/a><\/p>\n<p>107. CARBONELL, E., F. L\u00d3PEZ, A. VALBUENA, N. XAMENA, A. CREUS &amp; R. MARCOS. Evaluaci\u00f3n del da\u00f1o gen\u00e9tico inducido por plaguicidas en un grupo de agricultores. En: Plaguicidas. Aspectos ambientales, anal\u00edticos y toxicol\u00f3gicos. Editado por I. Morell y L. Candela. Publicaciones de la Universidad Jaume I, Castell\u00f3 de la Plana, pp. 315-328<br \/>\n&nbsp;<\/p>\n<p>\n<strong>1999<\/strong><\/p>\n<p>108. PUERTO, S., J. SURRALL\u00c9S, M.J. RAM\u00cdREZ, E. CARBONELL,&nbsp; A. CREUS &amp; R. MARCOS. Analysis of bleomycin- and cytosine arabinoside-induced chromosome aberrations involving chromosomes 1 and 4 by painting FISH. <a href=\"http:\/\/www.ncbi.nlm.nih.gov\/pubmed\/10029666?dopt=Abstract\" target=\"_blank\" rel=\"noopener\">Mutation Research, 439: 3-11<\/a><\/p>\n<p>109. RAM\u00cdREZ, M.J., J. SURRALL\u00c9S, P. GALOFR\u00c9, A. CREUS &amp; R. MARCOS. FISH analysis of 1cen-1q12 breakage, chromosome 1 numerical abnormalities and centromeric content of micronuclei in buccal cells from thyroid cancer and hyperthyroidism patients treated with radioactive iodine. Mutagenesis, 14: 121-127<\/p>\n<p>110. SU\u00c1REZ, S., O. CABR\u00c9, A. VEL\u00c1ZQUEZ, R. MARCOS &amp; N. XAMENA. Molecular analysis of mutants obtained by treatment with alkylating agents in a quadruplicated white-ivory strain of Drosophila melanogaster. <a href=\"http:\/\/www.ncbi.nlm.nih.gov\/pubmed\/10229920?dopt=Abstract\" target=\"_blank\" rel=\"noopener\">Mutagenesis, 14: 187-192<\/a><\/p>\n<p>111. GUTI\u00c9RREZ, S., E. CARBONELL,&nbsp; P. GALOFR\u00c9, A. CREUS &amp; R. MARCOS. Low sensitivity of the sister chromatid exchange assay to detect the genotoxic effects of radioiodine therapy. Mutagenesis, 14: 221-226<\/p>\n<p>112. ABOU-EISHA, A., A. CREUS &amp; R. MARCOS. Genotoxic evaluation of the antimicrobial drug, trimethoprim, in cultured human lymphocytes. Mutation Research, 440: 157-162<\/p>\n<p>113. RAM\u00cdREZ, M.J., J. SURRALL\u00c9S, S. PUERTO, A. CREUS &amp; R. MARCOS. Low persistence of radiation-induced centromere positive and negative micronuclei in cultured human cells. <a href=\"http:\/\/www.ncbi.nlm.nih.gov\/pubmed\/10209339?dopt=Abstract\" target=\"_blank\" rel=\"noopener\">Mutation Research, 440: 163-169<\/a><\/p>\n<p>114. PITARQUE, M., A. CREUS, R. MARCOS, J.A. HUGHES &amp; D. ANDERSON. Examination of various biomarkers measuring genotoxic endpoints from Barcelona airport personnel. Mutation Reserach, 440: 195-204<\/p>\n<p>115. PITARQUE, M., A. VAGLENOV, M. NOSKO, A. HIRVONEN, H. NORPA, A. CREUS &amp; R. MARCOS. Evaluation of DNA damage by the Comet assay in shoe workers exposed to toluene and other organic solvents. <a href=\"http:\/\/www.ncbi.nlm.nih.gov\/pubmed\/10224328?dopt=Abstract\" target=\"_blank\" rel=\"noopener\">Mutation Research, 441: 115-127<\/a><\/p>\n<p>116. KAYA, B., A. YANIKOGLU &amp; R. MARCOS. Genotoxicity studies on the phenoxyacetates 2,4-D and 4-CPA in the Drosophila wing spot test. <a href=\"http:\/\/www.ncbi.nlm.nih.gov\/pubmed\/10406894?dopt=Abstract\" target=\"_blank\" rel=\"noopener\">Teratogenesis, Carcinogenesis and Mutagenesis, 19: 305-312<\/a><\/p>\n<p>117. BALDRICH, E., N. XAMENA &amp; O. CABR\u00c9. Overcoming false negatives in PCR amplifications due to the genomic context. Journal of Biochemistry and Biophysics Methods 40: 45-48<\/p>\n<p>118. L\u00d3PEZ, A., R. MARCOS &amp; A. VEL\u00c1ZQUEZ. Estudio de la inestabilidad gen\u00e9tica en mutantes deficientes en la reparaci\u00f3n del DNA de Drosophila melanogaster mediante PCR con cebadores arbitrarios (AP-PCR). En: Evaluaci\u00f3n Mutag\u00e9nica y Genot\u00f3xica. E de la Pe\u00f1a et al. (Editores). SEMA, Madrid. pp 85-102 (1999).<\/p>\n<p>119. MARCOS, R., E. CARBONELL, A. CREUS, P. GALOFR\u00c9, S. GUTI\u00c9RREZ, M.J. RAM\u00cdREZ &amp; J. SURRALL\u00c9S. Evaluaci\u00f3n del riesgo gen\u00e9tico asociado a la exposici\u00f3n terap\u00e9utica al 131I. En: Evaluaci\u00f3n Mutag\u00e9nica y Genot\u00f3xica. E de la Pe\u00f1a et al. (Editores). SEMA, Madrid. pp 195-238<\/p>\n<p>120. AMRANI, S., M. RIZKI, A. CREUS &amp; R. MARCOS. Genotoxic activity of different chromium compounds in larval cells of Drosophila melanogaster, as measured by the wing spot test. <a href=\"http:\/\/www.ncbi.nlm.nih.gov\/pubmed\/10462723?dopt=Abstract\" target=\"_blank\" rel=\"noopener\">Environmental and Molecular Mutagenesis, 34: 47-51<\/a><\/p>\n<p>121. L\u00d3PEZ, A., N. XAMENA, O. CABR\u00c9, A. CREUS, R. MARCOS &amp; A. VEL\u00c1ZQUEZ. Analysis of genomic damage in the mutagen-sensitive mus-201 mutants of Drosophila melanogaster by arbitrarily primed PCR (AP-PCR) fingerprinting. <a href=\"http:\/\/www.ncbi.nlm.nih.gov\/pubmed\/10526217?dopt=Abstract\" target=\"_blank\" rel=\"noopener\">Mutation Research, 435: 63-75<\/a><\/p>\n<p>122. VAGLENOV, A., M. NOSKO, R. GEORGIEVA, E. CARBONELL, A. CREUS &amp; R. MARCOS. Genotoxicity and radioresistance in electroplating workers exposed to chromium. <a href=\"http:\/\/www.ncbi.nlm.nih.gov\/pubmed\/10613183?dopt=Abstract\" target=\"_blank\" rel=\"noopener\">Mutation Research, 446:23-34<\/a><\/p>\n<p>123. PUERTO, S., J. SURRALL\u00c9S, M.J. RAM\u00cdREZ, A. CREUS &amp; R. MARCOS. Equal induction and persistence of chromosome aberrations involving chromosomes with heterogenous lengths and gene densities. <a href=\"http:\/\/www.ncbi.nlm.nih.gov\/pubmed\/10640813?dopt=Abstract\" target=\"_blank\" rel=\"noopener\">Cytogenetics and Cell Genetics, 87: 62-68<\/a><\/p>\n<p>124. GUTI\u00c9RREZ, S., E. CARBONELL,&nbsp; P. GALOFR\u00c9, A. CREUS &amp; R. MARCOS. Cytogenetic damage after 131-iodine treatment for hyperthyroidism and thyroid cancer. A study using the micronucleus test. European Journal of Nuclear Medicine, 26: 1589-1596<\/p>\n<p>125. SURRALL\u00c9S J., M.P. HANDE, R. MARCOS &amp; P. LANSDORP. Accelarated telomere shortening in the human inactive X chromosome. American Journal of Human Genetics, 65: 1617-1622<\/p>\n<p><strong>2000<\/strong><\/p>\n<p>126. LUCERO, L., S. PASTOR, S. SUAREZ, R. DURB\u00c1N, C. G\u00d3MEZ, T. PARR\u00d3N, A. CREUS &amp; R. MARCOS. Cytogenetic biomonitoring of spanish greenhouse workers exposed to pesticides: micronuclei analysis in peripheral blood lymphocytes and buccal epithelial cells. <a href=\"http:\/\/www.ncbi.nlm.nih.gov\/pubmed\/10648912?dopt=Abstract\" target=\"_blank\" rel=\"noopener\">Mutation Research, 464: 255-262<\/a><\/p>\n<p>127. KAYA, B., A. YANIKOGLU, A. CREUS &amp; R. MARCOS. Gentoxicity testing of five herbicides in the Drosophila wing spot test. <a href=\"http:\/\/www.ncbi.nlm.nih.gov\/pubmed\/10708972?dopt=Abstract\" target=\"_blank\" rel=\"noopener\">Mutation Research, 465: 77-84<\/a><\/p>\n<p>128. KAYA, B., A. CREUS, A. YANIKOGLU, O. CABR\u00c9 &amp; R. MARCOS. Use of the Drosophila wing spot test in the genotoxicity testing of different herbicides. <a href=\"http:\/\/www.ncbi.nlm.nih.gov\/pubmed\/10918358?dopt=Abstract\" target=\"_blank\" rel=\"noopener\">Environmental and Molecular Mutagenesis, 36: 40-46<\/a><\/p>\n<p>129. KAYA, B., A. CREUS, A. VEL\u00c1ZQUEZ, A. YANIGOGLU &amp; R. MARCOS. Induction of adaptive response in Drosophila imaginal disc cells exposed in vivo to low doses of alkylating agents. <a href=\"http:\/\/www.ncbi.nlm.nih.gov\/pubmed\/10887213?dopt=Abstract\" target=\"_blank\" rel=\"noopener\">Mutagenesis, 15: 337-340<\/a><\/p>\n<p>130. SU\u00c1REZ, S., O. CABR\u00c9, A. VEL\u00c1ZQUEZ, R. MARCOS &amp; N. XAMENA. Sequence analysis of the boundaries of the tandem duplication from the white-ivory mutant and two chemically induced revertants. <a href=\"http:\/\/www.ncbi.nlm.nih.gov\/pubmed\/10887216?dopt=Abstract\" target=\"_blank\" rel=\"noopener\">Mutagenesis, 15: 357-359 <\/a><\/p>\n<p>131. RAM\u00cdREZ, MJ., S. PUERTO, P. GALOFR\u00c9, E.M. PARRY, J.M. PARRY, A. CREUS, R. MARCOS &amp; J. SURRALL\u00c9S. Multicolor FISH detection of radiative iodine-induced 17cen-p53 chromosomal breakage in buccal cells from therapeutically exposed patients. <a href=\"http:\/\/www.ncbi.nlm.nih.gov\/pubmed\/10910962?dopt=Abstract\" target=\"_blank\" rel=\"noopener\">Carcinogenesis 21: 1581-1586<\/a><\/p>\n<p>132. PUERTO, S., R. MARCOS, M.J. RAM\u00cdREZ, P. GALOFRE, A. CREUS &amp; J. SURRALL\u00c9S. Equal induction and persistence of chromosome aberrations involving chromosomes 1, 4 and 10 in thyroid cancer patients treated with radioactive iodine. <a href=\"http:\/\/www.ncbi.nlm.nih.gov\/pubmed\/10946251?dopt=Abstract\" target=\"_blank\" rel=\"noopener\">Mutation Research, 469: 147-158<\/a><\/p>\n<p>133. PUERTO, S., R. MARCOS, M.J. RAM\u00cdREZ, A. CREUS, J.J.W.A. BOEI, M. MEIJERS, A.T. NATARAJAN &amp; J. SURRALL\u00c9S. Induction, processing and persistence of radiation-induced chromosomal aberrations involving hamster euchromatin and heterchromatin. <a href=\"http:\/\/www.ncbi.nlm.nih.gov\/pubmed\/10984678?dopt=Abstract\" target=\"_blank\" rel=\"noopener\">Mutation Research, 469: 169-179<\/a><\/p>\n<p>134. KIRSCH-VOLDERS, M., T. SOFUNI, M. AARDEMA, S. ARBERTINI, D. EASTMOND, M. FENECH, M. ISHIDATE, E. LORGE, H. NORPPA, J. SURRALL\u00c9S, W. VON DER HUDE &amp; A WAKATA. Report from the in vitro micronucleus assay working group. <a href=\"http:\/\/www.ncbi.nlm.nih.gov\/pubmed\/10737951?dopt=Abstract\" target=\"_blank\" rel=\"noopener\">Environmental and Molecular Mutagenesis, 35:167-172<\/a><\/p>\n<p>135. BARDINA, X., L. FERN\u00c1NDEZ, E. PI\u00d1EIRO, J. SURRALL\u00c9S &amp; A. VEL\u00c1SQUEZ. Mathematical moldels to study subtoxic concentration for some standard mutagens in three colon cancer cell lines. Publicaciones del Servei d\u2019Estad\u00edstica de la UAB. N\u00ba 1\/2000, pp 1-14.<\/p>\n<p>&nbsp;<\/p>\n<p><a href=\"#puja\">Puja<\/a><\/p>\n","protected":false},"excerpt":{"rendered":"<p>1996 72. PITARQUE, M., E. CARBONELL, N. LAPE\u00d1A, M. MARS\u00c1, M. TORRES, A. CREUS, N. XAMENA &amp; R. MARCOS. No increase in micronuclei frequency in cultured blood lymphocytes from a group of filling station attendants. Mutation Research, 367: 161-167 73. RIBAS, G., J. SURRALL\u00c9S, E. CARBONELL, N. XAMENA, A. CREUS &amp; R. MARCOS. Genotoxicity of [&hellip;]<\/p>\n","protected":false},"author":20,"featured_media":0,"parent":0,"menu_order":0,"comment_status":"closed","ping_status":"closed","template":"","meta":{"footnotes":""},"class_list":["post-84","page","type-page","status-publish","hentry"],"_links":{"self":[{"href":"https:\/\/webs.uab.cat\/mutagenesi\/wp-json\/wp\/v2\/pages\/84","targetHints":{"allow":["GET"]}}],"collection":[{"href":"https:\/\/webs.uab.cat\/mutagenesi\/wp-json\/wp\/v2\/pages"}],"about":[{"href":"https:\/\/webs.uab.cat\/mutagenesi\/wp-json\/wp\/v2\/types\/page"}],"author":[{"embeddable":true,"href":"https:\/\/webs.uab.cat\/mutagenesi\/wp-json\/wp\/v2\/users\/20"}],"replies":[{"embeddable":true,"href":"https:\/\/webs.uab.cat\/mutagenesi\/wp-json\/wp\/v2\/comments?post=84"}],"version-history":[{"count":0,"href":"https:\/\/webs.uab.cat\/mutagenesi\/wp-json\/wp\/v2\/pages\/84\/revisions"}],"wp:attachment":[{"href":"https:\/\/webs.uab.cat\/mutagenesi\/wp-json\/wp\/v2\/media?parent=84"}],"curies":[{"name":"wp","href":"https:\/\/api.w.org\/{rel}","templated":true}]}}