{"id":89,"date":"2011-02-09T11:59:19","date_gmt":"2011-02-09T09:59:19","guid":{"rendered":"https:\/\/webs.uab.cat\/mutagenesi\/links-dinteres\/"},"modified":"2024-09-03T16:42:50","modified_gmt":"2024-09-03T14:42:50","slug":"links-dinteres","status":"publish","type":"page","link":"https:\/\/webs.uab.cat\/mutagenesi\/links-dinteres\/","title":{"rendered":"Links d&#8217;inter\u00e8s"},"content":{"rendered":"<p><a href=\"https:\/\/www.mutagenesisambiental.com\/\" data-wplink-edit=\"true\">SEMA: <em>Sociedad Espa\u00f1ola de Mutag\u00e9nesis y Gen\u00f3mica Ambiental<\/em><\/a><\/p>\n<p><a href=\"https:\/\/journals.scholarsportal.info\/browse\/13846388\" target=\"_blank\" rel=\"noopener\">EEMGS: <em>European Environmental Mutagenesi Society<\/em><\/a><\/p>\n<p><a href=\"https:\/\/emgs-us.org\/\" target=\"_blank\" rel=\"noopener\">EMGS: <em>Environmental Mutagenesis and Genomics Society (USA)<\/em><\/a><\/p>\n<p><a href=\"https:\/\/www.iaemgs.org\/\" target=\"_blank\" rel=\"noopener\">IAEMGS: <em>International Association of Environmental Mutagenesis and Genomics Societies<\/em><\/a><\/p>\n<p><a href=\"https:\/\/journals.scholarsportal.info\/browse\/13846388\" target=\"_blank\" rel=\"noopener\">Mutation Research Forum<\/a><\/p>\n<p><a href=\"http:\/\/webs2002.uab.es\/_c_gr_mutagenesiw\/WebFanconi\/Bienvenida.html\" target=\"_blank\" rel=\"noopener\">Fanconi 2003<\/a><\/p>\n","protected":false},"excerpt":{"rendered":"<p>SEMA: Sociedad Espa\u00f1ola de Mutag\u00e9nesis y Gen\u00f3mica Ambiental EEMGS: European Environmental Mutagenesi Society EMGS: Environmental Mutagenesis and Genomics Society (USA) IAEMGS: International Association of Environmental Mutagenesis and Genomics Societies Mutation Research Forum Fanconi 2003<\/p>\n","protected":false},"author":20,"featured_media":0,"parent":0,"menu_order":0,"comment_status":"closed","ping_status":"closed","template":"","meta":{"footnotes":""},"class_list":["post-89","page","type-page","status-publish","hentry"],"_links":{"self":[{"href":"https:\/\/webs.uab.cat\/mutagenesi\/wp-json\/wp\/v2\/pages\/89","targetHints":{"allow":["GET"]}}],"collection":[{"href":"https:\/\/webs.uab.cat\/mutagenesi\/wp-json\/wp\/v2\/pages"}],"about":[{"href":"https:\/\/webs.uab.cat\/mutagenesi\/wp-json\/wp\/v2\/types\/page"}],"author":[{"embeddable":true,"href":"https:\/\/webs.uab.cat\/mutagenesi\/wp-json\/wp\/v2\/users\/20"}],"replies":[{"embeddable":true,"href":"https:\/\/webs.uab.cat\/mutagenesi\/wp-json\/wp\/v2\/comments?post=89"}],"version-history":[{"count":7,"href":"https:\/\/webs.uab.cat\/mutagenesi\/wp-json\/wp\/v2\/pages\/89\/revisions"}],"predecessor-version":[{"id":557,"href":"https:\/\/webs.uab.cat\/mutagenesi\/wp-json\/wp\/v2\/pages\/89\/revisions\/557"}],"wp:attachment":[{"href":"https:\/\/webs.uab.cat\/mutagenesi\/wp-json\/wp\/v2\/media?parent=89"}],"curies":[{"name":"wp","href":"https:\/\/api.w.org\/{rel}","templated":true}]}}